{"id":10504,"date":"2021-06-21T15:56:34","date_gmt":"2021-06-21T14:56:34","guid":{"rendered":"https:\/\/chestnut.fr\/?page_id=10504"},"modified":"2021-06-21T20:00:59","modified_gmt":"2021-06-21T19:00:59","slug":"saison-2021-2022-dates-previsionnelles","status":"publish","type":"page","link":"https:\/\/chestnut.ovh\/en\/saison-2021-2022-dates-previsionnelles\/","title":{"rendered":"Saison 2021-2022 dates pr\u00e9visionnelles"},"content":{"rendered":"<p><span style=\"font-family: arial, helvetica, sans-serif;\"><strong><span style=\"text-decoration: underline;\">Les cours<\/span>\u00a0<\/strong><\/span><\/p>\n<ul>\n<li><span style=\"font-family: arial, helvetica, sans-serif;\"><strong>Cours D\u00e9butants\u00a0:<\/strong> tous les jeudis soir de 18h30 ou 19h00 (\u00e0 pr\u00e9ciser) \u00e0 20h (du 16 septembre 2021 au 9 juin 2022 hors vacances scolaires)<\/span><\/li>\n<li><span style=\"font-family: arial, helvetica, sans-serif;\"><strong>Cours Interm\u00e9diaires : <\/strong>un jeudi soir sur deux\u00a0de 20h \u00e0 21h30<strong>\u00a0<\/strong>en alternance avec les cours Confirm\u00e9s &#8211; 1er cours Interm\u00e9diaires : jeudi 16 septembre<\/span><\/li>\n<li><span style=\"font-family: arial, helvetica, sans-serif;\"><strong>Cours Confirm\u00e9s : <\/strong>un jeudi soir sur deux\u00a0de 20h \u00e0 21h30<strong>\u00a0<\/strong>en alternance avec les cours Interm\u00e9diaires &#8211; 1er cours Confirm\u00e9s : jeudi 23 septembre<\/span><\/li>\n<\/ul>\n<hr \/>\n<p><span style=\"text-decoration: underline; font-family: arial, helvetica, sans-serif;\"><strong>Les mini-stages de Pr\u00e9paration du Bal en Costume (PBC) mensuels D\u00e9butants 1er degr\u00e9 + Interm\u00e9diaires 2\u00e8me degr\u00e9 : le dimanche de 13h00 \u00e0 16h00<\/strong><\/span><span style=\"font-family: arial, helvetica, sans-serif;\"><strong> :<\/strong><\/span><\/p>\n<p>8 dates : 3 octobre \/ 14 novembre \/ 12 d\u00e9cembre \/ 9 janvier \/ 13 f\u00e9vrier \/ 13 mars \/ 10 avril + le samedi 21 mai de 9h00 \u00e0 12h00<\/p>\n<hr \/>\n<p><span style=\"text-decoration: underline; font-family: arial, helvetica, sans-serif;\"><strong>Les stages Confirm\u00e9s : le dimanche de 10h30 \u00e0 16h30<\/strong><\/span><span style=\"font-family: arial, helvetica, sans-serif;\"><strong> :<\/strong><\/span><\/p>\n<p><span style=\"font-family: arial, helvetica, sans-serif;\">3 dates =\u00a0<\/span>28 novembre \/ 23 janvier \/ 27 mars<\/p>\n<hr \/>\n<p><span style=\"text-decoration: underline; font-family: arial, helvetica, sans-serif;\"><strong>Les mini-stages de Pr\u00e9paration du Bal en Costumes (PBC) Confirm\u00e9s 3\u00e8me degr\u00e9 : le samedi apr\u00e8s-midi \u00e0 des horaires variables \u00e0 Micadanses<\/strong><\/span><span style=\"font-family: arial, helvetica, sans-serif;\"><strong>\u00a0:\u00a0<\/strong><\/span><\/p>\n<p><span style=\"font-family: arial, helvetica, sans-serif;\">8 dates :<\/span><\/p>\n<p>2 octobre : 13h-16h salle Noces<\/p>\n<p>13 novembre : 13h-16h salle Noces<\/p>\n<p>11 d\u00e9cembre : 16h-19h salle May Be<\/p>\n<p>Dates suivantes : 8 janvier &#8211; 12 f\u00e9vrier \u00a0&#8211; 12 mars &#8211; 9 avril &#8211; 21 mai. Ces dates doivent \u00eatre valid\u00e9es par Micadanses ult\u00e9rieurement ainsi que les horaires.<\/p>\n<hr \/>\n<p><strong><span style=\"font-family: arial, helvetica, sans-serif;\"><u>Les mini-stages &#8220;Danser en\u00a0<\/u><span style=\"caret-color: #ff0000;\"><u>Europe&#8221;<\/u><\/span><u>\u00a0 : le dimanche matin aux m\u00eames dates que les\u00a0<span style=\"text-decoration: underline; font-family: arial, helvetica, sans-serif;\">mini-stages de Pr\u00e9paration du Bal en Costume (PBC) mensuels D\u00e9butants 1er degr\u00e9 + Interm\u00e9diaires 2\u00e8me degr\u00e9 de 10h00 \u00e0 12h00<\/span><\/u><\/span><\/strong><span style=\"font-family: arial, helvetica, sans-serif;\"><span style=\"font-family: arial, helvetica, sans-serif;\"> :<\/span><\/span><\/p>\n<p>7 dates : 3 octobre \/ 14 novembre \/ 12 d\u00e9cembre \/ 9 janvier \/ 13 f\u00e9vrier \/ 13 mars \/ 10 avril<\/p>\n<hr \/>\n<p><span style=\"font-family: arial, helvetica, sans-serif;\"><strong><u>Pratique<\/u>\u00a0(avec musiques enregistr\u00e9es):\u00a0<\/strong><\/span><\/p>\n<p><span style=\"font-family: arial, helvetica, sans-serif;\">Le dimanche 5 d\u00e9cembre de 18h \u00e0 21h<\/span><\/p>\n<hr \/>\n<p><span style=\"text-decoration: underline; font-family: arial, helvetica, sans-serif;\"><strong>Les stages de plusieurs jours \u00e0 Paris<\/strong><\/span><span style=\"font-family: arial, helvetica, sans-serif;\"><strong> :<\/strong><\/span><\/p>\n<ul>\n<li><span style=\"font-family: arial, helvetica, sans-serif;\"><strong>Vacances de Toussaint D\u00e9butants et Interm\u00e9diaires &#8220;Danses en suite de John Playford 1651-1670&#8221; pr\u00e9paration du 6\u00e8me album :\u00a0<\/strong>du 1er au 3 novembre de 10h30 \u00e0 16h30<\/span><\/li>\n<li><span style=\"font-family: arial, helvetica, sans-serif;\"><strong>Vacances de Toussaint Confirm\u00e9s\u00a0&#8220;Les nouveaux chor\u00e9graphes&#8221; : <\/strong>jeudi 4 novembre de 18h \u00e0 21h \/ vendredi 5 novembre et samedi 6 novembre de 10h30 \u00e0 16h30 \/ dimanche 7 novembre octobre de 10h30 \u00e0 13h30<\/span><\/li>\n<\/ul>\n<p>&nbsp;<\/p>\n<ul>\n<li><span style=\"font-family: arial, helvetica, sans-serif;\"><strong>Vacances de P\u00e2ques : D\u00e9butants et Interm\u00e9diaires PBC (Pr\u00e9paration au Bal en Costume) : <\/strong>du 25 avril au 27 avril de 10h30 \u00e0 16h30<\/span><\/li>\n<li><span style=\"font-family: arial, helvetica, sans-serif;\"><strong>Vacances de P\u00e2ques : Confirm\u00e9s PBC (Pr\u00e9paration au Bal en Costume) : <\/strong>jeudi 28 avril de 18h \u00e0 21h \/ vendredi 29 avril et samedi 30 avril de 10h30 \u00e0 16h30 \/ dimanche 1er mai de 10h30 \u00e0 16h00<\/span><\/li>\n<\/ul>\n<hr \/>\n<p><span style=\"font-family: arial, helvetica, sans-serif;\"><strong><a href=\"https:\/\/chestnut.fr\/au-programme-du-11eme-bal-en-costume\/\"><span style=\"text-decoration: underline;\">Le bal en costume<\/span><\/a> :<\/strong><\/span><\/p>\n<ul>\n<li><span style=\"font-family: arial, helvetica, sans-serif;\">le dimanche 22 mai 2022, \u00e0 Paris, Cit\u00e9 Internationale Universitaire,<\/span><\/li>\n<\/ul>\n<p><span style=\"font-family: arial, helvetica, sans-serif;\">La veille, le samedi 21 mai : r\u00e9vision g\u00e9n\u00e9rale du <a href=\"https:\/\/chestnut.fr\/au-programme-du-11eme-bal-en-costume\/\">bal en costume<\/a> pour tous les niveaux\u00a0<\/span><\/p>\n","protected":false},"excerpt":{"rendered":"<p>Les cours\u00a0 Cours D\u00e9butants\u00a0: tous les jeudis soir de 18h30 ou 19h00 (\u00e0 pr\u00e9ciser) \u00e0 20h (du 16 septembre 2021 au 9 juin 2022 hors vacances scolaires) Cours Interm\u00e9diaires : un jeudi soir sur deux\u00a0de 20h \u00e0 21h30\u00a0en alternance avec les cours Confirm\u00e9s &#8211; 1er cours Interm\u00e9diaires : jeudi 16 septembre Cours Confirm\u00e9s : un [&hellip;]<\/p>\n","protected":false},"author":8,"featured_media":0,"parent":0,"menu_order":0,"comment_status":"closed","ping_status":"closed","template":"","meta":{"_monsterinsights_skip_tracking":false,"_monsterinsights_sitenote_active":false,"_monsterinsights_sitenote_note":"","_monsterinsights_sitenote_category":0,"footnotes":""},"class_list":["post-10504","page","type-page","status-publish","hentry"],"yoast_head":"<!-- This site is optimized with the Yoast SEO plugin v19.6.1 - https:\/\/yoast.com\/wordpress\/plugins\/seo\/ -->\n<title>Saison 2021-2022 dates pr\u00e9visionnelles - Chestnut<\/title>\n<meta name=\"robots\" content=\"index, follow, max-snippet:-1, max-image-preview:large, max-video-preview:-1\" \/>\n<link rel=\"canonical\" href=\"https:\/\/chestnut.ovh\/saison-2021-2022-dates-previsionnelles\/\" \/>\n<meta name=\"twitter:label1\" content=\"Estimated reading time\" \/>\n\t<meta name=\"twitter:data1\" content=\"2 minutes\" \/>\n<script type=\"application\/ld+json\" class=\"yoast-schema-graph\">{\"@context\":\"https:\/\/schema.org\",\"@graph\":[{\"@type\":\"WebPage\",\"@id\":\"https:\/\/chestnut.ovh\/saison-2021-2022-dates-previsionnelles\/\",\"url\":\"https:\/\/chestnut.ovh\/saison-2021-2022-dates-previsionnelles\/\",\"name\":\"[:fr]Saison 2021-2022 dates pr\u00e9visionnelles[:] - Chestnut\",\"isPartOf\":{\"@id\":\"https:\/\/chestnut.ovh\/#website\"},\"datePublished\":\"2021-06-21T14:56:34+00:00\",\"dateModified\":\"2021-06-21T19:00:59+00:00\",\"breadcrumb\":{\"@id\":\"https:\/\/chestnut.ovh\/saison-2021-2022-dates-previsionnelles\/#breadcrumb\"},\"inLanguage\":\"en-GB\",\"potentialAction\":[{\"@type\":\"ReadAction\",\"target\":[\"https:\/\/chestnut.ovh\/saison-2021-2022-dates-previsionnelles\/\"]}]},{\"@type\":\"BreadcrumbList\",\"@id\":\"https:\/\/chestnut.ovh\/saison-2021-2022-dates-previsionnelles\/#breadcrumb\",\"itemListElement\":[{\"@type\":\"ListItem\",\"position\":1,\"name\":\"Accueil\",\"item\":\"https:\/\/chestnut.ovh\/\"},{\"@type\":\"ListItem\",\"position\":2,\"name\":\"Saison 2021-2022 dates pr\u00e9visionnelles\"}]},{\"@type\":\"WebSite\",\"@id\":\"https:\/\/chestnut.ovh\/#website\",\"url\":\"https:\/\/chestnut.ovh\/\",\"name\":\"Chestnut\",\"description\":\"English Country Dancing & Danses anciennes de l&#039;\u00e9poque des Stuarts .... et des romans de Jane Austen !\",\"potentialAction\":[{\"@type\":\"SearchAction\",\"target\":{\"@type\":\"EntryPoint\",\"urlTemplate\":\"https:\/\/chestnut.ovh\/?s={search_term_string}\"},\"query-input\":\"required name=search_term_string\"}],\"inLanguage\":\"en-GB\"}]}<\/script>\n<!-- \/ Yoast SEO plugin. -->","yoast_head_json":{"title":"Saison 2021-2022 dates pr\u00e9visionnelles - Chestnut","robots":{"index":"index","follow":"follow","max-snippet":"max-snippet:-1","max-image-preview":"max-image-preview:large","max-video-preview":"max-video-preview:-1"},"canonical":"https:\/\/chestnut.ovh\/saison-2021-2022-dates-previsionnelles\/","twitter_misc":{"Estimated reading time":"2 minutes"},"schema":{"@context":"https:\/\/schema.org","@graph":[{"@type":"WebPage","@id":"https:\/\/chestnut.ovh\/saison-2021-2022-dates-previsionnelles\/","url":"https:\/\/chestnut.ovh\/saison-2021-2022-dates-previsionnelles\/","name":"[:fr]Saison 2021-2022 dates pr\u00e9visionnelles[:] - Chestnut","isPartOf":{"@id":"https:\/\/chestnut.ovh\/#website"},"datePublished":"2021-06-21T14:56:34+00:00","dateModified":"2021-06-21T19:00:59+00:00","breadcrumb":{"@id":"https:\/\/chestnut.ovh\/saison-2021-2022-dates-previsionnelles\/#breadcrumb"},"inLanguage":"en-GB","potentialAction":[{"@type":"ReadAction","target":["https:\/\/chestnut.ovh\/saison-2021-2022-dates-previsionnelles\/"]}]},{"@type":"BreadcrumbList","@id":"https:\/\/chestnut.ovh\/saison-2021-2022-dates-previsionnelles\/#breadcrumb","itemListElement":[{"@type":"ListItem","position":1,"name":"Accueil","item":"https:\/\/chestnut.ovh\/"},{"@type":"ListItem","position":2,"name":"Saison 2021-2022 dates pr\u00e9visionnelles"}]},{"@type":"WebSite","@id":"https:\/\/chestnut.ovh\/#website","url":"https:\/\/chestnut.ovh\/","name":"Chestnut","description":"English Country Dancing & Danses anciennes de l&#039;\u00e9poque des Stuarts .... et des romans de Jane Austen !","potentialAction":[{"@type":"SearchAction","target":{"@type":"EntryPoint","urlTemplate":"https:\/\/chestnut.ovh\/?s={search_term_string}"},"query-input":"required name=search_term_string"}],"inLanguage":"en-GB"}]}},"_links":{"self":[{"href":"https:\/\/chestnut.ovh\/en\/wp-json\/wp\/v2\/pages\/10504","targetHints":{"allow":["GET"]}}],"collection":[{"href":"https:\/\/chestnut.ovh\/en\/wp-json\/wp\/v2\/pages"}],"about":[{"href":"https:\/\/chestnut.ovh\/en\/wp-json\/wp\/v2\/types\/page"}],"author":[{"embeddable":true,"href":"https:\/\/chestnut.ovh\/en\/wp-json\/wp\/v2\/users\/8"}],"replies":[{"embeddable":true,"href":"https:\/\/chestnut.ovh\/en\/wp-json\/wp\/v2\/comments?post=10504"}],"version-history":[{"count":10,"href":"https:\/\/chestnut.ovh\/en\/wp-json\/wp\/v2\/pages\/10504\/revisions"}],"predecessor-version":[{"id":10521,"href":"https:\/\/chestnut.ovh\/en\/wp-json\/wp\/v2\/pages\/10504\/revisions\/10521"}],"wp:attachment":[{"href":"https:\/\/chestnut.ovh\/en\/wp-json\/wp\/v2\/media?parent=10504"}],"curies":[{"name":"wp","href":"https:\/\/api.w.org\/{rel}","templated":true}]}}