{"id":10549,"date":"2021-09-01T16:28:16","date_gmt":"2021-09-01T15:28:16","guid":{"rendered":"https:\/\/chestnut.fr\/?page_id=10549"},"modified":"2021-10-13T17:57:05","modified_gmt":"2021-10-13T16:57:05","slug":"grille-des-tarifs-2021-2022-2","status":"publish","type":"page","link":"https:\/\/chestnut.ovh\/en\/grille-des-tarifs-2021-2022-2\/","title":{"rendered":"Grille des tarifs 2021-2022"},"content":{"rendered":"<pre><span style=\"color: #ff0000;\"><strong><span style=\"font-size: 12pt;\">Annulations \u00e9ventuelles :<span>\u00a0<\/span><span>l'int\u00e9gralit\u00e9 des sommes avanc\u00e9es pour des activit\u00e9s ou \u00e9v\u00e9nements qui ne pourraient finalement pas se tenir sera rembours\u00e9e, l'adh\u00e9sion \u00e0 l'association restant cependant acquise \u00e0 Chestnut.<\/span><\/span><\/strong><\/span><\/pre>\n<div>\n<div>\n<hr \/>\n<\/div>\n<\/div>\n<h3>Tarifs des cours, des stages et des pratiques<\/h3>\n<div><\/div>\n<div>Tarifs en \u20ac<\/div>\n<div>\n<table id=\"wp-table-reloaded-id-41-no-1\" class=\"wp-table-reloaded wp-table-reloaded-id-41\">\n<thead>\n\t<tr class=\"row-1 odd\">\n\t\t<th class=\"column-1\">Adh\u00e9sion\u00a0: 20<br \/>\r\nL\u2019adh\u00e9sion est obligatoire d\u00e8s le deuxi\u00e8me cours ou le deuxi\u00e8me stage. Elle est obligatoire pour les stages de plusieurs jours.<\/th><th class=\"column-2\">adh\u00e9rent<\/th><th class=\"column-3\">non adh\u00e9rent<\/th><th class=\"column-4\">adh\u00e9rent moins de 26 ans (sur justificatif)<\/th>\n\t<\/tr>\n<\/thead>\n<tbody>\n\t<tr class=\"row-2 even\">\n\t\t<td class=\"column-1\">Cours <\/td><td class=\"column-2\">11<\/td><td class=\"column-3\">14<\/td><td class=\"column-4\">7<\/td>\n\t<\/tr>\n\t<tr class=\"row-3 odd\">\n\t\t<td class=\"column-1\">Mini-stage Europe 1450-1651<\/td><td class=\"column-2\">15<\/td><td class=\"column-3\">20<\/td><td class=\"column-4\">10<\/td>\n\t<\/tr>\n\t<tr class=\"row-4 even\">\n\t\t<td class=\"column-1\">Mini-stage PBC Interm\u00e9diaires danses du 2e degr\u00e9 du dimanche apr\u00e8s-midi<\/td><td class=\"column-2\">20<\/td><td class=\"column-3\">25<\/td><td class=\"column-4\">12<\/td>\n\t<\/tr>\n\t<tr class=\"row-5 odd\">\n\t\t<td class=\"column-1\">Mini-stage PBC Confirm\u00e9s PBC danses du 3e degr\u00e9 du samedi apr\u00e8s-midi<\/td><td class=\"column-2\">20<br \/>\r\n<\/td><td class=\"column-3\">25 <\/td><td class=\"column-4\">12<\/td>\n\t<\/tr>\n\t<tr class=\"row-6 even\">\n\t\t<td class=\"column-1\">Mini-stage PBC Confirm\u00e9s PBC du samedi + Mini-stage PBC Interm\u00e9diaires du dimanche<br \/>\r\n<\/td><td class=\"column-2\">25<\/td><td class=\"column-3\">30<\/td><td class=\"column-4\">15<\/td>\n\t<\/tr>\n\t<tr class=\"row-7 odd\">\n\t\t<td class=\"column-1\">STAGE Confirm\u00e9s <br \/>\r\n<\/td><td class=\"column-2\">30<\/td><td class=\"column-3\">35<\/td><td class=\"column-4\">20<\/td>\n\t<\/tr>\n\t<tr class=\"row-8 even\">\n\t\t<td class=\"column-1\">PRATIQUE d'automne et d'hiver<\/td><td class=\"column-2\">12<\/td><td class=\"column-3\">15<\/td><td class=\"column-4\">8<\/td>\n\t<\/tr>\n<\/tbody>\n<\/table>\n<\/div>\n<div><\/div>\n<h3 style=\"text-align: justify;\"><span style=\"font-family: arial, helvetica, sans-serif;\">Tarifs des stages longs aux vacances de la Toussaint 2021 : <\/span><\/h3>\n<div><\/div>\n<div>\n<div><\/div>\n<div>\n<table id=\"wp-table-reloaded-id-42-no-1\" class=\"wp-table-reloaded wp-table-reloaded-id-42\">\n<thead>\n\t<tr class=\"row-1 odd\">\n\t\t<th colspan=\"2\" class=\"column-1 colspan-2\">Stage de la TOUSSAINT - Playford 2021 - 3 jours <\/th>\n\t<\/tr>\n<\/thead>\n<tbody>\n\t<tr class=\"row-2 even\">\n\t\t<td colspan=\"2\" class=\"column-1 colspan-2\">L' adh\u00e9sion est obligatoire pour participer \u00e0 ce stage. <br \/>\r\nAdh\u00e9sion : 20 \u20ac<\/td>\n\t<\/tr>\n\t<tr class=\"row-3 odd\">\n\t\t<td class=\"column-1\">Stage COMPLET - les 3 jours <\/td><td class=\"column-2\">90,00 \u20ac<\/td>\n\t<\/tr>\n\t<tr class=\"row-4 even\">\n\t\t<td colspan=\"2\" class=\"column-1 colspan-2\">1 journ\u00e9e <\/td>\n\t<\/tr>\n\t<tr class=\"row-5 odd\">\n\t\t<td class=\"column-1\">lundi<\/td><td class=\"column-2\">30,00 \u20ac<\/td>\n\t<\/tr>\n\t<tr class=\"row-6 even\">\n\t\t<td class=\"column-1\">mardi<\/td><td class=\"column-2\">30,00 \u20ac<\/td>\n\t<\/tr>\n\t<tr class=\"row-7 odd\">\n\t\t<td colspan=\"2\" class=\"column-1 colspan-2\">2 journ\u00e9es<\/td>\n\t<\/tr>\n\t<tr class=\"row-8 even\">\n\t\t<td class=\"column-1\">lundi et mardi<\/td><td class=\"column-2\">60,00 \u20ac<br \/>\r\n<\/td>\n\t<\/tr>\n\t<tr class=\"row-9 odd\">\n\t\t<td class=\"column-1\">lundi et mercredi<br \/>\r\n<\/td><td class=\"column-2\">60,00 \u20ac<\/td>\n\t<\/tr>\n\t<tr class=\"row-10 even\">\n\t\t<td class=\"column-1\">mardi et mercredi<br \/>\r\n<\/td><td class=\"column-2\">60,00 \u20ac<\/td>\n\t<\/tr>\n<\/tbody>\n<\/table>\n<\/div>\n<\/div>\n<div><\/div>\n<div><\/div>\n<div>\n<div><\/div>\n<div>\n<table id=\"wp-table-reloaded-id-43-no-1\" class=\"wp-table-reloaded wp-table-reloaded-id-43\">\n<thead>\n\t<tr class=\"row-1 odd\">\n\t\t<th colspan=\"2\" class=\"column-1 colspan-2\">Stage de la TOUSSAINT - Nouveaux Chor\u00e9graphes 2021 - 4 jours <\/th>\n\t<\/tr>\n<\/thead>\n<tbody>\n\t<tr class=\"row-2 even\">\n\t\t<td colspan=\"2\" class=\"column-1 colspan-2\">L' adh\u00e9sion est obligatoire pour participer \u00e0 ce stage. <br \/>\r\nAdh\u00e9sion : 20 \u20ac<\/td>\n\t<\/tr>\n\t<tr class=\"row-3 odd\">\n\t\t<td class=\"column-1\">Stage COMPLET - les 4 jours <\/td><td class=\"column-2\">100,00 \u20ac<\/td>\n\t<\/tr>\n\t<tr class=\"row-4 even\">\n\t\t<td colspan=\"2\" class=\"column-1 colspan-2\">1 journ\u00e9e <\/td>\n\t<\/tr>\n\t<tr class=\"row-5 odd\">\n\t\t<td class=\"column-1\">jeudi uniquement<\/td><td class=\"column-2\">20,00 \u20ac<\/td>\n\t<\/tr>\n\t<tr class=\"row-6 even\">\n\t\t<td class=\"column-1\">vendredi uniquement<\/td><td class=\"column-2\">30,00 \u20ac<\/td>\n\t<\/tr>\n\t<tr class=\"row-7 odd\">\n\t\t<td class=\"column-1\">samedi uniquement<\/td><td class=\"column-2\">30,00 \u20ac<br \/>\r\n<\/td>\n\t<\/tr>\n\t<tr class=\"row-8 even\">\n\t\t<td colspan=\"2\" class=\"column-1 colspan-2\">2 journ\u00e9es<br \/>\r\n<\/td>\n\t<\/tr>\n\t<tr class=\"row-9 odd\">\n\t\t<td class=\"column-1\">jeudi et vendredi<\/td><td class=\"column-2\">50,00 \u20ac<\/td>\n\t<\/tr>\n\t<tr class=\"row-10 even\">\n\t\t<td class=\"column-1\">jeudi et samedi<\/td><td class=\"column-2\">50,00 \u20ac<\/td>\n\t<\/tr>\n\t<tr class=\"row-11 odd\">\n\t\t<td class=\"column-1\">vendredi et samedi<\/td><td class=\"column-2\">60,00 \u20ac<\/td>\n\t<\/tr>\n\t<tr class=\"row-12 even\">\n\t\t<td colspan=\"2\" class=\"column-1 colspan-2\">3 journ\u00e9es<\/td>\n\t<\/tr>\n\t<tr class=\"row-13 odd\">\n\t\t<td class=\"column-1\">jeudi, vendredi et samedi<\/td><td class=\"column-2\">80,00 \u20ac<\/td>\n\t<\/tr>\n\t<tr class=\"row-14 even\">\n\t\t<td class=\"column-1\">jeudi, vendredi et dimanche\t<\/td><td class=\"column-2\">70,00 \u20ac<\/td>\n\t<\/tr>\n\t<tr class=\"row-15 odd\">\n\t\t<td class=\"column-1\">jeudi, samedi et dimanche<\/td><td class=\"column-2\">70,00 \u20ac<\/td>\n\t<\/tr>\n\t<tr class=\"row-16 even\">\n\t\t<td class=\"column-1\">vendredi, samedi et dimanche<\/td><td class=\"column-2\">80,00 \u20ac<\/td>\n\t<\/tr>\n<\/tbody>\n<\/table>\n<\/div>\n<\/div>\n<div><\/div>\n","protected":false},"excerpt":{"rendered":"<p>Annulations \u00e9ventuelles :\u00a0l&#8217;int\u00e9gralit\u00e9 des sommes avanc\u00e9es pour des activit\u00e9s ou \u00e9v\u00e9nements qui ne pourraient finalement pas se tenir sera rembours\u00e9e, l&#8217;adh\u00e9sion \u00e0 l&#8217;association restant cependant acquise \u00e0 Chestnut. Tarifs des cours, des stages et des pratiques Tarifs en \u20ac Tarifs des stages longs aux vacances de la Toussaint 2021 :<\/p>\n","protected":false},"author":8,"featured_media":0,"parent":0,"menu_order":0,"comment_status":"closed","ping_status":"closed","template":"","meta":{"_monsterinsights_skip_tracking":false,"_monsterinsights_sitenote_active":false,"_monsterinsights_sitenote_note":"","_monsterinsights_sitenote_category":0,"footnotes":""},"class_list":["post-10549","page","type-page","status-publish","hentry"],"yoast_head":"<!-- This site is optimized with the Yoast SEO plugin v19.6.1 - https:\/\/yoast.com\/wordpress\/plugins\/seo\/ -->\n<title>Grille des tarifs 2021-2022 - Chestnut<\/title>\n<meta name=\"robots\" content=\"index, follow, max-snippet:-1, max-image-preview:large, max-video-preview:-1\" \/>\n<link rel=\"canonical\" href=\"https:\/\/chestnut.ovh\/en\/grille-des-tarifs-2021-2022-2\/\" \/>\n<meta name=\"twitter:label1\" content=\"Estimated reading time\" \/>\n\t<meta name=\"twitter:data1\" content=\"1 minute\" \/>\n<script type=\"application\/ld+json\" class=\"yoast-schema-graph\">{\"@context\":\"https:\/\/schema.org\",\"@graph\":[{\"@type\":\"WebPage\",\"@id\":\"https:\/\/chestnut.ovh\/en\/grille-des-tarifs-2021-2022-2\/\",\"url\":\"https:\/\/chestnut.ovh\/en\/grille-des-tarifs-2021-2022-2\/\",\"name\":\"[:fr]Grille des tarifs 2021-2022[:] - Chestnut\",\"isPartOf\":{\"@id\":\"https:\/\/chestnut.ovh\/#website\"},\"datePublished\":\"2021-09-01T15:28:16+00:00\",\"dateModified\":\"2021-10-13T16:57:05+00:00\",\"breadcrumb\":{\"@id\":\"https:\/\/chestnut.ovh\/en\/grille-des-tarifs-2021-2022-2\/#breadcrumb\"},\"inLanguage\":\"en-GB\",\"potentialAction\":[{\"@type\":\"ReadAction\",\"target\":[\"https:\/\/chestnut.ovh\/en\/grille-des-tarifs-2021-2022-2\/\"]}]},{\"@type\":\"BreadcrumbList\",\"@id\":\"https:\/\/chestnut.ovh\/en\/grille-des-tarifs-2021-2022-2\/#breadcrumb\",\"itemListElement\":[{\"@type\":\"ListItem\",\"position\":1,\"name\":\"Accueil\",\"item\":\"https:\/\/chestnut.ovh\/\"},{\"@type\":\"ListItem\",\"position\":2,\"name\":\"Grille des tarifs 2021-2022\"}]},{\"@type\":\"WebSite\",\"@id\":\"https:\/\/chestnut.ovh\/#website\",\"url\":\"https:\/\/chestnut.ovh\/\",\"name\":\"Chestnut\",\"description\":\"English Country Dancing & Danses anciennes de l&#039;\u00e9poque des Stuarts .... et des romans de Jane Austen !\",\"potentialAction\":[{\"@type\":\"SearchAction\",\"target\":{\"@type\":\"EntryPoint\",\"urlTemplate\":\"https:\/\/chestnut.ovh\/?s={search_term_string}\"},\"query-input\":\"required name=search_term_string\"}],\"inLanguage\":\"en-GB\"}]}<\/script>\n<!-- \/ Yoast SEO plugin. -->","yoast_head_json":{"title":"Grille des tarifs 2021-2022 - Chestnut","robots":{"index":"index","follow":"follow","max-snippet":"max-snippet:-1","max-image-preview":"max-image-preview:large","max-video-preview":"max-video-preview:-1"},"canonical":"https:\/\/chestnut.ovh\/en\/grille-des-tarifs-2021-2022-2\/","twitter_misc":{"Estimated reading time":"1 minute"},"schema":{"@context":"https:\/\/schema.org","@graph":[{"@type":"WebPage","@id":"https:\/\/chestnut.ovh\/en\/grille-des-tarifs-2021-2022-2\/","url":"https:\/\/chestnut.ovh\/en\/grille-des-tarifs-2021-2022-2\/","name":"[:fr]Grille des tarifs 2021-2022[:] - Chestnut","isPartOf":{"@id":"https:\/\/chestnut.ovh\/#website"},"datePublished":"2021-09-01T15:28:16+00:00","dateModified":"2021-10-13T16:57:05+00:00","breadcrumb":{"@id":"https:\/\/chestnut.ovh\/en\/grille-des-tarifs-2021-2022-2\/#breadcrumb"},"inLanguage":"en-GB","potentialAction":[{"@type":"ReadAction","target":["https:\/\/chestnut.ovh\/en\/grille-des-tarifs-2021-2022-2\/"]}]},{"@type":"BreadcrumbList","@id":"https:\/\/chestnut.ovh\/en\/grille-des-tarifs-2021-2022-2\/#breadcrumb","itemListElement":[{"@type":"ListItem","position":1,"name":"Accueil","item":"https:\/\/chestnut.ovh\/"},{"@type":"ListItem","position":2,"name":"Grille des tarifs 2021-2022"}]},{"@type":"WebSite","@id":"https:\/\/chestnut.ovh\/#website","url":"https:\/\/chestnut.ovh\/","name":"Chestnut","description":"English Country Dancing & Danses anciennes de l&#039;\u00e9poque des Stuarts .... et des romans de Jane Austen !","potentialAction":[{"@type":"SearchAction","target":{"@type":"EntryPoint","urlTemplate":"https:\/\/chestnut.ovh\/?s={search_term_string}"},"query-input":"required name=search_term_string"}],"inLanguage":"en-GB"}]}},"_links":{"self":[{"href":"https:\/\/chestnut.ovh\/en\/wp-json\/wp\/v2\/pages\/10549","targetHints":{"allow":["GET"]}}],"collection":[{"href":"https:\/\/chestnut.ovh\/en\/wp-json\/wp\/v2\/pages"}],"about":[{"href":"https:\/\/chestnut.ovh\/en\/wp-json\/wp\/v2\/types\/page"}],"author":[{"embeddable":true,"href":"https:\/\/chestnut.ovh\/en\/wp-json\/wp\/v2\/users\/8"}],"replies":[{"embeddable":true,"href":"https:\/\/chestnut.ovh\/en\/wp-json\/wp\/v2\/comments?post=10549"}],"version-history":[{"count":14,"href":"https:\/\/chestnut.ovh\/en\/wp-json\/wp\/v2\/pages\/10549\/revisions"}],"predecessor-version":[{"id":10552,"href":"https:\/\/chestnut.ovh\/en\/wp-json\/wp\/v2\/pages\/10549\/revisions\/10552"}],"wp:attachment":[{"href":"https:\/\/chestnut.ovh\/en\/wp-json\/wp\/v2\/media?parent=10549"}],"curies":[{"name":"wp","href":"https:\/\/api.w.org\/{rel}","templated":true}]}}