{"id":10780,"date":"2021-10-12T10:48:38","date_gmt":"2021-10-12T09:48:38","guid":{"rendered":"https:\/\/chestnut.fr\/?page_id=10780"},"modified":"2021-10-12T14:42:06","modified_gmt":"2021-10-12T13:42:06","slug":"toussaint2021","status":"publish","type":"page","link":"https:\/\/chestnut.ovh\/en\/toussaint2021\/","title":{"rendered":"TOUSSAINT 2021 essai"},"content":{"rendered":"<h4 id=\"stageslongs\"><\/h4>\n<ul>\n<li id=\"svtconf\" style=\"text-align: justify;\"><span style=\"font-family: arial, helvetica, sans-serif;\"><strong>INTERM\u00c9DIAIRES\u00a0<\/strong><strong>3 jours \/\u00a0\u00ab\u00a0Les danses de John Playford de 1651 \u00e0 1670 &#8211; Chor\u00e9graphies isol\u00e9es et danses en suite \u00bb\u00a0<\/strong>: lundi 1er, mardi 2 et mercredi 3 novembre de 10h30 \u00e0 16h30.\u00a0<\/span>Ces trois jours de stage sont con\u00e7us comme une mise en pratique des danses au programme du 6e CD de CHESTNUT \u00e0 para\u00eetre en 2022.Les matin\u00e9es seront consacr\u00e9es \u00e0 des <strong>danses isol\u00e9es<\/strong> permettant un travail sur des figures de base\u00a0: Petticoat Wag &#8211; Prince Rupert\u2019s March &#8211; Mall Peatly &#8211; Stingo &#8211; Half Hanniking &#8211; Greenwood &#8211; The Night Piece \u2026\u00a0Certaines de ces danses seront reprises les apr\u00e8s-midi consacr\u00e9s \u00e0 <strong>des danses en suite<\/strong> constitu\u00e9es \u00e0 partir des quatre premi\u00e8res \u00e9ditions de John Playford\u00a0\u2013 ex\u00a0: Stingo &#8211; New New Nothing et Scotch Cap \u2026\u00a0Ces suites devraient permettre d\u2019apporter un \u00e9clairage nouveau sur des danses peu dans\u00e9es ou oubli\u00e9es, tout en mettant en \u00e9vidence certains principes chor\u00e9graphiques \u00e0 l\u2019\u0153uvre dans le <span>\u00a0<\/span>riche r\u00e9pertoire<span>\u00a0<\/span>de John Playford.<\/li>\n<\/ul>\n<p><strong style=\"font-family: arial, helvetica, sans-serif;\">(<a href=\"http:\/\/chestnut.fr\/lieux\/#lieua\">Lieu A 14\u00e8me<\/a><\/strong><strong style=\"font-family: arial, helvetica, sans-serif;\">)<\/strong><\/p>\n<div style=\"text-align: right;\"><span style=\"font-family: arial, helvetica, sans-serif;\">\u00a0<\/span><\/div>\n<ul>\n<li id=\"svtconf\" style=\"text-align: justify;\"><span style=\"font-family: arial, helvetica, sans-serif;\"><strong>CONFIRM\u00c9S 4 jours \/ \u00abLes nouveaux chor\u00e9graphes\u00bb\u00a0:\u00a0<\/strong>jeudi 4 novembre de 18h \u00e0 21h &#8211; vendredi 5 et samedi 6 de 10h30 \u00e0 16h30 &#8211; dimanche 7 de 10h30 \u00e0 13h30.\u00a0<\/span>Ces quatre jours de stage sont con\u00e7us comme une mise en pratique des danses au programme du 6e CD de CHESTNUT \u00e0 para\u00eetre en 2022. C\u2019est la continuation des trois jours consacr\u00e9s aux danses de Playford du lundi au mercredi qui pr\u00e9c\u00e8dent, mais ce deuxi\u00e8me volet sera consacr\u00e9 aux chor\u00e9graphies de C\u00e9cile Laye dont certaines sont in\u00e9dites\u00a0: Boadic\u00e9e et The Royal Brothers (qui compl\u00e8tent le quartet Purcell) et Badineries I et II sur des musiques de Telemann (Tafelmusik). Ces chor\u00e9graphies utilisent des figures propos\u00e9es par le Ma\u00eetre \u00e0 danser Thomas Wilson dans son ouvrage de 1811 \u00ab\u00a0An Analysis of Country Dancing\u00a0\u00bb.Le programme sera compl\u00e9t\u00e9 par des interpr\u00e9tations maison de longways tir\u00e9s de collections anciennes.<\/li>\n<\/ul>\n<p><span style=\"font-family: arial, helvetica, sans-serif;\"><strong>(<a href=\"http:\/\/chestnut.fr\/lieux\/#lieua\">Lieu A 14\u00e8me<\/a><\/strong><strong>)<\/strong><\/span><\/p>\n<div style=\"text-align: right;\"><span style=\"font-family: arial, helvetica, sans-serif;\">\u00a0<\/span><\/div>\n<div style=\"text-align: right;\"><\/div>\n","protected":false},"excerpt":{"rendered":"<p>INTERM\u00c9DIAIRES\u00a03 jours \/\u00a0\u00ab\u00a0Les danses de John Playford de 1651 \u00e0 1670 &#8211; Chor\u00e9graphies isol\u00e9es et danses en suite \u00bb\u00a0: lundi 1er, mardi 2 et mercredi 3 novembre de 10h30 \u00e0 16h30.\u00a0Ces trois jours de stage sont con\u00e7us comme une mise en pratique des danses au programme du 6e CD de CHESTNUT \u00e0 para\u00eetre en 2022.Les [&hellip;]<\/p>\n","protected":false},"author":8,"featured_media":0,"parent":0,"menu_order":0,"comment_status":"closed","ping_status":"closed","template":"","meta":{"_monsterinsights_skip_tracking":false,"_monsterinsights_sitenote_active":false,"_monsterinsights_sitenote_note":"","_monsterinsights_sitenote_category":0,"footnotes":""},"class_list":["post-10780","page","type-page","status-publish","hentry"],"yoast_head":"<!-- This site is optimized with the Yoast SEO plugin v19.6.1 - https:\/\/yoast.com\/wordpress\/plugins\/seo\/ -->\n<title>TOUSSAINT 2021 essai - Chestnut<\/title>\n<meta name=\"robots\" content=\"index, follow, max-snippet:-1, max-image-preview:large, max-video-preview:-1\" \/>\n<link rel=\"canonical\" href=\"https:\/\/chestnut.ovh\/toussaint2021\/\" \/>\n<meta name=\"twitter:label1\" content=\"Estimated reading time\" \/>\n\t<meta name=\"twitter:data1\" content=\"2 minutes\" \/>\n<script type=\"application\/ld+json\" class=\"yoast-schema-graph\">{\"@context\":\"https:\/\/schema.org\",\"@graph\":[{\"@type\":\"WebPage\",\"@id\":\"https:\/\/chestnut.ovh\/toussaint2021\/\",\"url\":\"https:\/\/chestnut.ovh\/toussaint2021\/\",\"name\":\"[:fr]TOUSSAINT 2021 essai[:] - Chestnut\",\"isPartOf\":{\"@id\":\"https:\/\/chestnut.ovh\/#website\"},\"datePublished\":\"2021-10-12T09:48:38+00:00\",\"dateModified\":\"2021-10-12T13:42:06+00:00\",\"breadcrumb\":{\"@id\":\"https:\/\/chestnut.ovh\/toussaint2021\/#breadcrumb\"},\"inLanguage\":\"en-GB\",\"potentialAction\":[{\"@type\":\"ReadAction\",\"target\":[\"https:\/\/chestnut.ovh\/toussaint2021\/\"]}]},{\"@type\":\"BreadcrumbList\",\"@id\":\"https:\/\/chestnut.ovh\/toussaint2021\/#breadcrumb\",\"itemListElement\":[{\"@type\":\"ListItem\",\"position\":1,\"name\":\"Accueil\",\"item\":\"https:\/\/chestnut.ovh\/\"},{\"@type\":\"ListItem\",\"position\":2,\"name\":\"TOUSSAINT 2021 essai\"}]},{\"@type\":\"WebSite\",\"@id\":\"https:\/\/chestnut.ovh\/#website\",\"url\":\"https:\/\/chestnut.ovh\/\",\"name\":\"Chestnut\",\"description\":\"English Country Dancing & Danses anciennes de l&#039;\u00e9poque des Stuarts .... et des romans de Jane Austen !\",\"potentialAction\":[{\"@type\":\"SearchAction\",\"target\":{\"@type\":\"EntryPoint\",\"urlTemplate\":\"https:\/\/chestnut.ovh\/?s={search_term_string}\"},\"query-input\":\"required name=search_term_string\"}],\"inLanguage\":\"en-GB\"}]}<\/script>\n<!-- \/ Yoast SEO plugin. -->","yoast_head_json":{"title":"TOUSSAINT 2021 essai - Chestnut","robots":{"index":"index","follow":"follow","max-snippet":"max-snippet:-1","max-image-preview":"max-image-preview:large","max-video-preview":"max-video-preview:-1"},"canonical":"https:\/\/chestnut.ovh\/toussaint2021\/","twitter_misc":{"Estimated reading time":"2 minutes"},"schema":{"@context":"https:\/\/schema.org","@graph":[{"@type":"WebPage","@id":"https:\/\/chestnut.ovh\/toussaint2021\/","url":"https:\/\/chestnut.ovh\/toussaint2021\/","name":"[:fr]TOUSSAINT 2021 essai[:] - Chestnut","isPartOf":{"@id":"https:\/\/chestnut.ovh\/#website"},"datePublished":"2021-10-12T09:48:38+00:00","dateModified":"2021-10-12T13:42:06+00:00","breadcrumb":{"@id":"https:\/\/chestnut.ovh\/toussaint2021\/#breadcrumb"},"inLanguage":"en-GB","potentialAction":[{"@type":"ReadAction","target":["https:\/\/chestnut.ovh\/toussaint2021\/"]}]},{"@type":"BreadcrumbList","@id":"https:\/\/chestnut.ovh\/toussaint2021\/#breadcrumb","itemListElement":[{"@type":"ListItem","position":1,"name":"Accueil","item":"https:\/\/chestnut.ovh\/"},{"@type":"ListItem","position":2,"name":"TOUSSAINT 2021 essai"}]},{"@type":"WebSite","@id":"https:\/\/chestnut.ovh\/#website","url":"https:\/\/chestnut.ovh\/","name":"Chestnut","description":"English Country Dancing & Danses anciennes de l&#039;\u00e9poque des Stuarts .... et des romans de Jane Austen !","potentialAction":[{"@type":"SearchAction","target":{"@type":"EntryPoint","urlTemplate":"https:\/\/chestnut.ovh\/?s={search_term_string}"},"query-input":"required name=search_term_string"}],"inLanguage":"en-GB"}]}},"_links":{"self":[{"href":"https:\/\/chestnut.ovh\/en\/wp-json\/wp\/v2\/pages\/10780","targetHints":{"allow":["GET"]}}],"collection":[{"href":"https:\/\/chestnut.ovh\/en\/wp-json\/wp\/v2\/pages"}],"about":[{"href":"https:\/\/chestnut.ovh\/en\/wp-json\/wp\/v2\/types\/page"}],"author":[{"embeddable":true,"href":"https:\/\/chestnut.ovh\/en\/wp-json\/wp\/v2\/users\/8"}],"replies":[{"embeddable":true,"href":"https:\/\/chestnut.ovh\/en\/wp-json\/wp\/v2\/comments?post=10780"}],"version-history":[{"count":1,"href":"https:\/\/chestnut.ovh\/en\/wp-json\/wp\/v2\/pages\/10780\/revisions"}],"predecessor-version":[{"id":10803,"href":"https:\/\/chestnut.ovh\/en\/wp-json\/wp\/v2\/pages\/10780\/revisions\/10803"}],"wp:attachment":[{"href":"https:\/\/chestnut.ovh\/en\/wp-json\/wp\/v2\/media?parent=10780"}],"curies":[{"name":"wp","href":"https:\/\/api.w.org\/{rel}","templated":true}]}}