{"id":10846,"date":"2021-10-16T11:50:25","date_gmt":"2021-10-16T10:50:25","guid":{"rendered":"https:\/\/chestnut.fr\/?page_id=10846"},"modified":"2022-11-23T16:58:52","modified_gmt":"2022-11-23T15:58:52","slug":"lassociation-2","status":"publish","type":"page","link":"https:\/\/chestnut.ovh\/en\/lassociation-2\/","title":{"rendered":"L&#8217;association"},"content":{"rendered":"<ol>\n<li>Objet<\/li>\n<li>Instances<\/li>\n<li>Statuts<\/li>\n<\/ol>\n<hr \/>\n<p><strong>OBJET<\/strong><\/p>\n<hr \/>\n<p>L&#8217;objet statutaire de l&#8217;association CHESTNUT est le suivant \u00a0:<\/p>\n<blockquote><p>Article 3 &#8211; Objet<\/p>\n<p>L&#8217;association a pour objet de favoriser, au moyen d\u2019activit\u00e9s p\u00e9dagogiques, artistiques et de recherche, la connaissance et la pratique des r\u00e9pertoires chor\u00e9graphiques anciens et tout particuli\u00e8rement le r\u00e9pertoire des danses \u00e0 figures anglaises d\u00e9nomm\u00e9es, outre-Manche, English Country Dances.<\/p><\/blockquote>\n<hr \/>\n<p><strong>STATUTS<\/strong><\/p>\n<hr \/>\n<p><a href=\"https:\/\/chestnut.fr\/lassociation-2\/chestnut_nouveaux_statuts-2\/\">Les statuts de l&#8217;association CHESTNUT<\/a><\/p>\n<hr \/>\n<p><strong>INSTANCES<\/strong><\/p>\n<hr \/>\n<p>L&#8217;Assembl\u00e9e G\u00e9n\u00e9rale de CHESTNUT est compos\u00e9e de 12 membres. Le Conseil d&#8217;administration est compos\u00e9 de 7 membres choisis par l&#8217;Assembl\u00e9e G\u00e9n\u00e9rale en son sein. Le Bureau est compos\u00e9 de 3 membres \u00e9lus par le Conseil d&#8217;Administration parmi ses membres.<\/p>\n<p>Composition des Instances depuis l&#8217;Assembl\u00e9e G\u00e9n\u00e9rale pour la saison 2021-2022 tenue le 19 novembre 2022 :<\/p>\n<p><img loading=\"lazy\" decoding=\"async\" class=\"alignleft wp-image-12039\" src=\"https:\/\/chestnut.fr\/wp-content\/uploads\/2022\/11\/Organigramme-Instances_prev_ui-212x300.png\" alt=\"\" width=\"623\" height=\"882\" srcset=\"https:\/\/chestnut.ovh\/wp-content\/uploads\/2022\/11\/Organigramme-Instances_prev_ui-212x300.png 212w, https:\/\/chestnut.ovh\/wp-content\/uploads\/2022\/11\/Organigramme-Instances_prev_ui-100x141.png 100w, https:\/\/chestnut.ovh\/wp-content\/uploads\/2022\/11\/Organigramme-Instances_prev_ui.png 420w\" sizes=\"auto, (max-width: 623px) 100vw, 623px\" \/><\/p>\n<p>&nbsp;<\/p>\n<p>&nbsp;<\/p>\n<p>&nbsp;<\/p>\n<p>&nbsp;<\/p>\n<p>&nbsp;<\/p>\n<p>&nbsp;<\/p>\n<p>&nbsp;<\/p>\n<p>&nbsp;<\/p>\n<p>&nbsp;<\/p>\n<p>&nbsp;<\/p>\n<p>&nbsp;<\/p>\n<p>&nbsp;<\/p>\n<p>&nbsp;<\/p>\n<p>&nbsp;<\/p>\n<p>&nbsp;<\/p>\n<p>&nbsp;<\/p>\n<p>&nbsp;<\/p>\n<p>&nbsp;<\/p>\n<p>&nbsp;<\/p>\n","protected":false},"excerpt":{"rendered":"<p>Objet Instances Statuts OBJET L&#8217;objet statutaire de l&#8217;association CHESTNUT est le suivant \u00a0: Article 3 &#8211; Objet L&#8217;association a pour objet de favoriser, au moyen d\u2019activit\u00e9s p\u00e9dagogiques, artistiques et de recherche, la connaissance et la pratique des r\u00e9pertoires chor\u00e9graphiques anciens et tout particuli\u00e8rement le r\u00e9pertoire des danses \u00e0 figures anglaises d\u00e9nomm\u00e9es, outre-Manche, English Country Dances. [&hellip;]<\/p>\n","protected":false},"author":8,"featured_media":0,"parent":0,"menu_order":0,"comment_status":"closed","ping_status":"closed","template":"","meta":{"_monsterinsights_skip_tracking":false,"_monsterinsights_sitenote_active":false,"_monsterinsights_sitenote_note":"","_monsterinsights_sitenote_category":0,"footnotes":""},"class_list":["post-10846","page","type-page","status-publish","hentry"],"yoast_head":"<!-- This site is optimized with the Yoast SEO plugin v19.6.1 - https:\/\/yoast.com\/wordpress\/plugins\/seo\/ -->\n<title>L&#039;association - Chestnut<\/title>\n<meta name=\"robots\" content=\"index, follow, max-snippet:-1, max-image-preview:large, max-video-preview:-1\" \/>\n<link rel=\"canonical\" href=\"https:\/\/chestnut.ovh\/lassociation-2\/\" \/>\n<meta name=\"twitter:label1\" content=\"Estimated reading time\" \/>\n\t<meta name=\"twitter:data1\" content=\"1 minute\" \/>\n<script type=\"application\/ld+json\" class=\"yoast-schema-graph\">{\"@context\":\"https:\/\/schema.org\",\"@graph\":[{\"@type\":\"WebPage\",\"@id\":\"https:\/\/chestnut.ovh\/lassociation-2\/\",\"url\":\"https:\/\/chestnut.ovh\/lassociation-2\/\",\"name\":\"[:fr]L'association[:] - Chestnut\",\"isPartOf\":{\"@id\":\"https:\/\/chestnut.ovh\/#website\"},\"datePublished\":\"2021-10-16T10:50:25+00:00\",\"dateModified\":\"2022-11-23T15:58:52+00:00\",\"breadcrumb\":{\"@id\":\"https:\/\/chestnut.ovh\/lassociation-2\/#breadcrumb\"},\"inLanguage\":\"en-GB\",\"potentialAction\":[{\"@type\":\"ReadAction\",\"target\":[\"https:\/\/chestnut.ovh\/lassociation-2\/\"]}]},{\"@type\":\"BreadcrumbList\",\"@id\":\"https:\/\/chestnut.ovh\/lassociation-2\/#breadcrumb\",\"itemListElement\":[{\"@type\":\"ListItem\",\"position\":1,\"name\":\"Accueil\",\"item\":\"https:\/\/chestnut.ovh\/\"},{\"@type\":\"ListItem\",\"position\":2,\"name\":\"L&rsquo;association\"}]},{\"@type\":\"WebSite\",\"@id\":\"https:\/\/chestnut.ovh\/#website\",\"url\":\"https:\/\/chestnut.ovh\/\",\"name\":\"Chestnut\",\"description\":\"English Country Dancing & Danses anciennes de l&#039;\u00e9poque des Stuarts .... et des romans de Jane Austen !\",\"potentialAction\":[{\"@type\":\"SearchAction\",\"target\":{\"@type\":\"EntryPoint\",\"urlTemplate\":\"https:\/\/chestnut.ovh\/?s={search_term_string}\"},\"query-input\":\"required name=search_term_string\"}],\"inLanguage\":\"en-GB\"}]}<\/script>\n<!-- \/ Yoast SEO plugin. -->","yoast_head_json":{"title":"L'association - Chestnut","robots":{"index":"index","follow":"follow","max-snippet":"max-snippet:-1","max-image-preview":"max-image-preview:large","max-video-preview":"max-video-preview:-1"},"canonical":"https:\/\/chestnut.ovh\/lassociation-2\/","twitter_misc":{"Estimated reading time":"1 minute"},"schema":{"@context":"https:\/\/schema.org","@graph":[{"@type":"WebPage","@id":"https:\/\/chestnut.ovh\/lassociation-2\/","url":"https:\/\/chestnut.ovh\/lassociation-2\/","name":"[:fr]L'association[:] - Chestnut","isPartOf":{"@id":"https:\/\/chestnut.ovh\/#website"},"datePublished":"2021-10-16T10:50:25+00:00","dateModified":"2022-11-23T15:58:52+00:00","breadcrumb":{"@id":"https:\/\/chestnut.ovh\/lassociation-2\/#breadcrumb"},"inLanguage":"en-GB","potentialAction":[{"@type":"ReadAction","target":["https:\/\/chestnut.ovh\/lassociation-2\/"]}]},{"@type":"BreadcrumbList","@id":"https:\/\/chestnut.ovh\/lassociation-2\/#breadcrumb","itemListElement":[{"@type":"ListItem","position":1,"name":"Accueil","item":"https:\/\/chestnut.ovh\/"},{"@type":"ListItem","position":2,"name":"L&rsquo;association"}]},{"@type":"WebSite","@id":"https:\/\/chestnut.ovh\/#website","url":"https:\/\/chestnut.ovh\/","name":"Chestnut","description":"English Country Dancing & Danses anciennes de l&#039;\u00e9poque des Stuarts .... et des romans de Jane Austen !","potentialAction":[{"@type":"SearchAction","target":{"@type":"EntryPoint","urlTemplate":"https:\/\/chestnut.ovh\/?s={search_term_string}"},"query-input":"required name=search_term_string"}],"inLanguage":"en-GB"}]}},"_links":{"self":[{"href":"https:\/\/chestnut.ovh\/en\/wp-json\/wp\/v2\/pages\/10846","targetHints":{"allow":["GET"]}}],"collection":[{"href":"https:\/\/chestnut.ovh\/en\/wp-json\/wp\/v2\/pages"}],"about":[{"href":"https:\/\/chestnut.ovh\/en\/wp-json\/wp\/v2\/types\/page"}],"author":[{"embeddable":true,"href":"https:\/\/chestnut.ovh\/en\/wp-json\/wp\/v2\/users\/8"}],"replies":[{"embeddable":true,"href":"https:\/\/chestnut.ovh\/en\/wp-json\/wp\/v2\/comments?post=10846"}],"version-history":[{"count":29,"href":"https:\/\/chestnut.ovh\/en\/wp-json\/wp\/v2\/pages\/10846\/revisions"}],"predecessor-version":[{"id":12048,"href":"https:\/\/chestnut.ovh\/en\/wp-json\/wp\/v2\/pages\/10846\/revisions\/12048"}],"wp:attachment":[{"href":"https:\/\/chestnut.ovh\/en\/wp-json\/wp\/v2\/media?parent=10846"}],"curies":[{"name":"wp","href":"https:\/\/api.w.org\/{rel}","templated":true}]}}