{"id":11061,"date":"2022-03-23T18:29:32","date_gmt":"2022-03-23T17:29:32","guid":{"rendered":"https:\/\/chestnut.fr\/en\/?page_id=11061"},"modified":"2023-01-20T20:38:19","modified_gmt":"2023-01-20T19:38:19","slug":"stages-pbc-de-printemps-2","status":"publish","type":"page","link":"https:\/\/chestnut.ovh\/en\/stages-pbc-de-printemps-2\/","title":{"rendered":"Stages PBC de printemps"},"content":{"rendered":"<ol>\n<li style=\"text-align: left;\">D\u00e9butants 2 &#8211; Interm\u00e9diaires du 1er au 3 mai 2023<\/li>\n<li style=\"text-align: left;\">Confirm\u00e9s du 4 au 7 mai 2023<\/li>\n<\/ol>\n<hr \/>\n<h4 id=\"stageslongsI\"><span style=\"font-family: arial, helvetica, sans-serif;\"><strong>1. Stage PBC* de 3 jours pour les D\u00c9BUTANTS\u00a0<\/strong><\/span><span><strong><span style=\"font-family: arial, helvetica, sans-serif;\">2 &#8211; INTERM\u00c9DIAIRES :\u00a0<\/span><\/strong><\/span><\/h4>\n<p>lundi 1er, mardi 2 et mercredi 3 mai <span>de 10h30<\/span> \u00e0 16h 30.<\/p>\n<p>Ce stage PBC* (<em><strong>*<\/strong>Pr\u00e9paration au Bal en Costume)\u00a0<\/em>reprend int\u00e9gralement le programme des danses des 1<sup>er<\/sup> et 2<sup>e<\/sup><span>\u00a0 <\/span>degr\u00e9s du <span style=\"color: #ff0000;\"><strong><a href=\"https:\/\/chestnut.fr\/le-bal-en-costume-ils-en-parlent\/\">bal en costume du 11 juin 2023<\/a><\/strong><\/span>\u00a0enseign\u00e9es pendant les stages PBC mensuels interm\u00e9diaires du dimanche et les cours et stages d\u00e9butants.<\/p>\n<blockquote>\n<div><strong><span style=\"text-decoration: underline;\">Programme par journ\u00e9e<\/span><\/strong> :<\/div>\n<div>Lundi : l&#8217;Allemande d&#8217;Amour, The Slip, Northern Nancy, Joy After Sorrow, Spanish Waltz<\/div>\n<div>Mardi : Pavane, The Phoenix, My Lord Byron&#8217;s Maggot, The Family Party, The Spring<\/div>\n<div>Mercredi : Pat-a-Cake Polka, Yorkshire Square Eight, La Gavre, The Slip et r\u00e9vision des danses de lundi et mardi<\/div>\n<\/blockquote>\n<p>&nbsp;<\/p>\n<p>N.B. : Vous ne d\u00e9sirez pas participer au bal en costume : il est n\u00e9anmoins possible de vous inscrire \u00e0 ce stage ou vous serez bienvenu(e).\u00a0&#8212; > En revanche, veuillez, pr\u00e9alablement \u00e0 votre inscription, sp\u00e9cifier cette intention \u00e0 contact@chestnut ou au 01 45 70 83 94.<\/p>\n<ul><\/ul>\n<p><a href=\"https:\/\/chestnut.fr\/calendrier\/\">Dates \/ Horaires \/ Lieu<\/a>\u00a0 et\u00a0\u00a0<a href=\"https:\/\/chestnut.fr\/tarifs\/\">Tarifs<\/a><\/p>\n<p>Cl\u00f4ture des inscriptions au stage et au bal en costume :\u00a0<span style=\"color: #ff0000;\">30 mars 2023 minuit !<\/span><\/p>\n<p><a href=\"https:\/\/chestnut.fr\/payer\/\">Je m&#8217;inscris<\/a>\u00a0 (adh\u00e9sion pr\u00e9alable obligatoire : <a href=\"https:\/\/chestnut.fr\/adherer-3\/\">ici<\/a>)<\/p>\n<h4><span style=\"font-family: arial, helvetica, sans-serif;\"><strong>2. Stage PBC* de 4 jours pour les CONFIRM\u00c9S<\/strong><\/span><span><strong><span style=\"font-family: arial, helvetica, sans-serif;\">\u00a0:\u00a0<\/span><\/strong><\/span><\/h4>\n<p>jeudi 4 de 18h \u00e0 21h &#8211; vendredi 5 et samedi 6 de 10h30 \u00e0 16h30 et dimanche 7 mai de 10h30 \u00e0 16h.<\/p>\n<p>Ce stage PBC* (<em><strong>*<\/strong>Pr\u00e9paration au Bal en Costume)\u00a0<\/em> reprend int\u00e9gralement le programme des danses du <span style=\"color: #ff0000;\"><strong><a href=\"https:\/\/chestnut.fr\/le-bal-en-costume-ils-en-parlent\/\">bal en costume du 11 juin 2023<\/a><\/strong><\/span><span style=\"color: #ff0000;\"><strong>\u00a0<\/strong><\/span>des 1<sup>er<\/sup>, 2<sup>e<\/sup><span>\u00a0et 3<sup>e<\/sup> <\/span>degr\u00e9s enseign\u00e9es pendant les stages PBC mensuels Confirm\u00e9s du samedi apr\u00e8s-midi.<\/p>\n<div><\/div>\n<blockquote>\n<div><strong><span style=\"text-decoration: underline;\">Programme par journ\u00e9e<\/span><\/strong> :<\/div>\n<div>Jeudi : The Spring, Orange Nan, Little Sir Isaac, Early Frost, La Gavre, The Slip<\/div>\n<div>Vendredi : Farnicle Huggy, Abergenny, Last of Twenty<\/div>\n<div>Samedi : The Royal Brothers, La Beaudri, Farnicle Huggy<\/div>\n<div>Dimanche : R\u00e9vision des danses des trois jours pr\u00e9c\u00e9dents<\/div>\n<\/blockquote>\n<p>&nbsp;<\/p>\n<p>N.B. : Vous ne d\u00e9sirez pas participer au bal en costume : il est n\u00e9anmoins possible de vous inscrire \u00e0 ce stage ou vous serez bienvenu(e).\u00a0&#8212; > En revanche, veuillez, pr\u00e9alablement \u00e0 votre inscription, sp\u00e9cifier cette intention \u00e0 contact@chestnut ou au 01 45 70 83 94.<\/p>\n<p><a href=\"https:\/\/chestnut.fr\/calendrier\/\">Dates \/ Lieu<\/a>\u00a0 et\u00a0\u00a0<a href=\"https:\/\/chestnut.fr\/tarifs\/\">Tarifs<\/a><\/p>\n<pre><strong>Ce stage n'est\u00a0accessible qu'aux danseurs CONFIRM\u00c9S. --->\u00a0Les\u00a0danseurs Confirm\u00e9s inscrits pour la formule compl\u00e8te du stage de 4 jours (4 au 7 mai) d\u00e9sireux de s'inscrire <span>AUSSI <\/span>au\u00a0stage\u00a0PBC complet de 3 jours qui pr\u00e9c\u00e8de (1er, 2 et 3 mai)\u00a0b\u00e9n\u00e9ficient d'un\u00a0<span><span style=\"color: #ff0000;\">TARIF SP\u00c9CIAL de 70,00 \u20ac<\/span> au lieu de 100,00 \u20ac. \u00a0<\/span>Ils trouveront ce tarif sp\u00e9cial dans le bas de la grille tarifaire du formulaire d'inscription au\u00a0stage PBC de 3 jour (1er, 2 et 3 mai).\u00a0<\/strong><\/pre>\n<p>Cl\u00f4ture des inscriptions au stage et au bal en costume :\u00a0<span style=\"color: #ff0000;\">30 mars 2023 minuit !<\/span><\/p>\n<p><a href=\"https:\/\/chestnut.fr\/payer\/\">Je m&#8217;inscris<\/a>\u00a0 (adh\u00e9sion pr\u00e9alable obligatoire : <a href=\"https:\/\/chestnut.fr\/adherer-3\/\">ici<\/a>)<\/p>\n","protected":false},"excerpt":{"rendered":"<p>D\u00e9butants 2 &#8211; Interm\u00e9diaires du 1er au 3 mai 2023 Confirm\u00e9s du 4 au 7 mai 2023 1. Stage PBC* de 3 jours pour les D\u00c9BUTANTS\u00a02 &#8211; INTERM\u00c9DIAIRES :\u00a0 lundi 1er, mardi 2 et mercredi 3 mai de 10h30 \u00e0 16h 30. Ce stage PBC* (*Pr\u00e9paration au Bal en Costume)\u00a0reprend int\u00e9gralement le programme des danses [&hellip;]<\/p>\n","protected":false},"author":8,"featured_media":0,"parent":0,"menu_order":0,"comment_status":"closed","ping_status":"closed","template":"","meta":{"_monsterinsights_skip_tracking":false,"_monsterinsights_sitenote_active":false,"_monsterinsights_sitenote_note":"","_monsterinsights_sitenote_category":0,"footnotes":""},"class_list":["post-11061","page","type-page","status-publish","hentry"],"yoast_head":"<!-- This site is optimized with the Yoast SEO plugin v19.6.1 - https:\/\/yoast.com\/wordpress\/plugins\/seo\/ -->\n<title>Stages PBC de printemps - Chestnut<\/title>\n<meta name=\"robots\" content=\"index, follow, max-snippet:-1, max-image-preview:large, max-video-preview:-1\" \/>\n<link rel=\"canonical\" href=\"https:\/\/chestnut.ovh\/stages-pbc-de-printemps-2\/\" \/>\n<meta name=\"twitter:label1\" content=\"Estimated reading time\" \/>\n\t<meta name=\"twitter:data1\" content=\"3 minutes\" \/>\n<script type=\"application\/ld+json\" class=\"yoast-schema-graph\">{\"@context\":\"https:\/\/schema.org\",\"@graph\":[{\"@type\":\"WebPage\",\"@id\":\"https:\/\/chestnut.ovh\/stages-pbc-de-printemps-2\/\",\"url\":\"https:\/\/chestnut.ovh\/stages-pbc-de-printemps-2\/\",\"name\":\"[:fr]Stages PBC de printemps[:] - Chestnut\",\"isPartOf\":{\"@id\":\"https:\/\/chestnut.ovh\/#website\"},\"datePublished\":\"2022-03-23T17:29:32+00:00\",\"dateModified\":\"2023-01-20T19:38:19+00:00\",\"breadcrumb\":{\"@id\":\"https:\/\/chestnut.ovh\/stages-pbc-de-printemps-2\/#breadcrumb\"},\"inLanguage\":\"en-GB\",\"potentialAction\":[{\"@type\":\"ReadAction\",\"target\":[\"https:\/\/chestnut.ovh\/stages-pbc-de-printemps-2\/\"]}]},{\"@type\":\"BreadcrumbList\",\"@id\":\"https:\/\/chestnut.ovh\/stages-pbc-de-printemps-2\/#breadcrumb\",\"itemListElement\":[{\"@type\":\"ListItem\",\"position\":1,\"name\":\"Accueil\",\"item\":\"https:\/\/chestnut.ovh\/\"},{\"@type\":\"ListItem\",\"position\":2,\"name\":\"Stages PBC de printemps\"}]},{\"@type\":\"WebSite\",\"@id\":\"https:\/\/chestnut.ovh\/#website\",\"url\":\"https:\/\/chestnut.ovh\/\",\"name\":\"Chestnut\",\"description\":\"English Country Dancing & Danses anciennes de l&#039;\u00e9poque des Stuarts .... et des romans de Jane Austen !\",\"potentialAction\":[{\"@type\":\"SearchAction\",\"target\":{\"@type\":\"EntryPoint\",\"urlTemplate\":\"https:\/\/chestnut.ovh\/?s={search_term_string}\"},\"query-input\":\"required name=search_term_string\"}],\"inLanguage\":\"en-GB\"}]}<\/script>\n<!-- \/ Yoast SEO plugin. -->","yoast_head_json":{"title":"Stages PBC de printemps - Chestnut","robots":{"index":"index","follow":"follow","max-snippet":"max-snippet:-1","max-image-preview":"max-image-preview:large","max-video-preview":"max-video-preview:-1"},"canonical":"https:\/\/chestnut.ovh\/stages-pbc-de-printemps-2\/","twitter_misc":{"Estimated reading time":"3 minutes"},"schema":{"@context":"https:\/\/schema.org","@graph":[{"@type":"WebPage","@id":"https:\/\/chestnut.ovh\/stages-pbc-de-printemps-2\/","url":"https:\/\/chestnut.ovh\/stages-pbc-de-printemps-2\/","name":"[:fr]Stages PBC de printemps[:] - Chestnut","isPartOf":{"@id":"https:\/\/chestnut.ovh\/#website"},"datePublished":"2022-03-23T17:29:32+00:00","dateModified":"2023-01-20T19:38:19+00:00","breadcrumb":{"@id":"https:\/\/chestnut.ovh\/stages-pbc-de-printemps-2\/#breadcrumb"},"inLanguage":"en-GB","potentialAction":[{"@type":"ReadAction","target":["https:\/\/chestnut.ovh\/stages-pbc-de-printemps-2\/"]}]},{"@type":"BreadcrumbList","@id":"https:\/\/chestnut.ovh\/stages-pbc-de-printemps-2\/#breadcrumb","itemListElement":[{"@type":"ListItem","position":1,"name":"Accueil","item":"https:\/\/chestnut.ovh\/"},{"@type":"ListItem","position":2,"name":"Stages PBC de printemps"}]},{"@type":"WebSite","@id":"https:\/\/chestnut.ovh\/#website","url":"https:\/\/chestnut.ovh\/","name":"Chestnut","description":"English Country Dancing & Danses anciennes de l&#039;\u00e9poque des Stuarts .... et des romans de Jane Austen !","potentialAction":[{"@type":"SearchAction","target":{"@type":"EntryPoint","urlTemplate":"https:\/\/chestnut.ovh\/?s={search_term_string}"},"query-input":"required name=search_term_string"}],"inLanguage":"en-GB"}]}},"_links":{"self":[{"href":"https:\/\/chestnut.ovh\/en\/wp-json\/wp\/v2\/pages\/11061","targetHints":{"allow":["GET"]}}],"collection":[{"href":"https:\/\/chestnut.ovh\/en\/wp-json\/wp\/v2\/pages"}],"about":[{"href":"https:\/\/chestnut.ovh\/en\/wp-json\/wp\/v2\/types\/page"}],"author":[{"embeddable":true,"href":"https:\/\/chestnut.ovh\/en\/wp-json\/wp\/v2\/users\/8"}],"replies":[{"embeddable":true,"href":"https:\/\/chestnut.ovh\/en\/wp-json\/wp\/v2\/comments?post=11061"}],"version-history":[{"count":43,"href":"https:\/\/chestnut.ovh\/en\/wp-json\/wp\/v2\/pages\/11061\/revisions"}],"predecessor-version":[{"id":12342,"href":"https:\/\/chestnut.ovh\/en\/wp-json\/wp\/v2\/pages\/11061\/revisions\/12342"}],"wp:attachment":[{"href":"https:\/\/chestnut.ovh\/en\/wp-json\/wp\/v2\/media?parent=11061"}],"curies":[{"name":"wp","href":"https:\/\/api.w.org\/{rel}","templated":true}]}}