{"id":11201,"date":"2022-03-31T14:50:22","date_gmt":"2022-03-31T13:50:22","guid":{"rendered":"https:\/\/chestnut.fr\/?page_id=11201"},"modified":"2022-07-17T18:23:07","modified_gmt":"2022-07-17T17:23:07","slug":"stage-dete-a-paris","status":"publish","type":"page","link":"https:\/\/chestnut.ovh\/en\/stage-dete-a-paris\/","title":{"rendered":"Stage d&#8217;\u00e9t\u00e9 \u00e0 Paris"},"content":{"rendered":"<p><span><strong><span style=\"font-family: arial, helvetica, sans-serif;\">Le\u00a0programme, les dates et\u00a0horaires et lieu du stage d&#8217;\u00e9t\u00e9 2023 ne sont pas encore fix\u00e9s.\u00a0<\/span><\/strong><\/span><\/p>\n<hr \/>\n<p><strong>Stage d&#8217;\u00e9t\u00e9 2022<\/strong><\/p>\n<p><span style=\"font-family: arial, helvetica, sans-serif;\"><strong>CONFIRM\u00c9S 4 jours &#8220;New Wine in Old Bottles&#8221; <\/strong><strong>: <\/strong>lundi 18, mardi 19, mercredi 20 de 14h00 \u00e0 18h00 et jeudi 21 juillet 2022 de 14h00 \u00e0 17h00, <strong><a href=\"https:\/\/chestnut.fr\/lieux\/#lieue\">studio Biped, Micadanses<\/a><\/strong>.\u00a0<\/span><\/p>\n<p><span style=\"text-align: justify;\"><span style=\"font-family: arial, helvetica, sans-serif;\"><strong><a href=\"https:\/\/chestnut.fr\/stage-dete-a-paris\/flyer-stages-ete-paris-2022\/\"><img loading=\"lazy\" decoding=\"async\" class=\"alignleft size-medium wp-image-11212\" src=\"https:\/\/chestnut.fr\/wp-content\/uploads\/2022\/03\/Flyer-Stages-Ete-Paris-2022-212x300.jpg\" alt=\"\" width=\"212\" height=\"300\" srcset=\"https:\/\/chestnut.ovh\/wp-content\/uploads\/2022\/03\/Flyer-Stages-Ete-Paris-2022-212x300.jpg 212w, https:\/\/chestnut.ovh\/wp-content\/uploads\/2022\/03\/Flyer-Stages-Ete-Paris-2022-724x1024.jpg 724w, https:\/\/chestnut.ovh\/wp-content\/uploads\/2022\/03\/Flyer-Stages-Ete-Paris-2022-768x1086.jpg 768w, https:\/\/chestnut.ovh\/wp-content\/uploads\/2022\/03\/Flyer-Stages-Ete-Paris-2022-600x848.jpg 600w, https:\/\/chestnut.ovh\/wp-content\/uploads\/2022\/03\/Flyer-Stages-Ete-Paris-2022-1086x1536.jpg 1086w, https:\/\/chestnut.ovh\/wp-content\/uploads\/2022\/03\/Flyer-Stages-Ete-Paris-2022-1448x2048.jpg 1448w, https:\/\/chestnut.ovh\/wp-content\/uploads\/2022\/03\/Flyer-Stages-Ete-Paris-2022-1320x1867.jpg 1320w, https:\/\/chestnut.ovh\/wp-content\/uploads\/2022\/03\/Flyer-Stages-Ete-Paris-2022-100x141.jpg 100w, https:\/\/chestnut.ovh\/wp-content\/uploads\/2022\/03\/Flyer-Stages-Ete-Paris-2022-scaled.jpg 1810w\" sizes=\"auto, (max-width: 212px) 100vw, 212px\" \/><\/a><\/strong><\/span>Le programme comprendra des chor\u00e9graphies modernes de C\u00e9cile Laye enregistr\u00e9es dans &#8220;Jog On&#8221; le 6e album de Chestnut. Ces chor\u00e9graphies s&#8217;efforcent de renouveler le genre de la danse \u00e0 figures anglaise tout en s&#8217;appuyant sur les r\u00e8gles anciennes d&#8217;o\u00f9 le titre emprunt\u00e9 \u00e0 un recueil de Pat Shaw <\/span><span style=\"font-family: arial, helvetica, sans-serif;\">&#8220;New Wine in Old Bottles&#8221;<\/span><span style=\"text-align: justify;\">:<\/span><\/p>\n<p><span style=\"text-align: justify;\">1\/ Elspeth<\/span><\/p>\n<p>2\/ All the King&#8217;s Horses<\/p>\n<p>3\/ 8, College Street<\/p>\n<p>4\/ The Perfect Husband<\/p>\n<p><span style=\"font-family: arial, helvetica, sans-serif;\"><\/span><strong style=\"font-family: arial, helvetica, sans-serif;\"><span style=\"font-family: arial, helvetica, sans-serif;\"><strong>Adh\u00e9sion pr\u00e9alable obligatoire &#8211; Tarif :<\/strong><\/span> <span style=\"font-family: arial, helvetica, sans-serif;\"><strong>110,00 \u20ac \u00a0 <\/strong><\/span><\/strong><\/p>\n<p><a href=\"https:\/\/chestnut.assoconnect.com\/collect\/description\/234442-b-stage-d-ete-2022\"><strong style=\"font-family: arial, helvetica, sans-serif;\"><span style=\"font-family: arial, helvetica, sans-serif;\"><strong><span style=\"text-decoration: underline;\">Je m&#8217;inscris<\/span><\/strong><\/span><\/strong><\/a><\/p>\n","protected":false},"excerpt":{"rendered":"<p>Le\u00a0programme, les dates et\u00a0horaires et lieu du stage d&#8217;\u00e9t\u00e9 2023 ne sont pas encore fix\u00e9s.\u00a0 Stage d&#8217;\u00e9t\u00e9 2022 CONFIRM\u00c9S 4 jours &#8220;New Wine in Old Bottles&#8221; : lundi 18, mardi 19, mercredi 20 de 14h00 \u00e0 18h00 et jeudi 21 juillet 2022 de 14h00 \u00e0 17h00, studio Biped, Micadanses.\u00a0 Le programme comprendra des chor\u00e9graphies modernes [&hellip;]<\/p>\n","protected":false},"author":8,"featured_media":0,"parent":0,"menu_order":0,"comment_status":"closed","ping_status":"closed","template":"","meta":{"_monsterinsights_skip_tracking":false,"_monsterinsights_sitenote_active":false,"_monsterinsights_sitenote_note":"","_monsterinsights_sitenote_category":0,"footnotes":""},"class_list":["post-11201","page","type-page","status-publish","hentry"],"yoast_head":"<!-- This site is optimized with the Yoast SEO plugin v19.6.1 - https:\/\/yoast.com\/wordpress\/plugins\/seo\/ -->\n<title>Stage d&#039;\u00e9t\u00e9 \u00e0 Paris - Chestnut<\/title>\n<meta name=\"robots\" content=\"index, follow, max-snippet:-1, max-image-preview:large, max-video-preview:-1\" \/>\n<link rel=\"canonical\" href=\"https:\/\/chestnut.ovh\/en\/stage-dete-a-paris\/\" \/>\n<meta name=\"twitter:label1\" content=\"Estimated reading time\" \/>\n\t<meta name=\"twitter:data1\" content=\"1 minute\" \/>\n<script type=\"application\/ld+json\" class=\"yoast-schema-graph\">{\"@context\":\"https:\/\/schema.org\",\"@graph\":[{\"@type\":\"WebPage\",\"@id\":\"https:\/\/chestnut.ovh\/en\/stage-dete-a-paris\/\",\"url\":\"https:\/\/chestnut.ovh\/en\/stage-dete-a-paris\/\",\"name\":\"[:fr]Stage d'\u00e9t\u00e9 \u00e0 Paris[:] - Chestnut\",\"isPartOf\":{\"@id\":\"https:\/\/chestnut.ovh\/#website\"},\"datePublished\":\"2022-03-31T13:50:22+00:00\",\"dateModified\":\"2022-07-17T17:23:07+00:00\",\"breadcrumb\":{\"@id\":\"https:\/\/chestnut.ovh\/en\/stage-dete-a-paris\/#breadcrumb\"},\"inLanguage\":\"en-GB\",\"potentialAction\":[{\"@type\":\"ReadAction\",\"target\":[\"https:\/\/chestnut.ovh\/en\/stage-dete-a-paris\/\"]}]},{\"@type\":\"BreadcrumbList\",\"@id\":\"https:\/\/chestnut.ovh\/en\/stage-dete-a-paris\/#breadcrumb\",\"itemListElement\":[{\"@type\":\"ListItem\",\"position\":1,\"name\":\"Accueil\",\"item\":\"https:\/\/chestnut.ovh\/\"},{\"@type\":\"ListItem\",\"position\":2,\"name\":\"Stage d&#8217;\u00e9t\u00e9 \u00e0 Paris\"}]},{\"@type\":\"WebSite\",\"@id\":\"https:\/\/chestnut.ovh\/#website\",\"url\":\"https:\/\/chestnut.ovh\/\",\"name\":\"Chestnut\",\"description\":\"English Country Dancing & Danses anciennes de l&#039;\u00e9poque des Stuarts .... et des romans de Jane Austen !\",\"potentialAction\":[{\"@type\":\"SearchAction\",\"target\":{\"@type\":\"EntryPoint\",\"urlTemplate\":\"https:\/\/chestnut.ovh\/?s={search_term_string}\"},\"query-input\":\"required name=search_term_string\"}],\"inLanguage\":\"en-GB\"}]}<\/script>\n<!-- \/ Yoast SEO plugin. -->","yoast_head_json":{"title":"Stage d'\u00e9t\u00e9 \u00e0 Paris - Chestnut","robots":{"index":"index","follow":"follow","max-snippet":"max-snippet:-1","max-image-preview":"max-image-preview:large","max-video-preview":"max-video-preview:-1"},"canonical":"https:\/\/chestnut.ovh\/en\/stage-dete-a-paris\/","twitter_misc":{"Estimated reading time":"1 minute"},"schema":{"@context":"https:\/\/schema.org","@graph":[{"@type":"WebPage","@id":"https:\/\/chestnut.ovh\/en\/stage-dete-a-paris\/","url":"https:\/\/chestnut.ovh\/en\/stage-dete-a-paris\/","name":"[:fr]Stage d'\u00e9t\u00e9 \u00e0 Paris[:] - Chestnut","isPartOf":{"@id":"https:\/\/chestnut.ovh\/#website"},"datePublished":"2022-03-31T13:50:22+00:00","dateModified":"2022-07-17T17:23:07+00:00","breadcrumb":{"@id":"https:\/\/chestnut.ovh\/en\/stage-dete-a-paris\/#breadcrumb"},"inLanguage":"en-GB","potentialAction":[{"@type":"ReadAction","target":["https:\/\/chestnut.ovh\/en\/stage-dete-a-paris\/"]}]},{"@type":"BreadcrumbList","@id":"https:\/\/chestnut.ovh\/en\/stage-dete-a-paris\/#breadcrumb","itemListElement":[{"@type":"ListItem","position":1,"name":"Accueil","item":"https:\/\/chestnut.ovh\/"},{"@type":"ListItem","position":2,"name":"Stage d&#8217;\u00e9t\u00e9 \u00e0 Paris"}]},{"@type":"WebSite","@id":"https:\/\/chestnut.ovh\/#website","url":"https:\/\/chestnut.ovh\/","name":"Chestnut","description":"English Country Dancing & Danses anciennes de l&#039;\u00e9poque des Stuarts .... et des romans de Jane Austen !","potentialAction":[{"@type":"SearchAction","target":{"@type":"EntryPoint","urlTemplate":"https:\/\/chestnut.ovh\/?s={search_term_string}"},"query-input":"required name=search_term_string"}],"inLanguage":"en-GB"}]}},"_links":{"self":[{"href":"https:\/\/chestnut.ovh\/en\/wp-json\/wp\/v2\/pages\/11201","targetHints":{"allow":["GET"]}}],"collection":[{"href":"https:\/\/chestnut.ovh\/en\/wp-json\/wp\/v2\/pages"}],"about":[{"href":"https:\/\/chestnut.ovh\/en\/wp-json\/wp\/v2\/types\/page"}],"author":[{"embeddable":true,"href":"https:\/\/chestnut.ovh\/en\/wp-json\/wp\/v2\/users\/8"}],"replies":[{"embeddable":true,"href":"https:\/\/chestnut.ovh\/en\/wp-json\/wp\/v2\/comments?post=11201"}],"version-history":[{"count":17,"href":"https:\/\/chestnut.ovh\/en\/wp-json\/wp\/v2\/pages\/11201\/revisions"}],"predecessor-version":[{"id":11662,"href":"https:\/\/chestnut.ovh\/en\/wp-json\/wp\/v2\/pages\/11201\/revisions\/11662"}],"wp:attachment":[{"href":"https:\/\/chestnut.ovh\/en\/wp-json\/wp\/v2\/media?parent=11201"}],"curies":[{"name":"wp","href":"https:\/\/api.w.org\/{rel}","templated":true}]}}