{"id":11314,"date":"2022-06-01T17:02:32","date_gmt":"2022-06-01T16:02:32","guid":{"rendered":"https:\/\/chestnut.fr\/?page_id=11314"},"modified":"2022-06-01T17:26:26","modified_gmt":"2022-06-01T16:26:26","slug":"jubile-de-la-reine-elizabeth-ii","status":"publish","type":"page","link":"https:\/\/chestnut.ovh\/en\/jubile-de-la-reine-elizabeth-ii\/","title":{"rendered":"Reine Elizabeth II &#8211; Jubil\u00e9"},"content":{"rendered":"<div class=\"wWOJcd\" tabindex=\"0\" role=\"button\" aria-controls=\"exacc_1oWXYvjAE9DQaI7VjbAF2\" aria-expanded=\"true\" aria-labelledby=\"exacc_1oWXYvjAE9DQaI7VjbAF1\">\n<div class=\"YsGUOb\"><\/div>\n<p data-hveid=\"CDoQAQ\" data-ved=\"2ahUKEwj4g8bvyIz4AhVQKBoKHY5qA1YQuk56BAg6EAE\"><span><a href=\"https:\/\/chestnut.fr\/?attachment_id=11315\"><img loading=\"lazy\" decoding=\"async\" class=\"alignleft wp-image-11315\" src=\"https:\/\/chestnut.fr\/wp-content\/uploads\/2022\/06\/Union-Jack-1-300x150.png\" alt=\"\" width=\"166\" height=\"83\" srcset=\"https:\/\/chestnut.ovh\/wp-content\/uploads\/2022\/06\/Union-Jack-1-300x150.png 300w, https:\/\/chestnut.ovh\/wp-content\/uploads\/2022\/06\/Union-Jack-1-100x50.png 100w, https:\/\/chestnut.ovh\/wp-content\/uploads\/2022\/06\/Union-Jack-1.png 318w\" sizes=\"auto, (max-width: 166px) 100vw, 166px\" \/><\/a>Chestnut s&#8217;associe naturellement aux r\u00e9jouissances du peuple britannique qui se d\u00e9rouleront \u00e0 partir du jeudi 2 juin 2022 au Royaume-Uni pour c\u00e9l\u00e9brer le jubil\u00e9 de platine du r\u00e8gne de la reine \u00c9lisabeth II.<\/span><\/p>\n<\/div>\n<p data-hveid=\"CDoQAQ\" data-ved=\"2ahUKEwj4g8bvyIz4AhVQKBoKHY5qA1YQuk56BAg6EAE\">La danse Elspeth I &#038; II est un hommage rendu par C\u00e9cile Laye \u00e0 ces deux reines d&#8217;exception que sont Elizabeth 1\u00e8re et Elizabeth II.<\/p>\n<p><iframe loading=\"lazy\" title=\"YouTube video player\" frameborder=\"0\" height=\"315\" src=\"https:\/\/www.youtube.com\/embed\/Aq3Yst1UII4\" width=\"560\"><\/iframe><\/p>\n<div class=\"wWOJcd\" tabindex=\"0\" role=\"button\" aria-controls=\"exacc_1oWXYvjAE9DQaI7VjbAF2\" aria-expanded=\"true\" aria-labelledby=\"exacc_1oWXYvjAE9DQaI7VjbAF1\">\n<div data-hveid=\"CDoQAQ\" data-ved=\"2ahUKEwj4g8bvyIz4AhVQKBoKHY5qA1YQuk56BAg6EAE\"><\/div>\n<div class=\"r21Kzd\" data-hveid=\"CDoQAQ\" data-ved=\"2ahUKEwj4g8bvyIz4AhVQKBoKHY5qA1YQuk56BAg6EAE\"><span><a href=\"https:\/\/chestnut.fr\/?attachment_id=11316\"><img loading=\"lazy\" decoding=\"async\" class=\" wp-image-11316 alignright\" src=\"https:\/\/chestnut.fr\/wp-content\/uploads\/2022\/06\/Queen-Elizabeth-II.jpeg\" alt=\"\" width=\"127\" height=\"159\" srcset=\"https:\/\/chestnut.ovh\/wp-content\/uploads\/2022\/06\/Queen-Elizabeth-II.jpeg 201w, https:\/\/chestnut.ovh\/wp-content\/uploads\/2022\/06\/Queen-Elizabeth-II-100x125.jpeg 100w\" sizes=\"auto, (max-width: 127px) 100vw, 127px\" \/><\/a><\/span><\/div>\n<p data-hveid=\"CDoQAQ\" data-ved=\"2ahUKEwj4g8bvyIz4AhVQKBoKHY5qA1YQuk56BAg6EAE\">Nous exprimons \u00e0 nos amis britanniques et plus particuli\u00e8rement anglais toute notre chaleureuse amiti\u00e9 et toute notre admiration pour leur culture, leur langue, et leur humour bien s\u00fbr.<\/p>\n<p data-hveid=\"CDoQAQ\" data-ved=\"2ahUKEwj4g8bvyIz4AhVQKBoKHY5qA1YQuk56BAg6EAE\">Longue vie \u00e0 l&#8217;Angleterre, au Royaume-Uni et \u00e0 leur souverain !<\/p>\n<\/div>\n","protected":false},"excerpt":{"rendered":"<p>Chestnut s&#8217;associe naturellement aux r\u00e9jouissances du peuple britannique qui se d\u00e9rouleront \u00e0 partir du jeudi 2 juin 2022 au Royaume-Uni pour c\u00e9l\u00e9brer le jubil\u00e9 de platine du r\u00e8gne de la reine \u00c9lisabeth II. La danse Elspeth I &#038; II est un hommage rendu par C\u00e9cile Laye \u00e0 ces deux reines d&#8217;exception que sont Elizabeth 1\u00e8re [&hellip;]<\/p>\n","protected":false},"author":8,"featured_media":0,"parent":0,"menu_order":0,"comment_status":"closed","ping_status":"closed","template":"","meta":{"_monsterinsights_skip_tracking":false,"_monsterinsights_sitenote_active":false,"_monsterinsights_sitenote_note":"","_monsterinsights_sitenote_category":0,"footnotes":""},"class_list":["post-11314","page","type-page","status-publish","hentry"],"yoast_head":"<!-- This site is optimized with the Yoast SEO plugin v19.6.1 - https:\/\/yoast.com\/wordpress\/plugins\/seo\/ -->\n<title>Reine Elizabeth II - Jubil\u00e9[:] - Chestnut<\/title>\n<meta name=\"robots\" content=\"index, follow, max-snippet:-1, max-image-preview:large, max-video-preview:-1\" \/>\n<link rel=\"canonical\" href=\"https:\/\/chestnut.ovh\/jubile-de-la-reine-elizabeth-ii\/\" \/>\n<meta name=\"twitter:label1\" content=\"Estimated reading time\" \/>\n\t<meta name=\"twitter:data1\" content=\"1 minute\" \/>\n<script type=\"application\/ld+json\" class=\"yoast-schema-graph\">{\"@context\":\"https:\/\/schema.org\",\"@graph\":[{\"@type\":\"WebPage\",\"@id\":\"https:\/\/chestnut.ovh\/jubile-de-la-reine-elizabeth-ii\/\",\"url\":\"https:\/\/chestnut.ovh\/jubile-de-la-reine-elizabeth-ii\/\",\"name\":\"[:fr]Reine Elizabeth II - Jubil\u00e9[:] - Chestnut\",\"isPartOf\":{\"@id\":\"https:\/\/chestnut.ovh\/#website\"},\"datePublished\":\"2022-06-01T16:02:32+00:00\",\"dateModified\":\"2022-06-01T16:26:26+00:00\",\"breadcrumb\":{\"@id\":\"https:\/\/chestnut.ovh\/jubile-de-la-reine-elizabeth-ii\/#breadcrumb\"},\"inLanguage\":\"en-GB\",\"potentialAction\":[{\"@type\":\"ReadAction\",\"target\":[\"https:\/\/chestnut.ovh\/jubile-de-la-reine-elizabeth-ii\/\"]}]},{\"@type\":\"BreadcrumbList\",\"@id\":\"https:\/\/chestnut.ovh\/jubile-de-la-reine-elizabeth-ii\/#breadcrumb\",\"itemListElement\":[{\"@type\":\"ListItem\",\"position\":1,\"name\":\"Accueil\",\"item\":\"https:\/\/chestnut.ovh\/\"},{\"@type\":\"ListItem\",\"position\":2,\"name\":\"Reine Elizabeth II &#8211; Jubil\u00e9\"}]},{\"@type\":\"WebSite\",\"@id\":\"https:\/\/chestnut.ovh\/#website\",\"url\":\"https:\/\/chestnut.ovh\/\",\"name\":\"Chestnut\",\"description\":\"English Country Dancing & Danses anciennes de l&#039;\u00e9poque des Stuarts .... et des romans de Jane Austen !\",\"potentialAction\":[{\"@type\":\"SearchAction\",\"target\":{\"@type\":\"EntryPoint\",\"urlTemplate\":\"https:\/\/chestnut.ovh\/?s={search_term_string}\"},\"query-input\":\"required name=search_term_string\"}],\"inLanguage\":\"en-GB\"}]}<\/script>\n<!-- \/ Yoast SEO plugin. -->","yoast_head_json":{"title":"Reine Elizabeth II - Jubil\u00e9[:] - Chestnut","robots":{"index":"index","follow":"follow","max-snippet":"max-snippet:-1","max-image-preview":"max-image-preview:large","max-video-preview":"max-video-preview:-1"},"canonical":"https:\/\/chestnut.ovh\/jubile-de-la-reine-elizabeth-ii\/","twitter_misc":{"Estimated reading time":"1 minute"},"schema":{"@context":"https:\/\/schema.org","@graph":[{"@type":"WebPage","@id":"https:\/\/chestnut.ovh\/jubile-de-la-reine-elizabeth-ii\/","url":"https:\/\/chestnut.ovh\/jubile-de-la-reine-elizabeth-ii\/","name":"[:fr]Reine Elizabeth II - Jubil\u00e9[:] - Chestnut","isPartOf":{"@id":"https:\/\/chestnut.ovh\/#website"},"datePublished":"2022-06-01T16:02:32+00:00","dateModified":"2022-06-01T16:26:26+00:00","breadcrumb":{"@id":"https:\/\/chestnut.ovh\/jubile-de-la-reine-elizabeth-ii\/#breadcrumb"},"inLanguage":"en-GB","potentialAction":[{"@type":"ReadAction","target":["https:\/\/chestnut.ovh\/jubile-de-la-reine-elizabeth-ii\/"]}]},{"@type":"BreadcrumbList","@id":"https:\/\/chestnut.ovh\/jubile-de-la-reine-elizabeth-ii\/#breadcrumb","itemListElement":[{"@type":"ListItem","position":1,"name":"Accueil","item":"https:\/\/chestnut.ovh\/"},{"@type":"ListItem","position":2,"name":"Reine Elizabeth II &#8211; Jubil\u00e9"}]},{"@type":"WebSite","@id":"https:\/\/chestnut.ovh\/#website","url":"https:\/\/chestnut.ovh\/","name":"Chestnut","description":"English Country Dancing & Danses anciennes de l&#039;\u00e9poque des Stuarts .... et des romans de Jane Austen !","potentialAction":[{"@type":"SearchAction","target":{"@type":"EntryPoint","urlTemplate":"https:\/\/chestnut.ovh\/?s={search_term_string}"},"query-input":"required name=search_term_string"}],"inLanguage":"en-GB"}]}},"_links":{"self":[{"href":"https:\/\/chestnut.ovh\/en\/wp-json\/wp\/v2\/pages\/11314","targetHints":{"allow":["GET"]}}],"collection":[{"href":"https:\/\/chestnut.ovh\/en\/wp-json\/wp\/v2\/pages"}],"about":[{"href":"https:\/\/chestnut.ovh\/en\/wp-json\/wp\/v2\/types\/page"}],"author":[{"embeddable":true,"href":"https:\/\/chestnut.ovh\/en\/wp-json\/wp\/v2\/users\/8"}],"replies":[{"embeddable":true,"href":"https:\/\/chestnut.ovh\/en\/wp-json\/wp\/v2\/comments?post=11314"}],"version-history":[{"count":8,"href":"https:\/\/chestnut.ovh\/en\/wp-json\/wp\/v2\/pages\/11314\/revisions"}],"predecessor-version":[{"id":11328,"href":"https:\/\/chestnut.ovh\/en\/wp-json\/wp\/v2\/pages\/11314\/revisions\/11328"}],"wp:attachment":[{"href":"https:\/\/chestnut.ovh\/en\/wp-json\/wp\/v2\/media?parent=11314"}],"curies":[{"name":"wp","href":"https:\/\/api.w.org\/{rel}","templated":true}]}}