{"id":11403,"date":"2022-07-13T16:31:00","date_gmt":"2022-07-13T15:31:00","guid":{"rendered":"https:\/\/chestnut.fr\/?page_id=11403"},"modified":"2022-07-13T16:31:17","modified_gmt":"2022-07-13T15:31:17","slug":"participer","status":"publish","type":"page","link":"https:\/\/chestnut.ovh\/en\/participer\/","title":{"rendered":"Participer"},"content":{"rendered":"<p>Saison 2022-2023 : <strong>New Friends<\/strong><\/p>\n<hr \/>\n<ol>\n<li style=\"list-style-type: none;\">\n<ol>\n<li><a href=\"#prog\">Programme 2022-2023<\/a><\/li>\n<li><a href=\"#coursessai\">Cours d&#8217;essai gratuit<\/a><\/li>\n<li><a href=\"#cov\">R\u00e8gles COVID<\/a><\/li>\n<li><a href=\"#ins\">R\u00e8gles d&#8217;inscription<\/a><\/li>\n<li><a href=\"#adh\">R\u00e8gles d&#8217;adh\u00e9sion<\/a><\/li>\n<li><a href=\"#paie\">Paiement des activit\u00e9s<\/a><\/li>\n<\/ol>\n<\/li>\n<\/ol>\n<hr \/>\n<h4 id=\"coursessai\"><strong><em>COURS D&#8217;ESSAI GRATUIT :<\/em><\/strong><\/h4>\n<p>il est possible de suivre un cours d&#8217;essai\u00a0gratuit le jeudi soir. Si vous d\u00e9cidez de continuez, l&#8217;adh\u00e9sion vous sera demand\u00e9e.<\/p>\n<hr \/>\n<h4 id=\"cov\"><strong><em>R\u00c8GLES COVID :<\/em><\/strong><\/h4>\n<p><em>Vous pouvez vous reporter pour plus de pr\u00e9cisions \u00e0 notre page <strong><span style=\"color: #800080;\"><a href=\"https:\/\/chestnut.fr\/covid-les-regles-sanitaires-appliquees\/\">COVID : les r\u00e8gles sanitaires appliqu\u00e9es<\/a><\/span><\/strong><\/em><\/p>\n<hr \/>\n<h4 id=\"ins\"><strong><em>R\u00c9GLES D&#8217;INSCRIPTION<\/em><\/strong><\/h4>\n<ul>\n<li><em><span style=\"font-family: arial, helvetica, sans-serif;\">Il convient d&#8217;informer \u00e0 l&#8217;avance de votre participation aux activit\u00e9s de CHESTNUT au 01 45 70 83 94 ou \u00e0 <span class=\"s1\"><a href=\"mailto:contact@chestnut.fr\">contact@chestnut.fr<\/a><\/span>\u00a0<strong><span style=\"text-decoration: underline;\">en particulier en d\u00e9but de saison<\/span><\/strong>\u00a0 <\/span><\/em><\/li>\n<li><em><span style=\"font-family: arial, helvetica, sans-serif;\">L&#8217;inscription pour les stages, les cours, les bals, les pratiques est effective \u00e0 r\u00e9ception de leur r\u00e8glement sur la plateforme Assoconnect accessible sur la page INSCRIPTIONS ET PAIEMENT : <strong><a href=\"https:\/\/chestnut.fr\/payer\/\">ici<\/a><\/strong>.\u00a0<span class=\"s1\"><\/span><\/span><\/em><\/li>\n<li><em>L&#8217;inscription doit \u00eatre faite <span style=\"font-family: arial, helvetica, sans-serif;\">sur la plateforme Assoconnect au minimum 48h avant le d\u00e9but de l&#8217;activit\u00e9<\/span><\/em><\/li>\n<\/ul>\n<hr \/>\n<h4 id=\"adh\"><strong><em>R\u00c8GLES D&#8217;ADH\u00c9SION<\/em><\/strong><\/h4>\n<p><em>L&#8217;adh\u00e9sion \u00e0 CHESTNUT est requise pour toutes les\u00a0<span style=\"font-family: arial, helvetica, sans-serif;\">activit\u00e9s propos\u00e9es. En cas\u00a0d&#8217;h\u00e9sitation, il est permis de diff\u00e9rer l&#8217;adh\u00e9sion \u00e0 la deuxi\u00e8me s\u00e9ance.\u00a0<\/span><\/em><\/p>\n<p><em><span style=\"font-family: arial, helvetica, sans-serif;\"><span style=\"color: #800080;\"><a href=\"https:\/\/chestnut.fr\/adherer\/\"><strong>ADH\u00c9RER<\/strong><\/a><\/span><\/span><\/em><\/p>\n<hr \/>\n<h4 id=\"paie\"><strong><em>PAIEMENT DES ACTIVIT\u00c9S :<\/em><\/strong><\/h4>\n<ol>\n<li><em>Hormis le cours d&#8217;essai gratuit (vous devez n\u00e9anmoins comme pour toutes les autres activit\u00e9s signaler votre participation <span style=\"font-family: arial, helvetica, sans-serif;\">au 01 45 70 83 94 ou \u00e0 <span class=\"s1\"><a href=\"mailto:contact@chestnut.fr\">contact@chestnut.fr<\/a><\/span><\/span>\u00a0), la participation \u00e0 une activit\u00e9 n&#8217;est possible qu&#8217;apr\u00e8s r\u00e9ception du paiement pour cette activit\u00e9 qui vaut inscription .\u00a0<\/em><\/li>\n<li><em>Le paiement des activit\u00e9s s&#8217;effectue sur la page PAIEMENTS du site : <span style=\"font-family: arial, helvetica, sans-serif;\"><strong><a href=\"https:\/\/chestnut.fr\/payer\/\">ici<\/a><\/strong>.\u00a0<\/span><\/em><\/li>\n<\/ol>\n","protected":false},"excerpt":{"rendered":"<p>Saison 2022-2023 : New Friends Programme 2022-2023 Cours d&#8217;essai gratuit R\u00e8gles COVID R\u00e8gles d&#8217;inscription R\u00e8gles d&#8217;adh\u00e9sion Paiement des activit\u00e9s COURS D&#8217;ESSAI GRATUIT : il est possible de suivre un cours d&#8217;essai\u00a0gratuit le jeudi soir. Si vous d\u00e9cidez de continuez, l&#8217;adh\u00e9sion vous sera demand\u00e9e. R\u00c8GLES COVID : Vous pouvez vous reporter pour plus de pr\u00e9cisions \u00e0 [&hellip;]<\/p>\n","protected":false},"author":8,"featured_media":0,"parent":0,"menu_order":0,"comment_status":"closed","ping_status":"closed","template":"","meta":{"_monsterinsights_skip_tracking":false,"_monsterinsights_sitenote_active":false,"_monsterinsights_sitenote_note":"","_monsterinsights_sitenote_category":0,"footnotes":""},"class_list":["post-11403","page","type-page","status-publish","hentry"],"yoast_head":"<!-- This site is optimized with the Yoast SEO plugin v19.6.1 - https:\/\/yoast.com\/wordpress\/plugins\/seo\/ -->\n<title>Participer - Chestnut<\/title>\n<meta name=\"robots\" content=\"index, follow, max-snippet:-1, max-image-preview:large, max-video-preview:-1\" \/>\n<link rel=\"canonical\" href=\"https:\/\/chestnut.ovh\/en\/participer\/\" \/>\n<meta name=\"twitter:label1\" content=\"Estimated reading time\" \/>\n\t<meta name=\"twitter:data1\" content=\"1 minute\" \/>\n<script type=\"application\/ld+json\" class=\"yoast-schema-graph\">{\"@context\":\"https:\/\/schema.org\",\"@graph\":[{\"@type\":\"WebPage\",\"@id\":\"https:\/\/chestnut.ovh\/en\/participer\/\",\"url\":\"https:\/\/chestnut.ovh\/en\/participer\/\",\"name\":\"[:fr]Participer[:] - Chestnut\",\"isPartOf\":{\"@id\":\"https:\/\/chestnut.ovh\/#website\"},\"datePublished\":\"2022-07-13T15:31:00+00:00\",\"dateModified\":\"2022-07-13T15:31:17+00:00\",\"breadcrumb\":{\"@id\":\"https:\/\/chestnut.ovh\/en\/participer\/#breadcrumb\"},\"inLanguage\":\"en-GB\",\"potentialAction\":[{\"@type\":\"ReadAction\",\"target\":[\"https:\/\/chestnut.ovh\/en\/participer\/\"]}]},{\"@type\":\"BreadcrumbList\",\"@id\":\"https:\/\/chestnut.ovh\/en\/participer\/#breadcrumb\",\"itemListElement\":[{\"@type\":\"ListItem\",\"position\":1,\"name\":\"Accueil\",\"item\":\"https:\/\/chestnut.ovh\/\"},{\"@type\":\"ListItem\",\"position\":2,\"name\":\"Participer\"}]},{\"@type\":\"WebSite\",\"@id\":\"https:\/\/chestnut.ovh\/#website\",\"url\":\"https:\/\/chestnut.ovh\/\",\"name\":\"Chestnut\",\"description\":\"English Country Dancing & Danses anciennes de l&#039;\u00e9poque des Stuarts .... et des romans de Jane Austen !\",\"potentialAction\":[{\"@type\":\"SearchAction\",\"target\":{\"@type\":\"EntryPoint\",\"urlTemplate\":\"https:\/\/chestnut.ovh\/?s={search_term_string}\"},\"query-input\":\"required name=search_term_string\"}],\"inLanguage\":\"en-GB\"}]}<\/script>\n<!-- \/ Yoast SEO plugin. -->","yoast_head_json":{"title":"Participer - Chestnut","robots":{"index":"index","follow":"follow","max-snippet":"max-snippet:-1","max-image-preview":"max-image-preview:large","max-video-preview":"max-video-preview:-1"},"canonical":"https:\/\/chestnut.ovh\/en\/participer\/","twitter_misc":{"Estimated reading time":"1 minute"},"schema":{"@context":"https:\/\/schema.org","@graph":[{"@type":"WebPage","@id":"https:\/\/chestnut.ovh\/en\/participer\/","url":"https:\/\/chestnut.ovh\/en\/participer\/","name":"[:fr]Participer[:] - Chestnut","isPartOf":{"@id":"https:\/\/chestnut.ovh\/#website"},"datePublished":"2022-07-13T15:31:00+00:00","dateModified":"2022-07-13T15:31:17+00:00","breadcrumb":{"@id":"https:\/\/chestnut.ovh\/en\/participer\/#breadcrumb"},"inLanguage":"en-GB","potentialAction":[{"@type":"ReadAction","target":["https:\/\/chestnut.ovh\/en\/participer\/"]}]},{"@type":"BreadcrumbList","@id":"https:\/\/chestnut.ovh\/en\/participer\/#breadcrumb","itemListElement":[{"@type":"ListItem","position":1,"name":"Accueil","item":"https:\/\/chestnut.ovh\/"},{"@type":"ListItem","position":2,"name":"Participer"}]},{"@type":"WebSite","@id":"https:\/\/chestnut.ovh\/#website","url":"https:\/\/chestnut.ovh\/","name":"Chestnut","description":"English Country Dancing & Danses anciennes de l&#039;\u00e9poque des Stuarts .... et des romans de Jane Austen !","potentialAction":[{"@type":"SearchAction","target":{"@type":"EntryPoint","urlTemplate":"https:\/\/chestnut.ovh\/?s={search_term_string}"},"query-input":"required name=search_term_string"}],"inLanguage":"en-GB"}]}},"_links":{"self":[{"href":"https:\/\/chestnut.ovh\/en\/wp-json\/wp\/v2\/pages\/11403","targetHints":{"allow":["GET"]}}],"collection":[{"href":"https:\/\/chestnut.ovh\/en\/wp-json\/wp\/v2\/pages"}],"about":[{"href":"https:\/\/chestnut.ovh\/en\/wp-json\/wp\/v2\/types\/page"}],"author":[{"embeddable":true,"href":"https:\/\/chestnut.ovh\/en\/wp-json\/wp\/v2\/users\/8"}],"replies":[{"embeddable":true,"href":"https:\/\/chestnut.ovh\/en\/wp-json\/wp\/v2\/comments?post=11403"}],"version-history":[{"count":1,"href":"https:\/\/chestnut.ovh\/en\/wp-json\/wp\/v2\/pages\/11403\/revisions"}],"predecessor-version":[{"id":11404,"href":"https:\/\/chestnut.ovh\/en\/wp-json\/wp\/v2\/pages\/11403\/revisions\/11404"}],"wp:attachment":[{"href":"https:\/\/chestnut.ovh\/en\/wp-json\/wp\/v2\/media?parent=11403"}],"curies":[{"name":"wp","href":"https:\/\/api.w.org\/{rel}","templated":true}]}}