{"id":11447,"date":"2022-07-14T20:28:04","date_gmt":"2022-07-14T19:28:04","guid":{"rendered":"https:\/\/chestnut.fr\/?page_id=11447"},"modified":"2022-11-29T16:11:55","modified_gmt":"2022-11-29T15:11:55","slug":"tarifs","status":"publish","type":"page","link":"https:\/\/chestnut.ovh\/en\/tarifs\/","title":{"rendered":"TARIFS"},"content":{"rendered":"<p>Vous trouverez dans la feuille ci-dessous les tarifs de toutes les activit\u00e9s :<\/p>\n<p><a href=\"https:\/\/chestnut.fr\/wp-content\/uploads\/2022\/11\/Grille-tarifaire-2022-2023-1.pdf\">Grille tarifaire 2022-2023<\/a><\/p>\n<p><em><span style=\"font-size: 12pt;\"><strong>Annulation \u00e9ventuelle :<\/strong>\u00a0l&#8217;int\u00e9gralit\u00e9 des sommes avanc\u00e9es pour des activit\u00e9s ou \u00e9v\u00e9nements qui pourraient finalement ne pas se tenir sera rembours\u00e9e, l&#8217;adh\u00e9sion \u00e0 l&#8217;association restant cependant acquise \u00e0 Chestnut.<\/span><\/em><\/p>\n","protected":false},"excerpt":{"rendered":"<p>Vous trouverez dans la feuille ci-dessous les tarifs de toutes les activit\u00e9s : Grille tarifaire 2022-2023 Annulation \u00e9ventuelle :\u00a0l&#8217;int\u00e9gralit\u00e9 des sommes avanc\u00e9es pour des activit\u00e9s ou \u00e9v\u00e9nements qui pourraient finalement ne pas se tenir sera rembours\u00e9e, l&#8217;adh\u00e9sion \u00e0 l&#8217;association restant cependant acquise \u00e0 Chestnut.<\/p>\n","protected":false},"author":8,"featured_media":0,"parent":0,"menu_order":0,"comment_status":"closed","ping_status":"closed","template":"","meta":{"_monsterinsights_skip_tracking":false,"_monsterinsights_sitenote_active":false,"_monsterinsights_sitenote_note":"","_monsterinsights_sitenote_category":0,"footnotes":""},"class_list":["post-11447","page","type-page","status-publish","hentry"],"yoast_head":"<!-- This site is optimized with the Yoast SEO plugin v19.6.1 - https:\/\/yoast.com\/wordpress\/plugins\/seo\/ -->\n<title>TARIFS - Chestnut<\/title>\n<meta name=\"robots\" content=\"index, follow, max-snippet:-1, max-image-preview:large, max-video-preview:-1\" \/>\n<link rel=\"canonical\" href=\"https:\/\/chestnut.ovh\/tarifs\/\" \/>\n<meta name=\"twitter:label1\" content=\"Estimated reading time\" \/>\n\t<meta name=\"twitter:data1\" content=\"1 minute\" \/>\n<script type=\"application\/ld+json\" class=\"yoast-schema-graph\">{\"@context\":\"https:\/\/schema.org\",\"@graph\":[{\"@type\":\"WebPage\",\"@id\":\"https:\/\/chestnut.ovh\/tarifs\/\",\"url\":\"https:\/\/chestnut.ovh\/tarifs\/\",\"name\":\"[:fr]TARIFS[:] - Chestnut\",\"isPartOf\":{\"@id\":\"https:\/\/chestnut.ovh\/#website\"},\"datePublished\":\"2022-07-14T19:28:04+00:00\",\"dateModified\":\"2022-11-29T15:11:55+00:00\",\"breadcrumb\":{\"@id\":\"https:\/\/chestnut.ovh\/tarifs\/#breadcrumb\"},\"inLanguage\":\"en-GB\",\"potentialAction\":[{\"@type\":\"ReadAction\",\"target\":[\"https:\/\/chestnut.ovh\/tarifs\/\"]}]},{\"@type\":\"BreadcrumbList\",\"@id\":\"https:\/\/chestnut.ovh\/tarifs\/#breadcrumb\",\"itemListElement\":[{\"@type\":\"ListItem\",\"position\":1,\"name\":\"Accueil\",\"item\":\"https:\/\/chestnut.ovh\/\"},{\"@type\":\"ListItem\",\"position\":2,\"name\":\"TARIFS\"}]},{\"@type\":\"WebSite\",\"@id\":\"https:\/\/chestnut.ovh\/#website\",\"url\":\"https:\/\/chestnut.ovh\/\",\"name\":\"Chestnut\",\"description\":\"English Country Dancing & Danses anciennes de l&#039;\u00e9poque des Stuarts .... et des romans de Jane Austen !\",\"potentialAction\":[{\"@type\":\"SearchAction\",\"target\":{\"@type\":\"EntryPoint\",\"urlTemplate\":\"https:\/\/chestnut.ovh\/?s={search_term_string}\"},\"query-input\":\"required name=search_term_string\"}],\"inLanguage\":\"en-GB\"}]}<\/script>\n<!-- \/ Yoast SEO plugin. -->","yoast_head_json":{"title":"TARIFS - Chestnut","robots":{"index":"index","follow":"follow","max-snippet":"max-snippet:-1","max-image-preview":"max-image-preview:large","max-video-preview":"max-video-preview:-1"},"canonical":"https:\/\/chestnut.ovh\/tarifs\/","twitter_misc":{"Estimated reading time":"1 minute"},"schema":{"@context":"https:\/\/schema.org","@graph":[{"@type":"WebPage","@id":"https:\/\/chestnut.ovh\/tarifs\/","url":"https:\/\/chestnut.ovh\/tarifs\/","name":"[:fr]TARIFS[:] - Chestnut","isPartOf":{"@id":"https:\/\/chestnut.ovh\/#website"},"datePublished":"2022-07-14T19:28:04+00:00","dateModified":"2022-11-29T15:11:55+00:00","breadcrumb":{"@id":"https:\/\/chestnut.ovh\/tarifs\/#breadcrumb"},"inLanguage":"en-GB","potentialAction":[{"@type":"ReadAction","target":["https:\/\/chestnut.ovh\/tarifs\/"]}]},{"@type":"BreadcrumbList","@id":"https:\/\/chestnut.ovh\/tarifs\/#breadcrumb","itemListElement":[{"@type":"ListItem","position":1,"name":"Accueil","item":"https:\/\/chestnut.ovh\/"},{"@type":"ListItem","position":2,"name":"TARIFS"}]},{"@type":"WebSite","@id":"https:\/\/chestnut.ovh\/#website","url":"https:\/\/chestnut.ovh\/","name":"Chestnut","description":"English Country Dancing & Danses anciennes de l&#039;\u00e9poque des Stuarts .... et des romans de Jane Austen !","potentialAction":[{"@type":"SearchAction","target":{"@type":"EntryPoint","urlTemplate":"https:\/\/chestnut.ovh\/?s={search_term_string}"},"query-input":"required name=search_term_string"}],"inLanguage":"en-GB"}]}},"_links":{"self":[{"href":"https:\/\/chestnut.ovh\/en\/wp-json\/wp\/v2\/pages\/11447","targetHints":{"allow":["GET"]}}],"collection":[{"href":"https:\/\/chestnut.ovh\/en\/wp-json\/wp\/v2\/pages"}],"about":[{"href":"https:\/\/chestnut.ovh\/en\/wp-json\/wp\/v2\/types\/page"}],"author":[{"embeddable":true,"href":"https:\/\/chestnut.ovh\/en\/wp-json\/wp\/v2\/users\/8"}],"replies":[{"embeddable":true,"href":"https:\/\/chestnut.ovh\/en\/wp-json\/wp\/v2\/comments?post=11447"}],"version-history":[{"count":18,"href":"https:\/\/chestnut.ovh\/en\/wp-json\/wp\/v2\/pages\/11447\/revisions"}],"predecessor-version":[{"id":12055,"href":"https:\/\/chestnut.ovh\/en\/wp-json\/wp\/v2\/pages\/11447\/revisions\/12055"}],"wp:attachment":[{"href":"https:\/\/chestnut.ovh\/en\/wp-json\/wp\/v2\/media?parent=11447"}],"curies":[{"name":"wp","href":"https:\/\/api.w.org\/{rel}","templated":true}]}}