{"id":11470,"date":"2022-07-15T09:50:44","date_gmt":"2022-07-15T08:50:44","guid":{"rendered":"https:\/\/chestnut.fr\/?page_id=11470"},"modified":"2022-10-07T16:38:20","modified_gmt":"2022-10-07T15:38:20","slug":"pour-les-debutants-3","status":"publish","type":"page","link":"https:\/\/chestnut.ovh\/en\/pour-les-debutants-3\/","title":{"rendered":"Pour les D\u00e9butants"},"content":{"rendered":"<p><strong>1. Vous aimeriez d\u00e9couvrir le r\u00e9pertoire des danses anglaises \u00e0 figures ?<\/strong><\/p>\n<p>Il est possible de participer \u00e0 <strong>une s\u00e9ance de cours-d\u00e9couverte GRATUITE<\/strong> le\u00a0jeudi soir \u00e0 18h30 (<a href=\"https:\/\/chestnut.fr\/lieux#lieua\">Lieu A<\/a>)\u00a0<em>en signalant votre participation au 01 45 70 83 94 ou \u00e0 <span class=\"s1\"><a href=\"mailto:contact@chestnut.fr\">contact@chestnut.fr.<\/a><\/span><\/em><\/p>\n<p><em>N.B. : en dehors de la s\u00e9ance de cours-d\u00e9couverte GRATUITE, toutes les autres activit\u00e9s pour les D\u00e9butants sont payantes d\u00e8s la premi\u00e8re fois.<\/em><\/p>\n<p><strong>2. Vous voudriez participer \u00e0 la pr\u00e9paration du bal en costume (PBC) ?<\/strong><\/p>\n<p>Voici un r\u00e9sum\u00e9 sch\u00e9matique des possibilit\u00e9s de cours et stages pour les D\u00e9butants durant la saison (cliquez sur l&#8217;image pour agrandir) \u00a0:<\/p>\n<div id=\"attachment_11423\" style=\"width: 523px\"  class=\"wp-caption alignleft\"><a href=\"https:\/\/chestnut.fr\/saison-2022-2023\/offre-debutants\/\"><img loading=\"lazy\" decoding=\"async\" class=\" wp-image-11423\" src=\"https:\/\/chestnut.fr\/wp-content\/uploads\/2022\/07\/Offre-Debutants--300x212.jpg\" alt=\"Chestnut D\u00e9butants\" width=\"513\" height=\"363\" srcset=\"https:\/\/chestnut.ovh\/wp-content\/uploads\/2022\/07\/Offre-Debutants--300x212.jpg 300w, https:\/\/chestnut.ovh\/wp-content\/uploads\/2022\/07\/Offre-Debutants--1024x724.jpg 1024w, https:\/\/chestnut.ovh\/wp-content\/uploads\/2022\/07\/Offre-Debutants--768x543.jpg 768w, https:\/\/chestnut.ovh\/wp-content\/uploads\/2022\/07\/Offre-Debutants--600x424.jpg 600w, https:\/\/chestnut.ovh\/wp-content\/uploads\/2022\/07\/Offre-Debutants--1536x1086.jpg 1536w, https:\/\/chestnut.ovh\/wp-content\/uploads\/2022\/07\/Offre-Debutants--2048x1448.jpg 2048w, https:\/\/chestnut.ovh\/wp-content\/uploads\/2022\/07\/Offre-Debutants--1320x933.jpg 1320w, https:\/\/chestnut.ovh\/wp-content\/uploads\/2022\/07\/Offre-Debutants--100x71.jpg 100w\" sizes=\"auto, (max-width: 513px) 100vw, 513px\" \/><\/a><p class=\"wp-caption-text\"><em>Pour les D\u00e9butants<\/em><\/p><\/div>\n<p>&nbsp;<\/p>\n<p>&nbsp;<\/p>\n<p>&nbsp;<\/p>\n<p>&nbsp;<\/p>\n<p>&nbsp;<\/p>\n<p>&nbsp;<\/p>\n<p>&nbsp;<\/p>\n<p>&nbsp;<\/p>\n<p>&nbsp;<\/p>\n<p>Retrouvez ci-dessous des informations plus d\u00e9taill\u00e9es concernant les trois activit\u00e9s destin\u00e9es aux D\u00e9butants figurant dans le sch\u00e9ma pr\u00e9c\u00e9dent :<\/p>\n<p><strong><span style=\"font-family: arial, helvetica, sans-serif;\"><a href=\"#cours\">1. Cours D\u00e9butants hebdomadaires du jeudi soir<\/a><\/span><\/strong><\/p>\n<p><strong><span style=\"font-family: arial, helvetica, sans-serif;\"><a href=\"#SD\">2. Stages D\u00e9butants-1 mensuels du vendredi soir<\/a><\/span><\/strong><\/p>\n<p><strong><span style=\"font-family: arial, helvetica, sans-serif;\"><a href=\"#SI\">3. Stages mensuels PBC D\u00e9butants-2 et Interm\u00e9diaires du dimanche apr\u00e8s-midi<\/a><\/span><\/strong><\/p>\n<hr \/>\n<h4 id=\"cours\"><span style=\"font-family: arial, helvetica, sans-serif;\"><strong>Cours D\u00e9butants hebdomadaires du jeudi soir :<\/strong><\/span><\/h4>\n<p>A tous les niveaux, les cours s\u2019articulent autour des trois sous-ensembles constitutifs du r\u00e9pertoire des danses \u00e0 figures anglaises\u00a0:<\/p>\n<div>&#8211; les danses anciennes historiquement renseign\u00e9es (du XVIe si\u00e8cle au XIXe si\u00e8cle)<\/div>\n<div>&#8211; les danses traditionnelles collect\u00e9es en Angleterre au XXe si\u00e8cle<\/div>\n<div>&#8211; les chor\u00e9graphies modernes<\/div>\n<p>&nbsp;<\/p>\n<p>Les cours visent l\u2019autonomie du danseur dans un contexte de pratique ou de bal.<\/p>\n<p>Les cours D\u00e9butants sont plus sp\u00e9cifiquement consacr\u00e9s \u00e0 l\u2019apprentissage des figures et des processus de base.<\/p>\n<p>Cet apprentissage des bases est repris pendant une heure au d\u00e9but de chaque s\u00e9ance des stages\u00a0<span style=\"color: #ff0000;\"><a href=\"https:\/\/chestnut.fr\/preparation-du-bal-en-costume\/\">PBC mensuels D\u00e9butants-2 &#8211; Interm\u00e9diaires<\/a><\/span>. Un th\u00e8me diff\u00e9rent est abord\u00e9 \u00e0 chaque s\u00e9ance (ex\u00a0: les cha\u00eenes \/ la famille \u00ab <em>figure eight<\/em> \u00bb \/ casting up,\u00a0down ou off, etc \u2026 ).<\/p>\n<pre><em><strong><span style=\"font-family: arial, helvetica, sans-serif;\">Les cours D\u00e9butants du jeudi soir s\u2019adressent aussi aux danseurs Confirm\u00e9s d\u00e9sireux de travailler sur le r\u00e9pertoire dans le but de le r\u00e9-enseigner ou simplement de revoir des danses simples ainsi qu'aux danseurs Interm\u00e9diaires d\u00e9sireux de conforter leurs bases. Ils peuvent y acc\u00e9der gratuitement.\u00a0<\/span><\/strong><\/em><\/pre>\n<p><a href=\"https:\/\/chestnut.fr\/calendrier\/\">Dates \/ Horaires \/ Lieu<\/a><\/p>\n<p><a href=\"https:\/\/chestnut.fr\/tarifs\/\">Tarifs<\/a><\/p>\n<p><a href=\"https:\/\/chestnut.fr\/payer\/\">Je m&#8217;inscris<\/a><\/p>\n<hr \/>\n<h4 id=\"SD\"><span style=\"font-family: arial, helvetica, sans-serif;\"><strong>Stages mensuels D\u00e9butants-1 du vendredi soir :\u00a0<\/strong><\/span><\/h4>\n<p>Ces stages sont sp\u00e9cialement destin\u00e9s aux d\u00e9butants. Ils sont\u00a0consacr\u00e9s \u00e0 l\u2019apprentissage des figures et des processus de base.<\/p>\n<p>Cet apprentissage des bases est repris pendant une heure au d\u00e9but de chaque s\u00e9ance des stages\u00a0<span style=\"color: #ff0000;\"><a href=\"https:\/\/chestnut.fr\/preparation-du-bal-en-costume\/\">PBC mensuels D\u00e9butants-2 &#8211; Interm\u00e9diaires<\/a><\/span>. Un th\u00e8me diff\u00e9rent est abord\u00e9 \u00e0 chaque s\u00e9ance (ex\u00a0: les cha\u00eenes \/ la famille \u00ab <em>figure eight<\/em> \u00bb \/ casting up,\u00a0down ou off, etc \u2026 ).<\/p>\n<p><a href=\"https:\/\/chestnut.fr\/calendrier\/\">Dates \/ Horaires \/ Lieu<\/a>\u00a0 \u00a0<em>N.B. : les s<span style=\"font-family: arial, helvetica, sans-serif;\">tages mensuels D\u00e9butants-1 du vendredi soir et les stages mensuels PBC D\u00e9butants-2 &#8211; Interm\u00e9diaires du dimanche apr\u00e8s-midi se d\u00e9roulent toujours le m\u00eame week-end.\u00a0<\/span><\/em><\/p>\n<p><a href=\"https:\/\/chestnut.fr\/tarifs\/\">Tarifs<\/a>\u00a0 <em>N.B. : une <strong>remise tarifaire<\/strong> est accord\u00e9e pour les danseurs D\u00e9butants inscrits au stage <span style=\"font-family: arial, helvetica, sans-serif;\">mensuel D\u00e9butants-1 du vendredi soir et au stage PBC mensuel D\u00e9butants-2 &#8211; Interm\u00e9diaires d&#8217;un m\u00eame week-end.<\/span><\/em><\/p>\n<p><a href=\"https:\/\/chestnut.fr\/payer\/\">Je m&#8217;inscris<\/a><\/p>\n<pre><em><strong><span style=\"font-family: arial, helvetica, sans-serif;\">Les Stages D\u00e9butants mensuels du vendredi soir s\u2019adressent aussi aux danseurs Confirm\u00e9s d\u00e9sireux de travailler sur le r\u00e9pertoire dans le but de le r\u00e9-enseigner ou simplement de revoir des danses simples ainsi qu'aux danseurs Interm\u00e9diaires d\u00e9sireux de conforter leurs bases. Ils peuvent y acc\u00e9der gratuitement.\u00a0<\/span><\/strong><\/em><\/pre>\n<hr \/>\n<h4 id=\"SI\"><span style=\"font-family: arial, helvetica, sans-serif;\"><strong>Stages mensuels <span style=\"color: #ff0000;\"><a href=\"https:\/\/chestnut.fr\/preparation-du-bal-en-costume\/\">PBC mensuels D\u00e9butants-2 &#8211; Interm\u00e9diaires<\/a><\/span> du dimanche apr\u00e8s-midi :<\/strong><\/span><\/h4>\n<p>Ces stages PBC mensuels D\u00e9butants-2 &#8211; Interm\u00e9diaires reprennent pendant une\u00a0heure \u00e0 chaque d\u00e9but de s\u00e9ance les apprentissages\u00a0des bases enseign\u00e9es dans les cours D\u00e9butants du jeudi soir et dans les stages D\u00e9butants-1 du vendredi soir. Un th\u00e8me diff\u00e9rent est abord\u00e9 \u00e0 chaque s\u00e9ance (ex\u00a0: les cha\u00eenes \/ la famille \u00ab figure eight \u00bb \/ casting up,\u00a0down ou off \u2026 ).<\/p>\n<p><a href=\"https:\/\/chestnut.fr\/calendrier\/\">Dates \/ Horaires \/ Lieu<\/a>\u00a0 \u00a0<em>N.B. : les s<span style=\"font-family: arial, helvetica, sans-serif;\">tages mensuels D\u00e9butants-1 du vendredi soir et les stages mensuels PBC D\u00e9butants-2 &#8211; Interm\u00e9diaires du dimanche apr\u00e8s-midi se d\u00e9roulent toujours le m\u00eame week-end.\u00a0<\/span><\/em><\/p>\n<p><a href=\"https:\/\/chestnut.fr\/tarifs\/\">Tarifs<\/a>\u00a0 <em>N.B. : une <strong>remise tarifaire<\/strong> est accord\u00e9e pour les danseurs D\u00e9butants inscrits au stage <span style=\"font-family: arial, helvetica, sans-serif;\">mensuel D\u00e9butants-1 du vendredi soir et au stage PBC mensuel D\u00e9butants-2 &#8211; Interm\u00e9diaires d&#8217;un m\u00eame week-end.<\/span><\/em><\/p>\n<p><a href=\"https:\/\/chestnut.fr\/payer\/\">Je m&#8217;inscris<\/a><\/p>\n<p>&nbsp;<\/p>\n","protected":false},"excerpt":{"rendered":"<p>1. Vous aimeriez d\u00e9couvrir le r\u00e9pertoire des danses anglaises \u00e0 figures ? Il est possible de participer \u00e0 une s\u00e9ance de cours-d\u00e9couverte GRATUITE le\u00a0jeudi soir \u00e0 18h30 (Lieu A)\u00a0en signalant votre participation au 01 45 70 83 94 ou \u00e0 contact@chestnut.fr. N.B. : en dehors de la s\u00e9ance de cours-d\u00e9couverte GRATUITE, toutes les autres activit\u00e9s [&hellip;]<\/p>\n","protected":false},"author":8,"featured_media":0,"parent":0,"menu_order":0,"comment_status":"closed","ping_status":"closed","template":"","meta":{"_monsterinsights_skip_tracking":false,"_monsterinsights_sitenote_active":false,"_monsterinsights_sitenote_note":"","_monsterinsights_sitenote_category":0,"footnotes":""},"class_list":["post-11470","page","type-page","status-publish","hentry"],"yoast_head":"<!-- This site is optimized with the Yoast SEO plugin v19.6.1 - https:\/\/yoast.com\/wordpress\/plugins\/seo\/ -->\n<title>Pour les D\u00e9butants - Chestnut<\/title>\n<meta name=\"robots\" content=\"index, follow, max-snippet:-1, max-image-preview:large, max-video-preview:-1\" \/>\n<link rel=\"canonical\" href=\"https:\/\/chestnut.ovh\/pour-les-debutants-3\/\" \/>\n<meta name=\"twitter:label1\" content=\"Estimated reading time\" \/>\n\t<meta name=\"twitter:data1\" content=\"4 minutes\" \/>\n<script type=\"application\/ld+json\" class=\"yoast-schema-graph\">{\"@context\":\"https:\/\/schema.org\",\"@graph\":[{\"@type\":\"WebPage\",\"@id\":\"https:\/\/chestnut.ovh\/pour-les-debutants-3\/\",\"url\":\"https:\/\/chestnut.ovh\/pour-les-debutants-3\/\",\"name\":\"[:fr]Pour les D\u00e9butants[:] - Chestnut\",\"isPartOf\":{\"@id\":\"https:\/\/chestnut.ovh\/#website\"},\"datePublished\":\"2022-07-15T08:50:44+00:00\",\"dateModified\":\"2022-10-07T15:38:20+00:00\",\"breadcrumb\":{\"@id\":\"https:\/\/chestnut.ovh\/pour-les-debutants-3\/#breadcrumb\"},\"inLanguage\":\"en-GB\",\"potentialAction\":[{\"@type\":\"ReadAction\",\"target\":[\"https:\/\/chestnut.ovh\/pour-les-debutants-3\/\"]}]},{\"@type\":\"BreadcrumbList\",\"@id\":\"https:\/\/chestnut.ovh\/pour-les-debutants-3\/#breadcrumb\",\"itemListElement\":[{\"@type\":\"ListItem\",\"position\":1,\"name\":\"Accueil\",\"item\":\"https:\/\/chestnut.ovh\/\"},{\"@type\":\"ListItem\",\"position\":2,\"name\":\"Pour les D\u00e9butants\"}]},{\"@type\":\"WebSite\",\"@id\":\"https:\/\/chestnut.ovh\/#website\",\"url\":\"https:\/\/chestnut.ovh\/\",\"name\":\"Chestnut\",\"description\":\"English Country Dancing & Danses anciennes de l&#039;\u00e9poque des Stuarts .... et des romans de Jane Austen !\",\"potentialAction\":[{\"@type\":\"SearchAction\",\"target\":{\"@type\":\"EntryPoint\",\"urlTemplate\":\"https:\/\/chestnut.ovh\/?s={search_term_string}\"},\"query-input\":\"required name=search_term_string\"}],\"inLanguage\":\"en-GB\"}]}<\/script>\n<!-- \/ Yoast SEO plugin. -->","yoast_head_json":{"title":"Pour les D\u00e9butants - Chestnut","robots":{"index":"index","follow":"follow","max-snippet":"max-snippet:-1","max-image-preview":"max-image-preview:large","max-video-preview":"max-video-preview:-1"},"canonical":"https:\/\/chestnut.ovh\/pour-les-debutants-3\/","twitter_misc":{"Estimated reading time":"4 minutes"},"schema":{"@context":"https:\/\/schema.org","@graph":[{"@type":"WebPage","@id":"https:\/\/chestnut.ovh\/pour-les-debutants-3\/","url":"https:\/\/chestnut.ovh\/pour-les-debutants-3\/","name":"[:fr]Pour les D\u00e9butants[:] - Chestnut","isPartOf":{"@id":"https:\/\/chestnut.ovh\/#website"},"datePublished":"2022-07-15T08:50:44+00:00","dateModified":"2022-10-07T15:38:20+00:00","breadcrumb":{"@id":"https:\/\/chestnut.ovh\/pour-les-debutants-3\/#breadcrumb"},"inLanguage":"en-GB","potentialAction":[{"@type":"ReadAction","target":["https:\/\/chestnut.ovh\/pour-les-debutants-3\/"]}]},{"@type":"BreadcrumbList","@id":"https:\/\/chestnut.ovh\/pour-les-debutants-3\/#breadcrumb","itemListElement":[{"@type":"ListItem","position":1,"name":"Accueil","item":"https:\/\/chestnut.ovh\/"},{"@type":"ListItem","position":2,"name":"Pour les D\u00e9butants"}]},{"@type":"WebSite","@id":"https:\/\/chestnut.ovh\/#website","url":"https:\/\/chestnut.ovh\/","name":"Chestnut","description":"English Country Dancing & Danses anciennes de l&#039;\u00e9poque des Stuarts .... et des romans de Jane Austen !","potentialAction":[{"@type":"SearchAction","target":{"@type":"EntryPoint","urlTemplate":"https:\/\/chestnut.ovh\/?s={search_term_string}"},"query-input":"required name=search_term_string"}],"inLanguage":"en-GB"}]}},"_links":{"self":[{"href":"https:\/\/chestnut.ovh\/en\/wp-json\/wp\/v2\/pages\/11470","targetHints":{"allow":["GET"]}}],"collection":[{"href":"https:\/\/chestnut.ovh\/en\/wp-json\/wp\/v2\/pages"}],"about":[{"href":"https:\/\/chestnut.ovh\/en\/wp-json\/wp\/v2\/types\/page"}],"author":[{"embeddable":true,"href":"https:\/\/chestnut.ovh\/en\/wp-json\/wp\/v2\/users\/8"}],"replies":[{"embeddable":true,"href":"https:\/\/chestnut.ovh\/en\/wp-json\/wp\/v2\/comments?post=11470"}],"version-history":[{"count":62,"href":"https:\/\/chestnut.ovh\/en\/wp-json\/wp\/v2\/pages\/11470\/revisions"}],"predecessor-version":[{"id":11890,"href":"https:\/\/chestnut.ovh\/en\/wp-json\/wp\/v2\/pages\/11470\/revisions\/11890"}],"wp:attachment":[{"href":"https:\/\/chestnut.ovh\/en\/wp-json\/wp\/v2\/media?parent=11470"}],"curies":[{"name":"wp","href":"https:\/\/api.w.org\/{rel}","templated":true}]}}