{"id":11543,"date":"2022-07-15T16:05:38","date_gmt":"2022-07-15T15:05:38","guid":{"rendered":"https:\/\/chestnut.fr\/?page_id=11543"},"modified":"2022-10-07T16:42:25","modified_gmt":"2022-10-07T15:42:25","slug":"les-cours-hebdomadaires","status":"publish","type":"page","link":"https:\/\/chestnut.ovh\/en\/les-cours-hebdomadaires\/","title":{"rendered":"Les cours hebdomadaires"},"content":{"rendered":"<h4 id=\"cdeb\"><strong>G\u00e9n\u00e9ralit\u00e9s :<\/strong><\/h4>\n<p>D\u00e9butants, Interm\u00e9diaires ou Confirm\u00e9s, les cours s\u2019articulent autour des trois sous-ensembles constitutifs du r\u00e9pertoire des danses \u00e0 figures anglaises\u00a0:<\/p>\n<ul>\n<li>les danses anciennes historiquement renseign\u00e9es (du XVIe si\u00e8cle au XIXe si\u00e8cle)<\/li>\n<li>les danses traditionnelles collect\u00e9es en Angleterre au XXe si\u00e8cle<\/li>\n<li>les chor\u00e9graphies modernes<\/li>\n<\/ul>\n<p>&nbsp;<\/p>\n<p>Les cours visent l\u2019autonomie du danseur dans un contexte de pratique ou de bal. Ils sont r\u00e9partis en <strong>5 modules <\/strong>qui tiennent compte des vacances scolaires de la zone C\u00a0et des jours <em>f\u00e9ri\u00e9s.<\/em><\/p>\n<hr \/>\n<p><span style=\"font-family: arial, helvetica, sans-serif;\"><strong>Cours D\u00e9butants<\/strong>\u00a0: tous les jeudis soir de 18h30 \u00e0 20h (du 15 septembre 2022 au 15 juin 2023, hors vacances scolaires &#8211; Zone C et jours f\u00e9ri\u00e9s).\u00a0<\/span>Les cours D\u00e9butants sont consacr\u00e9s \u00e0 l\u2019apprentissage des figures et des processus de base.<\/p>\n<p>D\u00e9couvrez toute l&#8217;offre pour les D\u00e9butants <a href=\"https:\/\/chestnut.fr\/pour-les-debutants-3\/\"><em>ici.<\/em><\/a><\/p>\n<pre style=\"text-align: justify;\"><strong><span><span style=\"font-family: arial, helvetica, sans-serif;\"><i>N.B. : les\u00a0cours\u00a0D\u00e9butants du jeudi soir s\u2019adressent aussi aux danseurs Confirm\u00e9s d\u00e9sireux de travailler sur le r\u00e9pertoire dans le but de le r\u00e9-enseigner ou simplement de revoir des danses simples ainsi qu'aux danseurs Interm\u00e9diaires d\u00e9sireux de conforter leurs bases. Ils peuvent y acc\u00e9der gratuitement.<\/i><\/span><\/span><\/strong><\/pre>\n<p><strong><span><span style=\"font-family: arial, helvetica, sans-serif;\"><i>\u00a0<\/i><\/span><\/span><\/strong><a href=\"https:\/\/chestnut.fr\/lieux\/#lieua\">Lieu A<\/a>\u00a0 \/ \u00a0<a href=\"https:\/\/chestnut.fr\/tarifs\/\">Tarifs<\/a>\u00a0 \/ <a href=\"https:\/\/chestnut.fr\/payer\/\">Je m&#8217;inscris<\/a><\/p>\n<hr \/>\n<p><span style=\"font-family: arial, helvetica, sans-serif;\"><strong>Cours Interm\u00e9diaires :<\/strong> un jeudi soir sur deux\u00a0de 20h \u00e0 21h30 (du 15 septembre 2022 au 15 juin 2023, hors vacances scolaires &#8211; Zone C et jours f\u00e9ri\u00e9s) en alternance avec les cours Confirm\u00e9s (calendrier de l&#8217;alternance disponible <span style=\"color: #008000;\"><strong><a href=\"https:\/\/chestnut.fr\/calendrier\/\">ici<\/a><\/strong><\/span>). Ces cours\u00a0<\/span>s\u2019adressent \u00e0 des danseurs familiaris\u00e9s avec le vocabulaire en rapport avec ces r\u00e9pertoires et dispos\u00e9s de ce fait \u00e0 travailler des chor\u00e9graphies ambitieuses et originales \u00e0 partir de diff\u00e9rents th\u00e8mes.<\/p>\n<p><span style=\"font-family: arial, helvetica, sans-serif;\">Programme des cours Interm\u00e9diaires r\u00e9parti en\u00a0<\/span><strong style=\"text-align: justify;\">5 modules\u00a0<\/strong><span style=\"text-align: justify;\">:\u00a0<\/span><strong>Module 1\u00a0: <\/strong>15 et 29 sept\u00a0\u2013 13 oct \/ <strong>Module 2\u00a0: <\/strong>10 et 24 nov &#8211; 8 et 15 d\u00e9c \/ <strong>Module 3\u00a0: <\/strong>5 et 19 jan &#8211; 2 et 16 f\u00e9v \u00a0\/ <strong>Module 4\u00a0: <\/strong><span>\u00a0<\/span>9 et 23 mar &#8211; 6 et 20 avr\u00a0\/ <strong>Module 5\u00a0:\u00a0<\/strong>11 mai &#8211; 1er et 15 juin.<\/p>\n<pre><strong><span><span style=\"font-family: arial, helvetica, sans-serif;\"><i>N.B. : les\u00a0cours\u00a0D\u00e9butants du jeudi soir s\u2019adressent aussi aux danseurs Confirm\u00e9s d\u00e9sireux de travailler sur le r\u00e9pertoire dans le but de le r\u00e9-enseigner ou simplement de revoir des danses simples ainsi qu'aux danseurs Interm\u00e9diaires d\u00e9sireux de conforter leurs bases. Ils peuvent y acc\u00e9der gratuitement.<\/i><\/span><\/span><\/strong><\/pre>\n<p><a href=\"https:\/\/chestnut.fr\/lieux\/#lieua\">Lieu A<\/a>\u00a0 \/ \u00a0<a href=\"https:\/\/chestnut.fr\/tarifs\/\">Tarifs<\/a>\u00a0 \/ <a href=\"https:\/\/chestnut.fr\/payer\/\">Je m&#8217;inscris<\/a><a href=\"https:\/\/chestnut.fr\/tarifs\/\"><\/a><\/p>\n<hr \/>\n<p><span style=\"font-family: arial, helvetica, sans-serif;\"><strong>Cours Confirm\u00e9s :<\/strong> un jeudi soir sur deux\u00a0de 20h \u00e0 21h30 (du 22 septembre 2022 au 15 juin 2023, hors vacances scolaires &#8211; Zone C et jours f\u00e9ri\u00e9s) en alternance avec les cours Interm\u00e9diaires (calendrier de l&#8217;alternance disponible <span style=\"color: #008000;\"><strong><a href=\"https:\/\/chestnut.fr\/calendrier\/\">ici<\/a><\/strong><\/span>).\u00a0Ces cours abordent les m\u00eames th\u00e8mes que les cours interm\u00e9diaires mais ils incluent un travail technique d\u2019une demi-heure sur les pas au XVIII<sup>e<\/sup>\u00a0 si\u00e8cle et au d\u00e9but du XIX<sup>e\u00a0<\/sup>si\u00e8cle (menuet \u2013 gavotte &#8211; pas de bourr\u00e9e &#8211; pas de courante et technique Gourdoux-Daux).<\/span><\/p>\n<p><span style=\"font-family: arial, helvetica, sans-serif;\"> Programme des cours Confirm\u00e9s r\u00e9partis en\u00a0<strong style=\"text-align: justify;\">5 modules\u00a0<\/strong><span style=\"text-align: justify;\">organis\u00e9s autour d\u2019une s\u00e9lection de danses anciennes, modernes et traditionnelles illustrant des th\u00e8mes diff\u00e9rents :\u00a0<\/span><\/span><strong>Module 1\u00a0: <\/strong>22 sept- 6 et 20 oct \/<span>\u00a0 <\/span><strong>Module 2\u00a0: <\/strong>17 nov \u2013 1<sup>er<\/sup> et 15 d\u00e9c <span>\/<\/span><strong> Module 3\u00a0: <\/strong>12 et 26 jan &#8211; 9 f\u00e9vrier \/ <strong>Module 4\u00a0<\/strong>:<span>\u00a0 <\/span>16 et 30 mar \u2013 13 avr &#8211; <strong>Module 5\u00a0: <\/strong>25 mai &#8211; 8 juin et 15 juin.<\/p>\n<pre><strong><span><span style=\"font-family: arial, helvetica, sans-serif;\"><i>N.B. : les\u00a0cours\u00a0D\u00e9butants du jeudi soir s\u2019adressent aussi aux danseurs Confirm\u00e9s d\u00e9sireux de travailler sur le r\u00e9pertoire dans le but de le r\u00e9-enseigner ou simplement de revoir des danses simples ainsi qu'aux danseurs Interm\u00e9diaires d\u00e9sireux de conforter leurs bases. Ils peuvent y acc\u00e9der gratuitement.<\/i><\/span><\/span><\/strong><\/pre>\n<p><a href=\"https:\/\/chestnut.fr\/lieux\/#lieua\">Lieu A<\/a>\u00a0 \/ \u00a0<a href=\"https:\/\/chestnut.fr\/tarifs\/\">Tarifs<\/a>\u00a0 \/ <a href=\"https:\/\/chestnut.fr\/payer\/\">Je m&#8217;inscris<\/a><\/p>\n","protected":false},"excerpt":{"rendered":"<p>G\u00e9n\u00e9ralit\u00e9s : D\u00e9butants, Interm\u00e9diaires ou Confirm\u00e9s, les cours s\u2019articulent autour des trois sous-ensembles constitutifs du r\u00e9pertoire des danses \u00e0 figures anglaises\u00a0: les danses anciennes historiquement renseign\u00e9es (du XVIe si\u00e8cle au XIXe si\u00e8cle) les danses traditionnelles collect\u00e9es en Angleterre au XXe si\u00e8cle les chor\u00e9graphies modernes &nbsp; Les cours visent l\u2019autonomie du danseur dans un contexte de [&hellip;]<\/p>\n","protected":false},"author":8,"featured_media":0,"parent":0,"menu_order":0,"comment_status":"closed","ping_status":"closed","template":"","meta":{"_monsterinsights_skip_tracking":false,"_monsterinsights_sitenote_active":false,"_monsterinsights_sitenote_note":"","_monsterinsights_sitenote_category":0,"footnotes":""},"class_list":["post-11543","page","type-page","status-publish","hentry"],"yoast_head":"<!-- This site is optimized with the Yoast SEO plugin v19.6.1 - https:\/\/yoast.com\/wordpress\/plugins\/seo\/ -->\n<title>Les cours hebdomadaires - Chestnut<\/title>\n<meta name=\"robots\" content=\"index, follow, max-snippet:-1, max-image-preview:large, max-video-preview:-1\" \/>\n<link rel=\"canonical\" href=\"https:\/\/chestnut.ovh\/les-cours-hebdomadaires\/\" \/>\n<meta name=\"twitter:label1\" content=\"Estimated reading time\" \/>\n\t<meta name=\"twitter:data1\" content=\"3 minutes\" \/>\n<script type=\"application\/ld+json\" class=\"yoast-schema-graph\">{\"@context\":\"https:\/\/schema.org\",\"@graph\":[{\"@type\":\"WebPage\",\"@id\":\"https:\/\/chestnut.ovh\/les-cours-hebdomadaires\/\",\"url\":\"https:\/\/chestnut.ovh\/les-cours-hebdomadaires\/\",\"name\":\"[:fr]Les cours hebdomadaires[:] - Chestnut\",\"isPartOf\":{\"@id\":\"https:\/\/chestnut.ovh\/#website\"},\"datePublished\":\"2022-07-15T15:05:38+00:00\",\"dateModified\":\"2022-10-07T15:42:25+00:00\",\"breadcrumb\":{\"@id\":\"https:\/\/chestnut.ovh\/les-cours-hebdomadaires\/#breadcrumb\"},\"inLanguage\":\"en-GB\",\"potentialAction\":[{\"@type\":\"ReadAction\",\"target\":[\"https:\/\/chestnut.ovh\/les-cours-hebdomadaires\/\"]}]},{\"@type\":\"BreadcrumbList\",\"@id\":\"https:\/\/chestnut.ovh\/les-cours-hebdomadaires\/#breadcrumb\",\"itemListElement\":[{\"@type\":\"ListItem\",\"position\":1,\"name\":\"Accueil\",\"item\":\"https:\/\/chestnut.ovh\/\"},{\"@type\":\"ListItem\",\"position\":2,\"name\":\"Les cours hebdomadaires\"}]},{\"@type\":\"WebSite\",\"@id\":\"https:\/\/chestnut.ovh\/#website\",\"url\":\"https:\/\/chestnut.ovh\/\",\"name\":\"Chestnut\",\"description\":\"English Country Dancing & Danses anciennes de l&#039;\u00e9poque des Stuarts .... et des romans de Jane Austen !\",\"potentialAction\":[{\"@type\":\"SearchAction\",\"target\":{\"@type\":\"EntryPoint\",\"urlTemplate\":\"https:\/\/chestnut.ovh\/?s={search_term_string}\"},\"query-input\":\"required name=search_term_string\"}],\"inLanguage\":\"en-GB\"}]}<\/script>\n<!-- \/ Yoast SEO plugin. -->","yoast_head_json":{"title":"Les cours hebdomadaires - Chestnut","robots":{"index":"index","follow":"follow","max-snippet":"max-snippet:-1","max-image-preview":"max-image-preview:large","max-video-preview":"max-video-preview:-1"},"canonical":"https:\/\/chestnut.ovh\/les-cours-hebdomadaires\/","twitter_misc":{"Estimated reading time":"3 minutes"},"schema":{"@context":"https:\/\/schema.org","@graph":[{"@type":"WebPage","@id":"https:\/\/chestnut.ovh\/les-cours-hebdomadaires\/","url":"https:\/\/chestnut.ovh\/les-cours-hebdomadaires\/","name":"[:fr]Les cours hebdomadaires[:] - Chestnut","isPartOf":{"@id":"https:\/\/chestnut.ovh\/#website"},"datePublished":"2022-07-15T15:05:38+00:00","dateModified":"2022-10-07T15:42:25+00:00","breadcrumb":{"@id":"https:\/\/chestnut.ovh\/les-cours-hebdomadaires\/#breadcrumb"},"inLanguage":"en-GB","potentialAction":[{"@type":"ReadAction","target":["https:\/\/chestnut.ovh\/les-cours-hebdomadaires\/"]}]},{"@type":"BreadcrumbList","@id":"https:\/\/chestnut.ovh\/les-cours-hebdomadaires\/#breadcrumb","itemListElement":[{"@type":"ListItem","position":1,"name":"Accueil","item":"https:\/\/chestnut.ovh\/"},{"@type":"ListItem","position":2,"name":"Les cours hebdomadaires"}]},{"@type":"WebSite","@id":"https:\/\/chestnut.ovh\/#website","url":"https:\/\/chestnut.ovh\/","name":"Chestnut","description":"English Country Dancing & Danses anciennes de l&#039;\u00e9poque des Stuarts .... et des romans de Jane Austen !","potentialAction":[{"@type":"SearchAction","target":{"@type":"EntryPoint","urlTemplate":"https:\/\/chestnut.ovh\/?s={search_term_string}"},"query-input":"required name=search_term_string"}],"inLanguage":"en-GB"}]}},"_links":{"self":[{"href":"https:\/\/chestnut.ovh\/en\/wp-json\/wp\/v2\/pages\/11543","targetHints":{"allow":["GET"]}}],"collection":[{"href":"https:\/\/chestnut.ovh\/en\/wp-json\/wp\/v2\/pages"}],"about":[{"href":"https:\/\/chestnut.ovh\/en\/wp-json\/wp\/v2\/types\/page"}],"author":[{"embeddable":true,"href":"https:\/\/chestnut.ovh\/en\/wp-json\/wp\/v2\/users\/8"}],"replies":[{"embeddable":true,"href":"https:\/\/chestnut.ovh\/en\/wp-json\/wp\/v2\/comments?post=11543"}],"version-history":[{"count":15,"href":"https:\/\/chestnut.ovh\/en\/wp-json\/wp\/v2\/pages\/11543\/revisions"}],"predecessor-version":[{"id":11891,"href":"https:\/\/chestnut.ovh\/en\/wp-json\/wp\/v2\/pages\/11543\/revisions\/11891"}],"wp:attachment":[{"href":"https:\/\/chestnut.ovh\/en\/wp-json\/wp\/v2\/media?parent=11543"}],"curies":[{"name":"wp","href":"https:\/\/api.w.org\/{rel}","templated":true}]}}