{"id":11555,"date":"2022-07-15T16:40:12","date_gmt":"2022-07-15T15:40:12","guid":{"rendered":"https:\/\/chestnut.fr\/?page_id=11555"},"modified":"2022-11-01T08:30:24","modified_gmt":"2022-11-01T07:30:24","slug":"stages-les-nouveaux-choregraphes-4-jours","status":"publish","type":"page","link":"https:\/\/chestnut.ovh\/en\/stages-les-nouveaux-choregraphes-4-jours\/","title":{"rendered":"Stages les nouveaux chor\u00e9graphes 4 jours \u00e0 Paris"},"content":{"rendered":"<p><strong>\u00ab Variations sur la figure <em>Grand Square<\/em>\u00a0dans un quadrille \u00e0 partir de diff\u00e9rentes propositions modernes \u00bb\u00a0<\/strong><\/p>\n<p><strong>Stages Confirm\u00e9s de 4 jours aux vacances de la Toussaint\u00a0: <\/strong>jeudi 3 de 18h \u00e0 21h &#8211; vendredi 4 et samedi 5 de 10h30 \u00e0 16h30 &#8211; dimanche 6 novembre de 10h30 \u00e0 13h30.<\/p>\n<p>Au programme: <span>\u00a0<\/span><em>Tammy<\/em> (Sharon Green) &#8211; <em>Winter Solstice <\/em>(Wendy Crouch) &#8211; <em>Play to Win (<\/em>Antony Heywood) &#8211; <em>At The Ball<\/em> (Keith Wright) &#8211; <em>Master Wilson ou Les Olivettes <\/em>(C\u00e9cile Laye). Le programme sera compl\u00e9t\u00e9 par des Longways TMS chor\u00e9graphi\u00e9s par Pat Shaw\u00a0: <em>The Whirligigs\u2019Last Bow <\/em>&#8211; <em>Mr Ganiford\u2019s Maggot<\/em> &#8211; <em>The Martial Baron.\u00a0<\/em><\/p>\n<p><a href=\"https:\/\/chestnut.fr\/lieux\/#lieuabis\">Lieu A bis<\/a>\u00a0 \/ \u00a0<a href=\"https:\/\/chestnut.fr\/tarifs\/\">Tarifs<\/a>\u00a0 \/ <a href=\"https:\/\/chestnut.fr\/payer\/\">Je m&#8217;inscris<\/a><\/p>\n","protected":false},"excerpt":{"rendered":"<p>\u00ab Variations sur la figure Grand Square\u00a0dans un quadrille \u00e0 partir de diff\u00e9rentes propositions modernes \u00bb\u00a0 Stages Confirm\u00e9s de 4 jours aux vacances de la Toussaint\u00a0: jeudi 3 de 18h \u00e0 21h &#8211; vendredi 4 et samedi 5 de 10h30 \u00e0 16h30 &#8211; dimanche 6 novembre de 10h30 \u00e0 13h30. Au programme: \u00a0Tammy (Sharon Green) [&hellip;]<\/p>\n","protected":false},"author":8,"featured_media":0,"parent":0,"menu_order":0,"comment_status":"closed","ping_status":"closed","template":"","meta":{"_monsterinsights_skip_tracking":false,"_monsterinsights_sitenote_active":false,"_monsterinsights_sitenote_note":"","_monsterinsights_sitenote_category":0,"footnotes":""},"class_list":["post-11555","page","type-page","status-publish","hentry"],"yoast_head":"<!-- This site is optimized with the Yoast SEO plugin v19.6.1 - https:\/\/yoast.com\/wordpress\/plugins\/seo\/ -->\n<title>Stages les nouveaux chor\u00e9graphes 4 jours \u00e0 Paris - Chestnut<\/title>\n<meta name=\"robots\" content=\"index, follow, max-snippet:-1, max-image-preview:large, max-video-preview:-1\" \/>\n<link rel=\"canonical\" href=\"https:\/\/chestnut.ovh\/stages-les-nouveaux-choregraphes-4-jours\/\" \/>\n<meta name=\"twitter:label1\" content=\"Estimated reading time\" \/>\n\t<meta name=\"twitter:data1\" content=\"1 minute\" \/>\n<script type=\"application\/ld+json\" class=\"yoast-schema-graph\">{\"@context\":\"https:\/\/schema.org\",\"@graph\":[{\"@type\":\"WebPage\",\"@id\":\"https:\/\/chestnut.ovh\/stages-les-nouveaux-choregraphes-4-jours\/\",\"url\":\"https:\/\/chestnut.ovh\/stages-les-nouveaux-choregraphes-4-jours\/\",\"name\":\"[:fr]Stages les nouveaux chor\u00e9graphes 4 jours \u00e0 Paris[:] - Chestnut\",\"isPartOf\":{\"@id\":\"https:\/\/chestnut.ovh\/#website\"},\"datePublished\":\"2022-07-15T15:40:12+00:00\",\"dateModified\":\"2022-11-01T07:30:24+00:00\",\"breadcrumb\":{\"@id\":\"https:\/\/chestnut.ovh\/stages-les-nouveaux-choregraphes-4-jours\/#breadcrumb\"},\"inLanguage\":\"en-GB\",\"potentialAction\":[{\"@type\":\"ReadAction\",\"target\":[\"https:\/\/chestnut.ovh\/stages-les-nouveaux-choregraphes-4-jours\/\"]}]},{\"@type\":\"BreadcrumbList\",\"@id\":\"https:\/\/chestnut.ovh\/stages-les-nouveaux-choregraphes-4-jours\/#breadcrumb\",\"itemListElement\":[{\"@type\":\"ListItem\",\"position\":1,\"name\":\"Accueil\",\"item\":\"https:\/\/chestnut.ovh\/\"},{\"@type\":\"ListItem\",\"position\":2,\"name\":\"Stages les nouveaux chor\u00e9graphes 4 jours \u00e0 Paris\"}]},{\"@type\":\"WebSite\",\"@id\":\"https:\/\/chestnut.ovh\/#website\",\"url\":\"https:\/\/chestnut.ovh\/\",\"name\":\"Chestnut\",\"description\":\"English Country Dancing & Danses anciennes de l&#039;\u00e9poque des Stuarts .... et des romans de Jane Austen !\",\"potentialAction\":[{\"@type\":\"SearchAction\",\"target\":{\"@type\":\"EntryPoint\",\"urlTemplate\":\"https:\/\/chestnut.ovh\/?s={search_term_string}\"},\"query-input\":\"required name=search_term_string\"}],\"inLanguage\":\"en-GB\"}]}<\/script>\n<!-- \/ Yoast SEO plugin. -->","yoast_head_json":{"title":"Stages les nouveaux chor\u00e9graphes 4 jours \u00e0 Paris - Chestnut","robots":{"index":"index","follow":"follow","max-snippet":"max-snippet:-1","max-image-preview":"max-image-preview:large","max-video-preview":"max-video-preview:-1"},"canonical":"https:\/\/chestnut.ovh\/stages-les-nouveaux-choregraphes-4-jours\/","twitter_misc":{"Estimated reading time":"1 minute"},"schema":{"@context":"https:\/\/schema.org","@graph":[{"@type":"WebPage","@id":"https:\/\/chestnut.ovh\/stages-les-nouveaux-choregraphes-4-jours\/","url":"https:\/\/chestnut.ovh\/stages-les-nouveaux-choregraphes-4-jours\/","name":"[:fr]Stages les nouveaux chor\u00e9graphes 4 jours \u00e0 Paris[:] - Chestnut","isPartOf":{"@id":"https:\/\/chestnut.ovh\/#website"},"datePublished":"2022-07-15T15:40:12+00:00","dateModified":"2022-11-01T07:30:24+00:00","breadcrumb":{"@id":"https:\/\/chestnut.ovh\/stages-les-nouveaux-choregraphes-4-jours\/#breadcrumb"},"inLanguage":"en-GB","potentialAction":[{"@type":"ReadAction","target":["https:\/\/chestnut.ovh\/stages-les-nouveaux-choregraphes-4-jours\/"]}]},{"@type":"BreadcrumbList","@id":"https:\/\/chestnut.ovh\/stages-les-nouveaux-choregraphes-4-jours\/#breadcrumb","itemListElement":[{"@type":"ListItem","position":1,"name":"Accueil","item":"https:\/\/chestnut.ovh\/"},{"@type":"ListItem","position":2,"name":"Stages les nouveaux chor\u00e9graphes 4 jours \u00e0 Paris"}]},{"@type":"WebSite","@id":"https:\/\/chestnut.ovh\/#website","url":"https:\/\/chestnut.ovh\/","name":"Chestnut","description":"English Country Dancing & Danses anciennes de l&#039;\u00e9poque des Stuarts .... et des romans de Jane Austen !","potentialAction":[{"@type":"SearchAction","target":{"@type":"EntryPoint","urlTemplate":"https:\/\/chestnut.ovh\/?s={search_term_string}"},"query-input":"required name=search_term_string"}],"inLanguage":"en-GB"}]}},"_links":{"self":[{"href":"https:\/\/chestnut.ovh\/en\/wp-json\/wp\/v2\/pages\/11555","targetHints":{"allow":["GET"]}}],"collection":[{"href":"https:\/\/chestnut.ovh\/en\/wp-json\/wp\/v2\/pages"}],"about":[{"href":"https:\/\/chestnut.ovh\/en\/wp-json\/wp\/v2\/types\/page"}],"author":[{"embeddable":true,"href":"https:\/\/chestnut.ovh\/en\/wp-json\/wp\/v2\/users\/8"}],"replies":[{"embeddable":true,"href":"https:\/\/chestnut.ovh\/en\/wp-json\/wp\/v2\/comments?post=11555"}],"version-history":[{"count":8,"href":"https:\/\/chestnut.ovh\/en\/wp-json\/wp\/v2\/pages\/11555\/revisions"}],"predecessor-version":[{"id":12000,"href":"https:\/\/chestnut.ovh\/en\/wp-json\/wp\/v2\/pages\/11555\/revisions\/12000"}],"wp:attachment":[{"href":"https:\/\/chestnut.ovh\/en\/wp-json\/wp\/v2\/media?parent=11555"}],"curies":[{"name":"wp","href":"https:\/\/api.w.org\/{rel}","templated":true}]}}