{"id":11576,"date":"2022-07-15T17:09:15","date_gmt":"2022-07-15T16:09:15","guid":{"rendered":"https:\/\/chestnut.fr\/?page_id=11576"},"modified":"2022-10-07T16:44:05","modified_gmt":"2022-10-07T15:44:05","slug":"cycle-de-3-stages-confirmes","status":"publish","type":"page","link":"https:\/\/chestnut.ovh\/en\/cycle-de-3-stages-confirmes\/","title":{"rendered":"Cycle de 3 stages Confirm\u00e9s"},"content":{"rendered":"<p><strong>Cycle \u00ab\u00a0New Friends\u00a0\u00bb <\/strong><\/p>\n<p>Ces trois dimanches de stage pour les Confirm\u00e9s seront consacr\u00e9s \u00e0 l\u2019exploration d\u2019un certain nombre des compositions modernes qui enrichissent le r\u00e9pertoire des danses anglaises \u00e0 figures depuis plusieurs d\u00e9cennies.<\/p>\n<p><strong>Dimanche 25 septembre<\/strong>\u00a0de 10h30 \u00e0 16h30<\/p>\n<p>New Friends 1 : Wendy, Philippe, Sharon and Gary avec<span>\u00a0 <\/span><em>Winter Solstice<\/em> (Wendy Crouch) &#8211; <em>The Marple Bridge Rose<\/em> (Philippe Callens) &#8211; <em>The Designing Woman<\/em> et <em>New Friends<\/em><span>\u00a0 <\/span>(Gary Roodman) &#8211; <em>Berry Castle<\/em> (Sharon Green)<\/p>\n<p><strong>Dimanche 29 janvier <\/strong>de 10h30 \u00e0 16h30<\/p>\n<p>New Friends 2\u00a0: Pat and Gary (Jonathan and Rebecca) avec Cecilia et Katie the Nuisance (Pat Shaw)- Turning by three -The Homecoming et Autumn Moon (Gary Roodman)<\/p>\n<p><strong>Dimanche 26 mars <\/strong>de 10h30 \u00e0 16h30<\/p>\n<p>New Friends 3\u00a0: Antony and Gary avec<span>\u00a0 <\/span>Aunt Kit\u2019s Reel ( Antony Heywood) &#8211; Dovetail, Leaps and bounds et Mr Chopin\u2019s Waltz.<\/p>\n<p><a href=\"https:\/\/chestnut.fr\/lieux\/#lieua\">Lieu A<\/a>\u00a0 \/ \u00a0<a href=\"https:\/\/chestnut.fr\/tarifs\/\">Tarifs<\/a>\u00a0 \/ <a href=\"https:\/\/chestnut.fr\/payer\/\">Je m&#8217;inscris<\/a><\/p>\n","protected":false},"excerpt":{"rendered":"<p>Cycle \u00ab\u00a0New Friends\u00a0\u00bb Ces trois dimanches de stage pour les Confirm\u00e9s seront consacr\u00e9s \u00e0 l\u2019exploration d\u2019un certain nombre des compositions modernes qui enrichissent le r\u00e9pertoire des danses anglaises \u00e0 figures depuis plusieurs d\u00e9cennies. Dimanche 25 septembre\u00a0de 10h30 \u00e0 16h30 New Friends 1 : Wendy, Philippe, Sharon and Gary avec\u00a0 Winter Solstice (Wendy Crouch) &#8211; The [&hellip;]<\/p>\n","protected":false},"author":8,"featured_media":0,"parent":0,"menu_order":0,"comment_status":"closed","ping_status":"closed","template":"","meta":{"_monsterinsights_skip_tracking":false,"_monsterinsights_sitenote_active":false,"_monsterinsights_sitenote_note":"","_monsterinsights_sitenote_category":0,"footnotes":""},"class_list":["post-11576","page","type-page","status-publish","hentry"],"yoast_head":"<!-- This site is optimized with the Yoast SEO plugin v19.6.1 - https:\/\/yoast.com\/wordpress\/plugins\/seo\/ -->\n<title>Cycle de 3 stages Confirm\u00e9s - Chestnut<\/title>\n<meta name=\"robots\" content=\"index, follow, max-snippet:-1, max-image-preview:large, max-video-preview:-1\" \/>\n<link rel=\"canonical\" href=\"https:\/\/chestnut.ovh\/cycle-de-3-stages-confirmes\/\" \/>\n<meta name=\"twitter:label1\" content=\"Estimated reading time\" \/>\n\t<meta name=\"twitter:data1\" content=\"1 minute\" \/>\n<script type=\"application\/ld+json\" class=\"yoast-schema-graph\">{\"@context\":\"https:\/\/schema.org\",\"@graph\":[{\"@type\":\"WebPage\",\"@id\":\"https:\/\/chestnut.ovh\/cycle-de-3-stages-confirmes\/\",\"url\":\"https:\/\/chestnut.ovh\/cycle-de-3-stages-confirmes\/\",\"name\":\"[:fr]Cycle de 3 stages Confirm\u00e9s[:] - Chestnut\",\"isPartOf\":{\"@id\":\"https:\/\/chestnut.ovh\/#website\"},\"datePublished\":\"2022-07-15T16:09:15+00:00\",\"dateModified\":\"2022-10-07T15:44:05+00:00\",\"breadcrumb\":{\"@id\":\"https:\/\/chestnut.ovh\/cycle-de-3-stages-confirmes\/#breadcrumb\"},\"inLanguage\":\"en-GB\",\"potentialAction\":[{\"@type\":\"ReadAction\",\"target\":[\"https:\/\/chestnut.ovh\/cycle-de-3-stages-confirmes\/\"]}]},{\"@type\":\"BreadcrumbList\",\"@id\":\"https:\/\/chestnut.ovh\/cycle-de-3-stages-confirmes\/#breadcrumb\",\"itemListElement\":[{\"@type\":\"ListItem\",\"position\":1,\"name\":\"Accueil\",\"item\":\"https:\/\/chestnut.ovh\/\"},{\"@type\":\"ListItem\",\"position\":2,\"name\":\"Cycle de 3 stages Confirm\u00e9s\"}]},{\"@type\":\"WebSite\",\"@id\":\"https:\/\/chestnut.ovh\/#website\",\"url\":\"https:\/\/chestnut.ovh\/\",\"name\":\"Chestnut\",\"description\":\"English Country Dancing & Danses anciennes de l&#039;\u00e9poque des Stuarts .... et des romans de Jane Austen !\",\"potentialAction\":[{\"@type\":\"SearchAction\",\"target\":{\"@type\":\"EntryPoint\",\"urlTemplate\":\"https:\/\/chestnut.ovh\/?s={search_term_string}\"},\"query-input\":\"required name=search_term_string\"}],\"inLanguage\":\"en-GB\"}]}<\/script>\n<!-- \/ Yoast SEO plugin. -->","yoast_head_json":{"title":"Cycle de 3 stages Confirm\u00e9s - Chestnut","robots":{"index":"index","follow":"follow","max-snippet":"max-snippet:-1","max-image-preview":"max-image-preview:large","max-video-preview":"max-video-preview:-1"},"canonical":"https:\/\/chestnut.ovh\/cycle-de-3-stages-confirmes\/","twitter_misc":{"Estimated reading time":"1 minute"},"schema":{"@context":"https:\/\/schema.org","@graph":[{"@type":"WebPage","@id":"https:\/\/chestnut.ovh\/cycle-de-3-stages-confirmes\/","url":"https:\/\/chestnut.ovh\/cycle-de-3-stages-confirmes\/","name":"[:fr]Cycle de 3 stages Confirm\u00e9s[:] - Chestnut","isPartOf":{"@id":"https:\/\/chestnut.ovh\/#website"},"datePublished":"2022-07-15T16:09:15+00:00","dateModified":"2022-10-07T15:44:05+00:00","breadcrumb":{"@id":"https:\/\/chestnut.ovh\/cycle-de-3-stages-confirmes\/#breadcrumb"},"inLanguage":"en-GB","potentialAction":[{"@type":"ReadAction","target":["https:\/\/chestnut.ovh\/cycle-de-3-stages-confirmes\/"]}]},{"@type":"BreadcrumbList","@id":"https:\/\/chestnut.ovh\/cycle-de-3-stages-confirmes\/#breadcrumb","itemListElement":[{"@type":"ListItem","position":1,"name":"Accueil","item":"https:\/\/chestnut.ovh\/"},{"@type":"ListItem","position":2,"name":"Cycle de 3 stages Confirm\u00e9s"}]},{"@type":"WebSite","@id":"https:\/\/chestnut.ovh\/#website","url":"https:\/\/chestnut.ovh\/","name":"Chestnut","description":"English Country Dancing & Danses anciennes de l&#039;\u00e9poque des Stuarts .... et des romans de Jane Austen !","potentialAction":[{"@type":"SearchAction","target":{"@type":"EntryPoint","urlTemplate":"https:\/\/chestnut.ovh\/?s={search_term_string}"},"query-input":"required name=search_term_string"}],"inLanguage":"en-GB"}]}},"_links":{"self":[{"href":"https:\/\/chestnut.ovh\/en\/wp-json\/wp\/v2\/pages\/11576","targetHints":{"allow":["GET"]}}],"collection":[{"href":"https:\/\/chestnut.ovh\/en\/wp-json\/wp\/v2\/pages"}],"about":[{"href":"https:\/\/chestnut.ovh\/en\/wp-json\/wp\/v2\/types\/page"}],"author":[{"embeddable":true,"href":"https:\/\/chestnut.ovh\/en\/wp-json\/wp\/v2\/users\/8"}],"replies":[{"embeddable":true,"href":"https:\/\/chestnut.ovh\/en\/wp-json\/wp\/v2\/comments?post=11576"}],"version-history":[{"count":4,"href":"https:\/\/chestnut.ovh\/en\/wp-json\/wp\/v2\/pages\/11576\/revisions"}],"predecessor-version":[{"id":11894,"href":"https:\/\/chestnut.ovh\/en\/wp-json\/wp\/v2\/pages\/11576\/revisions\/11894"}],"wp:attachment":[{"href":"https:\/\/chestnut.ovh\/en\/wp-json\/wp\/v2\/media?parent=11576"}],"curies":[{"name":"wp","href":"https:\/\/api.w.org\/{rel}","templated":true}]}}