{"id":11805,"date":"2022-09-23T10:30:03","date_gmt":"2022-09-23T09:30:03","guid":{"rendered":"https:\/\/chestnut.fr\/?page_id=11805"},"modified":"2022-10-07T16:33:13","modified_gmt":"2022-10-07T15:33:13","slug":"le-we-de-danse","status":"publish","type":"page","link":"https:\/\/chestnut.ovh\/en\/le-we-de-danse\/","title":{"rendered":"Le WE de danse"},"content":{"rendered":"<p>7 WE de danse mensuels (vendredi, samedi et dimanche) jalonnent la saison 2022-2023.<\/p>\n<p>Ces WE comportent diff\u00e9rents stages (retrouvez tous les d\u00e9tails en cliquant sur les liens) :<\/p>\n<p><span style=\"font-size: 14pt;\">1. Le stage\u00a0<a href=\"https:\/\/chestnut.fr\/pour-les-debutants-3\/\">pour les D\u00e9butants<\/a><\/span><\/p>\n<ul>\n<li>le vendredi soir : D\u00c9BUTANTS 1 \/ 20h-22h \/ <a href=\"https:\/\/chestnut.fr\/lieux\/#lieue\" data-cke-saved-href=\"https:\/\/chestnut.fr\/lieux\/#lieue\">Lieu E<\/a>\u00a0\/\u00a0<a href=\"https:\/\/chestnut.fr\/payer\/\">Je m&#8217;inscris<\/a><\/li>\n<\/ul>\n<p>&nbsp;<\/p>\n<p><span style=\"font-size: 14pt;\">2. Les <a href=\"https:\/\/chestnut.fr\/preparation-du-bal-en-costume\/\">stages PBC<\/a> (Pr\u00e9paration au bal en costume) Interm\u00e9diaires et confirm\u00e9s :<\/span><\/p>\n<ul>\n<li>le samedi apr\u00e8s-midi : PBC mensuel CONFIRM\u00c9S \/ 13h30 &#8211; 16h30 \/\u00a0<a href=\"https:\/\/chestnut.fr\/lieux\/#lieua\" data-cke-saved-href=\"https:\/\/chestnut.fr\/lieux\/#lieua\">Lieu A<\/a>\u00a0ou <a href=\"https:\/\/chestnut.fr\/lieux\/#lieuabis\" data-cke-saved-href=\"https:\/\/chestnut.fr\/lieux\/#lieuabis\">Lieu A bis<\/a>,\u00a0rue du Moulin Vert \/\u00a0<a href=\"https:\/\/chestnut.fr\/payer\/\">Je m&#8217;inscris<\/a><\/li>\n<li>le dimanche apr\u00e8s-midi : PBC mensuels D\u00c9BUTANTS\u00a02 \u2013 INTERM\u00c9DIAIRES \/ \u00a013h-16h \/\u00a0<a href=\"https:\/\/chestnut.fr\/lieux\/#lieua\" data-cke-saved-href=\"https:\/\/chestnut.fr\/lieux\/#lieua\">Lieu A<\/a> \/\u00a0<a href=\"https:\/\/chestnut.fr\/payer\/\">Je m&#8217;inscris<\/a><\/li>\n<\/ul>\n<p>&nbsp;<\/p>\n<p><span style=\"font-size: 14pt;\">3. Le stage <a href=\"https:\/\/chestnut.fr\/danser-en-europe-2\/\">Europe<\/a><\/span><\/p>\n<ul>\n<li>le dimanche matin : Danser en EUROPE \/\u00a010h00 &#8211; 12h00 \/ \u00a0<a href=\"https:\/\/chestnut.fr\/lieux\/#lieua\" data-cke-saved-href=\"https:\/\/chestnut.fr\/lieux\/#lieua\">Lieu A<\/a> \/\u00a0<a href=\"https:\/\/chestnut.fr\/payer\/\">Je m&#8217;inscris<\/a><a href=\"https:\/\/chestnut.fr\/lieux\/#lieua\" data-cke-saved-href=\"https:\/\/chestnut.fr\/lieux\/#lieua\"><\/a><\/li>\n<\/ul>\n<p>&nbsp;<\/p>\n<p><a href=\"https:\/\/chestnut.fr\/wp-content\/uploads\/2022\/09\/Calendrier-2022-2023-1.pdf\">Calendrier des WE \/ Horaires \/ Lieu<\/a>\u00a0 et\u00a0\u00a0<a href=\"https:\/\/chestnut.fr\/tarifs\/\">Tarifs<\/a><\/p>\n","protected":false},"excerpt":{"rendered":"<p>7 WE de danse mensuels (vendredi, samedi et dimanche) jalonnent la saison 2022-2023. Ces WE comportent diff\u00e9rents stages (retrouvez tous les d\u00e9tails en cliquant sur les liens) : 1. Le stage\u00a0pour les D\u00e9butants le vendredi soir : D\u00c9BUTANTS 1 \/ 20h-22h \/ Lieu E\u00a0\/\u00a0Je m&#8217;inscris &nbsp; 2. Les stages PBC (Pr\u00e9paration au bal en costume) [&hellip;]<\/p>\n","protected":false},"author":8,"featured_media":0,"parent":0,"menu_order":0,"comment_status":"closed","ping_status":"closed","template":"","meta":{"_monsterinsights_skip_tracking":false,"_monsterinsights_sitenote_active":false,"_monsterinsights_sitenote_note":"","_monsterinsights_sitenote_category":0,"footnotes":""},"class_list":["post-11805","page","type-page","status-publish","hentry"],"yoast_head":"<!-- This site is optimized with the Yoast SEO plugin v19.6.1 - https:\/\/yoast.com\/wordpress\/plugins\/seo\/ -->\n<title>Le WE de danse - Chestnut<\/title>\n<meta name=\"robots\" content=\"index, follow, max-snippet:-1, max-image-preview:large, max-video-preview:-1\" \/>\n<link rel=\"canonical\" href=\"https:\/\/chestnut.ovh\/le-we-de-danse\/\" \/>\n<meta name=\"twitter:label1\" content=\"Estimated reading time\" \/>\n\t<meta name=\"twitter:data1\" content=\"1 minute\" \/>\n<script type=\"application\/ld+json\" class=\"yoast-schema-graph\">{\"@context\":\"https:\/\/schema.org\",\"@graph\":[{\"@type\":\"WebPage\",\"@id\":\"https:\/\/chestnut.ovh\/le-we-de-danse\/\",\"url\":\"https:\/\/chestnut.ovh\/le-we-de-danse\/\",\"name\":\"[:fr]Le WE de danse[:] - Chestnut\",\"isPartOf\":{\"@id\":\"https:\/\/chestnut.ovh\/#website\"},\"datePublished\":\"2022-09-23T09:30:03+00:00\",\"dateModified\":\"2022-10-07T15:33:13+00:00\",\"breadcrumb\":{\"@id\":\"https:\/\/chestnut.ovh\/le-we-de-danse\/#breadcrumb\"},\"inLanguage\":\"en-GB\",\"potentialAction\":[{\"@type\":\"ReadAction\",\"target\":[\"https:\/\/chestnut.ovh\/le-we-de-danse\/\"]}]},{\"@type\":\"BreadcrumbList\",\"@id\":\"https:\/\/chestnut.ovh\/le-we-de-danse\/#breadcrumb\",\"itemListElement\":[{\"@type\":\"ListItem\",\"position\":1,\"name\":\"Accueil\",\"item\":\"https:\/\/chestnut.ovh\/\"},{\"@type\":\"ListItem\",\"position\":2,\"name\":\"Le WE de danse\"}]},{\"@type\":\"WebSite\",\"@id\":\"https:\/\/chestnut.ovh\/#website\",\"url\":\"https:\/\/chestnut.ovh\/\",\"name\":\"Chestnut\",\"description\":\"English Country Dancing & Danses anciennes de l&#039;\u00e9poque des Stuarts .... et des romans de Jane Austen !\",\"potentialAction\":[{\"@type\":\"SearchAction\",\"target\":{\"@type\":\"EntryPoint\",\"urlTemplate\":\"https:\/\/chestnut.ovh\/?s={search_term_string}\"},\"query-input\":\"required name=search_term_string\"}],\"inLanguage\":\"en-GB\"}]}<\/script>\n<!-- \/ Yoast SEO plugin. -->","yoast_head_json":{"title":"Le WE de danse - Chestnut","robots":{"index":"index","follow":"follow","max-snippet":"max-snippet:-1","max-image-preview":"max-image-preview:large","max-video-preview":"max-video-preview:-1"},"canonical":"https:\/\/chestnut.ovh\/le-we-de-danse\/","twitter_misc":{"Estimated reading time":"1 minute"},"schema":{"@context":"https:\/\/schema.org","@graph":[{"@type":"WebPage","@id":"https:\/\/chestnut.ovh\/le-we-de-danse\/","url":"https:\/\/chestnut.ovh\/le-we-de-danse\/","name":"[:fr]Le WE de danse[:] - Chestnut","isPartOf":{"@id":"https:\/\/chestnut.ovh\/#website"},"datePublished":"2022-09-23T09:30:03+00:00","dateModified":"2022-10-07T15:33:13+00:00","breadcrumb":{"@id":"https:\/\/chestnut.ovh\/le-we-de-danse\/#breadcrumb"},"inLanguage":"en-GB","potentialAction":[{"@type":"ReadAction","target":["https:\/\/chestnut.ovh\/le-we-de-danse\/"]}]},{"@type":"BreadcrumbList","@id":"https:\/\/chestnut.ovh\/le-we-de-danse\/#breadcrumb","itemListElement":[{"@type":"ListItem","position":1,"name":"Accueil","item":"https:\/\/chestnut.ovh\/"},{"@type":"ListItem","position":2,"name":"Le WE de danse"}]},{"@type":"WebSite","@id":"https:\/\/chestnut.ovh\/#website","url":"https:\/\/chestnut.ovh\/","name":"Chestnut","description":"English Country Dancing & Danses anciennes de l&#039;\u00e9poque des Stuarts .... et des romans de Jane Austen !","potentialAction":[{"@type":"SearchAction","target":{"@type":"EntryPoint","urlTemplate":"https:\/\/chestnut.ovh\/?s={search_term_string}"},"query-input":"required name=search_term_string"}],"inLanguage":"en-GB"}]}},"_links":{"self":[{"href":"https:\/\/chestnut.ovh\/en\/wp-json\/wp\/v2\/pages\/11805","targetHints":{"allow":["GET"]}}],"collection":[{"href":"https:\/\/chestnut.ovh\/en\/wp-json\/wp\/v2\/pages"}],"about":[{"href":"https:\/\/chestnut.ovh\/en\/wp-json\/wp\/v2\/types\/page"}],"author":[{"embeddable":true,"href":"https:\/\/chestnut.ovh\/en\/wp-json\/wp\/v2\/users\/8"}],"replies":[{"embeddable":true,"href":"https:\/\/chestnut.ovh\/en\/wp-json\/wp\/v2\/comments?post=11805"}],"version-history":[{"count":24,"href":"https:\/\/chestnut.ovh\/en\/wp-json\/wp\/v2\/pages\/11805\/revisions"}],"predecessor-version":[{"id":11889,"href":"https:\/\/chestnut.ovh\/en\/wp-json\/wp\/v2\/pages\/11805\/revisions\/11889"}],"wp:attachment":[{"href":"https:\/\/chestnut.ovh\/en\/wp-json\/wp\/v2\/media?parent=11805"}],"curies":[{"name":"wp","href":"https:\/\/api.w.org\/{rel}","templated":true}]}}