{"id":12220,"date":"2023-01-13T17:04:09","date_gmt":"2023-01-13T16:04:09","guid":{"rendered":"https:\/\/chestnut.fr\/?page_id=12220"},"modified":"2023-01-24T10:28:30","modified_gmt":"2023-01-24T09:28:30","slug":"stage-dete-a-paris-2023","status":"publish","type":"page","link":"https:\/\/chestnut.ovh\/en\/stage-dete-a-paris-2023\/","title":{"rendered":"Stage d&#8217;\u00e9t\u00e9 \u00e0 Paris 2023"},"content":{"rendered":"<p><img loading=\"lazy\" decoding=\"async\" class=\"wp-image-12226 alignnone\" src=\"https:\/\/chestnut.fr\/wp-content\/uploads\/2023\/01\/Flyer-Stages-Ete-2023--724x1024.jpg\" alt=\"chestnut stage d'\u00e9t\u00e9\" width=\"450\" height=\"636\" srcset=\"https:\/\/chestnut.ovh\/wp-content\/uploads\/2023\/01\/Flyer-Stages-Ete-2023--724x1024.jpg 724w, https:\/\/chestnut.ovh\/wp-content\/uploads\/2023\/01\/Flyer-Stages-Ete-2023--212x300.jpg 212w, https:\/\/chestnut.ovh\/wp-content\/uploads\/2023\/01\/Flyer-Stages-Ete-2023--768x1086.jpg 768w, https:\/\/chestnut.ovh\/wp-content\/uploads\/2023\/01\/Flyer-Stages-Ete-2023--600x848.jpg 600w, https:\/\/chestnut.ovh\/wp-content\/uploads\/2023\/01\/Flyer-Stages-Ete-2023--1086x1536.jpg 1086w, https:\/\/chestnut.ovh\/wp-content\/uploads\/2023\/01\/Flyer-Stages-Ete-2023--1448x2048.jpg 1448w, https:\/\/chestnut.ovh\/wp-content\/uploads\/2023\/01\/Flyer-Stages-Ete-2023--1320x1867.jpg 1320w, https:\/\/chestnut.ovh\/wp-content\/uploads\/2023\/01\/Flyer-Stages-Ete-2023--100x141.jpg 100w, https:\/\/chestnut.ovh\/wp-content\/uploads\/2023\/01\/Flyer-Stages-Ete-2023--scaled.jpg 1810w\" sizes=\"auto, (max-width: 450px) 100vw, 450px\" \/><\/p>\n<hr \/>\n<p><strong>21, 22 et 23 juillet : D\u00c9BUTANTS<\/strong><\/p>\n<hr \/>\n<p><strong>Premiers pas dans le r\u00e9pertoire John Playford (1651-1670)<\/strong><\/p>\n<p><strong>A qui s\u2019adresse le stage ? <\/strong>Aux danseurs d\u00e9butants dans le r\u00e9pertoire mais ayant d\u00e9j\u00e0 des acquis en danse et aux danseurs se pr\u00e9parant \u00e0 enseigner ce r\u00e9pertoire.<\/p>\n<p><strong>Quel programme ? <\/strong>S\u00e9quences introductives, danses \u00e0 refrain et danses avec couplets. Danses \u00e9tudi\u00e9es :\u00a0Hit and Miss, Saturday Night -Sunday Morning, The Gun et Shepherd\u2019s Holidays.\u00a0Des longways for as many as will compl\u00e8teront la selection.<\/p>\n<p><strong>O\u00f9 et quand ? <\/strong>\u00c0\u00a0<span><span style=\"font-family: arial, helvetica, sans-serif;\"><strong><a href=\"https:\/\/chestnut.fr\/lieux\/#lieue\">Micadanses<\/a><\/strong><\/span><\/span>\u00a0, rue Geoffroy l&#8217;Asnier, 75004 PARIS<\/p>\n<p>Vendredi 21 juillet de 18h \u00e0 20h, studio Biped<\/p>\n<p>Samedi 22 juillet de 10h \u00e0 14h, studio May Be<\/p>\n<p>Dimanche 23 juillet de 10h \u00e0 15h, studio May Be<\/p>\n<p>N.B. : l&#8217;inscription \u00e0 2 des trois ou aux 3 stages est possible aussi : remises pr\u00e9vues<\/p>\n<p><span style=\"color: #ff0000;\">Cl\u00f4ture des inscriptions le 1er juillet 2023<\/span><\/p>\n<p><a href=\"https:\/\/chestnut.fr\/payer\/\"><strong>Je m&#8217;inscris<\/strong><\/a>\u00a0(l&#8217;adh\u00e9sion 2022-2023 est obligatoire. Si vous n&#8217;\u00eates pas encore adh\u00e9rent cliquez <a href=\"https:\/\/chestnut.fr\/adherer-3\/\"><strong>ici<\/strong><\/a> pour adh\u00e9rer)<\/p>\n<hr \/>\n<p><strong>24 et 25 juillet : INTERM\u00c9DIAIRES<\/strong><\/p>\n<hr \/>\n<p><strong>La Countrydance au d\u00e9but du 18e si\u00e8cle (1699-1710) Bray,\u00a0<\/strong><strong>Walsh, Kynaston et The Dancing Master.<\/strong><\/p>\n<p><strong>A qui s\u2019adresse le stage ? <\/strong>Aux danseurs interm\u00e9diaires et avanc\u00e9s dans le r\u00e9pertoire ou danseurs ayant l\u2019habitude d\u2019encha\u00eener plusieurs s\u00e9quences et des pas.<\/p>\n<p><strong>Quel programme ? <\/strong>Bray\u2019s Maggot (Thomas Bray, 1699),\u00a0Up with Aily (Henry Playford, 1703),\u00a0The Humours of the Age (Kynaston, 1710),\u00a0The Virgin\u2019s Frolick (John Young, 1710),\u00a0Hombey House (Walsh, 1710)<\/p>\n<p><strong>O\u00f9 et quand ? <\/strong>\u00c0 <span style=\"font-family: arial, helvetica, sans-serif;\"><a href=\"https:\/\/chestnut.fr\/lieux\/#lieue\">Micadanses<\/a><\/span>\u00a0, rue Geoffroy l&#8217;Asnier, 75004 PARIS<\/p>\n<p>Lundi 24 et mardi 25 juillet de 14h \u00e0 19h, studio Biped<\/p>\n<p>N.B. : l&#8217;inscription \u00e0 2 des trois ou aux 3 stages est possible aussi : remises pr\u00e9vues<\/p>\n<p><span style=\"color: #ff0000;\">Cl\u00f4ture des inscriptions le 1er juillet 2023<\/span><\/p>\n<p><strong><a href=\"https:\/\/chestnut.fr\/payer\/\">Je m&#8217;inscris<\/a><\/strong>\u00a0(l&#8217;adh\u00e9sion 2022-2023 est obligatoire. Si vous n&#8217;\u00eates pas encore adh\u00e9rent cliquez <a href=\"https:\/\/chestnut.fr\/adherer-3\/\"><strong>ici<\/strong><\/a> pour adh\u00e9rer)<\/p>\n<hr \/>\n<p><strong>26 et 27 juillet : AVANC\u00c9S<\/strong><\/p>\n<hr \/>\n<p><strong>L\u2019apport des chor\u00e9graphes au 20e et 21e si\u00e8cle<\/strong><\/p>\n<p><strong>A qui s\u2019adresse le stage ? <\/strong>Aux\u00a0danseurs avanc\u00e9s dans le r\u00e9pertoire ou danseurs ayant l\u2019habitude d\u2019encha\u00eener des s\u00e9quences longues et des pas.<\/p>\n<p><strong>Quel programme ?\u00a0<\/strong>8, College Street (C. Laye) : longways pour 4 couples en 4 parties,\u00a0Hand in Hand (Gary Roodman),\u00a0Perpetual Motion (Tom Cook) et\u00a0Dance to the Music of Time (Antony Heywood)<\/p>\n<p><strong>O\u00f9 et quand ?<\/strong> \u00c0\u00a0<span style=\"font-family: arial, helvetica, sans-serif;\"><a href=\"https:\/\/chestnut.fr\/lieux\/#lieue\">Micadanses<\/a><\/span>\u00a0, rue Geoffroy l&#8217;Asnier, 75004 PARIS<\/p>\n<p>Mercredi 26 et jeudi<span>\u00a0<\/span>27 juillet de 14h \u00e0 19h, studio Biped<\/p>\n<p>N.B. : l&#8217;inscription \u00e0 2 des trois ou aux 3 stages est possible aussi : remises pr\u00e9vues<\/p>\n<p><span style=\"color: #ff0000;\">Cl\u00f4ture des inscriptions le 1er juillet 2023<\/span><\/p>\n<p><strong><a href=\"https:\/\/chestnut.fr\/payer\/\">Je m&#8217;inscris<\/a>\u00a0<\/strong>(l&#8217;adh\u00e9sion 2022-2023 est obligatoire. Si vous n&#8217;\u00eates pas encore adh\u00e9rent cliquez <a href=\"https:\/\/chestnut.fr\/adherer-3\/\"><strong>ici<\/strong><\/a> pour adh\u00e9rer)<\/p>\n","protected":false},"excerpt":{"rendered":"<p>21, 22 et 23 juillet : D\u00c9BUTANTS Premiers pas dans le r\u00e9pertoire John Playford (1651-1670) A qui s\u2019adresse le stage ? Aux danseurs d\u00e9butants dans le r\u00e9pertoire mais ayant d\u00e9j\u00e0 des acquis en danse et aux danseurs se pr\u00e9parant \u00e0 enseigner ce r\u00e9pertoire. Quel programme ? S\u00e9quences introductives, danses \u00e0 refrain et danses avec couplets. [&hellip;]<\/p>\n","protected":false},"author":8,"featured_media":0,"parent":0,"menu_order":0,"comment_status":"closed","ping_status":"closed","template":"","meta":{"_monsterinsights_skip_tracking":false,"_monsterinsights_sitenote_active":false,"_monsterinsights_sitenote_note":"","_monsterinsights_sitenote_category":0,"footnotes":""},"class_list":["post-12220","page","type-page","status-publish","hentry"],"yoast_head":"<!-- This site is optimized with the Yoast SEO plugin v19.6.1 - https:\/\/yoast.com\/wordpress\/plugins\/seo\/ -->\n<title>Stage d&#039;\u00e9t\u00e9 \u00e0 Paris 2023 - Chestnut<\/title>\n<meta name=\"robots\" content=\"index, follow, max-snippet:-1, max-image-preview:large, max-video-preview:-1\" \/>\n<link rel=\"canonical\" href=\"https:\/\/chestnut.ovh\/stage-dete-a-paris-2023\/\" \/>\n<meta name=\"twitter:label1\" content=\"Estimated reading time\" \/>\n\t<meta name=\"twitter:data1\" content=\"3 minutes\" \/>\n<script type=\"application\/ld+json\" class=\"yoast-schema-graph\">{\"@context\":\"https:\/\/schema.org\",\"@graph\":[{\"@type\":\"WebPage\",\"@id\":\"https:\/\/chestnut.ovh\/stage-dete-a-paris-2023\/\",\"url\":\"https:\/\/chestnut.ovh\/stage-dete-a-paris-2023\/\",\"name\":\"[:fr]Stage d'\u00e9t\u00e9 \u00e0 Paris 2023[:] - Chestnut\",\"isPartOf\":{\"@id\":\"https:\/\/chestnut.ovh\/#website\"},\"datePublished\":\"2023-01-13T16:04:09+00:00\",\"dateModified\":\"2023-01-24T09:28:30+00:00\",\"breadcrumb\":{\"@id\":\"https:\/\/chestnut.ovh\/stage-dete-a-paris-2023\/#breadcrumb\"},\"inLanguage\":\"en-GB\",\"potentialAction\":[{\"@type\":\"ReadAction\",\"target\":[\"https:\/\/chestnut.ovh\/stage-dete-a-paris-2023\/\"]}]},{\"@type\":\"BreadcrumbList\",\"@id\":\"https:\/\/chestnut.ovh\/stage-dete-a-paris-2023\/#breadcrumb\",\"itemListElement\":[{\"@type\":\"ListItem\",\"position\":1,\"name\":\"Accueil\",\"item\":\"https:\/\/chestnut.ovh\/\"},{\"@type\":\"ListItem\",\"position\":2,\"name\":\"Stage d&rsquo;\u00e9t\u00e9 \u00e0 Paris 2023\"}]},{\"@type\":\"WebSite\",\"@id\":\"https:\/\/chestnut.ovh\/#website\",\"url\":\"https:\/\/chestnut.ovh\/\",\"name\":\"Chestnut\",\"description\":\"English Country Dancing & Danses anciennes de l&#039;\u00e9poque des Stuarts .... et des romans de Jane Austen !\",\"potentialAction\":[{\"@type\":\"SearchAction\",\"target\":{\"@type\":\"EntryPoint\",\"urlTemplate\":\"https:\/\/chestnut.ovh\/?s={search_term_string}\"},\"query-input\":\"required name=search_term_string\"}],\"inLanguage\":\"en-GB\"}]}<\/script>\n<!-- \/ Yoast SEO plugin. -->","yoast_head_json":{"title":"Stage d'\u00e9t\u00e9 \u00e0 Paris 2023 - Chestnut","robots":{"index":"index","follow":"follow","max-snippet":"max-snippet:-1","max-image-preview":"max-image-preview:large","max-video-preview":"max-video-preview:-1"},"canonical":"https:\/\/chestnut.ovh\/stage-dete-a-paris-2023\/","twitter_misc":{"Estimated reading time":"3 minutes"},"schema":{"@context":"https:\/\/schema.org","@graph":[{"@type":"WebPage","@id":"https:\/\/chestnut.ovh\/stage-dete-a-paris-2023\/","url":"https:\/\/chestnut.ovh\/stage-dete-a-paris-2023\/","name":"[:fr]Stage d'\u00e9t\u00e9 \u00e0 Paris 2023[:] - Chestnut","isPartOf":{"@id":"https:\/\/chestnut.ovh\/#website"},"datePublished":"2023-01-13T16:04:09+00:00","dateModified":"2023-01-24T09:28:30+00:00","breadcrumb":{"@id":"https:\/\/chestnut.ovh\/stage-dete-a-paris-2023\/#breadcrumb"},"inLanguage":"en-GB","potentialAction":[{"@type":"ReadAction","target":["https:\/\/chestnut.ovh\/stage-dete-a-paris-2023\/"]}]},{"@type":"BreadcrumbList","@id":"https:\/\/chestnut.ovh\/stage-dete-a-paris-2023\/#breadcrumb","itemListElement":[{"@type":"ListItem","position":1,"name":"Accueil","item":"https:\/\/chestnut.ovh\/"},{"@type":"ListItem","position":2,"name":"Stage d&rsquo;\u00e9t\u00e9 \u00e0 Paris 2023"}]},{"@type":"WebSite","@id":"https:\/\/chestnut.ovh\/#website","url":"https:\/\/chestnut.ovh\/","name":"Chestnut","description":"English Country Dancing & Danses anciennes de l&#039;\u00e9poque des Stuarts .... et des romans de Jane Austen !","potentialAction":[{"@type":"SearchAction","target":{"@type":"EntryPoint","urlTemplate":"https:\/\/chestnut.ovh\/?s={search_term_string}"},"query-input":"required name=search_term_string"}],"inLanguage":"en-GB"}]}},"_links":{"self":[{"href":"https:\/\/chestnut.ovh\/en\/wp-json\/wp\/v2\/pages\/12220","targetHints":{"allow":["GET"]}}],"collection":[{"href":"https:\/\/chestnut.ovh\/en\/wp-json\/wp\/v2\/pages"}],"about":[{"href":"https:\/\/chestnut.ovh\/en\/wp-json\/wp\/v2\/types\/page"}],"author":[{"embeddable":true,"href":"https:\/\/chestnut.ovh\/en\/wp-json\/wp\/v2\/users\/8"}],"replies":[{"embeddable":true,"href":"https:\/\/chestnut.ovh\/en\/wp-json\/wp\/v2\/comments?post=12220"}],"version-history":[{"count":16,"href":"https:\/\/chestnut.ovh\/en\/wp-json\/wp\/v2\/pages\/12220\/revisions"}],"predecessor-version":[{"id":12345,"href":"https:\/\/chestnut.ovh\/en\/wp-json\/wp\/v2\/pages\/12220\/revisions\/12345"}],"wp:attachment":[{"href":"https:\/\/chestnut.ovh\/en\/wp-json\/wp\/v2\/media?parent=12220"}],"curies":[{"name":"wp","href":"https:\/\/api.w.org\/{rel}","templated":true}]}}