{"id":12448,"date":"2023-03-27T14:27:35","date_gmt":"2023-03-27T13:27:35","guid":{"rendered":"https:\/\/chestnut.ovh\/?page_id=12448"},"modified":"2023-03-27T19:59:14","modified_gmt":"2023-03-27T18:59:14","slug":"visites-guidees","status":"publish","type":"page","link":"https:\/\/chestnut.ovh\/en\/visites-guidees\/","title":{"rendered":"Visites guid\u00e9es"},"content":{"rendered":"<p><span>___________________________________________________________________<\/span><span><strong>VISITES GUID\u00c9ES durant la semaine pr\u00e9c\u00e9dant le bal en costume<\/strong><\/span><\/p>\n<p><span>___________________________________________________________________<\/span><\/p>\n<p><span>Genevi\u00e8ve DESLOGIS-VIOLLET est conf\u00e9renci\u00e8re d\u2019art et d\u2019histoire.\u00a0Elle danse \u00e0 CHESTNUT et guide des groupes dans Paris depuis de nombreuses ann\u00e9es.\u00a0<\/span><\/p>\n<p><span>Elle vous propose, durant la semaine pr\u00e9c\u00e9dent le bal en costume, des visites guid\u00e9es sortant des sentiers battus\u00a0:<\/span><\/p>\n<ul>\n<li><span><em>Vous pouvez participer au programme complet de ses visites ou choisir l\u2019une ou l\u2019autre. <\/em><\/span><\/li>\n<li><span><em>Pour chaque visite, le go\u00fbter pr\u00e9vu n\u2019est en aucun cas obligatoire.<\/em><\/span><\/li>\n<li><span><em>Genevi\u00e8ve vous propose une participation au chapeau \u00e0 la fin de chaque visite<\/em><\/span><\/li>\n<\/ul>\n<p><span>Ces visites guid\u00e9es sont r\u00e9serv\u00e9es aux adh\u00e9rents de CHESTNUT.\u00a0Elles seront ouvertes \u00e0 la r\u00e9servation\u00a0:\u00a0en priorit\u00e9 jusqu&#8217;au 30 mars inclus\u00a0aux danseurs venus de loin participant au bal en costume.\u00a0Puis aux autres danseurs pr\u00e9parant le bal en costume <strong>apr\u00e8s le 30 mars<\/strong>\u00a0et enfin\u00a0\u00e9ventuellement\u00a0\u00e0 d&#8217;autres personnes n&#8217;entrant pas dans les cat\u00e9gories pr\u00e9c\u00e9dentes <strong>\u00e0 partir du 15 mai<\/strong>.\u00a0<\/span><\/p>\n<p><span>___________________________________________________________________<\/span><\/p>\n<p><span><strong>Visite du ch\u00e2teau de la MALMAISON &#8211;\u00a0<\/strong>Lundi 5 juin 2023 apr\u00e8s-midi<\/span><\/p>\n<p><span>___________________________________________________________________<\/span><\/p>\n<ul>\n<li><span>tarif 5,50 \u20ac\/pers. pour un groupe d\u2019au moins dix personnes<\/span><\/li>\n<li><span>groupe limit\u00e9 \u00e0 24 personnes<\/span><\/li>\n<li><span>RDV \u00e0 14h00\u00a0devant l&#8217;entr\u00e9e du ch\u00e2teau<\/span><\/li>\n<\/ul>\n<p><span>En se dirigeant vers le lieu du go\u00fbter, Genevi\u00e8ve apportera quelques informations compl\u00e9mentaires sur d\u2019autres sites de Rueil-Malmaison dignes d\u2019int\u00e9r\u00eat.<\/span><\/p>\n<p><span>___________________________________________________________________<\/span><\/p>\n<p><span><strong>Visite du quartier du Marais m\u00e9connu\u00a0: places, cours et jardins, &#8230;. &#8211;\u00a0<\/strong>Mardi 6 juin 2023 apr\u00e8s midi<\/span><\/p>\n<p><span>___________________________________________________________________<\/span><\/p>\n<ul>\n<li><span>pas de droit d&#8217;entr\u00e9e<\/span><\/li>\n<li><span>groupe limit\u00e9 \u00e0 24 personnes<\/span><\/li>\n<li><span>RDV \u00e0 14h15 \u00e0 la sortie du m\u00e9tro Chemin Vert ligne 8<\/span><\/li>\n<\/ul>\n<p><span>Jardin Saint Gilles Grand Veneur Pauline Roland, rue de Villehardouin, rue de Turenne, \u00a0rue Saint Gilles, rue de B\u00e9arn, Jardin Arnaud Beltrame, l&#8217;incontournable Place des Vosges, Place du March\u00e9 Sainte Catherine<\/span><span>. Le go\u00fbter vous sera propos\u00e9 \u00e0 proximit\u00e9.\u00a0<\/span><\/p>\n<ul>\n<li style=\"list-style-type: none;\"><\/li>\n<\/ul>\n<p><span>___________________________________________________________________<\/span><\/p>\n<p><span><strong>Visite de l&#8217;H\u00d4TEL BOURRIENNE, un des seuls d\u00e9cors Directoire de Paris\u00a0! &#8211; <\/strong>Mercredi 7\u00a0juin 2023 apr\u00e8s midi<\/span><\/p>\n<p><span>___________________________________________________________________<\/span><\/p>\n<ul>\n<li><span>pas de droit d&#8217;entr\u00e9e<\/span><\/li>\n<li><span>groupe limit\u00e9 \u00e0 24 personnes<\/span><\/li>\n<li><span>RDV \u00e0 12h30 \u00e0 la sortie du m\u00e9tro Bonne Nouvelle ligne 8 et 9<\/span><\/li>\n<\/ul>\n<p><span>Apr\u00e8s la visite, nous resterons dans le quartier entre la rue Paradis, la rue du Faubourg Poissonni\u00e8re et la rue de l&#8217;\u00c9chiquier.\u00a0Nous\u00a0d\u00e9couvrirons le quartier de la Nouvelle France en \u00e9voquant les belles demeures cach\u00e9es aujourd&#8217;hui par des immeubles de rapport sur rue dont on peut encore admirer quelques vestiges.<\/span><\/p>\n","protected":false},"excerpt":{"rendered":"<p>___________________________________________________________________VISITES GUID\u00c9ES durant la semaine pr\u00e9c\u00e9dant le bal en costume ___________________________________________________________________ Genevi\u00e8ve DESLOGIS-VIOLLET est conf\u00e9renci\u00e8re d\u2019art et d\u2019histoire.\u00a0Elle danse \u00e0 CHESTNUT et guide des groupes dans Paris depuis de nombreuses ann\u00e9es.\u00a0 Elle vous propose, durant la semaine pr\u00e9c\u00e9dent le bal en costume, des visites guid\u00e9es sortant des sentiers battus\u00a0: Vous pouvez participer au programme complet [&hellip;]<\/p>\n","protected":false},"author":8,"featured_media":0,"parent":0,"menu_order":0,"comment_status":"closed","ping_status":"closed","template":"","meta":{"_monsterinsights_skip_tracking":false,"_monsterinsights_sitenote_active":false,"_monsterinsights_sitenote_note":"","_monsterinsights_sitenote_category":0,"footnotes":""},"class_list":["post-12448","page","type-page","status-publish","hentry"],"yoast_head":"<!-- This site is optimized with the Yoast SEO plugin v19.6.1 - https:\/\/yoast.com\/wordpress\/plugins\/seo\/ -->\n<title>Visites guid\u00e9es - Chestnut<\/title>\n<meta name=\"robots\" content=\"index, follow, max-snippet:-1, max-image-preview:large, max-video-preview:-1\" \/>\n<link rel=\"canonical\" href=\"https:\/\/chestnut.ovh\/visites-guidees\/\" \/>\n<meta name=\"twitter:label1\" content=\"Estimated reading time\" \/>\n\t<meta name=\"twitter:data1\" content=\"2 minutes\" \/>\n<script type=\"application\/ld+json\" class=\"yoast-schema-graph\">{\"@context\":\"https:\/\/schema.org\",\"@graph\":[{\"@type\":\"WebPage\",\"@id\":\"https:\/\/chestnut.ovh\/visites-guidees\/\",\"url\":\"https:\/\/chestnut.ovh\/visites-guidees\/\",\"name\":\"[:fr]Visites guid\u00e9es[:] - Chestnut\",\"isPartOf\":{\"@id\":\"https:\/\/chestnut.ovh\/#website\"},\"datePublished\":\"2023-03-27T13:27:35+00:00\",\"dateModified\":\"2023-03-27T18:59:14+00:00\",\"breadcrumb\":{\"@id\":\"https:\/\/chestnut.ovh\/visites-guidees\/#breadcrumb\"},\"inLanguage\":\"en-GB\",\"potentialAction\":[{\"@type\":\"ReadAction\",\"target\":[\"https:\/\/chestnut.ovh\/visites-guidees\/\"]}]},{\"@type\":\"BreadcrumbList\",\"@id\":\"https:\/\/chestnut.ovh\/visites-guidees\/#breadcrumb\",\"itemListElement\":[{\"@type\":\"ListItem\",\"position\":1,\"name\":\"Accueil\",\"item\":\"https:\/\/chestnut.ovh\/\"},{\"@type\":\"ListItem\",\"position\":2,\"name\":\"Visites guid\u00e9es\"}]},{\"@type\":\"WebSite\",\"@id\":\"https:\/\/chestnut.ovh\/#website\",\"url\":\"https:\/\/chestnut.ovh\/\",\"name\":\"Chestnut\",\"description\":\"English Country Dancing & Danses anciennes de l&#039;\u00e9poque des Stuarts .... et des romans de Jane Austen !\",\"potentialAction\":[{\"@type\":\"SearchAction\",\"target\":{\"@type\":\"EntryPoint\",\"urlTemplate\":\"https:\/\/chestnut.ovh\/?s={search_term_string}\"},\"query-input\":\"required name=search_term_string\"}],\"inLanguage\":\"en-GB\"}]}<\/script>\n<!-- \/ Yoast SEO plugin. -->","yoast_head_json":{"title":"Visites guid\u00e9es - Chestnut","robots":{"index":"index","follow":"follow","max-snippet":"max-snippet:-1","max-image-preview":"max-image-preview:large","max-video-preview":"max-video-preview:-1"},"canonical":"https:\/\/chestnut.ovh\/visites-guidees\/","twitter_misc":{"Estimated reading time":"2 minutes"},"schema":{"@context":"https:\/\/schema.org","@graph":[{"@type":"WebPage","@id":"https:\/\/chestnut.ovh\/visites-guidees\/","url":"https:\/\/chestnut.ovh\/visites-guidees\/","name":"[:fr]Visites guid\u00e9es[:] - Chestnut","isPartOf":{"@id":"https:\/\/chestnut.ovh\/#website"},"datePublished":"2023-03-27T13:27:35+00:00","dateModified":"2023-03-27T18:59:14+00:00","breadcrumb":{"@id":"https:\/\/chestnut.ovh\/visites-guidees\/#breadcrumb"},"inLanguage":"en-GB","potentialAction":[{"@type":"ReadAction","target":["https:\/\/chestnut.ovh\/visites-guidees\/"]}]},{"@type":"BreadcrumbList","@id":"https:\/\/chestnut.ovh\/visites-guidees\/#breadcrumb","itemListElement":[{"@type":"ListItem","position":1,"name":"Accueil","item":"https:\/\/chestnut.ovh\/"},{"@type":"ListItem","position":2,"name":"Visites guid\u00e9es"}]},{"@type":"WebSite","@id":"https:\/\/chestnut.ovh\/#website","url":"https:\/\/chestnut.ovh\/","name":"Chestnut","description":"English Country Dancing & Danses anciennes de l&#039;\u00e9poque des Stuarts .... et des romans de Jane Austen !","potentialAction":[{"@type":"SearchAction","target":{"@type":"EntryPoint","urlTemplate":"https:\/\/chestnut.ovh\/?s={search_term_string}"},"query-input":"required name=search_term_string"}],"inLanguage":"en-GB"}]}},"_links":{"self":[{"href":"https:\/\/chestnut.ovh\/en\/wp-json\/wp\/v2\/pages\/12448","targetHints":{"allow":["GET"]}}],"collection":[{"href":"https:\/\/chestnut.ovh\/en\/wp-json\/wp\/v2\/pages"}],"about":[{"href":"https:\/\/chestnut.ovh\/en\/wp-json\/wp\/v2\/types\/page"}],"author":[{"embeddable":true,"href":"https:\/\/chestnut.ovh\/en\/wp-json\/wp\/v2\/users\/8"}],"replies":[{"embeddable":true,"href":"https:\/\/chestnut.ovh\/en\/wp-json\/wp\/v2\/comments?post=12448"}],"version-history":[{"count":2,"href":"https:\/\/chestnut.ovh\/en\/wp-json\/wp\/v2\/pages\/12448\/revisions"}],"predecessor-version":[{"id":12461,"href":"https:\/\/chestnut.ovh\/en\/wp-json\/wp\/v2\/pages\/12448\/revisions\/12461"}],"wp:attachment":[{"href":"https:\/\/chestnut.ovh\/en\/wp-json\/wp\/v2\/media?parent=12448"}],"curies":[{"name":"wp","href":"https:\/\/api.w.org\/{rel}","templated":true}]}}