{"id":145,"date":"2011-04-09T15:03:05","date_gmt":"2011-04-09T15:03:05","guid":{"rendered":"http:\/\/chestnut.fr\/?page_id=145"},"modified":"2017-08-21T14:52:23","modified_gmt":"2017-08-21T12:52:23","slug":"pratiques","status":"publish","type":"page","link":"https:\/\/chestnut.ovh\/en\/pratiques\/","title":{"rendered":"Fees"},"content":{"rendered":"<p>&nbsp;<\/p>\n<h2>saison 2017-2018 (en \u20ac)<\/h2>\n<address>Brochure programme disponible <a href=\"http:\/\/chestnut.fr\/wp-content\/uploads\/2017\/06\/Brochure_17_18_juillet.pdf\"><strong><span style=\"color: #ff0000;\">ici<\/span><\/strong><\/a><\/address>\n<address>\u00a0<\/address>\n\n<table id=\"wp-table-reloaded-id-12-no-1\" class=\"wp-table-reloaded wp-table-reloaded-id-12\">\n<thead>\n\t<tr class=\"row-1 odd\">\n\t\t<th class=\"column-1\">Adh\u00e9sion\u00a0: 18<\/th><th class=\"column-2\">adh\u00e9rent individuel<\/th><th class=\"column-3\">non adh\u00e9rent<\/th><th class=\"column-4\">adh\u00e9rents moins de 26 ans (sur justificatif)<\/th>\n\t<\/tr>\n<\/thead>\n<tbody>\n\t<tr class=\"row-2 even\">\n\t\t<td class=\"column-1\">STAGE D\u00e9butants du dimanche journ\u00e9e enti\u00e8re (1er et 2e degr\u00e9) <br \/>\r\n<\/td><td class=\"column-2\">25 (*)<\/td><td class=\"column-3\">32<\/td><td class=\"column-4\">15<\/td>\n\t<\/tr>\n\t<tr class=\"row-3 odd\">\n\t\t<td class=\"column-1\">STAGE D\u00e9butants du dimanche le matin seulement (1er degr\u00e9) <\/td><td class=\"column-2\">15<\/td><td class=\"column-3\">18<\/td><td class=\"column-4\">9<\/td>\n\t<\/tr>\n\t<tr class=\"row-4 even\">\n\t\t<td class=\"column-1\">STAGE D\u00e9butants du dimanche l'apr\u00e8s-midi seulement (2e degr\u00e9) <\/td><td class=\"column-2\">15<\/td><td class=\"column-3\">18<\/td><td class=\"column-4\">9<\/td>\n\t<\/tr>\n\t<tr class=\"row-5 odd\">\n\t\t<td class=\"column-1\">STAGE Confirm\u00e9s <br \/>\r\n(avec musiciens) <\/td><td class=\"column-2\">36<\/td><td class=\"column-3\">42<\/td><td class=\"column-4\">24<\/td>\n\t<\/tr>\n\t<tr class=\"row-6 even\">\n\t\t<td class=\"column-1\">Mini-stage du samedi 3e degr\u00e9<\/td><td class=\"column-2\">18 <br \/>\r\n<\/td><td class=\"column-3\">24 <\/td><td class=\"column-4\">12<\/td>\n\t<\/tr>\n\t<tr class=\"row-7 odd\">\n\t\t<td class=\"column-1\">Mini-stage Europe <\/td><td class=\"column-2\">15<\/td><td class=\"column-3\">20<\/td><td class=\"column-4\">9<\/td>\n\t<\/tr>\n\t<tr class=\"row-8 even\">\n\t\t<td class=\"column-1\">Cours <\/td><td class=\"column-2\">11<\/td><td class=\"column-3\">15<\/td><td class=\"column-4\">8<\/td>\n\t<\/tr>\n\t<tr class=\"row-9 odd\">\n\t\t<td class=\"column-1\">ABC du bal <\/td><td class=\"column-2\">10<\/td><td class=\"column-3\">10<\/td><td class=\"column-4\">8<\/td>\n\t<\/tr>\n\t<tr class=\"row-10 even\">\n\t\t<td class=\"column-1\">ABC + Bal<\/td><td class=\"column-2\">15<\/td><td class=\"column-3\">15<\/td><td class=\"column-4\">12<\/td>\n\t<\/tr>\n\t<tr class=\"row-11 odd\">\n\t\t<td class=\"column-1\">BAL d'automne et d'hiver <br \/>\r\n<\/td><td class=\"column-2\">10<\/td><td class=\"column-3\">12<\/td><td class=\"column-4\">8<\/td>\n\t<\/tr>\n<\/tbody>\n<\/table>\n\n<p><strong><em>(*)N.B.\u00a0: les danseurs inscrits en Interm\u00e9diaires et Confirm\u00e9s peuvent participer aux stages d\u00e9butants d\u2019une journ\u00e9e. Ce moment de pratique leur est propos\u00e9 en vue d\u2019une r\u00e9vision du r\u00e9pertoire. Il leur sera demand\u00e9 une participation de 6<\/em><\/strong><strong><em>\u20ac<\/em><\/strong><strong><em>\u00a0pour la journ\u00e9e.<\/em><\/strong><\/p>\n","protected":false},"excerpt":{"rendered":"<p>&nbsp; saison 2017-2018 (en \u20ac) Brochure programme disponible ici \u00a0 (*)N.B.\u00a0: les danseurs inscrits en Interm\u00e9diaires et Confirm\u00e9s peuvent participer aux stages d\u00e9butants d\u2019une journ\u00e9e. Ce moment de pratique leur est propos\u00e9 en vue d\u2019une r\u00e9vision du r\u00e9pertoire. Il leur sera demand\u00e9 une participation de 6\u20ac\u00a0pour la journ\u00e9e.<\/p>\n","protected":false},"author":2,"featured_media":0,"parent":0,"menu_order":3,"comment_status":"closed","ping_status":"closed","template":"","meta":{"_monsterinsights_skip_tracking":false,"_monsterinsights_sitenote_active":false,"_monsterinsights_sitenote_note":"","_monsterinsights_sitenote_category":0,"footnotes":""},"class_list":["post-145","page","type-page","status-publish","hentry"],"yoast_head":"<!-- This site is optimized with the Yoast SEO plugin v19.6.1 - https:\/\/yoast.com\/wordpress\/plugins\/seo\/ -->\n<title>Fees - Chestnut<\/title>\n<meta name=\"robots\" content=\"index, follow, max-snippet:-1, max-image-preview:large, max-video-preview:-1\" \/>\n<link rel=\"canonical\" href=\"https:\/\/chestnut.ovh\/pratiques\/\" \/>\n<script type=\"application\/ld+json\" class=\"yoast-schema-graph\">{\"@context\":\"https:\/\/schema.org\",\"@graph\":[{\"@type\":\"WebPage\",\"@id\":\"https:\/\/chestnut.ovh\/pratiques\/\",\"url\":\"https:\/\/chestnut.ovh\/pratiques\/\",\"name\":\"[:fr]Tarifs [:en]Fees[:] - Chestnut\",\"isPartOf\":{\"@id\":\"https:\/\/chestnut.ovh\/#website\"},\"datePublished\":\"2011-04-09T15:03:05+00:00\",\"dateModified\":\"2017-08-21T12:52:23+00:00\",\"breadcrumb\":{\"@id\":\"https:\/\/chestnut.ovh\/pratiques\/#breadcrumb\"},\"inLanguage\":\"en-GB\",\"potentialAction\":[{\"@type\":\"ReadAction\",\"target\":[\"https:\/\/chestnut.ovh\/pratiques\/\"]}]},{\"@type\":\"BreadcrumbList\",\"@id\":\"https:\/\/chestnut.ovh\/pratiques\/#breadcrumb\",\"itemListElement\":[{\"@type\":\"ListItem\",\"position\":1,\"name\":\"Accueil\",\"item\":\"https:\/\/chestnut.ovh\/\"},{\"@type\":\"ListItem\",\"position\":2,\"name\":\"Tarifs\"}]},{\"@type\":\"WebSite\",\"@id\":\"https:\/\/chestnut.ovh\/#website\",\"url\":\"https:\/\/chestnut.ovh\/\",\"name\":\"Chestnut\",\"description\":\"English Country Dancing & Danses anciennes de l&#039;\u00e9poque des Stuarts .... et des romans de Jane Austen !\",\"potentialAction\":[{\"@type\":\"SearchAction\",\"target\":{\"@type\":\"EntryPoint\",\"urlTemplate\":\"https:\/\/chestnut.ovh\/?s={search_term_string}\"},\"query-input\":\"required name=search_term_string\"}],\"inLanguage\":\"en-GB\"}]}<\/script>\n<!-- \/ Yoast SEO plugin. -->","yoast_head_json":{"title":"Fees - Chestnut","robots":{"index":"index","follow":"follow","max-snippet":"max-snippet:-1","max-image-preview":"max-image-preview:large","max-video-preview":"max-video-preview:-1"},"canonical":"https:\/\/chestnut.ovh\/pratiques\/","schema":{"@context":"https:\/\/schema.org","@graph":[{"@type":"WebPage","@id":"https:\/\/chestnut.ovh\/pratiques\/","url":"https:\/\/chestnut.ovh\/pratiques\/","name":"[:fr]Tarifs [:en]Fees[:] - Chestnut","isPartOf":{"@id":"https:\/\/chestnut.ovh\/#website"},"datePublished":"2011-04-09T15:03:05+00:00","dateModified":"2017-08-21T12:52:23+00:00","breadcrumb":{"@id":"https:\/\/chestnut.ovh\/pratiques\/#breadcrumb"},"inLanguage":"en-GB","potentialAction":[{"@type":"ReadAction","target":["https:\/\/chestnut.ovh\/pratiques\/"]}]},{"@type":"BreadcrumbList","@id":"https:\/\/chestnut.ovh\/pratiques\/#breadcrumb","itemListElement":[{"@type":"ListItem","position":1,"name":"Accueil","item":"https:\/\/chestnut.ovh\/"},{"@type":"ListItem","position":2,"name":"Tarifs"}]},{"@type":"WebSite","@id":"https:\/\/chestnut.ovh\/#website","url":"https:\/\/chestnut.ovh\/","name":"Chestnut","description":"English Country Dancing & Danses anciennes de l&#039;\u00e9poque des Stuarts .... et des romans de Jane Austen !","potentialAction":[{"@type":"SearchAction","target":{"@type":"EntryPoint","urlTemplate":"https:\/\/chestnut.ovh\/?s={search_term_string}"},"query-input":"required name=search_term_string"}],"inLanguage":"en-GB"}]}},"_links":{"self":[{"href":"https:\/\/chestnut.ovh\/en\/wp-json\/wp\/v2\/pages\/145","targetHints":{"allow":["GET"]}}],"collection":[{"href":"https:\/\/chestnut.ovh\/en\/wp-json\/wp\/v2\/pages"}],"about":[{"href":"https:\/\/chestnut.ovh\/en\/wp-json\/wp\/v2\/types\/page"}],"author":[{"embeddable":true,"href":"https:\/\/chestnut.ovh\/en\/wp-json\/wp\/v2\/users\/2"}],"replies":[{"embeddable":true,"href":"https:\/\/chestnut.ovh\/en\/wp-json\/wp\/v2\/comments?post=145"}],"version-history":[{"count":56,"href":"https:\/\/chestnut.ovh\/en\/wp-json\/wp\/v2\/pages\/145\/revisions"}],"predecessor-version":[{"id":7466,"href":"https:\/\/chestnut.ovh\/en\/wp-json\/wp\/v2\/pages\/145\/revisions\/7466"}],"wp:attachment":[{"href":"https:\/\/chestnut.ovh\/en\/wp-json\/wp\/v2\/media?parent=145"}],"curies":[{"name":"wp","href":"https:\/\/api.w.org\/{rel}","templated":true}]}}