{"id":2237,"date":"2013-02-23T20:18:18","date_gmt":"2013-02-23T20:18:18","guid":{"rendered":"http:\/\/chestnut.fr\/?page_id=2237"},"modified":"2013-03-27T19:39:00","modified_gmt":"2013-03-27T19:39:00","slug":"presse","status":"publish","type":"page","link":"https:\/\/chestnut.ovh\/en\/presse\/","title":{"rendered":"<!--:fr-->Presse <!--:--><!--:en-->Press<!--:-->"},"content":{"rendered":"<p><!--:fr--><div id=\"attachment_2258\" style=\"width: 220px\"  class=\"wp-caption alignnone\"><a href=\"http:\/\/chestnut.fr\/wp-content\/uploads\/2013\/02\/Cit\u00e9-de-la-Musique-f\u00e9vrier-2011002-redim.jpg\"><img loading=\"lazy\" decoding=\"async\" class=\"size-medium wp-image-2258\" title=\"Cit\u00e9 de la Musique f\u00e9vrier 2011002 redim\" src=\"http:\/\/chestnut.fr\/wp-content\/uploads\/2013\/02\/Cit\u00e9-de-la-Musique-f\u00e9vrier-2011002-redim-210x300.jpg\" alt=\"\" width=\"210\" height=\"300\" srcset=\"https:\/\/chestnut.ovh\/wp-content\/uploads\/2013\/02\/Cit\u00e9-de-la-Musique-f\u00e9vrier-2011002-redim-210x300.jpg 210w, https:\/\/chestnut.ovh\/wp-content\/uploads\/2013\/02\/Cit\u00e9-de-la-Musique-f\u00e9vrier-2011002-redim-100x143.jpg 100w, https:\/\/chestnut.ovh\/wp-content\/uploads\/2013\/02\/Cit\u00e9-de-la-Musique-f\u00e9vrier-2011002-redim-718x1024.jpg 718w, https:\/\/chestnut.ovh\/wp-content\/uploads\/2013\/02\/Cit\u00e9-de-la-Musique-f\u00e9vrier-2011002-redim.jpg 1379w\" sizes=\"auto, (max-width: 210px) 100vw, 210px\" \/><\/a><p class=\"wp-caption-text\">Animation pour la Boston Camerata<br \/>Cit\u00e9 de la Musique, Paris<br \/>f\u00e9vrier 2011<\/p><\/div>\n<div id=\"attachment_2260\" style=\"width: 310px\"  class=\"wp-caption alignnone\"><a href=\"http:\/\/chestnut.fr\/wp-content\/uploads\/2013\/02\/Gron-Ind\u00e9pendant-de-lYonne-3-02-2012002.jpg\"><img loading=\"lazy\" decoding=\"async\" class=\"size-medium wp-image-2260\" title=\"Gron Ind\u00e9pendant de l'Yonne 3-02-2012002\" src=\"http:\/\/chestnut.fr\/wp-content\/uploads\/2013\/02\/Gron-Ind\u00e9pendant-de-lYonne-3-02-2012002-300x152.jpg\" alt=\"\" width=\"300\" height=\"152\" srcset=\"https:\/\/chestnut.ovh\/wp-content\/uploads\/2013\/02\/Gron-Ind\u00e9pendant-de-lYonne-3-02-2012002-300x152.jpg 300w, https:\/\/chestnut.ovh\/wp-content\/uploads\/2013\/02\/Gron-Ind\u00e9pendant-de-lYonne-3-02-2012002-100x51.jpg 100w, https:\/\/chestnut.ovh\/wp-content\/uploads\/2013\/02\/Gron-Ind\u00e9pendant-de-lYonne-3-02-2012002-1024x518.jpg 1024w\" sizes=\"auto, (max-width: 300px) 100vw, 300px\" \/><\/a><p class=\"wp-caption-text\">Stage en Bourgogne<br \/>f\u00e9vrier 2012<\/p><\/div>\n<div id=\"attachment_2239\" style=\"width: 310px\"  class=\"wp-caption alignnone\"><a href=\"http:\/\/chestnut.fr\/wp-content\/uploads\/2013\/02\/Gron-Ind\u00e9pendant-de-lYonne-7-02-2012-redim.jpg\"><img loading=\"lazy\" decoding=\"async\" class=\"size-medium wp-image-2239\" title=\"Gron Ind\u00e9pendant de l'Yonne 7-02-2012 redim\" src=\"http:\/\/chestnut.fr\/wp-content\/uploads\/2013\/02\/Gron-Ind\u00e9pendant-de-lYonne-7-02-2012-redim-300x137.jpg\" alt=\"\" width=\"300\" height=\"137\" srcset=\"https:\/\/chestnut.ovh\/wp-content\/uploads\/2013\/02\/Gron-Ind\u00e9pendant-de-lYonne-7-02-2012-redim-300x137.jpg 300w, https:\/\/chestnut.ovh\/wp-content\/uploads\/2013\/02\/Gron-Ind\u00e9pendant-de-lYonne-7-02-2012-redim-100x46.jpg 100w, https:\/\/chestnut.ovh\/wp-content\/uploads\/2013\/02\/Gron-Ind\u00e9pendant-de-lYonne-7-02-2012-redim-1024x468.jpg 1024w\" sizes=\"auto, (max-width: 300px) 100vw, 300px\" \/><\/a><p class=\"wp-caption-text\">Stage en Bourgogne<br \/>f\u00e9vrier 2012<\/p><\/div>\n<div id=\"attachment_2224\" style=\"width: 310px\"  class=\"wp-caption alignnone\"><a href=\"http:\/\/chestnut.fr\/wp-content\/uploads\/2013\/01\/La-Marne-13-02-2013-1.jpg\"><img loading=\"lazy\" decoding=\"async\" class=\"size-medium wp-image-2224\" title=\"La Marne 13-02-2013 1\" src=\"http:\/\/chestnut.fr\/wp-content\/uploads\/2013\/01\/La-Marne-13-02-2013-1-300x242.jpg\" alt=\"\" width=\"300\" height=\"242\" srcset=\"https:\/\/chestnut.ovh\/wp-content\/uploads\/2013\/01\/La-Marne-13-02-2013-1-300x242.jpg 300w, https:\/\/chestnut.ovh\/wp-content\/uploads\/2013\/01\/La-Marne-13-02-2013-1-100x81.jpg 100w, https:\/\/chestnut.ovh\/wp-content\/uploads\/2013\/01\/La-Marne-13-02-2013-1-1024x827.jpg 1024w, https:\/\/chestnut.ovh\/wp-content\/uploads\/2013\/01\/La-Marne-13-02-2013-1.jpg 1607w\" sizes=\"auto, (max-width: 300px) 100vw, 300px\" \/><\/a><p class=\"wp-caption-text\">Bal animation pour la municipalit\u00e9 de Claye-Souilly<br \/>f\u00e9vrier 2013<\/p><\/div>\n<div id=\"attachment_2225\" style=\"width: 310px\"  class=\"wp-caption alignnone\"><a href=\"http:\/\/chestnut.fr\/wp-content\/uploads\/2013\/01\/La-Marne-13-02-2013-2.jpg\"><img loading=\"lazy\" decoding=\"async\" class=\"size-medium wp-image-2225\" title=\"La Marne 13-02-2013 2\" src=\"http:\/\/chestnut.fr\/wp-content\/uploads\/2013\/01\/La-Marne-13-02-2013-2-300x182.jpg\" alt=\"\" width=\"300\" height=\"182\" srcset=\"https:\/\/chestnut.ovh\/wp-content\/uploads\/2013\/01\/La-Marne-13-02-2013-2-300x182.jpg 300w, https:\/\/chestnut.ovh\/wp-content\/uploads\/2013\/01\/La-Marne-13-02-2013-2-100x61.jpg 100w, https:\/\/chestnut.ovh\/wp-content\/uploads\/2013\/01\/La-Marne-13-02-2013-2-1024x621.jpg 1024w\" sizes=\"auto, (max-width: 300px) 100vw, 300px\" \/><\/a><p class=\"wp-caption-text\">Bal animation pour la municipalit\u00e9 de Claye-Souilly<br \/>f\u00e9vrier 2013<\/p><\/div><!--:--><!--:en--><\/p>\n<div>\n<dl id=\"attachment_2258\">\n<dt><a href=\"http:\/\/chestnut.fr\/wp-content\/uploads\/2013\/02\/Cit\u00e9-de-la-Musique-f\u00e9vrier-2011002-redim.jpg\"><img loading=\"lazy\" decoding=\"async\" title=\"Cit\u00e9 de la Musique f\u00e9vrier 2011002 redim\" src=\"http:\/\/chestnut.fr\/wp-content\/uploads\/2013\/02\/Cit\u00e9-de-la-Musique-f\u00e9vrier-2011002-redim-210x300.jpg\" alt=\"\" width=\"210\" height=\"300\" \/><\/a><\/dt>\n<dd>Animation pour la Boston Camerata<\/p>\n<p>Cit\u00e9 de la Musique, Paris<\/p>\n<p>f\u00e9vrier 2011<\/dd>\n<\/dl>\n<\/div>\n<div>\n<dl id=\"attachment_2260\">\n<dt><a href=\"http:\/\/chestnut.fr\/wp-content\/uploads\/2013\/02\/Gron-Ind\u00e9pendant-de-lYonne-3-02-2012002.jpg\"><img loading=\"lazy\" decoding=\"async\" title=\"Gron Ind\u00e9pendant de l'Yonne 3-02-2012002\" src=\"http:\/\/chestnut.fr\/wp-content\/uploads\/2013\/02\/Gron-Ind\u00e9pendant-de-lYonne-3-02-2012002-300x152.jpg\" alt=\"\" width=\"300\" height=\"152\" \/><\/a><\/dt>\n<dd>Stage en Bourgogne<\/p>\n<p>f\u00e9vrier 2012<\/dd>\n<\/dl>\n<\/div>\n<div>\n<dl id=\"attachment_2239\">\n<dt><a href=\"http:\/\/chestnut.fr\/wp-content\/uploads\/2013\/02\/Gron-Ind\u00e9pendant-de-lYonne-7-02-2012-redim.jpg\"><img loading=\"lazy\" decoding=\"async\" title=\"Gron Ind\u00e9pendant de l'Yonne 7-02-2012 redim\" src=\"http:\/\/chestnut.fr\/wp-content\/uploads\/2013\/02\/Gron-Ind\u00e9pendant-de-lYonne-7-02-2012-redim-300x137.jpg\" alt=\"\" width=\"300\" height=\"137\" \/><\/a><\/dt>\n<dd>Stage en Bourgogne<\/p>\n<p>f\u00e9vrier 2012<\/dd>\n<\/dl>\n<\/div>\n<div>\n<dl id=\"attachment_2224\">\n<dt><a href=\"http:\/\/chestnut.fr\/wp-content\/uploads\/2013\/01\/La-Marne-13-02-2013-1.jpg\"><img loading=\"lazy\" decoding=\"async\" title=\"La Marne 13-02-2013 1\" src=\"http:\/\/chestnut.fr\/wp-content\/uploads\/2013\/01\/La-Marne-13-02-2013-1-300x242.jpg\" alt=\"\" width=\"300\" height=\"242\" \/><\/a><\/dt>\n<dd>Bal animation pour la municipalit\u00e9 de Claye-Souilly<\/p>\n<p>f\u00e9vrier 2013<\/dd>\n<\/dl>\n<\/div>\n<div>\n<dl id=\"attachment_2225\">\n<dt><a href=\"http:\/\/chestnut.fr\/wp-content\/uploads\/2013\/01\/La-Marne-13-02-2013-2.jpg\"><img loading=\"lazy\" decoding=\"async\" title=\"La Marne 13-02-2013 2\" src=\"http:\/\/chestnut.fr\/wp-content\/uploads\/2013\/01\/La-Marne-13-02-2013-2-300x182.jpg\" alt=\"\" width=\"300\" height=\"182\" \/><\/a><\/dt>\n<dd>Bal animation pour la municipalit\u00e9 de Claye-Souilly<\/p>\n<p>f\u00e9vrier 2013<\/dd>\n<\/dl>\n<\/div>\n<p><!--:--><\/p>\n","protected":false},"excerpt":{"rendered":"<p>Animation pour la Boston Camerata Cit\u00e9 de la Musique, Paris f\u00e9vrier 2011 Stage en Bourgogne f\u00e9vrier 2012 Stage en Bourgogne f\u00e9vrier 2012 Bal animation pour la municipalit\u00e9 de Claye-Souilly f\u00e9vrier 2013 Bal animation pour la municipalit\u00e9 de Claye-Souilly f\u00e9vrier 2013<\/p>\n","protected":false},"author":8,"featured_media":0,"parent":0,"menu_order":12,"comment_status":"open","ping_status":"open","template":"","meta":{"_monsterinsights_skip_tracking":false,"_monsterinsights_sitenote_active":false,"_monsterinsights_sitenote_note":"","_monsterinsights_sitenote_category":0,"footnotes":""},"class_list":["post-2237","page","type-page","status-publish","hentry"],"yoast_head":"<!-- This site is optimized with the Yoast SEO plugin v19.6.1 - https:\/\/yoast.com\/wordpress\/plugins\/seo\/ -->\n<title>Presse Press - Chestnut<\/title>\n<meta name=\"robots\" content=\"index, follow, max-snippet:-1, max-image-preview:large, max-video-preview:-1\" \/>\n<link rel=\"canonical\" href=\"https:\/\/chestnut.ovh\/presse\/\" \/>\n<meta name=\"twitter:label1\" content=\"Estimated reading time\" \/>\n\t<meta name=\"twitter:data1\" content=\"1 minute\" \/>\n<script type=\"application\/ld+json\" class=\"yoast-schema-graph\">{\"@context\":\"https:\/\/schema.org\",\"@graph\":[{\"@type\":\"WebPage\",\"@id\":\"https:\/\/chestnut.ovh\/presse\/\",\"url\":\"https:\/\/chestnut.ovh\/presse\/\",\"name\":\"Presse Press - Chestnut\",\"isPartOf\":{\"@id\":\"https:\/\/chestnut.ovh\/#website\"},\"datePublished\":\"2013-02-23T20:18:18+00:00\",\"dateModified\":\"2013-03-27T19:39:00+00:00\",\"breadcrumb\":{\"@id\":\"https:\/\/chestnut.ovh\/presse\/#breadcrumb\"},\"inLanguage\":\"en-GB\",\"potentialAction\":[{\"@type\":\"ReadAction\",\"target\":[\"https:\/\/chestnut.ovh\/presse\/\"]}]},{\"@type\":\"BreadcrumbList\",\"@id\":\"https:\/\/chestnut.ovh\/presse\/#breadcrumb\",\"itemListElement\":[{\"@type\":\"ListItem\",\"position\":1,\"name\":\"Accueil\",\"item\":\"https:\/\/chestnut.ovh\/\"},{\"@type\":\"ListItem\",\"position\":2,\"name\":\"Presse Press\"}]},{\"@type\":\"WebSite\",\"@id\":\"https:\/\/chestnut.ovh\/#website\",\"url\":\"https:\/\/chestnut.ovh\/\",\"name\":\"Chestnut\",\"description\":\"English Country Dancing & Danses anciennes de l&#039;\u00e9poque des Stuarts .... et des romans de Jane Austen !\",\"potentialAction\":[{\"@type\":\"SearchAction\",\"target\":{\"@type\":\"EntryPoint\",\"urlTemplate\":\"https:\/\/chestnut.ovh\/?s={search_term_string}\"},\"query-input\":\"required name=search_term_string\"}],\"inLanguage\":\"en-GB\"}]}<\/script>\n<!-- \/ Yoast SEO plugin. -->","yoast_head_json":{"title":"Presse Press - Chestnut","robots":{"index":"index","follow":"follow","max-snippet":"max-snippet:-1","max-image-preview":"max-image-preview:large","max-video-preview":"max-video-preview:-1"},"canonical":"https:\/\/chestnut.ovh\/presse\/","twitter_misc":{"Estimated reading time":"1 minute"},"schema":{"@context":"https:\/\/schema.org","@graph":[{"@type":"WebPage","@id":"https:\/\/chestnut.ovh\/presse\/","url":"https:\/\/chestnut.ovh\/presse\/","name":"Presse Press - Chestnut","isPartOf":{"@id":"https:\/\/chestnut.ovh\/#website"},"datePublished":"2013-02-23T20:18:18+00:00","dateModified":"2013-03-27T19:39:00+00:00","breadcrumb":{"@id":"https:\/\/chestnut.ovh\/presse\/#breadcrumb"},"inLanguage":"en-GB","potentialAction":[{"@type":"ReadAction","target":["https:\/\/chestnut.ovh\/presse\/"]}]},{"@type":"BreadcrumbList","@id":"https:\/\/chestnut.ovh\/presse\/#breadcrumb","itemListElement":[{"@type":"ListItem","position":1,"name":"Accueil","item":"https:\/\/chestnut.ovh\/"},{"@type":"ListItem","position":2,"name":"Presse Press"}]},{"@type":"WebSite","@id":"https:\/\/chestnut.ovh\/#website","url":"https:\/\/chestnut.ovh\/","name":"Chestnut","description":"English Country Dancing & Danses anciennes de l&#039;\u00e9poque des Stuarts .... et des romans de Jane Austen !","potentialAction":[{"@type":"SearchAction","target":{"@type":"EntryPoint","urlTemplate":"https:\/\/chestnut.ovh\/?s={search_term_string}"},"query-input":"required name=search_term_string"}],"inLanguage":"en-GB"}]}},"_links":{"self":[{"href":"https:\/\/chestnut.ovh\/en\/wp-json\/wp\/v2\/pages\/2237","targetHints":{"allow":["GET"]}}],"collection":[{"href":"https:\/\/chestnut.ovh\/en\/wp-json\/wp\/v2\/pages"}],"about":[{"href":"https:\/\/chestnut.ovh\/en\/wp-json\/wp\/v2\/types\/page"}],"author":[{"embeddable":true,"href":"https:\/\/chestnut.ovh\/en\/wp-json\/wp\/v2\/users\/8"}],"replies":[{"embeddable":true,"href":"https:\/\/chestnut.ovh\/en\/wp-json\/wp\/v2\/comments?post=2237"}],"version-history":[{"count":23,"href":"https:\/\/chestnut.ovh\/en\/wp-json\/wp\/v2\/pages\/2237\/revisions"}],"predecessor-version":[{"id":2268,"href":"https:\/\/chestnut.ovh\/en\/wp-json\/wp\/v2\/pages\/2237\/revisions\/2268"}],"wp:attachment":[{"href":"https:\/\/chestnut.ovh\/en\/wp-json\/wp\/v2\/media?parent=2237"}],"curies":[{"name":"wp","href":"https:\/\/api.w.org\/{rel}","templated":true}]}}