{"id":2312,"date":"2013-03-27T19:16:14","date_gmt":"2013-03-27T19:16:14","guid":{"rendered":"http:\/\/chestnut.fr\/?page_id=2312"},"modified":"2023-03-27T14:31:00","modified_gmt":"2023-03-27T13:31:00","slug":"le-costume","status":"publish","type":"page","link":"https:\/\/chestnut.ovh\/en\/le-costume\/","title":{"rendered":"Costume"},"content":{"rendered":"<hr \/>\n<h4><span style=\"font-family: arial, helvetica, sans-serif;\"><strong>Le costume<\/strong><\/span><\/h4>\n<hr \/>\n<p><span style=\"font-family: arial, helvetica, sans-serif;\">Pour nous qui aimons ce r\u00e9pertoire des contredanses anglaises et qui nous effor\u00e7ons de le garder accessible et vivant, nous pensons que la plus belle parure d\u2019un danseur c\u2019est son style, sa posture et sa musicalit\u00e9. Cependant, nous pensons aussi qu\u2019\u00e0 un certain niveau de pratique, porter un costume peut amplifier ce style, cette posture et cette musicalit\u00e9.<\/span><\/p>\n<hr \/>\n<h4><span style=\"font-family: arial, helvetica, sans-serif;\"><strong>Code vestimentaire des bals en costume<\/strong><\/span><\/h4>\n<hr \/>\n<p><span style=\"font-family: arial, helvetica, sans-serif;\">Les p\u00e9riodes historiques retenues pour les bals en costume de Chestnut sont celles de l\u2019Angleterre de la premi\u00e8re moiti\u00e9 du XVII<sup>\u00e8me<\/sup>\u00a0si\u00e8cle ou la p\u00e9riode Regency.<\/span><\/p>\n<hr \/>\n<h4><span style=\"font-size: 18px; font-family: arial, helvetica, sans-serif;\">Sur le costume<\/span><\/h4>\n<hr \/>\n<div><span style=\"line-height: 10.285714149475098px; font-family: arial, helvetica, sans-serif;\">TEMPS D&#8217;\u00c9L\u00c9GANCE<\/span><\/div>\n<div>Beaucoup d&#8217;infos sur le costume &#8230;<\/div>\n<div>\n<p><span style=\"font-family: arial, helvetica, sans-serif;\"><span style=\"font-family: arial, helvetica, sans-serif;\"><a href=\"http:\/\/tempsdelegance.com\/\">http:\/\/tempsdelegance.com<\/a><\/span><\/span><\/p>\n<hr \/>\n<p><strong><span style=\"font-family: arial, helvetica, sans-serif; font-size: 18px;\">Faire faire son costume<\/span><\/strong><\/p>\n<hr \/>\n<p><span style=\"font-family: arial, helvetica, sans-serif;\">LES VERTUGADINS<\/span><\/p>\n<\/div>\n<div><span style=\"font-family: arial, helvetica, sans-serif;\"><a href=\"http:\/\/www.vertugadins.com\/\">http:\/\/www.vertugadins.com<\/a><\/span><\/div>\n<address><a href=\"mailto:%61%74%65%6c%69%65%72%40%76%65%72%74%75%67%61%64%69%6e%73%2e%63%6f%6d\">atelier@vertugadins.com<\/a><span><span> ou au 01 46 71 45 08<\/span><\/span><\/address>\n<hr \/>\n<h4><strong><span style=\"font-family: arial, helvetica, sans-serif; font-size: 18px;\">Louer son costume<\/span><\/strong><\/h4>\n<hr \/>\n<p><span style=\"font-family: arial, helvetica, sans-serif;\">SOMMIER<\/span><\/p>\n<div><span style=\"font-family: arial, helvetica, sans-serif;\">Passage Brady 75010 PARIS 01.42.08.27.01 <a href=\"http:\/\/www.sommier.com\/\">http:\/\/www.sommier.com<\/a><\/span><\/div>\n<p>&nbsp;<\/p>\n<div><\/div>\n<div>LE VESTIAIRE :<\/div>\n<div>14 rue de Thionville &#8211;\u00a075019 PARIS\u00a0Standard : 01 58 51 47 72\u00a0Portable \u00a0: 06 33 09 19 54<\/div>\n<div><a href=\"http:\/\/www.lesitelevestiaire.com\">http:\/\/www.lesitelevestiaire.com\u00a0<\/a><\/div>\n<div>Email Civil : <a href=\"mailto:levestiaireloc@gmail.com\">levestiaireloc@gmail.com<\/a><br \/>\nEmail Uniformes \/ Militaire : <a href=\"mailto:levestiaireuniformes@gmail.com\">levestiaireuniformes@gmail.com<\/a><\/div>\n<p>&nbsp;<\/p>\n<div><span style=\"font-family: arial, helvetica, sans-serif;\">THEATR&#8217;HALL<\/span><\/div>\n<div>06.15.87.58.89 (apr\u00e8s 11 h)\u00a0<span style=\"font-family: arial, helvetica, sans-serif;\">\/\u00a0<\/span><a href=\"http:\/\/www.theatrhall.com\/\">http:\/\/www.theatrhall.com<\/a><\/div>\n<address>\u00a0<\/address>\n<div><span style=\"font-family: arial, helvetica, sans-serif;\">REGIFILM <\/span><\/div>\n<div><span style=\"font-family: arial, helvetica, sans-serif;\">60, rue Amelot 75011 PARIS 01.43.55.52.55 <\/span><span style=\"font-family: arial, helvetica, sans-serif;\"><a href=\"http:\/\/www.regifilm.com\/\">http:\/\/www.regifilm.com<\/a><\/span><\/div>\n<address>\u00a0<\/address>\n<div><span style=\"font-family: arial, helvetica, sans-serif;\">LA COMPAGNIE DU COSTUME <\/span><\/div>\n<div><span style=\"font-family: arial, helvetica, sans-serif;\">2, rue des Gaillards 95140 GARGES-LES-GONESSE 01 39 86 84 84 <a href=\"http:\/\/www.compagnie-du-costume.fr\/\">http:\/\/www.compagnie-du-costume.fr<\/a><\/span><\/div>\n<p>&nbsp;<\/p>\n<div>\n<div><\/div>\n<div><span style=\"font-family: arial, helvetica, sans-serif;\">LES VERTUGADINS<\/span><\/div>\n<div><span style=\"font-family: arial, helvetica, sans-serif;\"><a href=\"http:\/\/www.vertugadins.com\/\">http:\/\/www.vertugadins.com<\/a><\/span><\/div>\n<address><a href=\"mailto:%6c%6f%63%61%74%69%6f%6e%40%76%65%72%74%75%67%61%64%69%6e%73%2e%63%6f%6d\">location@vertugadins.com<\/a><span> ou au 01 70 13 90 72<\/span><\/address>\n<h4><\/h4>\n<\/div>\n<address>\u00a0<\/address>\n","protected":false},"excerpt":{"rendered":"<p>Le costume Pour nous qui aimons ce r\u00e9pertoire des contredanses anglaises et qui nous effor\u00e7ons de le garder accessible et vivant, nous pensons que la plus belle parure d\u2019un danseur c\u2019est son style, sa posture et sa musicalit\u00e9. Cependant, nous pensons aussi qu\u2019\u00e0 un certain niveau de pratique, porter un costume peut amplifier ce style, [&hellip;]<\/p>\n","protected":false},"author":8,"featured_media":0,"parent":0,"menu_order":11,"comment_status":"open","ping_status":"open","template":"","meta":{"_monsterinsights_skip_tracking":false,"_monsterinsights_sitenote_active":false,"_monsterinsights_sitenote_note":"","_monsterinsights_sitenote_category":0,"footnotes":""},"class_list":["post-2312","page","type-page","status-publish","hentry"],"yoast_head":"<!-- This site is optimized with the Yoast SEO plugin v19.6.1 - https:\/\/yoast.com\/wordpress\/plugins\/seo\/ -->\n<title>Costume - Chestnut<\/title>\n<meta name=\"robots\" content=\"index, follow, max-snippet:-1, max-image-preview:large, max-video-preview:-1\" \/>\n<link rel=\"canonical\" href=\"https:\/\/chestnut.ovh\/le-costume\/\" \/>\n<meta name=\"twitter:label1\" content=\"Estimated reading time\" \/>\n\t<meta name=\"twitter:data1\" content=\"2 minutes\" \/>\n<script type=\"application\/ld+json\" class=\"yoast-schema-graph\">{\"@context\":\"https:\/\/schema.org\",\"@graph\":[{\"@type\":\"WebPage\",\"@id\":\"https:\/\/chestnut.ovh\/le-costume\/\",\"url\":\"https:\/\/chestnut.ovh\/le-costume\/\",\"name\":\"[:en]Costume[:fr]Le costume[:] - Chestnut\",\"isPartOf\":{\"@id\":\"https:\/\/chestnut.ovh\/#website\"},\"datePublished\":\"2013-03-27T19:16:14+00:00\",\"dateModified\":\"2023-03-27T13:31:00+00:00\",\"breadcrumb\":{\"@id\":\"https:\/\/chestnut.ovh\/le-costume\/#breadcrumb\"},\"inLanguage\":\"en-GB\",\"potentialAction\":[{\"@type\":\"ReadAction\",\"target\":[\"https:\/\/chestnut.ovh\/le-costume\/\"]}]},{\"@type\":\"BreadcrumbList\",\"@id\":\"https:\/\/chestnut.ovh\/le-costume\/#breadcrumb\",\"itemListElement\":[{\"@type\":\"ListItem\",\"position\":1,\"name\":\"Accueil\",\"item\":\"https:\/\/chestnut.ovh\/\"},{\"@type\":\"ListItem\",\"position\":2,\"name\":\"Le costume\"}]},{\"@type\":\"WebSite\",\"@id\":\"https:\/\/chestnut.ovh\/#website\",\"url\":\"https:\/\/chestnut.ovh\/\",\"name\":\"Chestnut\",\"description\":\"English Country Dancing & Danses anciennes de l&#039;\u00e9poque des Stuarts .... et des romans de Jane Austen !\",\"potentialAction\":[{\"@type\":\"SearchAction\",\"target\":{\"@type\":\"EntryPoint\",\"urlTemplate\":\"https:\/\/chestnut.ovh\/?s={search_term_string}\"},\"query-input\":\"required name=search_term_string\"}],\"inLanguage\":\"en-GB\"}]}<\/script>\n<!-- \/ Yoast SEO plugin. -->","yoast_head_json":{"title":"Costume - Chestnut","robots":{"index":"index","follow":"follow","max-snippet":"max-snippet:-1","max-image-preview":"max-image-preview:large","max-video-preview":"max-video-preview:-1"},"canonical":"https:\/\/chestnut.ovh\/le-costume\/","twitter_misc":{"Estimated reading time":"2 minutes"},"schema":{"@context":"https:\/\/schema.org","@graph":[{"@type":"WebPage","@id":"https:\/\/chestnut.ovh\/le-costume\/","url":"https:\/\/chestnut.ovh\/le-costume\/","name":"[:en]Costume[:fr]Le costume[:] - Chestnut","isPartOf":{"@id":"https:\/\/chestnut.ovh\/#website"},"datePublished":"2013-03-27T19:16:14+00:00","dateModified":"2023-03-27T13:31:00+00:00","breadcrumb":{"@id":"https:\/\/chestnut.ovh\/le-costume\/#breadcrumb"},"inLanguage":"en-GB","potentialAction":[{"@type":"ReadAction","target":["https:\/\/chestnut.ovh\/le-costume\/"]}]},{"@type":"BreadcrumbList","@id":"https:\/\/chestnut.ovh\/le-costume\/#breadcrumb","itemListElement":[{"@type":"ListItem","position":1,"name":"Accueil","item":"https:\/\/chestnut.ovh\/"},{"@type":"ListItem","position":2,"name":"Le costume"}]},{"@type":"WebSite","@id":"https:\/\/chestnut.ovh\/#website","url":"https:\/\/chestnut.ovh\/","name":"Chestnut","description":"English Country Dancing & Danses anciennes de l&#039;\u00e9poque des Stuarts .... et des romans de Jane Austen !","potentialAction":[{"@type":"SearchAction","target":{"@type":"EntryPoint","urlTemplate":"https:\/\/chestnut.ovh\/?s={search_term_string}"},"query-input":"required name=search_term_string"}],"inLanguage":"en-GB"}]}},"_links":{"self":[{"href":"https:\/\/chestnut.ovh\/en\/wp-json\/wp\/v2\/pages\/2312","targetHints":{"allow":["GET"]}}],"collection":[{"href":"https:\/\/chestnut.ovh\/en\/wp-json\/wp\/v2\/pages"}],"about":[{"href":"https:\/\/chestnut.ovh\/en\/wp-json\/wp\/v2\/types\/page"}],"author":[{"embeddable":true,"href":"https:\/\/chestnut.ovh\/en\/wp-json\/wp\/v2\/users\/8"}],"replies":[{"embeddable":true,"href":"https:\/\/chestnut.ovh\/en\/wp-json\/wp\/v2\/comments?post=2312"}],"version-history":[{"count":122,"href":"https:\/\/chestnut.ovh\/en\/wp-json\/wp\/v2\/pages\/2312\/revisions"}],"predecessor-version":[{"id":12452,"href":"https:\/\/chestnut.ovh\/en\/wp-json\/wp\/v2\/pages\/2312\/revisions\/12452"}],"wp:attachment":[{"href":"https:\/\/chestnut.ovh\/en\/wp-json\/wp\/v2\/media?parent=2312"}],"curies":[{"name":"wp","href":"https:\/\/api.w.org\/{rel}","templated":true}]}}