{"id":2666,"date":"2013-06-27T08:37:07","date_gmt":"2013-06-27T08:37:07","guid":{"rendered":"http:\/\/chestnut.fr\/?page_id=2666"},"modified":"2015-09-03T08:16:17","modified_gmt":"2015-09-03T08:16:17","slug":"spectacle-animation","status":"publish","type":"page","link":"https:\/\/chestnut.ovh\/en\/spectacle-animation\/","title":{"rendered":"Spectacle-Animation"},"content":{"rendered":"<blockquote><p><b><\/b><\/p>\n<div class=\"grandflv\"><div id=\"video_4808\" style=\"overflow:hidden;\"><video src=\"https:\/\/chestnut.ovh\/wp-content\/uploads\/2015\/02\/Bande-Annonce-RDC.flv\" autoplay controls poster=\"http:\/\/chestnut.fr\/wp-content\/uploads\/2015\/02\/DSC_2542-300x200.jpg\" width=\"400\" height=\"300\"><img decoding=\"async\" src=\"http:\/\/chestnut.fr\/wp-content\/uploads\/2015\/02\/DSC_2542-300x200.jpg\" style=\"float:left;margin-right:10px;width:150px;height:auto;\" alt=\"\" \/><strong>Le journal dans\u00e9 de Samuel Pepys<\/strong><p>Sorry, your browser doesn't support this type of video, but don't worry, you can <a href=\"https:\/\/chestnut.ovh\/wp-content\/uploads\/2015\/02\/Bande-Annonce-RDC.flv\" download=\"Bande-Annonce-RDC.flv\">download it<\/a> and watch it with your favorite video player!<\/p><\/video><\/div><\/div>\n<p>&nbsp;<\/p><\/blockquote>\n<p><b>JOURNAL DANS\u00c9 DE SAMUEL PEPYS\u00a0<\/b><b><\/b><\/p>\n<p><b>Danser l&#8217;histoire ! \u00a0&#8230;.\u00a0Animer&#8230;.\u00a0Divertir&#8230;..<\/b><\/p>\n<p>Chestnut vous propose un spectacle mettant en sc\u00e8ne quelques unes des plus belles contredanses anglaises illustrant des passage du journal de Samuel Pepys (1660-1669) suivi d&#8217;une animation de bal.<\/p>\n<ul>\n<li><strong>Offrir<\/strong>\u00a0\u00e0 vos invit\u00e9s de &#8230;..<\/li>\n<li><strong>Se divertir<\/strong> en \u00e9tant actif<\/li>\n<li><strong>Cr\u00e9er<\/strong> du lien en \u00ab\u00a0\u00e9tant\u00a0\u00bb\u00a0avec les autres et surtout en \u00ab\u00a0faisant\u00a0\u00bb avec eux<\/li>\n<li><strong>D\u00e9couvrir<\/strong> une \u00e9poque historique et un r\u00e9pertoire joyeux et convivial<\/li>\n<li><strong>Obtenir<\/strong> rapidement et dans une implication mod\u00e9r\u00e9e un r\u00e9sultat visible sans acquisition pr\u00e9alable d\u2019une grande technicit\u00e9<\/li>\n<li><strong>Go\u00fbter<\/strong> au plaisir du mouvement en coordination avec tous les autres danseurs<\/li>\n<li><strong>Faire na\u00eetre<\/strong> un climat d\u00e9tendu et festif.<\/li>\n<\/ul>\n<p>&nbsp;<\/p>\n<p><b><b><a href=\"http:\/\/chestnut.fr\/wp-content\/uploads\/2013\/06\/Affiche-Les-Mesnuls.jpg\"><img loading=\"lazy\" decoding=\"async\" class=\"size-medium wp-image-2810 alignleft\" src=\"http:\/\/chestnut.fr\/wp-content\/uploads\/2013\/06\/Affiche-Les-Mesnuls-212x300.jpg\" alt=\"Affiche Les Mesnuls\" width=\"212\" height=\"300\" srcset=\"https:\/\/chestnut.ovh\/wp-content\/uploads\/2013\/06\/Affiche-Les-Mesnuls-212x300.jpg 212w, https:\/\/chestnut.ovh\/wp-content\/uploads\/2013\/06\/Affiche-Les-Mesnuls-100x141.jpg 100w, https:\/\/chestnut.ovh\/wp-content\/uploads\/2013\/06\/Affiche-Les-Mesnuls-723x1024.jpg 723w, https:\/\/chestnut.ovh\/wp-content\/uploads\/2013\/06\/Affiche-Les-Mesnuls-600x848.jpg 600w, https:\/\/chestnut.ovh\/wp-content\/uploads\/2013\/06\/Affiche-Les-Mesnuls.jpg 842w\" sizes=\"auto, (max-width: 212px) 100vw, 212px\" \/><\/a><\/b>PATRIMOINE<\/b> La pratique des contredanses anglaises, maintenue jusqu\u2019\u00e0 nos jours chez nos voisins d\u2019outre-manche, est\u00a0 un patrimoine actuel et vivant. Elle permet de retrouver des gestes et des attitudes des hommes et des femmes des soci\u00e9t\u00e9s pass\u00e9es,\u00a0 de partager un moment joyeux de leur r\u00e9alit\u00e9 et de go\u00fbter aux \u00e9motions qui furent les leurs. Au milieu de la foule anim\u00e9e des anonymes qui ont dans\u00e9 ce r\u00e9pertoire, on peut parfaitement imaginer croiser \u00e0 la faveur de la progression d\u2019une danse, <b>Elisabeth I\u00e8re, Shakespeare, Charles II, Purcell, Samuel Pepys,<\/b> ou bien encore <b>Voltaire<\/b>, dans son exil de Londres en 1726 et peut-\u00eatre bien aussi les personnages romanesques de <b>Jane Austen<\/b>. Ainsi le bal ajoute au divertissement pr\u00e9sent un \u00e9clairage sur un pan entier de l\u2019histoire des divertissements ou chaque participant devient pleinement acteur de ce patrimoine en le vivant et en le faisant vivre.<\/p>\n<p>&nbsp;<\/p>\n<p><b><a href=\"http:\/\/chestnut.fr\/wp-content\/uploads\/2013\/06\/entr\u00e9e-du-roiredim-4.jpg\"><img loading=\"lazy\" decoding=\"async\" class=\"size-medium wp-image-2814 alignright\" src=\"http:\/\/chestnut.fr\/wp-content\/uploads\/2013\/06\/entr\u00e9e-du-roiredim-4-246x300.jpg\" alt=\"entr\u00e9e du roiredim 4\" width=\"246\" height=\"300\" srcset=\"https:\/\/chestnut.ovh\/wp-content\/uploads\/2013\/06\/entr\u00e9e-du-roiredim-4-246x300.jpg 246w, https:\/\/chestnut.ovh\/wp-content\/uploads\/2013\/06\/entr\u00e9e-du-roiredim-4-100x122.jpg 100w, https:\/\/chestnut.ovh\/wp-content\/uploads\/2013\/06\/entr\u00e9e-du-roiredim-4-841x1024.jpg 841w, https:\/\/chestnut.ovh\/wp-content\/uploads\/2013\/06\/entr\u00e9e-du-roiredim-4-600x730.jpg 600w, https:\/\/chestnut.ovh\/wp-content\/uploads\/2013\/06\/entr\u00e9e-du-roiredim-4.jpg 1781w\" sizes=\"auto, (max-width: 246px) 100vw, 246px\" \/><\/a>HISTOIRE<\/b>\u00a0Danses anciennes collectives \u00e0 figures qui furent tr\u00e8s en vogue en Angleterre et dans les cours d\u2019Europe du XVI\u00e8me au XIX\u00e8me si\u00e8cle, et bien qu&#8217;un peu \u00e9clips\u00e9es en milieu citadin par l&#8217;apparition des danses de couple, la pratique des contredanses anglaises s&#8217;est n\u00e9anmoins perp\u00e9tu\u00e9e jusqu&#8217;\u00e0 nos jours. Ces danses\u00a0ont travers\u00e9 le temps t\u00e9moignant d\u2019une robustesse et d\u2019une modernit\u00e9 remarquables.\u00a0Enracin\u00e9es dans la ruralit\u00e9 anglaise o\u00f9 des chercheurs passionn\u00e9s les retrouvent au d\u00e9but du si\u00e8cle dernier les contredanses anglaises sont collect\u00e9es et transcrites cependant que le r\u00e9pertoire plus ancien est red\u00e9couvert, actualis\u00e9 et mis \u00e0 disposition du public fervent de l\u2019Angleterre de l\u2019entre-deux-guerres. A la m\u00eame \u00e9poque, le r\u00e9pertoire est augment\u00e9 de chor\u00e9graphies modernes.<\/p>\n<p>Les plus anciennes de ces danses furent structur\u00e9es sous le r\u00e8gne de la reine Elisabeth I\u00e8re et ont continu\u00e9 depuis lors leur carri\u00e8re, constamment enrichies de chor\u00e9graphies nouvelles. Ainsi, des cours d\u2019auberges au palais royal en passant par le salon des manoirs,\u00a0 elles ont jou\u00e9 dans tous les milieux de l\u2019Angleterre et \u00e0 toutes les \u00e9poques leur r\u00f4le d\u2019animation. Elles continuent \u00e0 le faire aujourd\u2019hui.<\/p>\n<p><img loading=\"lazy\" decoding=\"async\" class=\"size-medium wp-image-2816 alignleft\" src=\"http:\/\/chestnut.fr\/wp-content\/uploads\/2013\/06\/Adsons-Saraband-2-recadr\u00e9e-2-300x117.jpg\" alt=\"Adson's Saraband 2 recadr\u00e9e 2\" width=\"300\" height=\"117\" srcset=\"https:\/\/chestnut.ovh\/wp-content\/uploads\/2013\/06\/Adsons-Saraband-2-recadr\u00e9e-2-300x117.jpg 300w, https:\/\/chestnut.ovh\/wp-content\/uploads\/2013\/06\/Adsons-Saraband-2-recadr\u00e9e-2-100x39.jpg 100w, https:\/\/chestnut.ovh\/wp-content\/uploads\/2013\/06\/Adsons-Saraband-2-recadr\u00e9e-2-1024x399.jpg 1024w, https:\/\/chestnut.ovh\/wp-content\/uploads\/2013\/06\/Adsons-Saraband-2-recadr\u00e9e-2-600x234.jpg 600w\" sizes=\"auto, (max-width: 300px) 100vw, 300px\" \/><\/p>\n<p>Con\u00e7ues comme des danses sociales o\u00f9 chaque couple danse avec tous les autres couples dans des formations en ligne, en cercle ou en quadrille, le r\u00e9pertoire des contredanses anglaises est riche et parfois complexe. Il peut passer du grave au tr\u00e8s ludique, mais son style reste toujours sobre et \u00e9l\u00e9gant.<\/p>\n<p><img loading=\"lazy\" decoding=\"async\" class=\"size-medium wp-image-2818 alignright\" src=\"http:\/\/chestnut.fr\/wp-content\/uploads\/2013\/06\/P1020628-300x167.jpg\" alt=\"P1020628\" width=\"300\" height=\"167\" srcset=\"https:\/\/chestnut.ovh\/wp-content\/uploads\/2013\/06\/P1020628-300x167.jpg 300w, https:\/\/chestnut.ovh\/wp-content\/uploads\/2013\/06\/P1020628-100x56.jpg 100w, https:\/\/chestnut.ovh\/wp-content\/uploads\/2013\/06\/P1020628.jpg 448w\" sizes=\"auto, (max-width: 300px) 100vw, 300px\" \/><\/p>\n<p>C\u00e9cile LAYE enseigne ces danses anciennes en les repla\u00e7ant dans le continuum historique auxquelles elles appartiennent tout en\u00a0les rapprochant des r\u00e9pertoires contemporains, notamment ceux de la France de la fin du XVI\u00e8me si\u00e8cle et de l\u2019Italie du d\u00e9but du XVII\u00e8me et les fait d\u00e9couvrir \u00e0 un large public au cours de spectacles-animations.<\/p>\n","protected":false},"excerpt":{"rendered":"<p>&nbsp; JOURNAL DANS\u00c9 DE SAMUEL PEPYS\u00a0 Danser l&#8217;histoire ! \u00a0&#8230;.\u00a0Animer&#8230;.\u00a0Divertir&#8230;.. Chestnut vous propose un spectacle mettant en sc\u00e8ne quelques unes des plus belles contredanses anglaises illustrant des passage du journal de Samuel Pepys (1660-1669) suivi d&#8217;une animation de bal. Offrir\u00a0\u00e0 vos invit\u00e9s de &#8230;.. Se divertir en \u00e9tant actif Cr\u00e9er du lien en \u00ab\u00a0\u00e9tant\u00a0\u00bb\u00a0avec les [&hellip;]<\/p>\n","protected":false},"author":8,"featured_media":0,"parent":0,"menu_order":0,"comment_status":"closed","ping_status":"closed","template":"","meta":{"_monsterinsights_skip_tracking":false,"_monsterinsights_sitenote_active":false,"_monsterinsights_sitenote_note":"","_monsterinsights_sitenote_category":0,"footnotes":""},"class_list":["post-2666","page","type-page","status-publish","hentry"],"yoast_head":"<!-- This site is optimized with the Yoast SEO plugin v19.6.1 - https:\/\/yoast.com\/wordpress\/plugins\/seo\/ -->\n<title>Spectacle-Animation - Chestnut<\/title>\n<meta name=\"robots\" content=\"index, follow, max-snippet:-1, max-image-preview:large, max-video-preview:-1\" \/>\n<link rel=\"canonical\" href=\"https:\/\/chestnut.ovh\/spectacle-animation\/\" \/>\n<meta name=\"twitter:label1\" content=\"Estimated reading time\" \/>\n\t<meta name=\"twitter:data1\" content=\"3 minutes\" \/>\n<script type=\"application\/ld+json\" class=\"yoast-schema-graph\">{\"@context\":\"https:\/\/schema.org\",\"@graph\":[{\"@type\":\"WebPage\",\"@id\":\"https:\/\/chestnut.ovh\/spectacle-animation\/\",\"url\":\"https:\/\/chestnut.ovh\/spectacle-animation\/\",\"name\":\"[:fr]Spectacle-Animation[:] - Chestnut\",\"isPartOf\":{\"@id\":\"https:\/\/chestnut.ovh\/#website\"},\"datePublished\":\"2013-06-27T08:37:07+00:00\",\"dateModified\":\"2015-09-03T08:16:17+00:00\",\"breadcrumb\":{\"@id\":\"https:\/\/chestnut.ovh\/spectacle-animation\/#breadcrumb\"},\"inLanguage\":\"en-GB\",\"potentialAction\":[{\"@type\":\"ReadAction\",\"target\":[\"https:\/\/chestnut.ovh\/spectacle-animation\/\"]}]},{\"@type\":\"BreadcrumbList\",\"@id\":\"https:\/\/chestnut.ovh\/spectacle-animation\/#breadcrumb\",\"itemListElement\":[{\"@type\":\"ListItem\",\"position\":1,\"name\":\"Accueil\",\"item\":\"https:\/\/chestnut.ovh\/\"},{\"@type\":\"ListItem\",\"position\":2,\"name\":\"Spectacle-Animation\"}]},{\"@type\":\"WebSite\",\"@id\":\"https:\/\/chestnut.ovh\/#website\",\"url\":\"https:\/\/chestnut.ovh\/\",\"name\":\"Chestnut\",\"description\":\"English Country Dancing & Danses anciennes de l&#039;\u00e9poque des Stuarts .... et des romans de Jane Austen !\",\"potentialAction\":[{\"@type\":\"SearchAction\",\"target\":{\"@type\":\"EntryPoint\",\"urlTemplate\":\"https:\/\/chestnut.ovh\/?s={search_term_string}\"},\"query-input\":\"required name=search_term_string\"}],\"inLanguage\":\"en-GB\"}]}<\/script>\n<!-- \/ Yoast SEO plugin. -->","yoast_head_json":{"title":"Spectacle-Animation - Chestnut","robots":{"index":"index","follow":"follow","max-snippet":"max-snippet:-1","max-image-preview":"max-image-preview:large","max-video-preview":"max-video-preview:-1"},"canonical":"https:\/\/chestnut.ovh\/spectacle-animation\/","twitter_misc":{"Estimated reading time":"3 minutes"},"schema":{"@context":"https:\/\/schema.org","@graph":[{"@type":"WebPage","@id":"https:\/\/chestnut.ovh\/spectacle-animation\/","url":"https:\/\/chestnut.ovh\/spectacle-animation\/","name":"[:fr]Spectacle-Animation[:] - Chestnut","isPartOf":{"@id":"https:\/\/chestnut.ovh\/#website"},"datePublished":"2013-06-27T08:37:07+00:00","dateModified":"2015-09-03T08:16:17+00:00","breadcrumb":{"@id":"https:\/\/chestnut.ovh\/spectacle-animation\/#breadcrumb"},"inLanguage":"en-GB","potentialAction":[{"@type":"ReadAction","target":["https:\/\/chestnut.ovh\/spectacle-animation\/"]}]},{"@type":"BreadcrumbList","@id":"https:\/\/chestnut.ovh\/spectacle-animation\/#breadcrumb","itemListElement":[{"@type":"ListItem","position":1,"name":"Accueil","item":"https:\/\/chestnut.ovh\/"},{"@type":"ListItem","position":2,"name":"Spectacle-Animation"}]},{"@type":"WebSite","@id":"https:\/\/chestnut.ovh\/#website","url":"https:\/\/chestnut.ovh\/","name":"Chestnut","description":"English Country Dancing & Danses anciennes de l&#039;\u00e9poque des Stuarts .... et des romans de Jane Austen !","potentialAction":[{"@type":"SearchAction","target":{"@type":"EntryPoint","urlTemplate":"https:\/\/chestnut.ovh\/?s={search_term_string}"},"query-input":"required name=search_term_string"}],"inLanguage":"en-GB"}]}},"_links":{"self":[{"href":"https:\/\/chestnut.ovh\/en\/wp-json\/wp\/v2\/pages\/2666","targetHints":{"allow":["GET"]}}],"collection":[{"href":"https:\/\/chestnut.ovh\/en\/wp-json\/wp\/v2\/pages"}],"about":[{"href":"https:\/\/chestnut.ovh\/en\/wp-json\/wp\/v2\/types\/page"}],"author":[{"embeddable":true,"href":"https:\/\/chestnut.ovh\/en\/wp-json\/wp\/v2\/users\/8"}],"replies":[{"embeddable":true,"href":"https:\/\/chestnut.ovh\/en\/wp-json\/wp\/v2\/comments?post=2666"}],"version-history":[{"count":78,"href":"https:\/\/chestnut.ovh\/en\/wp-json\/wp\/v2\/pages\/2666\/revisions"}],"predecessor-version":[{"id":5567,"href":"https:\/\/chestnut.ovh\/en\/wp-json\/wp\/v2\/pages\/2666\/revisions\/5567"}],"wp:attachment":[{"href":"https:\/\/chestnut.ovh\/en\/wp-json\/wp\/v2\/media?parent=2666"}],"curies":[{"name":"wp","href":"https:\/\/api.w.org\/{rel}","templated":true}]}}