{"id":3881,"date":"2014-06-18T09:26:31","date_gmt":"2014-06-18T09:26:31","guid":{"rendered":"http:\/\/chestnut.fr\/?page_id=3881"},"modified":"2018-11-06T17:20:55","modified_gmt":"2018-11-06T16:20:55","slug":"english-atelier-cfb-cite-internationale","status":"publish","type":"page","link":"https:\/\/chestnut.ovh\/en\/english-atelier-cfb-cite-internationale\/","title":{"rendered":"Atelier de danse historique pour les \u00e9tudiants"},"content":{"rendered":"<div style=\"text-align: center;\"><a href=\"http:\/\/chestnut.fr\/wp-content\/uploads\/2013\/08\/Forum-des-r\u00e9sidents-2014-137redim.jpg\"><img loading=\"lazy\" decoding=\"async\" class=\"size-medium wp-image-4401 alignleft\" src=\"http:\/\/chestnut.fr\/wp-content\/uploads\/2013\/08\/Forum-des-r\u00e9sidents-2014-137redim-300x199.jpg\" alt=\"Forum des r\u00e9sidents 2014-137redim\" width=\"300\" height=\"199\" srcset=\"https:\/\/chestnut.ovh\/wp-content\/uploads\/2013\/08\/Forum-des-r\u00e9sidents-2014-137redim-300x199.jpg 300w, https:\/\/chestnut.ovh\/wp-content\/uploads\/2013\/08\/Forum-des-r\u00e9sidents-2014-137redim-100x67.jpg 100w, https:\/\/chestnut.ovh\/wp-content\/uploads\/2013\/08\/Forum-des-r\u00e9sidents-2014-137redim-1024x682.jpg 1024w, https:\/\/chestnut.ovh\/wp-content\/uploads\/2013\/08\/Forum-des-r\u00e9sidents-2014-137redim-600x399.jpg 600w, https:\/\/chestnut.ovh\/wp-content\/uploads\/2013\/08\/Forum-des-r\u00e9sidents-2014-137redim.jpg 2000w\" sizes=\"auto, (max-width: 300px) 100vw, 300px\" \/><\/a><span><a href=\"#lesdates\"><\/a><\/span><\/div>\n<div><\/div>\n<div><\/div>\n<div><\/div>\n<div><\/div>\n<p>&nbsp;<\/p>\n<p>&nbsp;<\/p>\n<p>&nbsp;<\/p>\n<div>\n<p><img loading=\"lazy\" decoding=\"async\" class=\"size-medium wp-image-3839 alignleft\" src=\"http:\/\/chestnut.fr\/wp-content\/uploads\/2013\/11\/LOGO_CFB_transparent-300x112.jpg\" alt=\"LOGO_CFB_transparent\" width=\"300\" height=\"112\" \/><\/p>\n<\/div>\n<div><\/div>\n<p>&nbsp;<\/p>\n<p>&nbsp;<\/p>\n<p>&nbsp;<\/p>\n<hr \/>\n<div style=\"text-align: center;\"><span style=\"font-family: arial, helvetica, sans-serif;\">L&#8217;atelier n&#8217;est pas reconduit.<\/span><\/div>\n<div><span style=\"font-family: arial, helvetica, sans-serif;\">Si vous \u00eates \u00e9tudiant et int\u00e9ress\u00e9 par les danses \u00e0 figures anglaises, retrouvez-nous (\u00e0 tarif pr\u00e9f\u00e9rentiel pour les moins de 26 ans) dans les diff\u00e9rents <a href=\"https:\/\/chestnut.fr\/brochure-et-dates-2018-2019\/\">cours et ateliers propos\u00e9s pour les d\u00e9butants.<\/a><\/span><\/div>\n<p>&nbsp;<\/p>\n<div>\n<div>\n<hr \/>\n<\/div>\n<\/div>\n<div style=\"text-align: center;\">\n<div><\/div>\n<div><span style=\"font-family: arial, helvetica, sans-serif;\">Page Facebook de l&#8217;atelier :<\/span><\/div>\n<div><\/div>\n<div><a href=\"https:\/\/www.facebook.com\/Atelier-de-danses-historiques-au-Coll%C3%A8ge-Franco-Britannique-1508043712826551\"><img loading=\"lazy\" decoding=\"async\" class=\"wp-image-7191 aligncenter\" src=\"http:\/\/chestnut.fr\/wp-content\/uploads\/2014\/06\/facebook-logo-png-1-300x227.png\" alt=\"facebook-logo-png-1\" width=\"100\" height=\"76\" \/><\/a><\/div>\n<\/div>\n<div><\/div>\n<div><\/div>\n<hr \/>\n<div><\/div>\n<div style=\"text-align: center;\"><span style=\"font-family: arial, helvetica, sans-serif;\">Reportage de <span style=\"text-decoration: underline;\"><strong><a href=\"http:\/\/www.francemusique.fr\/emission\/le-dossier-du-jour\/2015-2016\/la-danse-de-la-renaissance-03-07-2016-07-10\">France Musique<\/a><\/strong><\/span>\u00a0sur l&#8217;atelier<\/span><\/div>\n<div style=\"text-align: center;\"><a href=\"http:\/\/www.francemusique.fr\/emission\/le-dossier-du-jour\/2015-2016\/la-danse-de-la-renaissance-03-07-2016-07-10\"><img loading=\"lazy\" decoding=\"async\" class=\"alignnone wp-image-6353 size-full aligncenter\" src=\"http:\/\/chestnut.fr\/wp-content\/uploads\/2013\/08\/logoFMu.png\" alt=\"logoFMu\" width=\"119\" height=\"119\" srcset=\"https:\/\/chestnut.ovh\/wp-content\/uploads\/2013\/08\/logoFMu.png 119w, https:\/\/chestnut.ovh\/wp-content\/uploads\/2013\/08\/logoFMu-100x100.png 100w\" sizes=\"auto, (max-width: 119px) 100vw, 119px\" \/><\/a><\/div>\n<hr \/>\n<div style=\"text-align: center;\"><iframe loading=\"lazy\" frameborder=\"0\" height=\"158\" src=\"https:\/\/www.youtube.com\/embed\/FCVDADidWdU\" width=\"280\"><\/iframe><\/div>\n<hr \/>\n<div style=\"text-align: center;\">\n<p><span style=\"font-size: 14pt; font-family: arial, helvetica, sans-serif;\">Ils vous en parlent :<\/span><\/p>\n<p><iframe loading=\"lazy\" frameborder=\"0\" height=\"158\" src=\"https:\/\/www.youtube.com\/embed\/eeW2fC2B67U\" width=\"280\"><\/iframe><\/p>\n<hr \/>\n<\/div>\n<p>&nbsp;<\/p>\n<div style=\"text-align: center;\"><iframe loading=\"lazy\" style=\"border: none; overflow: hidden;\" frameborder=\"0\" height=\"158\" scrolling=\"no\" src=\"https:\/\/www.facebook.com\/plugins\/post.php?href=https%3A%2F%2Fwww.facebook.com%2Fevents%2F341560952867331%2Fpermalink%2F341656432857783%2F&#038;width=500\" width=\"280\"><\/iframe><\/div>\n<div style=\"text-align: center;\">\n<p>&nbsp;<\/p>\n<p><iframe loading=\"lazy\" frameborder=\"0\" height=\"158\" src=\"https:\/\/www.youtube.com\/embed\/YlnmO7V7iS4\" width=\"280\"><\/iframe><\/p>\n<p><iframe loading=\"lazy\" frameborder=\"0\" height=\"158\" src=\"https:\/\/www.youtube.com\/embed\/yq-6ccSl8FQ\" width=\"280\"><\/iframe><\/p>\n<p><iframe loading=\"lazy\" frameborder=\"0\" height=\"158\" src=\"https:\/\/www.youtube.com\/embed\/m78XU9ZvNs0\" width=\"280\"><\/iframe><\/p>\n<hr \/>\n<h3 id=\"lesdates\"><span style=\"font-family: arial, helvetica, sans-serif;\">Dates 2018-2019 :<\/span><\/h3>\n<\/div>\n<div><\/div>\n<div style=\"text-align: center;\"><span style=\"font-family: arial, helvetica, sans-serif;\">L&#8217;atelier n&#8217;est pas reconduit.<\/span><\/div>\n<div><span style=\"font-family: arial, helvetica, sans-serif;\">Si vous \u00eates \u00e9tudiant et int\u00e9ress\u00e9 par les danses \u00e0 figures anglaises, retrouvez-nous (\u00e0 tarif pr\u00e9f\u00e9rentiel pour les moins de 26 ans) dans les diff\u00e9rents <a href=\"https:\/\/chestnut.fr\/brochure-et-dates-2018-2019\/\">cours et ateliers propos\u00e9s pour les d\u00e9butants.<\/a><\/span><\/div>\n<h2 style=\"text-align: center;\"><\/h2>\n<blockquote>\n<div style=\"text-align: center;\"><span style=\"font-family: arial, helvetica, sans-serif;\"><strong><a href=\"http:\/\/chestnut.fr\/ateliers-etudiants-infos-pratiques\/\">Infos pratiques<\/a><\/strong><\/span><\/div>\n<div style=\"text-align: center;\"><span style=\"font-family: arial, helvetica, sans-serif;\"><strong><a href=\"http:\/\/chestnut.fr\/ateliers-etudiants-infos-pratiques\/#tarif\">Tarif<\/a><\/strong><\/span><\/div>\n<div style=\"text-align: center;\"><span style=\"font-family: arial, helvetica, sans-serif;\"><strong><a href=\"http:\/\/chestnut.fr\/ateliers-etudiants-infos-pratiques\/#insc\">Comment s&#8217;inscrire ?<\/a><\/strong><\/span><\/div>\n<\/blockquote>\n<hr \/>\n<div style=\"text-align: center;\"><\/div>\n<div style=\"text-align: center;\"><span style=\"font-family: arial, helvetica, sans-serif;\">Page Facebook de l&#8217;atelier :<\/span><\/div>\n<div style=\"text-align: center;\"><\/div>\n<div style=\"text-align: center;\"><a href=\"https:\/\/www.facebook.com\/Atelier-de-danses-historiques-au-Coll%C3%A8ge-Franco-Britannique-1508043712826551\"><img loading=\"lazy\" decoding=\"async\" class=\"wp-image-7191 aligncenter\" src=\"http:\/\/chestnut.fr\/wp-content\/uploads\/2014\/06\/facebook-logo-png-1-300x227.png\" alt=\"facebook-logo-png-1\" width=\"100\" height=\"76\" \/><\/a><\/div>\n<div style=\"text-align: center;\"><\/div>\n<hr \/>\n<div style=\"text-align: center;\"><span style=\"font-size: 14pt; font-family: arial, helvetica, sans-serif;\"><strong>D\u00e9monstration de fin d&#8217;ann\u00e9e :<\/strong><\/span><\/div>\n<p>&nbsp;<\/p>\n<p><span style=\"font-family: arial, helvetica, sans-serif;\"><a href=\"http:\/\/chestnut.fr\/?attachment_id=7123\"><img loading=\"lazy\" decoding=\"async\" class=\"wp-image-7123 size-medium alignleft\" src=\"http:\/\/chestnut.fr\/wp-content\/uploads\/2013\/08\/CFB-flyer-Forum-2016-212x300.jpg\" width=\"212\" height=\"300\" srcset=\"https:\/\/chestnut.ovh\/wp-content\/uploads\/2013\/08\/CFB-flyer-Forum-2016-212x300.jpg 212w, https:\/\/chestnut.ovh\/wp-content\/uploads\/2013\/08\/CFB-flyer-Forum-2016-100x141.jpg 100w, https:\/\/chestnut.ovh\/wp-content\/uploads\/2013\/08\/CFB-flyer-Forum-2016-768x1086.jpg 768w, https:\/\/chestnut.ovh\/wp-content\/uploads\/2013\/08\/CFB-flyer-Forum-2016-724x1024.jpg 724w, https:\/\/chestnut.ovh\/wp-content\/uploads\/2013\/08\/CFB-flyer-Forum-2016-600x848.jpg 600w, https:\/\/chestnut.ovh\/wp-content\/uploads\/2013\/08\/CFB-flyer-Forum-2016.jpg 1240w\" sizes=\"auto, (max-width: 212px) 100vw, 212px\" \/><\/a>L&#8217;atelier donnera lieu \u00e0 l&#8217;issue d&#8217;une s\u00e9rie de s\u00e9ances \u00e0 une d\u00e9monstration lors de la\u00a0F\u00eate de la Cit\u00e9 Internationale. Elle sera l&#8217;occasion de pr\u00e9senter 2 ou 3 danses pr\u00e9par\u00e9es pendant l&#8217;ann\u00e9e.\u00a0<\/span><\/p>\n<hr \/>\n<p><span style=\"font-family: arial, helvetica, sans-serif;\"><strong><a href=\"http:\/\/chestnut.fr\/ateliers-etudiants-infos-pratiques\/\">Comment s&#8217;inscrire ? Infos pratiques et tarifs<\/a><\/strong><\/span><\/p>\n<p><span style=\"font-family: arial, helvetica, sans-serif;\">Pour tous renseignements, n&#8217;h\u00e9sitez pas \u00e0 nous contacter au 01 45 70 83 94 ou \u00e0 contact@chestnut.fr.<\/span><\/p>\n<p><span style=\"font-family: arial, helvetica, sans-serif;\"><span style=\"color: #331900;\">Pour recevoir\u00a0nos informations concernant ces ateliers\u00a0<\/span><strong><span style=\"color: #ff0000;\"><a href=\"http:\/\/chestnut.fr\/\"><span style=\"color: #ff0000;\">abonnez-vous<\/span><\/a><\/span><\/strong><span style=\"color: #331900;\">\u00a0\u00e0 notre newsletter.<\/span><\/span><\/p>\n<hr \/>\n<p><span style=\"color: #331900;\"><\/span><\/p>\n<div style=\"text-align: center;\">\n<p><span style=\"font-family: arial, helvetica, sans-serif;\">A bient\u00f4t pour de belles danses !<\/span><\/p>\n<p><a href=\"http:\/\/chestnut.fr\/wp-content\/uploads\/2013\/08\/Forum-des-r\u00e9sidents-2014-137redim.jpg\"><img loading=\"lazy\" decoding=\"async\" class=\"size-medium wp-image-4401 aligncenter\" src=\"http:\/\/chestnut.fr\/wp-content\/uploads\/2013\/08\/Forum-des-r\u00e9sidents-2014-137redim-300x199.jpg\" alt=\"Forum des r\u00e9sidents 2014-137redim\" width=\"300\" height=\"199\" srcset=\"https:\/\/chestnut.ovh\/wp-content\/uploads\/2013\/08\/Forum-des-r\u00e9sidents-2014-137redim-300x199.jpg 300w, https:\/\/chestnut.ovh\/wp-content\/uploads\/2013\/08\/Forum-des-r\u00e9sidents-2014-137redim-100x67.jpg 100w, https:\/\/chestnut.ovh\/wp-content\/uploads\/2013\/08\/Forum-des-r\u00e9sidents-2014-137redim-1024x682.jpg 1024w, https:\/\/chestnut.ovh\/wp-content\/uploads\/2013\/08\/Forum-des-r\u00e9sidents-2014-137redim-600x399.jpg 600w, https:\/\/chestnut.ovh\/wp-content\/uploads\/2013\/08\/Forum-des-r\u00e9sidents-2014-137redim.jpg 2000w\" sizes=\"auto, (max-width: 300px) 100vw, 300px\" \/><\/a><\/p>\n<p><a href=\"http:\/\/chestnut.fr\/wp-content\/uploads\/2013\/11\/LOGO_CFB_transparent-e1402481714962.jpg\"><img loading=\"lazy\" decoding=\"async\" class=\"size-medium wp-image-3839 aligncenter\" src=\"http:\/\/chestnut.fr\/wp-content\/uploads\/2013\/11\/LOGO_CFB_transparent-300x112.jpg\" alt=\"LOGO_CFB_transparent\" width=\"300\" height=\"112\" \/><\/a><\/p>\n<\/div>\n","protected":false},"excerpt":{"rendered":"<p>&nbsp; &nbsp; &nbsp; &nbsp; &nbsp; &nbsp; L&#8217;atelier n&#8217;est pas reconduit. Si vous \u00eates \u00e9tudiant et int\u00e9ress\u00e9 par les danses \u00e0 figures anglaises, retrouvez-nous (\u00e0 tarif pr\u00e9f\u00e9rentiel pour les moins de 26 ans) dans les diff\u00e9rents cours et ateliers propos\u00e9s pour les d\u00e9butants. &nbsp; Page Facebook de l&#8217;atelier : Reportage de France Musique\u00a0sur l&#8217;atelier Ils vous [&hellip;]<\/p>\n","protected":false},"author":8,"featured_media":0,"parent":0,"menu_order":0,"comment_status":"closed","ping_status":"closed","template":"","meta":{"_monsterinsights_skip_tracking":false,"_monsterinsights_sitenote_active":false,"_monsterinsights_sitenote_note":"","_monsterinsights_sitenote_category":0,"footnotes":""},"class_list":["post-3881","page","type-page","status-publish","hentry"],"yoast_head":"<!-- This site is optimized with the Yoast SEO plugin v19.6.1 - https:\/\/yoast.com\/wordpress\/plugins\/seo\/ -->\n<title>Atelier de danse historique pour les \u00e9tudiants - Chestnut<\/title>\n<meta name=\"robots\" content=\"index, follow, max-snippet:-1, max-image-preview:large, max-video-preview:-1\" \/>\n<link rel=\"canonical\" href=\"https:\/\/chestnut.ovh\/english-atelier-cfb-cite-internationale\/\" \/>\n<meta name=\"twitter:label1\" content=\"Estimated reading time\" \/>\n\t<meta name=\"twitter:data1\" content=\"1 minute\" \/>\n<script type=\"application\/ld+json\" class=\"yoast-schema-graph\">{\"@context\":\"https:\/\/schema.org\",\"@graph\":[{\"@type\":\"WebPage\",\"@id\":\"https:\/\/chestnut.ovh\/english-atelier-cfb-cite-internationale\/\",\"url\":\"https:\/\/chestnut.ovh\/english-atelier-cfb-cite-internationale\/\",\"name\":\"[:fr]Atelier de danse historique pour les \u00e9tudiants[:] - Chestnut\",\"isPartOf\":{\"@id\":\"https:\/\/chestnut.ovh\/#website\"},\"datePublished\":\"2014-06-18T09:26:31+00:00\",\"dateModified\":\"2018-11-06T16:20:55+00:00\",\"breadcrumb\":{\"@id\":\"https:\/\/chestnut.ovh\/english-atelier-cfb-cite-internationale\/#breadcrumb\"},\"inLanguage\":\"en-GB\",\"potentialAction\":[{\"@type\":\"ReadAction\",\"target\":[\"https:\/\/chestnut.ovh\/english-atelier-cfb-cite-internationale\/\"]}]},{\"@type\":\"BreadcrumbList\",\"@id\":\"https:\/\/chestnut.ovh\/english-atelier-cfb-cite-internationale\/#breadcrumb\",\"itemListElement\":[{\"@type\":\"ListItem\",\"position\":1,\"name\":\"Accueil\",\"item\":\"https:\/\/chestnut.ovh\/\"},{\"@type\":\"ListItem\",\"position\":2,\"name\":\"Atelier de danse historique pour les \u00e9tudiants\"}]},{\"@type\":\"WebSite\",\"@id\":\"https:\/\/chestnut.ovh\/#website\",\"url\":\"https:\/\/chestnut.ovh\/\",\"name\":\"Chestnut\",\"description\":\"English Country Dancing & Danses anciennes de l&#039;\u00e9poque des Stuarts .... et des romans de Jane Austen !\",\"potentialAction\":[{\"@type\":\"SearchAction\",\"target\":{\"@type\":\"EntryPoint\",\"urlTemplate\":\"https:\/\/chestnut.ovh\/?s={search_term_string}\"},\"query-input\":\"required name=search_term_string\"}],\"inLanguage\":\"en-GB\"}]}<\/script>\n<!-- \/ Yoast SEO plugin. -->","yoast_head_json":{"title":"Atelier de danse historique pour les \u00e9tudiants - Chestnut","robots":{"index":"index","follow":"follow","max-snippet":"max-snippet:-1","max-image-preview":"max-image-preview:large","max-video-preview":"max-video-preview:-1"},"canonical":"https:\/\/chestnut.ovh\/english-atelier-cfb-cite-internationale\/","twitter_misc":{"Estimated reading time":"1 minute"},"schema":{"@context":"https:\/\/schema.org","@graph":[{"@type":"WebPage","@id":"https:\/\/chestnut.ovh\/english-atelier-cfb-cite-internationale\/","url":"https:\/\/chestnut.ovh\/english-atelier-cfb-cite-internationale\/","name":"[:fr]Atelier de danse historique pour les \u00e9tudiants[:] - Chestnut","isPartOf":{"@id":"https:\/\/chestnut.ovh\/#website"},"datePublished":"2014-06-18T09:26:31+00:00","dateModified":"2018-11-06T16:20:55+00:00","breadcrumb":{"@id":"https:\/\/chestnut.ovh\/english-atelier-cfb-cite-internationale\/#breadcrumb"},"inLanguage":"en-GB","potentialAction":[{"@type":"ReadAction","target":["https:\/\/chestnut.ovh\/english-atelier-cfb-cite-internationale\/"]}]},{"@type":"BreadcrumbList","@id":"https:\/\/chestnut.ovh\/english-atelier-cfb-cite-internationale\/#breadcrumb","itemListElement":[{"@type":"ListItem","position":1,"name":"Accueil","item":"https:\/\/chestnut.ovh\/"},{"@type":"ListItem","position":2,"name":"Atelier de danse historique pour les \u00e9tudiants"}]},{"@type":"WebSite","@id":"https:\/\/chestnut.ovh\/#website","url":"https:\/\/chestnut.ovh\/","name":"Chestnut","description":"English Country Dancing & Danses anciennes de l&#039;\u00e9poque des Stuarts .... et des romans de Jane Austen !","potentialAction":[{"@type":"SearchAction","target":{"@type":"EntryPoint","urlTemplate":"https:\/\/chestnut.ovh\/?s={search_term_string}"},"query-input":"required name=search_term_string"}],"inLanguage":"en-GB"}]}},"_links":{"self":[{"href":"https:\/\/chestnut.ovh\/en\/wp-json\/wp\/v2\/pages\/3881","targetHints":{"allow":["GET"]}}],"collection":[{"href":"https:\/\/chestnut.ovh\/en\/wp-json\/wp\/v2\/pages"}],"about":[{"href":"https:\/\/chestnut.ovh\/en\/wp-json\/wp\/v2\/types\/page"}],"author":[{"embeddable":true,"href":"https:\/\/chestnut.ovh\/en\/wp-json\/wp\/v2\/users\/8"}],"replies":[{"embeddable":true,"href":"https:\/\/chestnut.ovh\/en\/wp-json\/wp\/v2\/comments?post=3881"}],"version-history":[{"count":257,"href":"https:\/\/chestnut.ovh\/en\/wp-json\/wp\/v2\/pages\/3881\/revisions"}],"predecessor-version":[{"id":8428,"href":"https:\/\/chestnut.ovh\/en\/wp-json\/wp\/v2\/pages\/3881\/revisions\/8428"}],"wp:attachment":[{"href":"https:\/\/chestnut.ovh\/en\/wp-json\/wp\/v2\/media?parent=3881"}],"curies":[{"name":"wp","href":"https:\/\/api.w.org\/{rel}","templated":true}]}}