{"id":4047,"date":"2014-07-31T08:38:26","date_gmt":"2014-07-31T08:38:26","guid":{"rendered":"http:\/\/chestnut.fr\/?page_id=4047"},"modified":"2018-09-08T12:34:47","modified_gmt":"2018-09-08T11:34:47","slug":"temoignages-etudiants-ciup","status":"publish","type":"page","link":"https:\/\/chestnut.ovh\/en\/temoignages-etudiants-ciup\/","title":{"rendered":"Students&#039; Testimonies"},"content":{"rendered":"<address class=\"p1\">&#8220;J&#8217;ai particip\u00e9 \u00e0 l&#8217;atelier en 2013-2014. Je suis reconnaissante car vous m&#8217;avez appris une danse que je ne connaissais pas dans mon pays d&#8217;origine (La Colombie). Maintenant je vais me marier dans mon pays et j&#8217;aimerais que vous soyez l\u00e0 pour nous apprendre cette danse merveilleuse pour mon mariage. Je vous encourage a continuer. Merci beaucoup.&#8221;<\/p>\n<h5><span style=\"font-family: arial, helvetica, sans-serif;\"><strong>Diana (Colombie) 22.01.2018<\/strong><\/span><\/h5>\n<p>&nbsp;<\/p>\n<p>&#8221; &#8230;\u00a0merci pour le plaisir que vous m&#8217;avez donn\u00e9 d&#8217;avoir appris et dans\u00e9 ces danses avec\u00a0mes amis au Coll\u00e8ge Franco-Britannique tous les premiers mardis du mois \u00e0 partir de septembre dernier. Jusqu&#8217;\u00e0 pr\u00e9sent, j&#8217;avais \u00a0dans\u00e9 \u00a0la salsa, le tango et des danses folkloriques bulgares mais j&#8217;\u00e9tais fortement attir\u00e9e par les danses historiques qui m&#8217;avaient \u00e9t\u00e9 propos\u00e9es par les\u00a0souriants\u00a0danseurs de Chestnut dans leurs beaux costumes au forum des r\u00e9sidents de la CITE U. Merci encore une fois de m&#8217;avoir fait voyager \u00e0 travers les si\u00e8cles. Je vais garder contact pour revenir danser avec vous lors de mon retour \u00e0 Paris.&#8221;<\/p>\n<p><span style=\"font-family: arial, helvetica, sans-serif;\"><strong>Yana (Bulgarie)\u00a016.01.2015\u00a0<\/strong><\/span><\/p>\n<\/address>\n<address class=\"p1\">&#8220;J&#8217;ai ador\u00e9 les ateliers ! C&#8217;\u00e9tait comme plonger dans le temps de Jane Austen, je me suis sentie comme une vraie mademoiselle \ud83d\ude09 La danse est tr\u00e8s sp\u00e9ciale, je n&#8217;ai jamais eu une exp\u00e9rience pareille, mais C\u00e9cile explique tr\u00e8s bien et nous avons appris facilement. Et la musique est fantastique !&#8221;<\/address>\n<p><span style=\"font-family: arial, helvetica, sans-serif;\"><strong>Sara (Slov\u00e9nie)\u00a019.06.2014\u00a0<\/strong><\/span><\/p>\n<address class=\"p1\">\u00a0<\/address>\n<address class=\"p1\">&#8220;J&#8217;ai beaucoup aim\u00e9 \u00eatre danseur dans cette atmosph\u00e8re Renaissance et anglaise parce que ces danses anciennes \u00e0 la grande richesse m\u00e9lodique m&#8217;ont projet\u00e9 dans un autre temps, une autre \u00e9poque &#8230; assez surprenante.<\/address>\n<address class=\"p1\">Et durant les exercices, le jeu est tr\u00e8s int\u00e9ressant puisqu&#8217;il s&#8217;agit de rester avec sa partenaire tout en accomplissant d&#8217;autres figures avec d&#8217;autres participantes \u00e0 intervalles r\u00e9guliers, une jolie fa\u00e7on de faire connaissance car cette danse servait aussi \u00e0 cela \u00e0 l&#8217;\u00e9poque, en plus de la joie de la pratiquer.<\/address>\n<address class=\"p1\">Merci donc \u00e0 l&#8217;\u00e9quipe de Chestnut et C\u00e9cile Laye pour vos attentions et votre p\u00e9dagogie, et pour la d\u00e9monstration finale bien r\u00e9ussie.&#8221;<\/address>\n<p><span style=\"font-family: arial, helvetica, sans-serif;\"><strong>Laurent\u00a0(France) 18.06.2014\u00a0<\/strong><\/span><\/p>\n<address class=\"p1\">&#8220;C&#8217;est avec grande joie que je vous \u00e9cris ce message pour vous remercier encore une fois pour les cours\u00a0de Chestnut a la Cit\u00e9 Internationale universitaire de Paris.Merci de nous avoir donn\u00e9 l&#8217;occasion de nous \u00e9vader du quotidien et de prendre un peu de temps pour voyager dans l&#8217;histoire!<\/address>\n<address class=\"p1\">La d\u00e9monstration de dimanche [25 mai 2014] a \u00e9t\u00e9 super, c&#8217;\u00e9tait la fa\u00e7on id\u00e9ale de cl\u00f4turer une tr\u00e8s belle ann\u00e9e \ud83d\ude42<\/address>\n<address class=\"p1\">Une fois encore vous avez mes remerciements.<\/address>\n<address class=\"p1\">On vous voit l&#8217;ann\u00e9e prochaine a l&#8217;atelier de danse Chestnut \u00e0 Alesia \u00a0:)&#8221;<\/address>\n<p><span style=\"font-family: arial, helvetica, sans-serif;\"><strong>Despina (Gr\u00e8ce) 27.05.2014\u00a0<\/strong><\/span><\/p>\n<address>&#8220;est-ce que vous allez continuer les cours \u00e0 la Cit\u00e9 U ?&#8221;<\/address>\n<p><span style=\"font-family: arial, helvetica, sans-serif;\"><strong>Nuria (Espagne) 28.08.2013<\/strong><\/span><\/p>\n<address>\u00a0<\/address>\n<address>&#8220;Je me suis bien amus\u00e9e aux ateliers et au bal en costume et je voudrais dire \u00e0 toute l&#8217; \u00e9quipe : Merci !! Maintenant, je suis retourn\u00e9e en Autriche et \u00e7a me rend triste que je ne puisse plus pratiquer les danses anciennes.&#8221;<\/address>\n<p><span style=\"font-family: arial, helvetica, sans-serif;\"><strong>Mirjam (Autriche) 27.08.2013<\/strong><\/span><\/p>\n<address>\u00a0<\/address>\n<address>&#8220;Bonjour C\u00e9cile,\u00a0Bonjour Eric &#8230;\u00a0je vous remercie des cours de danses ainsi que pour ce bal extraordinaire !\u00a0Ca m&#8217;a fait tr\u00e8s plaisir d&#8217;y participer .&#8221;<\/address>\n<p><span style=\"font-family: arial, helvetica, sans-serif;\"><strong>Sandra (Allemagne) 29.05.2013<\/strong><\/span><\/p>\n<p><strong>\u00a0<\/strong><\/p>\n","protected":false},"excerpt":{"rendered":"<p>&#8220;J&#8217;ai particip\u00e9 \u00e0 l&#8217;atelier en 2013-2014. Je suis reconnaissante car vous m&#8217;avez appris une danse que je ne connaissais pas dans mon pays d&#8217;origine (La Colombie). Maintenant je vais me marier dans mon pays et j&#8217;aimerais que vous soyez l\u00e0 pour nous apprendre cette danse merveilleuse pour mon mariage. Je vous encourage a continuer. Merci [&hellip;]<\/p>\n","protected":false},"author":8,"featured_media":0,"parent":0,"menu_order":0,"comment_status":"closed","ping_status":"closed","template":"","meta":{"_monsterinsights_skip_tracking":false,"_monsterinsights_sitenote_active":false,"_monsterinsights_sitenote_note":"","_monsterinsights_sitenote_category":0,"footnotes":""},"class_list":["post-4047","page","type-page","status-publish","hentry"],"yoast_head":"<!-- This site is optimized with the Yoast SEO plugin v19.6.1 - https:\/\/yoast.com\/wordpress\/plugins\/seo\/ -->\n<title>Students&#039; Testimonies - Chestnut<\/title>\n<meta name=\"robots\" content=\"index, follow, max-snippet:-1, max-image-preview:large, max-video-preview:-1\" \/>\n<link rel=\"canonical\" href=\"https:\/\/chestnut.ovh\/temoignages-etudiants-ciup\/\" \/>\n<meta name=\"twitter:label1\" content=\"Estimated reading time\" \/>\n\t<meta name=\"twitter:data1\" content=\"3 minutes\" \/>\n<script type=\"application\/ld+json\" class=\"yoast-schema-graph\">{\"@context\":\"https:\/\/schema.org\",\"@graph\":[{\"@type\":\"WebPage\",\"@id\":\"https:\/\/chestnut.ovh\/temoignages-etudiants-ciup\/\",\"url\":\"https:\/\/chestnut.ovh\/temoignages-etudiants-ciup\/\",\"name\":\"[:en]Students&#039; Testimonies[:fr]T\u00e9moignages \u00e9tudiants CIUP[:] - Chestnut\",\"isPartOf\":{\"@id\":\"https:\/\/chestnut.ovh\/#website\"},\"datePublished\":\"2014-07-31T08:38:26+00:00\",\"dateModified\":\"2018-09-08T11:34:47+00:00\",\"breadcrumb\":{\"@id\":\"https:\/\/chestnut.ovh\/temoignages-etudiants-ciup\/#breadcrumb\"},\"inLanguage\":\"en-GB\",\"potentialAction\":[{\"@type\":\"ReadAction\",\"target\":[\"https:\/\/chestnut.ovh\/temoignages-etudiants-ciup\/\"]}]},{\"@type\":\"BreadcrumbList\",\"@id\":\"https:\/\/chestnut.ovh\/temoignages-etudiants-ciup\/#breadcrumb\",\"itemListElement\":[{\"@type\":\"ListItem\",\"position\":1,\"name\":\"Accueil\",\"item\":\"https:\/\/chestnut.ovh\/\"},{\"@type\":\"ListItem\",\"position\":2,\"name\":\"T\u00e9moignages \u00e9tudiants CIUP\"}]},{\"@type\":\"WebSite\",\"@id\":\"https:\/\/chestnut.ovh\/#website\",\"url\":\"https:\/\/chestnut.ovh\/\",\"name\":\"Chestnut\",\"description\":\"English Country Dancing & Danses anciennes de l&#039;\u00e9poque des Stuarts .... et des romans de Jane Austen !\",\"potentialAction\":[{\"@type\":\"SearchAction\",\"target\":{\"@type\":\"EntryPoint\",\"urlTemplate\":\"https:\/\/chestnut.ovh\/?s={search_term_string}\"},\"query-input\":\"required name=search_term_string\"}],\"inLanguage\":\"en-GB\"}]}<\/script>\n<!-- \/ Yoast SEO plugin. -->","yoast_head_json":{"title":"Students&#039; Testimonies - Chestnut","robots":{"index":"index","follow":"follow","max-snippet":"max-snippet:-1","max-image-preview":"max-image-preview:large","max-video-preview":"max-video-preview:-1"},"canonical":"https:\/\/chestnut.ovh\/temoignages-etudiants-ciup\/","twitter_misc":{"Estimated reading time":"3 minutes"},"schema":{"@context":"https:\/\/schema.org","@graph":[{"@type":"WebPage","@id":"https:\/\/chestnut.ovh\/temoignages-etudiants-ciup\/","url":"https:\/\/chestnut.ovh\/temoignages-etudiants-ciup\/","name":"[:en]Students&#039; Testimonies[:fr]T\u00e9moignages \u00e9tudiants CIUP[:] - Chestnut","isPartOf":{"@id":"https:\/\/chestnut.ovh\/#website"},"datePublished":"2014-07-31T08:38:26+00:00","dateModified":"2018-09-08T11:34:47+00:00","breadcrumb":{"@id":"https:\/\/chestnut.ovh\/temoignages-etudiants-ciup\/#breadcrumb"},"inLanguage":"en-GB","potentialAction":[{"@type":"ReadAction","target":["https:\/\/chestnut.ovh\/temoignages-etudiants-ciup\/"]}]},{"@type":"BreadcrumbList","@id":"https:\/\/chestnut.ovh\/temoignages-etudiants-ciup\/#breadcrumb","itemListElement":[{"@type":"ListItem","position":1,"name":"Accueil","item":"https:\/\/chestnut.ovh\/"},{"@type":"ListItem","position":2,"name":"T\u00e9moignages \u00e9tudiants CIUP"}]},{"@type":"WebSite","@id":"https:\/\/chestnut.ovh\/#website","url":"https:\/\/chestnut.ovh\/","name":"Chestnut","description":"English Country Dancing & Danses anciennes de l&#039;\u00e9poque des Stuarts .... et des romans de Jane Austen !","potentialAction":[{"@type":"SearchAction","target":{"@type":"EntryPoint","urlTemplate":"https:\/\/chestnut.ovh\/?s={search_term_string}"},"query-input":"required name=search_term_string"}],"inLanguage":"en-GB"}]}},"_links":{"self":[{"href":"https:\/\/chestnut.ovh\/en\/wp-json\/wp\/v2\/pages\/4047","targetHints":{"allow":["GET"]}}],"collection":[{"href":"https:\/\/chestnut.ovh\/en\/wp-json\/wp\/v2\/pages"}],"about":[{"href":"https:\/\/chestnut.ovh\/en\/wp-json\/wp\/v2\/types\/page"}],"author":[{"embeddable":true,"href":"https:\/\/chestnut.ovh\/en\/wp-json\/wp\/v2\/users\/8"}],"replies":[{"embeddable":true,"href":"https:\/\/chestnut.ovh\/en\/wp-json\/wp\/v2\/comments?post=4047"}],"version-history":[{"count":10,"href":"https:\/\/chestnut.ovh\/en\/wp-json\/wp\/v2\/pages\/4047\/revisions"}],"predecessor-version":[{"id":8166,"href":"https:\/\/chestnut.ovh\/en\/wp-json\/wp\/v2\/pages\/4047\/revisions\/8166"}],"wp:attachment":[{"href":"https:\/\/chestnut.ovh\/en\/wp-json\/wp\/v2\/media?parent=4047"}],"curies":[{"name":"wp","href":"https:\/\/api.w.org\/{rel}","templated":true}]}}