{"id":4468,"date":"2014-12-18T11:09:18","date_gmt":"2014-12-18T11:09:18","guid":{"rendered":"http:\/\/chestnut.fr\/?page_id=4468"},"modified":"2015-09-03T07:47:17","modified_gmt":"2015-09-03T07:47:17","slug":"le-roy-mon-cousin-spectacle-et-bal","status":"publish","type":"page","link":"https:\/\/chestnut.ovh\/en\/le-roy-mon-cousin-spectacle-et-bal\/","title":{"rendered":"Le Roy Mon Cousin"},"content":{"rendered":"<h1 style=\"text-align: justify;\"><a href=\"http:\/\/chestnut.fr\/wp-content\/uploads\/2014\/12\/Flyer-RDC-2015-verso-texte3-e1425159863647.jpg\"><img loading=\"lazy\" decoding=\"async\" class=\"alignleft wp-image-4802 size-full\" src=\"http:\/\/chestnut.fr\/wp-content\/uploads\/2014\/12\/Flyer-RDC-2015-verso-texte3.jpg\" alt=\"Flyer RDC 2015 + verso texte3\" width=\"1240\" height=\"1754\" srcset=\"https:\/\/chestnut.ovh\/wp-content\/uploads\/2014\/12\/Flyer-RDC-2015-verso-texte3.jpg 1240w, https:\/\/chestnut.ovh\/wp-content\/uploads\/2014\/12\/Flyer-RDC-2015-verso-texte3-100x141.jpg 100w\" sizes=\"auto, (max-width: 1240px) 100vw, 1240px\" \/><\/a><\/h1>\n<p>&nbsp;<\/p>\n<p>&nbsp;<\/p>\n<p>&nbsp;<\/p>\n<p>&nbsp;<\/p>\n<p>&nbsp;<\/p>\n<p>&nbsp;<\/p>\n<p>&nbsp;<\/p>\n<p>&nbsp;<\/p>\n<p>&nbsp;<\/p>\n<p>&nbsp;<\/p>\n<hr \/>\n<p><span>Dossier de presse &#8220;LE ROY MON COUSIN&#8221; disponible <\/span><span style=\"background-color: #99cc00;\"><a href=\"http:\/\/chestnut.fr\/wp-content\/uploads\/2014\/12\/Dossier-de-Presse-Le-Roy-Mon-Cousin-1.pdf\">ici<\/a><\/span><span>\u00a0en pdf<\/span><\/p>\n<hr \/>\n<p>&nbsp;<\/p>\n<p><span style=\"text-decoration: underline;\">Premi\u00e8re partie<\/span>\u00a0(50 mn) :\u00a0<strong><i>\u00ab <a href=\"http:\/\/chestnut.fr\/spectacle-animation\/\">Journal dans\u00e9 de Samuel Pepys<\/a> \u00bb\u00a0<\/i><i>par la compagnie Chestnut : s<\/i><em>ous le r\u00e8gne de Charles II, un t\u00e9moin de son temps\u00a0<\/em><\/strong><\/p>\n<blockquote><div class=\"grandflv\"><div id=\"video_4808\" style=\"overflow:hidden;\"><video src=\"https:\/\/chestnut.ovh\/wp-content\/uploads\/2015\/02\/Bande-Annonce-RDC.flv\" autoplay controls poster=\"http:\/\/chestnut.fr\/wp-content\/uploads\/2015\/02\/DSC_2542-300x200.jpg\" width=\"400\" height=\"300\"><img decoding=\"async\" src=\"http:\/\/chestnut.fr\/wp-content\/uploads\/2015\/02\/DSC_2542-300x200.jpg\" style=\"float:left;margin-right:10px;width:150px;height:auto;\" alt=\"\" \/><strong>Le journal dans\u00e9 de Samuel Pepys<\/strong><p>Sorry, your browser doesn't support this type of video, but don't worry, you can <a href=\"https:\/\/chestnut.ovh\/wp-content\/uploads\/2015\/02\/Bande-Annonce-RDC.flv\" download=\"Bande-Annonce-RDC.flv\">download it<\/a> and watch it with your favorite video player!<\/p><\/video><\/div><\/div><\/blockquote>\n<p>En 1669, <i>Samuel Pepys <\/i>relit son journal, devant nous, et nous invite au c\u0153ur de sa vie quotidienne.\u2028\u00a0<i>Samuel Pepys <\/i>est un londonien qui a tenu son journal pendant un peu plus de neuf ans \u00e0 partir de 1660, l\u2019ann\u00e9e o\u00f9 la royaut\u00e9 est restaur\u00e9e en Angleterre.\u00a0Lorsqu\u2019il \u00e9crit ses premi\u00e8res pages, il a vingt-sept ans et c\u2019est un obscur employ\u00e9 de bureau. Devenu le principal administrateur de la Marine royale, c\u2019est un homme riche et consid\u00e9r\u00e9 qui interrompt sa chronique en mai 1669.\u00a0<i>Le journal de Samuel Pepys <\/i>est la chronique, d\u2019abord euphorique puis d\u00e9senchant\u00e9e, de l\u2019ascension sociale d\u2019un homme de la Restauration Anglaise qui nous admet dans son intimit\u00e9, tout en nous donnant de pr\u00e9cieuses indications sur les transformations de la soci\u00e9t\u00e9 dans laquelle il vit et sur l\u2019histoire politique et culturelle de son temps.<\/p>\n<p><span style=\"color: #ff0000;\">(<a href=\"http:\/\/chestnut.fr\/pour-preparer-le-spectacle\/\">Proposition de lectures pour approfondir le spectacle<\/a>)<\/span><\/p>\n<h3 style=\"text-align: center;\">Entracte 10 mn<\/h3>\n<h3><span style=\"text-decoration: underline;\">Deuxi\u00e8me partie<\/span>\u00a0(50 mn) :\u00a0<strong><i>\u00ab Turquerie \u00e0 la Fran\u00e7aise \u00bb\u00a0<\/i><i>par la compagnie Fantaisies Baroques : \u00a0<\/i><em>l\u2019affront au Roi Soleil \u00a0<\/em><\/strong><\/h3>\n<h3 style=\"text-align: center;\"><iframe loading=\"lazy\" frameborder=\"0\" height=\"315\" src=\"https:\/\/www.youtube.com\/embed\/ZM_Uvm6Rbkc\" width=\"420\"><\/iframe><\/h3>\n<p>R\u00e9cit de la visite de Soliman Aga, \u00e9missaire de Mehmed IV, sultan de l&#8217;Empire ottoman, aupr\u00e8s du Roi Louis XIV, en novembre 1669.\u00a0Croyant avoir affaire \u00e0 l\u2019ambassadeur du Grand Turc, Louis XIV fait preuve d\u2019une d\u00e9bordante d\u00e9monstration de ses richesses pour impressionner son h\u00f4te. Soliman Aga surpris par tant de c\u00e9r\u00e9monie ne manifeste pas son admiration au roi des Fran\u00e7ais. Celui-ci bless\u00e9 par tant d\u2019indiff\u00e9rence commande une Com\u00e9die-Ballet au c\u00e9l\u00e8bre duo Lully-Moli\u00e8re pour se venger de l\u2019affront subi.\u00a0Cette com\u00e9die-ballet, intitul\u00e9e \u00abLe Bourgeois Gentilhomme\u00bb, est jou\u00e9e pour la premi\u00e8re fois le 14 octobre 1670 \u00e0 Chambord. <strong>&#8220;Turquerie \u00e0 la Fran\u00e7aise&#8221;<\/strong>\u00a0s\u2019appuie sur les <i>M\u00e9moires <\/i>du Chevalier Laurent d\u2019Arvieux qui relate, de fa\u00e7on d\u00e9taill\u00e9e, l\u2019audience que donna Louis XIV \u00e0 Soliman Aga.L\u2019intention est de voyager \u00e0 travers ces cours de Turquie et de France, telles qu\u2019on les imagine au XVIIe si\u00e8cle, avec une pointe d\u2019humour, de fantaisies baroques et un clin d\u2019oeil \u00e0 la c\u00e9l\u00e8bre c\u00e9r\u00e9monie turque du Bourgeois Gentilhomme.<\/p>\n<p><a href=\"http:\/\/www.fantaisiesbaroques.com\/Fantaisies_Baroques\/Accueil.html\"><img loading=\"lazy\" decoding=\"async\" class=\"aligncenter\" style=\"font-size: 12px; border: 2px solid green;\" src=\"http:\/\/chestnut.fr\/wp-content\/uploads\/2013\/11\/Logo-Fantaisies-Baroques-e1385238742872.jpg\" alt=\"Logo Fantaisies Baroques\" width=\"150\" height=\"103\" \/><\/a><\/p>\n<h3 style=\"text-align: center;\">Entracte 5 mn<\/h3>\n<h3><span style=\"text-decoration: underline;\">Troisi\u00e8me\u00a0partie<\/span>\u00a0(20 mn) : <strong>animation de danse pour\u00a0tous<\/strong><\/h3>\n","protected":false},"excerpt":{"rendered":"<p>&nbsp; &nbsp; &nbsp; &nbsp; &nbsp; &nbsp; &nbsp; &nbsp; &nbsp; &nbsp; Dossier de presse &#8220;LE ROY MON COUSIN&#8221; disponible ici\u00a0en pdf &nbsp; Premi\u00e8re partie\u00a0(50 mn) :\u00a0\u00ab Journal dans\u00e9 de Samuel Pepys \u00bb\u00a0par la compagnie Chestnut : sous le r\u00e8gne de Charles II, un t\u00e9moin de son temps\u00a0 En 1669, Samuel Pepys relit son journal, devant nous, [&hellip;]<\/p>\n","protected":false},"author":8,"featured_media":0,"parent":0,"menu_order":0,"comment_status":"closed","ping_status":"closed","template":"","meta":{"_monsterinsights_skip_tracking":false,"_monsterinsights_sitenote_active":false,"_monsterinsights_sitenote_note":"","_monsterinsights_sitenote_category":0,"footnotes":""},"class_list":["post-4468","page","type-page","status-publish","hentry"],"yoast_head":"<!-- This site is optimized with the Yoast SEO plugin v19.6.1 - https:\/\/yoast.com\/wordpress\/plugins\/seo\/ -->\n<title>Le Roy Mon Cousin - Le Roy Mon Cousin - Chestnut<\/title>\n<meta name=\"robots\" content=\"index, follow, max-snippet:-1, max-image-preview:large, max-video-preview:-1\" \/>\n<link rel=\"canonical\" href=\"https:\/\/chestnut.ovh\/le-roy-mon-cousin-spectacle-et-bal\/\" \/>\n<meta name=\"twitter:label1\" content=\"Estimated reading time\" \/>\n\t<meta name=\"twitter:data1\" content=\"2 minutes\" \/>\n<script type=\"application\/ld+json\" class=\"yoast-schema-graph\">{\"@context\":\"https:\/\/schema.org\",\"@graph\":[{\"@type\":\"WebPage\",\"@id\":\"https:\/\/chestnut.ovh\/le-roy-mon-cousin-spectacle-et-bal\/\",\"url\":\"https:\/\/chestnut.ovh\/le-roy-mon-cousin-spectacle-et-bal\/\",\"name\":\"[:fr]Le Roy Mon Cousin - Spectacle et Bal[:en]Le Roy Mon Cousin[:] - Chestnut\",\"isPartOf\":{\"@id\":\"https:\/\/chestnut.ovh\/#website\"},\"datePublished\":\"2014-12-18T11:09:18+00:00\",\"dateModified\":\"2015-09-03T07:47:17+00:00\",\"breadcrumb\":{\"@id\":\"https:\/\/chestnut.ovh\/le-roy-mon-cousin-spectacle-et-bal\/#breadcrumb\"},\"inLanguage\":\"en-GB\",\"potentialAction\":[{\"@type\":\"ReadAction\",\"target\":[\"https:\/\/chestnut.ovh\/le-roy-mon-cousin-spectacle-et-bal\/\"]}]},{\"@type\":\"BreadcrumbList\",\"@id\":\"https:\/\/chestnut.ovh\/le-roy-mon-cousin-spectacle-et-bal\/#breadcrumb\",\"itemListElement\":[{\"@type\":\"ListItem\",\"position\":1,\"name\":\"Accueil\",\"item\":\"https:\/\/chestnut.ovh\/\"},{\"@type\":\"ListItem\",\"position\":2,\"name\":\"Le Roy Mon Cousin &#8211; Spectacle et Bal\"}]},{\"@type\":\"WebSite\",\"@id\":\"https:\/\/chestnut.ovh\/#website\",\"url\":\"https:\/\/chestnut.ovh\/\",\"name\":\"Chestnut\",\"description\":\"English Country Dancing & Danses anciennes de l&#039;\u00e9poque des Stuarts .... et des romans de Jane Austen !\",\"potentialAction\":[{\"@type\":\"SearchAction\",\"target\":{\"@type\":\"EntryPoint\",\"urlTemplate\":\"https:\/\/chestnut.ovh\/?s={search_term_string}\"},\"query-input\":\"required name=search_term_string\"}],\"inLanguage\":\"en-GB\"}]}<\/script>\n<!-- \/ Yoast SEO plugin. -->","yoast_head_json":{"title":"Le Roy Mon Cousin - Le Roy Mon Cousin - Chestnut","robots":{"index":"index","follow":"follow","max-snippet":"max-snippet:-1","max-image-preview":"max-image-preview:large","max-video-preview":"max-video-preview:-1"},"canonical":"https:\/\/chestnut.ovh\/le-roy-mon-cousin-spectacle-et-bal\/","twitter_misc":{"Estimated reading time":"2 minutes"},"schema":{"@context":"https:\/\/schema.org","@graph":[{"@type":"WebPage","@id":"https:\/\/chestnut.ovh\/le-roy-mon-cousin-spectacle-et-bal\/","url":"https:\/\/chestnut.ovh\/le-roy-mon-cousin-spectacle-et-bal\/","name":"[:fr]Le Roy Mon Cousin - Spectacle et Bal[:en]Le Roy Mon Cousin[:] - Chestnut","isPartOf":{"@id":"https:\/\/chestnut.ovh\/#website"},"datePublished":"2014-12-18T11:09:18+00:00","dateModified":"2015-09-03T07:47:17+00:00","breadcrumb":{"@id":"https:\/\/chestnut.ovh\/le-roy-mon-cousin-spectacle-et-bal\/#breadcrumb"},"inLanguage":"en-GB","potentialAction":[{"@type":"ReadAction","target":["https:\/\/chestnut.ovh\/le-roy-mon-cousin-spectacle-et-bal\/"]}]},{"@type":"BreadcrumbList","@id":"https:\/\/chestnut.ovh\/le-roy-mon-cousin-spectacle-et-bal\/#breadcrumb","itemListElement":[{"@type":"ListItem","position":1,"name":"Accueil","item":"https:\/\/chestnut.ovh\/"},{"@type":"ListItem","position":2,"name":"Le Roy Mon Cousin &#8211; Spectacle et Bal"}]},{"@type":"WebSite","@id":"https:\/\/chestnut.ovh\/#website","url":"https:\/\/chestnut.ovh\/","name":"Chestnut","description":"English Country Dancing & Danses anciennes de l&#039;\u00e9poque des Stuarts .... et des romans de Jane Austen !","potentialAction":[{"@type":"SearchAction","target":{"@type":"EntryPoint","urlTemplate":"https:\/\/chestnut.ovh\/?s={search_term_string}"},"query-input":"required name=search_term_string"}],"inLanguage":"en-GB"}]}},"_links":{"self":[{"href":"https:\/\/chestnut.ovh\/en\/wp-json\/wp\/v2\/pages\/4468","targetHints":{"allow":["GET"]}}],"collection":[{"href":"https:\/\/chestnut.ovh\/en\/wp-json\/wp\/v2\/pages"}],"about":[{"href":"https:\/\/chestnut.ovh\/en\/wp-json\/wp\/v2\/types\/page"}],"author":[{"embeddable":true,"href":"https:\/\/chestnut.ovh\/en\/wp-json\/wp\/v2\/users\/8"}],"replies":[{"embeddable":true,"href":"https:\/\/chestnut.ovh\/en\/wp-json\/wp\/v2\/comments?post=4468"}],"version-history":[{"count":76,"href":"https:\/\/chestnut.ovh\/en\/wp-json\/wp\/v2\/pages\/4468\/revisions"}],"predecessor-version":[{"id":4490,"href":"https:\/\/chestnut.ovh\/en\/wp-json\/wp\/v2\/pages\/4468\/revisions\/4490"}],"wp:attachment":[{"href":"https:\/\/chestnut.ovh\/en\/wp-json\/wp\/v2\/media?parent=4468"}],"curies":[{"name":"wp","href":"https:\/\/api.w.org\/{rel}","templated":true}]}}