{"id":5126,"date":"2015-05-05T08:30:27","date_gmt":"2015-05-05T08:30:27","guid":{"rendered":"http:\/\/chestnut.fr\/?page_id=5126"},"modified":"2016-04-05T10:49:20","modified_gmt":"2016-04-05T08:49:20","slug":"au-programme-du-6e-bal-en-costume","status":"publish","type":"page","link":"https:\/\/chestnut.ovh\/en\/au-programme-du-6e-bal-en-costume\/","title":{"rendered":"Au programme du 6e bal en costume"},"content":{"rendered":"<p><a href=\"http:\/\/chestnut.fr\/wp-content\/uploads\/2015\/05\/Flyer-Bal-en-costume-orange-e1430840151549.jpg\"><img loading=\"lazy\" decoding=\"async\" class=\" size-medium wp-image-5167 alignright\" src=\"http:\/\/chestnut.fr\/wp-content\/uploads\/2015\/05\/Flyer-Bal-en-costume-orange-212x300.jpg\" alt=\"Flyer Bal en costume orange\" width=\"212\" height=\"300\" \/><\/a>Pr\u00e9sentation des diff\u00e9rents intervenants :<\/p>\n<div>\n<ol>\n<li>Madame Michelle\u00a0BLAISE,pr\u00e9sidente d&#8217;honneur du 6e bal en costume<\/li>\n<li>Ir\u00e8ne GINGER, invit\u00e9e d&#8217;honneur<\/li>\n<li>Compagnie Les Oies Sauvages<\/li>\n<li>Chorale de la Cit\u00e9 universitaire Internationale de Paris \/ Gabriel BOURGOIN<\/li>\n<li>Compagnie Fantaisies Baroques<\/li>\n<li>Compagnie Le Temps du Tango<\/li>\n<li>Compagnie Chestnut<\/li>\n<li>Les danses \u00e0 figures anglaises au programme du bal<\/li>\n<\/ol>\n<p>(<a href=\"http:\/\/chestnut.fr\/programme-detaille-et-horaires\/\">Programme d\u00e9taill\u00e9 et horaires<\/a>)<\/p>\n<\/div>\n<hr \/>\n<p>Le 6e bal en costume de Chestnut sera pr\u00e9sid\u00e9 par Madame Michelle BLAISE et sera donn\u00e9 en m\u00e9moire\u00a0de Monsieur Michel Blaise. Notre invit\u00e9e d\u2019honneur sera la danseuse Ir\u00e8ne Ginger.<\/p>\n<p><strong>Michelle BLAISE, pr\u00e9sidente du 6e bal en costume de Chestnut<\/strong><\/p>\n<div id=\"attachment_5104\" style=\"width: 160px\"  class=\"wp-caption alignleft\"><a href=\"http:\/\/chestnut.fr\/wp-content\/uploads\/2012\/05\/GARNIER-EN-LOGE-AVANT-ES-D\u00c9MONSTRATIONS-001-e1430808618450.jpg\"><img loading=\"lazy\" decoding=\"async\" class=\"wp-image-5104 size-thumbnail\" src=\"http:\/\/chestnut.fr\/wp-content\/uploads\/2012\/05\/GARNIER-EN-LOGE-AVANT-ES-D\u00c9MONSTRATIONS-001-150x150.jpg\" alt=\"\" width=\"150\" height=\"150\" \/><\/a><p class=\"wp-caption-text\">Michelle Blaise dans la loge \u00e0 l\u2019Op\u00e9ra Garnier avant une d\u00e9monstration.<\/p><\/div>\n<div id=\"attachment_5106\" style=\"width: 160px\"  class=\"wp-caption alignright\"><a href=\"http:\/\/chestnut.fr\/wp-content\/uploads\/2012\/05\/CONFOLENS-BLAISE-MINOU-e1430809019981.jpg\"><img loading=\"lazy\" decoding=\"async\" class=\"wp-image-5106 size-thumbnail\" src=\"http:\/\/chestnut.fr\/wp-content\/uploads\/2012\/05\/CONFOLENS-BLAISE-MINOU-150x150.jpg\" alt=\"\" width=\"150\" height=\"150\" \/><\/a><p class=\"wp-caption-text\">Michel Blaise<\/p><\/div>\n<p>Form\u00e9e \u00e0 la danse classique par Jeanne Schwarz et \u00e0 la danse traditionnelle, Michelle Blaise \u00e9tudie aussi le piano depuis l&#8217;enfance et l\u2019accord\u00e9on seule, puis compl\u00e8te ses connaissances musicales au sein des classes des m\u00e9tiers de la musique du lyc\u00e9e de S\u00e8vres.\u00a0Elle danse d\u00e8s 1954 dans l&#8217;ensemble La Frairie qui deviendra le Ballet National de Danses Fran\u00e7aises dirig\u00e9 par Th\u00e9r\u00e8se Palau et Jacques Douai en 1962, avant de fonder sa propre compagnie avec son mari Michel Blaise, en 1965 : <a href=\"http:\/\/www.dansepopulairefrancaise.fr\/\">la Compagnie de Danse Populaire Fran\u00e7aise<\/a>. Elle cr\u00e9e <strong>toutes<\/strong> les chor\u00e9graphies pour la compagnie qui se produit en France et dans le monde entier.<\/p>\n<div id=\"attachment_5109\" style=\"width: 160px\"  class=\"wp-caption alignleft\"><a href=\"http:\/\/chestnut.fr\/wp-content\/uploads\/2012\/05\/GALLICA-LA-RONDE-001-e1430809424159.jpg\"><img loading=\"lazy\" decoding=\"async\" class=\"wp-image-5109 size-thumbnail\" src=\"http:\/\/chestnut.fr\/wp-content\/uploads\/2012\/05\/GALLICA-LA-RONDE-001-150x150.jpg\" alt=\"\" width=\"150\" height=\"150\" \/><\/a><p class=\"wp-caption-text\">Gallica, spectacle de Michelle Blaise<\/p><\/div>\n<p>Son action en tant que p\u00e9dagogue est fournie, tant aupr\u00e8s des enfants que des adultes. Elle participe aux pr\u00e9mices de l\u2019introduction de la danse \u00e0 l\u2019\u00e9cole durant les horaires scolaires.\u00a0A la demande de Claude Bessy, qui cr\u00e9\u00e9 la classe de danse traditionnelle, elle enseignera \u00e0 l\u2019\u00e9cole du ballet de l\u2019Op\u00e9ra de Paris de 1979 \u00e0 2000.\u00a0En 1980, Michelle et Michel Blaise ont re\u00e7u la m\u00e9daille de l\u2019ann\u00e9e du patrimoine pour l\u2019ensemble de leurs activit\u00e9s li\u00e9es \u00e0 la danse traditionnelle.En 1981, Michelle Blaise est promue au rang de\u00a0Chevalier de l\u2019ordre national du M\u00e9rite.<\/p>\n<div id=\"attachment_5105\" style=\"width: 310px\"  class=\"wp-caption alignright\"><a href=\"http:\/\/chestnut.fr\/wp-content\/uploads\/2012\/05\/MB-ET-MB-LA-CHAPELOTTE-HOTEL-DE-SENS-001-e1430808873342.jpg\"><img loading=\"lazy\" decoding=\"async\" class=\"wp-image-5105 size-medium\" src=\"http:\/\/chestnut.fr\/wp-content\/uploads\/2012\/05\/MB-ET-MB-LA-CHAPELOTTE-HOTEL-DE-SENS-001-300x148.jpg\" alt=\"\" width=\"300\" height=\"148\" \/><\/a><p class=\"wp-caption-text\">Michelle et Michel Blaise danse La Chapelote \u00e0 l\u2019H\u00f4tel de Sens<\/p><\/div>\n<p>Elle est la m\u00e8re de six enfants. Sa fille Marie qui est danseuse a repris son enseignement qu&#8217;elle dispense aux classes du ballet de l\u2019Op\u00e9ra de Paris depuis 2000 ainsi que la danse baroque \u00e0 la demande d&#8217;Elisabeth Platel.<\/p>\n<hr \/>\n<p><strong>Ir\u00e8ne GINGER, invit\u00e9e d&#8217;honneur<\/strong><\/p>\n<div id=\"attachment_5111\" style=\"width: 160px\"  class=\"wp-caption alignleft\"><a href=\"http:\/\/chestnut.fr\/wp-content\/uploads\/2012\/05\/Ir\u00e8ne-Ginger-photo-didentit\u00e9-e1430810548785.jpg\"><img loading=\"lazy\" decoding=\"async\" class=\"size-thumbnail wp-image-5111\" src=\"http:\/\/chestnut.fr\/wp-content\/uploads\/2012\/05\/Ir\u00e8ne-Ginger-photo-didentit\u00e9-150x150.jpg\" alt=\"Ir\u00e8ne Ginger\" width=\"150\" height=\"150\" \/><\/a><p class=\"wp-caption-text\">Ir\u00e8ne Ginger<\/p><\/div>\n<p>Sp\u00e9cialis\u00e9e en danse baroque depuis 1982, Ir\u00e8ne GINGER a travaill\u00e9 dans les compagnies <strong>Ris et Danceries\u00a0\u00a0<\/strong>de 1982 \u00e0 1989 (direction Francine Lancelot), <strong>l\u2019Eclat des Muses<\/strong> de 1983 \u00e0 1992 (direction Christine Bayle) et travaille actuellement comme danseuse et charg\u00e9e de diffusion avec la compagnie <strong><a href=\"http:\/\/www.compagnie-eventail.com\/\">L&#8217;Eventail<\/a> <\/strong>depuis 1989 (direction Marie-Genevi\u00e8ve Mass\u00e9).<\/p>\n<p>Dipl\u00f4m\u00e9e d\u2019Etat, elle enseigne au <strong>CNSMDP<\/strong> (Conservatoire National Sup\u00e9rieur de Musique et de Danse de Paris), au <strong>CRR<\/strong> (Conservatoire \u00e0 Rayonnement R\u00e9gional) de Paris et au <strong>P\u00f4le Sup\u00e9rieur<\/strong> Paris Boulogne Billancourt, \u00e0 <strong>l\u2019Universit\u00e9 Versailles &#8211; St-Quentin en Yvelines<\/strong>, pour les musiciens et par sessions pour les danseurs.\u00a0Elle poursuit des recherches sur la danse baroque au sein de <a href=\"http:\/\/www.acras17-18.org\/\">l\u2019association <strong>ACRAS<\/strong><\/a> (Association pour un centre de recherches sur les arts du spectacles XVIIe et XVIIIe si\u00e8cles).<\/p>\n<hr \/>\n<p><strong>Compagnie LES OIES SAUVAGES\u00a0<\/strong><\/p>\n<p><strong>Deux artistes de la compagnie <a href=\"http:\/\/lesoies.sauvages.pagesperso-orange.fr\/\">Les Oies Sauvages<\/a> nous feront le plaisir d\u2019interpr\u00e9ter plusieurs danses de caract\u00e8re.<\/strong><\/p>\n<div id=\"attachment_5115\" style=\"width: 310px\"  class=\"wp-caption alignleft\"><a href=\"http:\/\/chestnut.fr\/wp-content\/uploads\/2012\/05\/photo-oies-sauvages-1-duo-tigane.jpg\"><img loading=\"lazy\" decoding=\"async\" class=\"wp-image-5115 size-medium\" src=\"http:\/\/chestnut.fr\/wp-content\/uploads\/2012\/05\/photo-oies-sauvages-1-duo-tigane-300x279.jpg\" alt=\"\" width=\"300\" height=\"279\" srcset=\"https:\/\/chestnut.ovh\/wp-content\/uploads\/2012\/05\/photo-oies-sauvages-1-duo-tigane-300x279.jpg 300w, https:\/\/chestnut.ovh\/wp-content\/uploads\/2012\/05\/photo-oies-sauvages-1-duo-tigane-100x93.jpg 100w, https:\/\/chestnut.ovh\/wp-content\/uploads\/2012\/05\/photo-oies-sauvages-1-duo-tigane-600x557.jpg 600w, https:\/\/chestnut.ovh\/wp-content\/uploads\/2012\/05\/photo-oies-sauvages-1-duo-tigane.jpg 698w\" sizes=\"auto, (max-width: 300px) 100vw, 300px\" \/><\/a><p class=\"wp-caption-text\">Compagnie Les oies Sauvages \/ Valeria Sytcheva et Andre\u00ef Thuillier<\/p><\/div>\n<p><strong>Valeria Sytcheva : <\/strong>com\u00e9dienne, form\u00e9e depuis l&#8217;enfance \u00e0 la danse classique, elle effectue de longs s\u00e9jours en URSS afin de se sp\u00e9cialiser en danse de caract\u00e8re.\u00a0On lui confie la partie chor\u00e9graphique de la plupart des spectacles du Jardin Shakespeare. Aucin\u00e9ma, Danielle Thompson la sollicite pour coacher Sabine Az\u00e9ma en danse de caract\u00e8re et cr\u00e9er toutes les s\u00e9quences dans\u00e9es de son film &#8220;La b\u00fbche&#8221;.<\/p>\n<p><strong>Andre\u00ef Thuillier : <\/strong>metteur en sc\u00e8ne, costumier de th\u00e9\u00e2tre et com\u00e9dien, il d\u00e9couvre en rencontrant Valeria le monde russe avec ses contes, ses chansons et ses danses ; il apprend les frappes de pied tsigane avec Arman Vossougui et les zapateados de flamenco au Centre du Marais avec Patricio Martin.<\/p>\n<hr \/>\n<p><strong>Gabriel BOURGOIN \/ C<strong>horale de la Cit\u00e9 Internationale universitaire de Paris<\/strong><\/strong><\/p>\n<p>La <a href=\"http:\/\/www.ciup.fr\/orchestre-et-chorale\/la-chorale-de-la-cite-internationale\/\">chorale de la Cit\u00e9 Internationale universitaire de Paris (CIUP)<\/a> accompagnera l\u2019assembl\u00e9e des danseurs dans l\u2019ex\u00e9cution de la pavane \u00ab\u00a0Belle qui tient ma vie\u00a0\u00bb men\u00e9e par\u00a0les participants \u00e0 l&#8217;atelier de danses anciennes anim\u00e9 par Chestnut et C\u00e9cile Laye au Coll\u00e8ge Franco-Britannique (CIUP). La chorale dirig\u00e9e par Gabriel Bourgoin interpr\u00e8tera \u00e9galement quelques extraits de son prochain concert.<\/p>\n<div id=\"attachment_5121\" style=\"width: 160px\"  class=\"wp-caption alignright\"><a href=\"http:\/\/chestnut.fr\/wp-content\/uploads\/2012\/05\/fotor_-fr-Gabriel-Bourgoin.jpg\"><img loading=\"lazy\" decoding=\"async\" class=\"size-thumbnail wp-image-5121\" src=\"http:\/\/chestnut.fr\/wp-content\/uploads\/2012\/05\/fotor_-fr-Gabriel-Bourgoin-150x150.jpg\" alt=\"Gabriel BOURGOIN\" width=\"150\" height=\"150\" srcset=\"https:\/\/chestnut.ovh\/wp-content\/uploads\/2012\/05\/fotor_-fr-Gabriel-Bourgoin-150x150.jpg 150w, https:\/\/chestnut.ovh\/wp-content\/uploads\/2012\/05\/fotor_-fr-Gabriel-Bourgoin-100x100.jpg 100w\" sizes=\"auto, (max-width: 150px) 100vw, 150px\" \/><\/a><p class=\"wp-caption-text\">Gabriel BOURGOIN<\/p><\/div>\n<p>Actuel chef de ch\u0153ur de la chorale de la Cit\u00e9 Internationale universitaire de Paris, Gabriel Bourgoin est \u00e9galement directeur musical de l&#8217;orchestre et du ch\u0153ur du lyc\u00e9e Louis le Grand \u00e0 Paris.<br \/>\nOriginaire de Champagne-Ardenne, violoniste et chanteur de formation, ce jeune chef a d\u00e9j\u00e0 pu se former aupr\u00e8s de nombreux professeurs et int\u00e9grer les deux Conservatoire Nationaux Sup\u00e9rieurs de Musique et de Danse de Paris et de Lyon. Il y a \u00e9tudi\u00e9 plusieurs disciplines dont la direction de ch\u0153ur avec Nicole Corti et la direction d&#8217;orchestre actuellement avec Alain Altinoglu.<br \/>\nEn plus de ses \u00e9tudes et de son travail aupr\u00e8s des ensembles amateurs, Gabriel Bourgoin a \u00e9t\u00e9 invit\u00e9 par plusieurs orchestres parisiens : Orchestre de Gardiens de la Paix de Paris, Orchestre Colonne, Orchestre Pari&#8221;s&#8221;Musical, Orchestre Moderne. Il a par ailleurs \u00e9t\u00e9 l&#8217;assistant de Jean-Philippe Sarcos, Georges Pehlivanian et Joe Hisaishi.<br \/>\nConscient des risques auditifs pr\u00e9sents dans le m\u00e9tier de musicien, Gabriel Bourgoin est devenu ambassadeur de l&#8217;association AuditionSolidarit\u00e9.<\/p>\n<hr \/>\n<p><strong>Compagnie FANTAISIES BAROQUES<\/strong><\/p>\n<p><strong>La compagnie\u00a0<a href=\"http:\/\/www.fantaisiesbaroques.com\/Fantaisies_Baroques\/Accueil.html\">Fantaisies Baroques<\/a>, Ir\u00e8ne Feste et Pierre-Fran\u00e7ois Doll\u00e9 seront \u00e0 nouveau parmi nous pour une d\u00e9monstration de belle danse.<\/strong><\/p>\n<div id=\"attachment_4964\" style=\"width: 160px\"  class=\"wp-caption alignleft\"><a href=\"http:\/\/chestnut.fr\/wp-content\/uploads\/2015\/03\/portrait-Ir\u00e8ne-redim-e1427968281255.jpg\"><img loading=\"lazy\" decoding=\"async\" class=\"size-thumbnail wp-image-4964\" src=\"http:\/\/chestnut.fr\/wp-content\/uploads\/2015\/03\/portrait-Ir\u00e8ne-redim-150x150.jpg\" alt=\"Ir\u00e8ne Feste\" width=\"150\" height=\"150\" \/><\/a><p class=\"wp-caption-text\">Ir\u00e8ne Feste \/ Fantaisies Baroques<\/p><\/div>\n<p>Titulaire du DE de danse classique<strong>, Ir\u00e8ne<\/strong> se forme ensuite \u00e0 la \u00ab Belle Dance\u00a0\u00bb au sein de la Cie L\u2019Eclat des Muses dirig\u00e9e par Christine Bayle.\u00a0En 2007, elle fonde la <em>Cie Fantaisies Baroques<\/em>, avec P-F Doll\u00e9\u00a0; tous les deux, ils con\u00e7oivent des spectacles de danse-th\u00e9\u00e2tre et interviennent dans le cadre de diff\u00e9rents conservatoires et en milieu scolaire.\u00a0Ir\u00e8ne s&#8217;est plus particuli\u00e8rement sp\u00e9cialis\u00e9e dans la danse baroque et celle du Premier Empire qui constituent ses deux principaux axes de recherche.<\/p>\n<div id=\"attachment_4967\" style=\"width: 160px\"  class=\"wp-caption alignright\"><a href=\"http:\/\/chestnut.fr\/wp-content\/uploads\/2015\/03\/portrait-Pierre-Fran\u00e7ois-redim-e1427968821458.jpg\"><img loading=\"lazy\" decoding=\"async\" class=\"wp-image-4967 size-thumbnail\" src=\"http:\/\/chestnut.fr\/wp-content\/uploads\/2015\/03\/portrait-Pierre-Fran\u00e7ois-redim-150x150.jpg\" alt=\"\" width=\"150\" height=\"150\" \/><\/a><p class=\"wp-caption-text\">Pierre-Fran\u00e7ois Doll\u00e9 \/ Fantaisies Baroque<\/p><\/div>\n<p>Apr\u00e8s une formation pluridisciplinaire \u00e0 l\u2019acad\u00e9mie de Cologne, <strong>Pierre- Fran\u00e7ois<\/strong> d\u00e9fend des r\u00e9pertoires tr\u00e8s contrast\u00e9s au sein de diff\u00e9rentes compagnies qui l\u2019am\u00e8nent \u00e0 danser entre autre, en Allemagne et en Angleterre.\u00a0De retour en France, il obtient son DE de professeur de danse et croise lui aussi le chemin de Christine Bayle, avec laquelle il va cr\u00e9er de nombreux ballets. Il danse \u00e9galement pour la compagnie de l\u2019\u00e9ventail. Dans des styles divers, il a \u00e9galement une activit\u00e9 soutenue de chor\u00e9graphe.<\/p>\n<hr \/>\n<p><strong>Compagnie LE TEMPS DU TANGO<\/strong><\/p>\n<div id=\"attachment_5123\" style=\"width: 160px\"  class=\"wp-caption alignleft\"><a href=\"http:\/\/chestnut.fr\/wp-content\/uploads\/2012\/05\/photos-1-Danielle-et-Luis-e1430812812921.jpg\"><img loading=\"lazy\" decoding=\"async\" class=\"wp-image-5123 size-full\" src=\"http:\/\/chestnut.fr\/wp-content\/uploads\/2012\/05\/photos-1-Danielle-et-Luis-e1430812812921.jpg\" alt=\"\" width=\"150\" height=\"225\" srcset=\"https:\/\/chestnut.ovh\/wp-content\/uploads\/2012\/05\/photos-1-Danielle-et-Luis-e1430812812921.jpg 150w, https:\/\/chestnut.ovh\/wp-content\/uploads\/2012\/05\/photos-1-Danielle-et-Luis-e1430812812921-100x150.jpg 100w\" sizes=\"auto, (max-width: 150px) 100vw, 150px\" \/><\/a><p class=\"wp-caption-text\">Danielle et Luis Blanco<\/p><\/div>\n<p>La compagnie <a href=\"http:\/\/letempsdutango.com\/\">Le\u00a0Temps du Tango<\/a>, Danielle et Luis Blanco nous montrerons qu\u2019il y a plus d\u2019une fa\u00e7on de danser le tango !<\/p>\n<p>Danielle et Luis Blanco ont d\u00e9but\u00e9 l&#8217;apprentissage du tango avec l&#8217;association Le Temps du Tango en 1999. Ils ont ensuite travaill\u00e9 avec des professeurs parisiens, Imed Cheman, V\u00e9ronique Bouscasse &#038; Thierry Le Coq, Judith Elbaz &#038; Christophe Lambert et ils ont suivi des stages avec de nombreux professeurs argentins.\u00a0Danielle est Dj et Luis est actuellement pr\u00e9sident de l&#8217;association Le Temps du Tango.\u00a0Ils encadrent depuis plusieurs ann\u00e9es des stages d&#8217;initiation au tango argentin ainsi que des cours de tango pour d\u00e9butants<\/p>\n<hr \/>\n<p><strong>Compagnie CHESTNUT<\/strong><\/p>\n<div id=\"attachment_5124\" style=\"width: 310px\"  class=\"wp-caption alignleft\"><a href=\"http:\/\/chestnut.fr\/wp-content\/uploads\/2012\/05\/d\u00e9monstration-groupe-de-d\u00e9monstration-mai-2014-e1430813715368.jpg\"><img loading=\"lazy\" decoding=\"async\" class=\"wp-image-5124 size-medium\" src=\"http:\/\/chestnut.fr\/wp-content\/uploads\/2012\/05\/d\u00e9monstration-groupe-de-d\u00e9monstration-mai-2014-300x185.jpg\" alt=\"\" width=\"300\" height=\"185\" \/><\/a><p class=\"wp-caption-text\">Compagnie Chestnut<\/p><\/div>\n<p>La compagnie Chestnut interpr\u00e9tera une suite de danses anglaises pour 6 couples : un reel Regency, All the King\u2019s Horses, (chor\u00e9graphie moderne de C\u00e9cile Laye sur une m\u00e9lodie de Purcell) et une suite de danses \u00e0 figures \u00e0 3 temps.<\/p>\n<hr \/>\n<p><strong>Les danses \u00e0 figures anglaises au programme du 6e bal en costume<\/strong><\/p>\n<p><span style=\"text-decoration: underline;\">Les danses pr\u00e9par\u00e9es du bal<\/span> \u00a0:\u00a0Lady William\u2019s Delight \/ Love thy Neighbor \/\u00a0The Rose of Rochester \/ The Lovers Luck \/\u00a0Cupid\u2019s Garden \/ Bartlett House \/\u00a0Abergenny \/ \u00a0Westminster House \/\u00a0Twickenham Ferry \u00a0\/ Dear Hilary<\/p>\n<p><span style=\"text-decoration: underline;\">Les autres danses du bal<\/span> :\u00a0The Queen\u2019s Jig \/ Pavane r\u00e9guli\u00e8re \/ The Country Farmer \/ Sellenger\u2019s Round \/ Draper\u2019s Maggot \/ Mundesse \/ Dear Hilary \/ The Slip<\/p>\n","protected":false},"excerpt":{"rendered":"<p>Pr\u00e9sentation des diff\u00e9rents intervenants : Madame Michelle\u00a0BLAISE,pr\u00e9sidente d&#8217;honneur du 6e bal en costume Ir\u00e8ne GINGER, invit\u00e9e d&#8217;honneur Compagnie Les Oies Sauvages Chorale de la Cit\u00e9 universitaire Internationale de Paris \/ Gabriel BOURGOIN Compagnie Fantaisies Baroques Compagnie Le Temps du Tango Compagnie Chestnut Les danses \u00e0 figures anglaises au programme du bal (Programme d\u00e9taill\u00e9 et horaires) [&hellip;]<\/p>\n","protected":false},"author":8,"featured_media":0,"parent":0,"menu_order":0,"comment_status":"closed","ping_status":"closed","template":"","meta":{"_monsterinsights_skip_tracking":false,"_monsterinsights_sitenote_active":false,"_monsterinsights_sitenote_note":"","_monsterinsights_sitenote_category":0,"footnotes":""},"class_list":["post-5126","page","type-page","status-publish","hentry"],"yoast_head":"<!-- This site is optimized with the Yoast SEO plugin v19.6.1 - https:\/\/yoast.com\/wordpress\/plugins\/seo\/ -->\n<title>Au programme du 6e bal en costume - Chestnut<\/title>\n<meta name=\"robots\" content=\"index, follow, max-snippet:-1, max-image-preview:large, max-video-preview:-1\" \/>\n<link rel=\"canonical\" href=\"https:\/\/chestnut.ovh\/au-programme-du-6e-bal-en-costume\/\" \/>\n<meta name=\"twitter:label1\" content=\"Estimated reading time\" \/>\n\t<meta name=\"twitter:data1\" content=\"7 minutes\" \/>\n<script type=\"application\/ld+json\" class=\"yoast-schema-graph\">{\"@context\":\"https:\/\/schema.org\",\"@graph\":[{\"@type\":\"WebPage\",\"@id\":\"https:\/\/chestnut.ovh\/au-programme-du-6e-bal-en-costume\/\",\"url\":\"https:\/\/chestnut.ovh\/au-programme-du-6e-bal-en-costume\/\",\"name\":\"[:fr]Au programme du 6e bal en costume[:] - Chestnut\",\"isPartOf\":{\"@id\":\"https:\/\/chestnut.ovh\/#website\"},\"datePublished\":\"2015-05-05T08:30:27+00:00\",\"dateModified\":\"2016-04-05T08:49:20+00:00\",\"breadcrumb\":{\"@id\":\"https:\/\/chestnut.ovh\/au-programme-du-6e-bal-en-costume\/#breadcrumb\"},\"inLanguage\":\"en-GB\",\"potentialAction\":[{\"@type\":\"ReadAction\",\"target\":[\"https:\/\/chestnut.ovh\/au-programme-du-6e-bal-en-costume\/\"]}]},{\"@type\":\"BreadcrumbList\",\"@id\":\"https:\/\/chestnut.ovh\/au-programme-du-6e-bal-en-costume\/#breadcrumb\",\"itemListElement\":[{\"@type\":\"ListItem\",\"position\":1,\"name\":\"Accueil\",\"item\":\"https:\/\/chestnut.ovh\/\"},{\"@type\":\"ListItem\",\"position\":2,\"name\":\"Au programme du 6e bal en costume\"}]},{\"@type\":\"WebSite\",\"@id\":\"https:\/\/chestnut.ovh\/#website\",\"url\":\"https:\/\/chestnut.ovh\/\",\"name\":\"Chestnut\",\"description\":\"English Country Dancing & Danses anciennes de l&#039;\u00e9poque des Stuarts .... et des romans de Jane Austen !\",\"potentialAction\":[{\"@type\":\"SearchAction\",\"target\":{\"@type\":\"EntryPoint\",\"urlTemplate\":\"https:\/\/chestnut.ovh\/?s={search_term_string}\"},\"query-input\":\"required name=search_term_string\"}],\"inLanguage\":\"en-GB\"}]}<\/script>\n<!-- \/ Yoast SEO plugin. -->","yoast_head_json":{"title":"Au programme du 6e bal en costume - Chestnut","robots":{"index":"index","follow":"follow","max-snippet":"max-snippet:-1","max-image-preview":"max-image-preview:large","max-video-preview":"max-video-preview:-1"},"canonical":"https:\/\/chestnut.ovh\/au-programme-du-6e-bal-en-costume\/","twitter_misc":{"Estimated reading time":"7 minutes"},"schema":{"@context":"https:\/\/schema.org","@graph":[{"@type":"WebPage","@id":"https:\/\/chestnut.ovh\/au-programme-du-6e-bal-en-costume\/","url":"https:\/\/chestnut.ovh\/au-programme-du-6e-bal-en-costume\/","name":"[:fr]Au programme du 6e bal en costume[:] - Chestnut","isPartOf":{"@id":"https:\/\/chestnut.ovh\/#website"},"datePublished":"2015-05-05T08:30:27+00:00","dateModified":"2016-04-05T08:49:20+00:00","breadcrumb":{"@id":"https:\/\/chestnut.ovh\/au-programme-du-6e-bal-en-costume\/#breadcrumb"},"inLanguage":"en-GB","potentialAction":[{"@type":"ReadAction","target":["https:\/\/chestnut.ovh\/au-programme-du-6e-bal-en-costume\/"]}]},{"@type":"BreadcrumbList","@id":"https:\/\/chestnut.ovh\/au-programme-du-6e-bal-en-costume\/#breadcrumb","itemListElement":[{"@type":"ListItem","position":1,"name":"Accueil","item":"https:\/\/chestnut.ovh\/"},{"@type":"ListItem","position":2,"name":"Au programme du 6e bal en costume"}]},{"@type":"WebSite","@id":"https:\/\/chestnut.ovh\/#website","url":"https:\/\/chestnut.ovh\/","name":"Chestnut","description":"English Country Dancing & Danses anciennes de l&#039;\u00e9poque des Stuarts .... et des romans de Jane Austen !","potentialAction":[{"@type":"SearchAction","target":{"@type":"EntryPoint","urlTemplate":"https:\/\/chestnut.ovh\/?s={search_term_string}"},"query-input":"required name=search_term_string"}],"inLanguage":"en-GB"}]}},"_links":{"self":[{"href":"https:\/\/chestnut.ovh\/en\/wp-json\/wp\/v2\/pages\/5126","targetHints":{"allow":["GET"]}}],"collection":[{"href":"https:\/\/chestnut.ovh\/en\/wp-json\/wp\/v2\/pages"}],"about":[{"href":"https:\/\/chestnut.ovh\/en\/wp-json\/wp\/v2\/types\/page"}],"author":[{"embeddable":true,"href":"https:\/\/chestnut.ovh\/en\/wp-json\/wp\/v2\/users\/8"}],"replies":[{"embeddable":true,"href":"https:\/\/chestnut.ovh\/en\/wp-json\/wp\/v2\/comments?post=5126"}],"version-history":[{"count":20,"href":"https:\/\/chestnut.ovh\/en\/wp-json\/wp\/v2\/pages\/5126\/revisions"}],"predecessor-version":[{"id":6369,"href":"https:\/\/chestnut.ovh\/en\/wp-json\/wp\/v2\/pages\/5126\/revisions\/6369"}],"wp:attachment":[{"href":"https:\/\/chestnut.ovh\/en\/wp-json\/wp\/v2\/media?parent=5126"}],"curies":[{"name":"wp","href":"https:\/\/api.w.org\/{rel}","templated":true}]}}