{"id":5607,"date":"2015-09-16T14:20:31","date_gmt":"2015-09-16T14:20:31","guid":{"rendered":"http:\/\/chestnut.fr\/?page_id=5607"},"modified":"2017-08-21T14:52:32","modified_gmt":"2017-08-21T12:52:32","slug":"cours","status":"publish","type":"page","link":"https:\/\/chestnut.ovh\/en\/cours\/","title":{"rendered":"Cours"},"content":{"rendered":"<p>Retrouvez les cours d\u00e9crits ci-dessous dans la <strong><span style=\"color: #ff0000;\">brochure 2017-2018<\/span><\/strong>\u00a0disponible : <strong><a href=\"http:\/\/chestnut.fr\/wp-content\/uploads\/2017\/06\/Brochure_17_18_juillet.pdf\"><span style=\"color: #ff0000;\">ici<\/span><\/a><\/strong>.<\/p>\n<p>Pour un panorama complet de toutes les dates allez dans la page\u00a0<a href=\"http:\/\/chestnut.fr\/agenda\/\"><span style=\"color: #ff0000;\">Agenda<\/span><\/a>\u00a0et inscrivez &#8220;Cours&#8221; dans la zone de recherche<\/p>\n<hr \/>\n<p><strong><span style=\"color: #556b2f;\">Cours 2017-2018<\/span><\/strong> :<\/p>\n<hr \/>\n<p><strong><span style=\"color: #556b2f;\">Cours D\u00e9butants<\/span><\/strong><br \/>\nle jeudi soir 18h30-20h du 15 septembre au 14 juin\u00a0<span>hors vacances scolaires et f\u00eates<\/span>\u00a0<strong>(<a href=\"http:\/\/chestnut.fr\/lieux\/\">Lieu A<\/a>)(<a href=\"http:\/\/chestnut.fr\/pratiques\/\">Tarifs<\/a>)\u00a0<\/strong><strong>:<\/strong><\/p>\n<p>Le cours D\u00e9butants s\u2019adresse aux danseurs d\u00e9sireux de s\u2019initier \u00e0 la danse \u00e0 figures anglaise et de ses trois r\u00e9pertoires\u00a0: les danses anciennes, les danses collect\u00e9es et les chor\u00e9graphies modernes.<\/p>\n<p>Au programme cette ann\u00e9e : la s\u00e9quence ddssd pour les introductions des danses du r\u00e9pertoire Playford, la Grimstock Hey, le Dip and Dive, la double figure, le huit progressif et les danses \u00e0 processus.<\/p>\n<p>Ce cours D\u00e9butants s\u2019adresse aussi aux danseurs avanc\u00e9s d\u00e9sireux de travailler sur le r\u00e9pertoire dans le but de le r\u00e9-enseigner.<\/p>\n<hr \/>\n<p><strong><span style=\"color: #556b2f;\">Cours Interm\u00e9diaires<\/span><\/strong><br \/>\nle jeudi soir 20h-21h30 (une semaine sur 2)\u00a0(<a href=\"http:\/\/chestnut.fr\/lieux\/\">Lieu A<\/a>)<strong>(<a href=\"http:\/\/chestnut.fr\/pratiques\/\">Tarifs<\/a>) \u00a0<\/strong><\/p>\n<p><strong>Les cours<\/strong> interm\u00e9diaires ont lieu en alternance avec les cours confirm\u00e9s un jeudi sur 2 (hors vacances scolaires et f\u00eates)<span>(calendrier de l&#8217;alternance en .pdf <a href=\"http:\/\/chestnut.fr\/wp-content\/uploads\/2015\/09\/Alternance-des-cours-2017-2018.pdf\"><span style=\"color: #ff0000;\"><strong>ici<\/strong><\/span><\/a><\/span>).Les 21 d\u00e9cembre et 14 juin seront des cours communs \u00e0 tous les niveaux de 18h30 \u00e0 21h30.<\/p>\n<p><strong>5 modules <\/strong><\/p>\n<p><strong>Module 1\u00a0: <\/strong>14-28 sept. et\u00a012 oct.\u00a0: \u00ab\u00a0La t\u00eate au carr\u00e9\u00a0\u00bb avec Lady in the Dark et Althea. \u00a0et cultivons nos r\u00e9flexes avec diff\u00e9rents longways comprenant demi-huit et huit progressif<\/p>\n<p><strong>Module 2\u00a0<\/strong>: 9-23 nov. et 7 d\u00e9c.\u00a0: une filiation d\u00e9licate &#8211; du huit au double huit et au reel avec Take a Dance &#8211; Bury Fair &#8211; Miss Anderson\u2019s Allemande &#8211; Greenwood<\/p>\n<p><strong>Module 3\u00a0: <\/strong>11-25 janv. et 8 f\u00e9v.\u00a0: danses en suite tir\u00e9es de la premi\u00e8re \u00e9dition du Dancing Master et pr\u00e9paration du bal du 11 f\u00e9v.<\/p>\n<p><strong>Module 4\u00a0: <\/strong>8-22 mars\u00a0et 5 avr. : le huit et son double avec Monk\u2019s March with the wanders &#8211; Zephirs and Flora &#8211; Sally in our Alley &#8211; The Merry Milkmaids 2014<\/p>\n<p><strong>Module 5\u00a0: <\/strong>3-24 mai et 7 juin\u00a0: Dances for The Assembly Rooms (The Bishop &#8211; The Dressed Ship &#8211; Shrewsbury Lasses) et r\u00e9visions<\/p>\n<hr \/>\n<p><strong><span style=\"color: #556b2f;\">Cours Confirm\u00e9s<\/span><\/strong><br \/>\nle jeudi soir 20h-21h30 (une semaine sur 2)\u00a0<strong>(<a href=\"http:\/\/chestnut.fr\/lieux\/\">Lieu A<\/a>)<strong>(<a href=\"http:\/\/chestnut.fr\/pratiques\/\">Tarifs<\/a>)\u00a0<\/strong><\/strong><\/p>\n<p><strong>Les cours<\/strong><span>\u00a0Confirm\u00e9s ont lieu en alternance avec les cours Interm\u00e9diaires\u00a0un jeudi sur 2 (hors vacances scolaires et f\u00eates) (calendrier de l&#8217;alternance en .pdf <a href=\"http:\/\/chestnut.fr\/wp-content\/uploads\/2015\/09\/Alternance-des-cours-2017-2018.pdf\"><span style=\"color: #ff0000;\"><strong>ici<\/strong><\/span><\/a><\/span>).Les 21 d\u00e9cembre et 14 juin seront des cours communs \u00e0 tous les niveaux de 18h30 \u00e0 21h30.<\/p>\n<p><strong>5 modules : <\/strong><\/p>\n<p><strong>Module 1\u00a0: <\/strong>21 sept. et 5- 19 octobre\u00a0<strong>\u2013 <\/strong>travail sur les pas &#8211; danses pr\u00e9sentant plusieurs parties et des mesures diff\u00e9rentes (The Malborough) &#8211; Grimstock hey pour 6 et pour 8\u00a0(Joy after Sorrow &#8211; The Carillon at Sneek)<\/p>\n<p><strong>Module 2\u00a0: <\/strong>30 nov. et 14 d\u00e9c. : dances for Jane Austen avec un longways triple minor set (The Pleasures of Huntingdon), une danse pour 3 couples (Stowe Hall) et un cotillon (Le Prince de Galles)<\/p>\n<p><strong>Module 3\u00a0: <\/strong>18 janv. \u2013 1<sup>er<\/sup>-15 f\u00e9v.\u00a0: les danses homonymes avec Red House et Westminster Hall<\/p>\n<p><strong>Module 4\u00a0: <\/strong>15-29 mars et 12 avril\u00a0: Dances for Jane Austen avec un longways triple minor set (The Muff), une danses pour 3 couples (The Corporation) et un cotillon (Les ombres Chinoises)<\/p>\n<p><strong>Module <\/strong>5 : 17-31 mai\u00a0: 2 danses du Northumbrian avec rant step et r\u00e9visions<\/p>\n","protected":false},"excerpt":{"rendered":"<p>Retrouvez les cours d\u00e9crits ci-dessous dans la brochure 2017-2018\u00a0disponible : ici. Pour un panorama complet de toutes les dates allez dans la page\u00a0Agenda\u00a0et inscrivez &#8220;Cours&#8221; dans la zone de recherche Cours 2017-2018 : Cours D\u00e9butants le jeudi soir 18h30-20h du 15 septembre au 14 juin\u00a0hors vacances scolaires et f\u00eates\u00a0(Lieu A)(Tarifs)\u00a0: Le cours D\u00e9butants s\u2019adresse aux [&hellip;]<\/p>\n","protected":false},"author":8,"featured_media":0,"parent":0,"menu_order":0,"comment_status":"closed","ping_status":"closed","template":"","meta":{"_monsterinsights_skip_tracking":false,"_monsterinsights_sitenote_active":false,"_monsterinsights_sitenote_note":"","_monsterinsights_sitenote_category":0,"footnotes":""},"class_list":["post-5607","page","type-page","status-publish","hentry"],"yoast_head":"<!-- This site is optimized with the Yoast SEO plugin v19.6.1 - https:\/\/yoast.com\/wordpress\/plugins\/seo\/ -->\n<title>Cours - Chestnut<\/title>\n<meta name=\"robots\" content=\"index, follow, max-snippet:-1, max-image-preview:large, max-video-preview:-1\" \/>\n<link rel=\"canonical\" href=\"https:\/\/chestnut.ovh\/cours\/\" \/>\n<meta name=\"twitter:label1\" content=\"Estimated reading time\" \/>\n\t<meta name=\"twitter:data1\" content=\"3 minutes\" \/>\n<script type=\"application\/ld+json\" class=\"yoast-schema-graph\">{\"@context\":\"https:\/\/schema.org\",\"@graph\":[{\"@type\":\"WebPage\",\"@id\":\"https:\/\/chestnut.ovh\/cours\/\",\"url\":\"https:\/\/chestnut.ovh\/cours\/\",\"name\":\"[:fr]Cours [:] - Chestnut\",\"isPartOf\":{\"@id\":\"https:\/\/chestnut.ovh\/#website\"},\"datePublished\":\"2015-09-16T14:20:31+00:00\",\"dateModified\":\"2017-08-21T12:52:32+00:00\",\"breadcrumb\":{\"@id\":\"https:\/\/chestnut.ovh\/cours\/#breadcrumb\"},\"inLanguage\":\"en-GB\",\"potentialAction\":[{\"@type\":\"ReadAction\",\"target\":[\"https:\/\/chestnut.ovh\/cours\/\"]}]},{\"@type\":\"BreadcrumbList\",\"@id\":\"https:\/\/chestnut.ovh\/cours\/#breadcrumb\",\"itemListElement\":[{\"@type\":\"ListItem\",\"position\":1,\"name\":\"Accueil\",\"item\":\"https:\/\/chestnut.ovh\/\"},{\"@type\":\"ListItem\",\"position\":2,\"name\":\"Cours\"}]},{\"@type\":\"WebSite\",\"@id\":\"https:\/\/chestnut.ovh\/#website\",\"url\":\"https:\/\/chestnut.ovh\/\",\"name\":\"Chestnut\",\"description\":\"English Country Dancing & Danses anciennes de l&#039;\u00e9poque des Stuarts .... et des romans de Jane Austen !\",\"potentialAction\":[{\"@type\":\"SearchAction\",\"target\":{\"@type\":\"EntryPoint\",\"urlTemplate\":\"https:\/\/chestnut.ovh\/?s={search_term_string}\"},\"query-input\":\"required name=search_term_string\"}],\"inLanguage\":\"en-GB\"}]}<\/script>\n<!-- \/ Yoast SEO plugin. -->","yoast_head_json":{"title":"Cours - Chestnut","robots":{"index":"index","follow":"follow","max-snippet":"max-snippet:-1","max-image-preview":"max-image-preview:large","max-video-preview":"max-video-preview:-1"},"canonical":"https:\/\/chestnut.ovh\/cours\/","twitter_misc":{"Estimated reading time":"3 minutes"},"schema":{"@context":"https:\/\/schema.org","@graph":[{"@type":"WebPage","@id":"https:\/\/chestnut.ovh\/cours\/","url":"https:\/\/chestnut.ovh\/cours\/","name":"[:fr]Cours [:] - Chestnut","isPartOf":{"@id":"https:\/\/chestnut.ovh\/#website"},"datePublished":"2015-09-16T14:20:31+00:00","dateModified":"2017-08-21T12:52:32+00:00","breadcrumb":{"@id":"https:\/\/chestnut.ovh\/cours\/#breadcrumb"},"inLanguage":"en-GB","potentialAction":[{"@type":"ReadAction","target":["https:\/\/chestnut.ovh\/cours\/"]}]},{"@type":"BreadcrumbList","@id":"https:\/\/chestnut.ovh\/cours\/#breadcrumb","itemListElement":[{"@type":"ListItem","position":1,"name":"Accueil","item":"https:\/\/chestnut.ovh\/"},{"@type":"ListItem","position":2,"name":"Cours"}]},{"@type":"WebSite","@id":"https:\/\/chestnut.ovh\/#website","url":"https:\/\/chestnut.ovh\/","name":"Chestnut","description":"English Country Dancing & Danses anciennes de l&#039;\u00e9poque des Stuarts .... et des romans de Jane Austen !","potentialAction":[{"@type":"SearchAction","target":{"@type":"EntryPoint","urlTemplate":"https:\/\/chestnut.ovh\/?s={search_term_string}"},"query-input":"required name=search_term_string"}],"inLanguage":"en-GB"}]}},"_links":{"self":[{"href":"https:\/\/chestnut.ovh\/en\/wp-json\/wp\/v2\/pages\/5607","targetHints":{"allow":["GET"]}}],"collection":[{"href":"https:\/\/chestnut.ovh\/en\/wp-json\/wp\/v2\/pages"}],"about":[{"href":"https:\/\/chestnut.ovh\/en\/wp-json\/wp\/v2\/types\/page"}],"author":[{"embeddable":true,"href":"https:\/\/chestnut.ovh\/en\/wp-json\/wp\/v2\/users\/8"}],"replies":[{"embeddable":true,"href":"https:\/\/chestnut.ovh\/en\/wp-json\/wp\/v2\/comments?post=5607"}],"version-history":[{"count":23,"href":"https:\/\/chestnut.ovh\/en\/wp-json\/wp\/v2\/pages\/5607\/revisions"}],"predecessor-version":[{"id":7378,"href":"https:\/\/chestnut.ovh\/en\/wp-json\/wp\/v2\/pages\/5607\/revisions\/7378"}],"wp:attachment":[{"href":"https:\/\/chestnut.ovh\/en\/wp-json\/wp\/v2\/media?parent=5607"}],"curies":[{"name":"wp","href":"https:\/\/api.w.org\/{rel}","templated":true}]}}