{"id":5635,"date":"2015-09-28T14:33:57","date_gmt":"2015-09-28T14:33:57","guid":{"rendered":"http:\/\/chestnut.fr\/?page_id=5635"},"modified":"2017-09-06T15:27:22","modified_gmt":"2017-09-06T14:27:22","slug":"stages-de-toussaint","status":"publish","type":"page","link":"https:\/\/chestnut.ovh\/en\/stages-de-toussaint\/","title":{"rendered":"Stages de Toussaint"},"content":{"rendered":"<p><span><a href=\"http:\/\/chestnut.fr\/stages-de-toussaint-debutants-et-intermediaires\/stage-toussaint-playford\/\"><img loading=\"lazy\" decoding=\"async\" class=\"size-full wp-image-7449 alignleft\" src=\"http:\/\/chestnut.fr\/wp-content\/uploads\/2017\/08\/Stage-Toussaint-Playford--e1504708030954.jpg\" alt=\"\" width=\"310\" height=\"438\" srcset=\"https:\/\/chestnut.ovh\/wp-content\/uploads\/2017\/08\/Stage-Toussaint-Playford--e1504708030954.jpg 310w, https:\/\/chestnut.ovh\/wp-content\/uploads\/2017\/08\/Stage-Toussaint-Playford--e1504708030954-100x141.jpg 100w\" sizes=\"auto, (max-width: 310px) 100vw, 310px\" \/><\/a>Durant les vacances de Toussaint, 2 stages longs pour les d\u00e9butants et les Confirm\u00e9s anim\u00e9s par\u00a0<\/span><span><strong><a href=\"http:\/\/chestnut.fr\/cecile-laye\/\">C\u00e9cile Laye<\/a><\/strong><\/span><span>\u00a0 :\u00a0<\/span><\/p>\n<p>\u2022\u00a0<strong>&#8220;<a href=\"http:\/\/chestnut.fr\/stages-de-toussaint-debutants-et-intermediaires\/\">D\u00e9couvrir Playford<\/a>&#8221;\u00a0Stage de 3 jours D\u00e9butants et Interm\u00e9diaires :<\/strong>\u00a0du 30 octobre au 1er novembre 2017<\/p>\n<p><span>Le c\u0153ur de ce stage sera constitu\u00e9 par 3 belles danses tir\u00e9es de la premi\u00e8re \u00e9dition du Dancing Master :<\/span><\/p>\n<p>\u2022\u00a0Confess,<\/p>\n<p>\u2022\u00a0Dargason<\/p>\n<p>\u2022\u00a0et Picking Up Stick.<\/p>\n<p>Une s\u00e9lection de danses en cercle et en longways pour acqu\u00e9rir la ma\u00eetrise des simples et des doubles, des mouvements de base et des principes de progression viendra compl\u00e9ter le programme de ce stage.<\/p>\n<p>Fiches d&#8217;inscription disponibles\u00a0<strong><a href=\"http:\/\/chestnut.fr\/stages-de-toussaint-debutants-et-intermediaires#FI\">ici<\/a><\/strong><\/p>\n<p><span><strong>N.B. : majoration tarifaire pour les inscriptions re\u00e7ues apr\u00e8s le 19 octobre !<\/strong>\u00a0<\/span><\/p>\n<p>\u2022\u00a0<strong>Les nouveaux chor\u00e9graphes\u00a0\u2013 \u00ab\u00a0<a href=\"http:\/\/chestnut.fr\/stages-de-toussaint\/\">Rois et Reines<\/a>\u00a0\u00bb\u00a0<\/strong><span><strong>Stage de 4 jours Confirm\u00e9s\u00a0:<\/strong>\u00a0du\u00a02 au 5 novembre 2017\u00a0<\/span><\/p>\n<p>Au programme de ce stage, trois danses pour 3 et 4 couples\u00a0:\u00a0Princess Royal (Pat Shaw) \/\u00a0All the Kings Horses part I and Part II ( C. Laye) \/ The Queen of Hearts (C. Laye).<\/p>\n<p>Des longways duple et triple minor set de Pat Shaw compl\u00e8teront ce programme : John Talliss\u2019s Canon \u2013 Mr Ganiford\u2019s Maggot \u2013 Miss Anderson\u2019s Allemande.<\/p>\n<p>Fiches d&#8217;inscription disponibles\u00a0<strong><a href=\"http:\/\/chestnut.fr\/stages-de-toussaint#FI\">ici<\/a><\/strong><\/p>\n<p><strong><span>N.B. : majoration tarifaire pour les inscriptions re\u00e7ues apr\u00e8s le 19 octobre !<\/span><\/strong><\/p>\n<p>Pour tous renseignements compl\u00e9mentaires, contact@chestnut.fr ou 01 45 70 83 94.<\/p>\n<p><strong>A bient\u00f4t pour de belles danses !\u00a0<\/strong><\/p>\n<p>&nbsp;<\/p>\n","protected":false},"excerpt":{"rendered":"<p>Durant les vacances de Toussaint, 2 stages longs pour les d\u00e9butants et les Confirm\u00e9s anim\u00e9s par\u00a0C\u00e9cile Laye\u00a0 :\u00a0 \u2022\u00a0&#8220;D\u00e9couvrir Playford&#8221;\u00a0Stage de 3 jours D\u00e9butants et Interm\u00e9diaires :\u00a0du 30 octobre au 1er novembre 2017 Le c\u0153ur de ce stage sera constitu\u00e9 par 3 belles danses tir\u00e9es de la premi\u00e8re \u00e9dition du Dancing Master : \u2022\u00a0Confess, \u2022\u00a0Dargason [&hellip;]<\/p>\n","protected":false},"author":8,"featured_media":0,"parent":0,"menu_order":0,"comment_status":"closed","ping_status":"closed","template":"","meta":{"_monsterinsights_skip_tracking":false,"_monsterinsights_sitenote_active":false,"_monsterinsights_sitenote_note":"","_monsterinsights_sitenote_category":0,"footnotes":""},"class_list":["post-5635","page","type-page","status-publish","hentry"],"yoast_head":"<!-- This site is optimized with the Yoast SEO plugin v19.6.1 - https:\/\/yoast.com\/wordpress\/plugins\/seo\/ -->\n<title>Stages de Toussaint - Chestnut<\/title>\n<meta name=\"robots\" content=\"index, follow, max-snippet:-1, max-image-preview:large, max-video-preview:-1\" \/>\n<link rel=\"canonical\" href=\"https:\/\/chestnut.ovh\/stages-de-toussaint\/\" \/>\n<meta name=\"twitter:label1\" content=\"Estimated reading time\" \/>\n\t<meta name=\"twitter:data1\" content=\"1 minute\" \/>\n<script type=\"application\/ld+json\" class=\"yoast-schema-graph\">{\"@context\":\"https:\/\/schema.org\",\"@graph\":[{\"@type\":\"WebPage\",\"@id\":\"https:\/\/chestnut.ovh\/stages-de-toussaint\/\",\"url\":\"https:\/\/chestnut.ovh\/stages-de-toussaint\/\",\"name\":\"[:fr]Stages de Toussaint[:] - Chestnut\",\"isPartOf\":{\"@id\":\"https:\/\/chestnut.ovh\/#website\"},\"datePublished\":\"2015-09-28T14:33:57+00:00\",\"dateModified\":\"2017-09-06T14:27:22+00:00\",\"breadcrumb\":{\"@id\":\"https:\/\/chestnut.ovh\/stages-de-toussaint\/#breadcrumb\"},\"inLanguage\":\"en-GB\",\"potentialAction\":[{\"@type\":\"ReadAction\",\"target\":[\"https:\/\/chestnut.ovh\/stages-de-toussaint\/\"]}]},{\"@type\":\"BreadcrumbList\",\"@id\":\"https:\/\/chestnut.ovh\/stages-de-toussaint\/#breadcrumb\",\"itemListElement\":[{\"@type\":\"ListItem\",\"position\":1,\"name\":\"Accueil\",\"item\":\"https:\/\/chestnut.ovh\/\"},{\"@type\":\"ListItem\",\"position\":2,\"name\":\"Stages de Toussaint\"}]},{\"@type\":\"WebSite\",\"@id\":\"https:\/\/chestnut.ovh\/#website\",\"url\":\"https:\/\/chestnut.ovh\/\",\"name\":\"Chestnut\",\"description\":\"English Country Dancing & Danses anciennes de l&#039;\u00e9poque des Stuarts .... et des romans de Jane Austen !\",\"potentialAction\":[{\"@type\":\"SearchAction\",\"target\":{\"@type\":\"EntryPoint\",\"urlTemplate\":\"https:\/\/chestnut.ovh\/?s={search_term_string}\"},\"query-input\":\"required name=search_term_string\"}],\"inLanguage\":\"en-GB\"}]}<\/script>\n<!-- \/ Yoast SEO plugin. -->","yoast_head_json":{"title":"Stages de Toussaint - Chestnut","robots":{"index":"index","follow":"follow","max-snippet":"max-snippet:-1","max-image-preview":"max-image-preview:large","max-video-preview":"max-video-preview:-1"},"canonical":"https:\/\/chestnut.ovh\/stages-de-toussaint\/","twitter_misc":{"Estimated reading time":"1 minute"},"schema":{"@context":"https:\/\/schema.org","@graph":[{"@type":"WebPage","@id":"https:\/\/chestnut.ovh\/stages-de-toussaint\/","url":"https:\/\/chestnut.ovh\/stages-de-toussaint\/","name":"[:fr]Stages de Toussaint[:] - Chestnut","isPartOf":{"@id":"https:\/\/chestnut.ovh\/#website"},"datePublished":"2015-09-28T14:33:57+00:00","dateModified":"2017-09-06T14:27:22+00:00","breadcrumb":{"@id":"https:\/\/chestnut.ovh\/stages-de-toussaint\/#breadcrumb"},"inLanguage":"en-GB","potentialAction":[{"@type":"ReadAction","target":["https:\/\/chestnut.ovh\/stages-de-toussaint\/"]}]},{"@type":"BreadcrumbList","@id":"https:\/\/chestnut.ovh\/stages-de-toussaint\/#breadcrumb","itemListElement":[{"@type":"ListItem","position":1,"name":"Accueil","item":"https:\/\/chestnut.ovh\/"},{"@type":"ListItem","position":2,"name":"Stages de Toussaint"}]},{"@type":"WebSite","@id":"https:\/\/chestnut.ovh\/#website","url":"https:\/\/chestnut.ovh\/","name":"Chestnut","description":"English Country Dancing & Danses anciennes de l&#039;\u00e9poque des Stuarts .... et des romans de Jane Austen !","potentialAction":[{"@type":"SearchAction","target":{"@type":"EntryPoint","urlTemplate":"https:\/\/chestnut.ovh\/?s={search_term_string}"},"query-input":"required name=search_term_string"}],"inLanguage":"en-GB"}]}},"_links":{"self":[{"href":"https:\/\/chestnut.ovh\/en\/wp-json\/wp\/v2\/pages\/5635","targetHints":{"allow":["GET"]}}],"collection":[{"href":"https:\/\/chestnut.ovh\/en\/wp-json\/wp\/v2\/pages"}],"about":[{"href":"https:\/\/chestnut.ovh\/en\/wp-json\/wp\/v2\/types\/page"}],"author":[{"embeddable":true,"href":"https:\/\/chestnut.ovh\/en\/wp-json\/wp\/v2\/users\/8"}],"replies":[{"embeddable":true,"href":"https:\/\/chestnut.ovh\/en\/wp-json\/wp\/v2\/comments?post=5635"}],"version-history":[{"count":77,"href":"https:\/\/chestnut.ovh\/en\/wp-json\/wp\/v2\/pages\/5635\/revisions"}],"predecessor-version":[{"id":7574,"href":"https:\/\/chestnut.ovh\/en\/wp-json\/wp\/v2\/pages\/5635\/revisions\/7574"}],"wp:attachment":[{"href":"https:\/\/chestnut.ovh\/en\/wp-json\/wp\/v2\/media?parent=5635"}],"curies":[{"name":"wp","href":"https:\/\/api.w.org\/{rel}","templated":true}]}}