{"id":5697,"date":"2015-09-30T18:27:00","date_gmt":"2015-09-30T18:27:00","guid":{"rendered":"http:\/\/chestnut.fr\/?page_id=5697"},"modified":"2018-12-11T15:23:13","modified_gmt":"2018-12-11T14:23:13","slug":"stages-debutants-6-dimanches","status":"publish","type":"page","link":"https:\/\/chestnut.ovh\/en\/stages-debutants-6-dimanches\/","title":{"rendered":"Stages D\u00e9butants 2018-2019"},"content":{"rendered":"<ol>\n<li><span style=\"font-family: arial, helvetica, sans-serif;\"><a href=\"#smdeb\">Stages mensuels<\/a>\u00a0(une journ\u00e9e ou une demi-journ\u00e9e)<\/span><\/li>\n<li><span style=\"font-family: arial, helvetica, sans-serif;\"><a href=\"#sideb\">Stages intensifs<\/a> aux vacances de Toussaint ou de P\u00e2ques (3 jours)<\/span><\/li>\n<\/ol>\n<h3 id=\"smdeb\"><span style=\"font-family: arial, helvetica, sans-serif;\"><strong><span style=\"font-size: 18pt;\"><strong style=\"font-size: 21.3333px;\">Stages mensuels :\u00a0<\/strong><\/span><\/strong><\/span><\/h3>\n<div style=\"text-align: justify;\"><span style=\"font-family: arial, helvetica, sans-serif;\">8 stages mensuels le dimanche de 10h30 \u00e013h pour le 1er degr\u00e9 et de 14h \u00e0 16h30 pour le 2e degr\u00e9.\u00a0<\/span><span style=\"font-family: arial, helvetica, sans-serif;\">Ces stages s&#8217;adressent aux danseurs D\u00e9butants (1er degr\u00e9) et Interm\u00e9diaires (2e degr\u00e9)\u00a0<strong><u>(<a href=\"http:\/\/chestnut.fr\/lieux\/#lieua\">Lieu A 14\u00e8me<\/a><\/u>\u00a0\/\u00a0<a href=\"http:\/\/chestnut.fr\/tarifs-2018-2019\/\">Tarifs)<\/a><\/strong><\/span>*<\/div>\n<p>&nbsp;<\/p>\n<div style=\"text-align: left;\"><span style=\"font-family: arial, helvetica, sans-serif;\">30 septembre 2018<\/span><\/div>\n<div style=\"text-align: left;\"><span style=\"font-family: arial, helvetica, sans-serif;\">11 novembre<\/span><\/div>\n<div style=\"text-align: left;\"><span style=\"font-family: arial, helvetica, sans-serif;\">9 d\u00e9cembre<\/span><\/div>\n<div style=\"text-align: left;\"><span style=\"font-family: arial, helvetica, sans-serif;\">13 janvier 2019<\/span><\/div>\n<div style=\"text-align: left;\"><span style=\"font-family: arial, helvetica, sans-serif;\">10 f\u00e9vrier<\/span><\/div>\n<div style=\"text-align: left;\"><span style=\"font-family: arial, helvetica, sans-serif;\">17 mars<\/span><\/div>\n<div style=\"text-align: left;\"><span style=\"font-family: arial, helvetica, sans-serif;\">7 avril<\/span><\/div>\n<div style=\"text-align: left;\"><span style=\"font-family: arial, helvetica, sans-serif;\">19 mai<\/span><\/div>\n<p>&nbsp;<\/p>\n<p><span style=\"font-family: arial, helvetica, sans-serif;\">Programme<\/span><\/p>\n<div style=\"text-align: justify;\"><span style=\"font-family: arial, helvetica, sans-serif;\"><strong>D\u00e9butants 1 &#8211; danses du 1<sup>er<\/sup> degr\u00e9<\/strong>\u00a0(matin\u00e9e 10h30-13h): les simples et les doubles et leur organisation dans les mouvements introductifs du r\u00e9pertoire John Playford\u00a0; progresser dans un longways duple minor set\u00a0; acquisition des mouvements de base avec diff\u00e9rents mixers\u00a0; mesure binaire et mesure \u00e0 3 temps.<\/span><\/div>\n<div style=\"text-align: justify;\"><span style=\"font-family: arial, helvetica, sans-serif;\"><strong>D\u00e9b. 2 \u2013 Interm. \u2013 danses du 2<sup>e<\/sup> degr\u00e9<\/strong> (apr.-midi 14h-16h30)<strong>\u00a0: <\/strong>le travail se structurera autour des grandes danses en set et en longways (duple et triple minor set) des bals de cette saison et notamment celles du bal en costume de Bath qui seront travaill\u00e9es \u00e0 partir de d\u00e9cembre\u00a0: Heidenr\u00f6slein &#8211; Ramsgate Assembly &#8211; The Round &#8211; The Cuckoo &#8211; La R\u00e9volution de France &#8211; Lady Caroline Bertie et Quite Carried Away. Travail particulier sur la cha\u00eene circulaire, le huit, le double huit, le huit progressif et le demi huit.<\/span><\/div>\n<p>&nbsp;<\/p>\n<div style=\"text-align: justify;\">\n<p><span style=\"font-family: arial, helvetica, sans-serif;\"><span style=\"font-family: arial, helvetica, sans-serif;\"><span style=\"color: #ff0000;\">N.B. :<\/span> les danseurs inscrits en Interme\u0301diaires et Confirme\u0301s peuvent participer aux stages de\u0301butants d\u2019une journe\u0301e. Ce moment de pratique leur est propose\u0301 en vue d\u2019une re\u0301vision du re\u0301pertoire. Il leur sera demande\u0301 une participation de 3\u20ac par demi- journ\u00e9e.<\/span><\/span><\/p>\n<hr \/>\n<p><span style=\"font-family: arial, helvetica, sans-serif;\"><\/span><\/p>\n<\/div>\n<div><span style=\"font-family: arial, helvetica, sans-serif;\"><strong>*N.B. : une inscription pr\u00e9alable est requise pour toutes les activit\u00e9s\u00a0au 01 45 70 83 94 ou \u00e0 <span class=\"s1\"><a href=\"mailto:contact@chestnut.fr\">contact@chestnut.fr<\/a>.<\/span> <\/strong>N&#8217;h\u00e9sitez pas \u00e0 nous contacter pour plus d&#8217;informations.<\/span><\/div>\n<div><\/div>\n<hr \/>\n<div class=\"page\" style=\"text-align: justify;\" title=\"Page 2\">\n<div class=\"section\">\n<div class=\"layoutArea\">\n<div class=\"column\">\n<h3 id=\"sideb\"><span style=\"font-family: arial, helvetica, sans-serif;\"><span style=\"font-size: 18pt;\"><strong style=\"font-size: 21.3333px;\">Stages intensifs :<\/strong><\/span><\/span><\/h3>\n<p><span style=\"font-family: arial, helvetica, sans-serif;\">2 stages intensifs de 3 jours aux vacances de Toussaint et de P\u00e2ques\u00a0\u00a0<strong><u>(<a href=\"http:\/\/chestnut.fr\/lieux\/#lieua\">Lieu A 14\u00e8me<\/a>)<\/u>.\u00a0<\/strong>Ces stages s&#8217;adressent aux danseurs D\u00e9butants (1er degr\u00e9) et Interm\u00e9diaires (2e degr\u00e9) :<\/span><\/p>\n<div style=\"text-align: center;\"><span style=\"font-family: arial, helvetica, sans-serif;\"><a href=\"http:\/\/chestnut.fr\/stages-de-toussaint-3\/\"><strong>Vacances de Toussaint<\/strong><\/a><strong>\u00a0:<\/strong><\/span><\/div>\n<ul>\n<li>\n<div style=\"text-align: justify;\"><span style=\"font-family: arial, helvetica, sans-serif;\">\u00ab<strong>Danser par huit dans le r\u00e9pertoire de John Playford\u00bb\u00a0<\/strong>: lundi 29 octobre et mardi 30 octobre de 10h30 \u00e0 17h et mercredi 31 octobre de 11h30 \u00e0 16h30. Trois\u00a0belles danses de l&#8217;English Dancing Master\u00a0: Nonsuch, The Phoenix et Drive the cold Winter away. Evolution du longways duple minor set depuis les collections anciennes jusqu\u2019aux danses collect\u00e9es au 20<sup>e<\/sup> si\u00e8cle\u00a0: La Gasconne &#8211; Hole in the Wall &#8211; Prince William of Glo\u2019ster\u2019s Waltz &#8211; Soldier\u2019s Joy. Adh\u00e9sion : 20 \u20ac. Tarif du stage : 85\u20ac \/ pers.\u00a0\u00a0<strong><u>(<a href=\"http:\/\/chestnut.fr\/lieux\/#lieua\">Lieu A 14\u00e8me<\/a>)<\/u><\/strong><\/span><\/div>\n<\/li>\n<\/ul>\n<\/div>\n<\/div>\n<\/div>\n<\/div>\n<p>&nbsp;<\/p>\n<div class=\"page\" style=\"text-align: justify;\" title=\"Page 2\">\n<div class=\"section\">\n<div class=\"layoutArea\">\n<div class=\"column\">\n<div style=\"text-align: center;\"><span style=\"font-family: arial, helvetica, sans-serif;\"><strong>Vacances de P\u00e2ques<\/strong><strong>\u00a0:<\/strong><\/span><\/div>\n<ul>\n<li>\n<div style=\"text-align: justify;\"><span style=\"font-family: arial, helvetica, sans-serif;\">\u00ab<strong>Pr\u00e9paration du bal en costume\u00a01er et 2e degr\u00e9s\u00bb\u00a0: <\/strong> lundi 22 avril et mardi 23 avril de 10h30 \u00e0 17h et mercredi 24 avril de 11h30 \u00e0 16h30<strong>.\u00a0<\/strong>Ce stage reprend le programme des danses des 1<sup>er<\/sup> et 2<sup>e<\/sup> degr\u00e9s inscrites au programme du bal en costume de Bath et enseign\u00e9es dans les stages du dimanche. Le programme d\u00e9taill\u00e9 par journ\u00e9e sera communiqu\u00e9 ult\u00e9rieurement. L&#8217;adh\u00e9sion est obligatoire. Adh\u00e9sion : 20 \u20ac. Tarif du stage : 85\u20ac \/ pers.\u00a0<strong><u>(<a href=\"http:\/\/chestnut.fr\/lieux\/#lieua\">Lieu A 14\u00e8me<\/a>)<\/u><\/strong><\/span><\/div>\n<\/li>\n<\/ul>\n<\/div>\n<\/div>\n<\/div>\n<\/div>\n","protected":false},"excerpt":{"rendered":"<p>Stages mensuels\u00a0(une journ\u00e9e ou une demi-journ\u00e9e) Stages intensifs aux vacances de Toussaint ou de P\u00e2ques (3 jours) Stages mensuels :\u00a0 8 stages mensuels le dimanche de 10h30 \u00e013h pour le 1er degr\u00e9 et de 14h \u00e0 16h30 pour le 2e degr\u00e9.\u00a0Ces stages s&#8217;adressent aux danseurs D\u00e9butants (1er degr\u00e9) et Interm\u00e9diaires (2e degr\u00e9)\u00a0(Lieu A 14\u00e8me\u00a0\/\u00a0Tarifs)* &nbsp; [&hellip;]<\/p>\n","protected":false},"author":8,"featured_media":0,"parent":0,"menu_order":0,"comment_status":"closed","ping_status":"closed","template":"","meta":{"_monsterinsights_skip_tracking":false,"_monsterinsights_sitenote_active":false,"_monsterinsights_sitenote_note":"","_monsterinsights_sitenote_category":0,"footnotes":""},"class_list":["post-5697","page","type-page","status-publish","hentry"],"yoast_head":"<!-- This site is optimized with the Yoast SEO plugin v19.6.1 - https:\/\/yoast.com\/wordpress\/plugins\/seo\/ -->\n<title>Stages D\u00e9butants 2018-2019 - Chestnut<\/title>\n<meta name=\"robots\" content=\"index, follow, max-snippet:-1, max-image-preview:large, max-video-preview:-1\" \/>\n<link rel=\"canonical\" href=\"https:\/\/chestnut.ovh\/stages-debutants-6-dimanches\/\" \/>\n<meta name=\"twitter:label1\" content=\"Estimated reading time\" \/>\n\t<meta name=\"twitter:data1\" content=\"2 minutes\" \/>\n<script type=\"application\/ld+json\" class=\"yoast-schema-graph\">{\"@context\":\"https:\/\/schema.org\",\"@graph\":[{\"@type\":\"WebPage\",\"@id\":\"https:\/\/chestnut.ovh\/stages-debutants-6-dimanches\/\",\"url\":\"https:\/\/chestnut.ovh\/stages-debutants-6-dimanches\/\",\"name\":\"[:fr]Stages D\u00e9butants 2018-2019[:] - Chestnut\",\"isPartOf\":{\"@id\":\"https:\/\/chestnut.ovh\/#website\"},\"datePublished\":\"2015-09-30T18:27:00+00:00\",\"dateModified\":\"2018-12-11T14:23:13+00:00\",\"breadcrumb\":{\"@id\":\"https:\/\/chestnut.ovh\/stages-debutants-6-dimanches\/#breadcrumb\"},\"inLanguage\":\"en-GB\",\"potentialAction\":[{\"@type\":\"ReadAction\",\"target\":[\"https:\/\/chestnut.ovh\/stages-debutants-6-dimanches\/\"]}]},{\"@type\":\"BreadcrumbList\",\"@id\":\"https:\/\/chestnut.ovh\/stages-debutants-6-dimanches\/#breadcrumb\",\"itemListElement\":[{\"@type\":\"ListItem\",\"position\":1,\"name\":\"Accueil\",\"item\":\"https:\/\/chestnut.ovh\/\"},{\"@type\":\"ListItem\",\"position\":2,\"name\":\"Stages D\u00e9butants 2018-2019\"}]},{\"@type\":\"WebSite\",\"@id\":\"https:\/\/chestnut.ovh\/#website\",\"url\":\"https:\/\/chestnut.ovh\/\",\"name\":\"Chestnut\",\"description\":\"English Country Dancing & Danses anciennes de l&#039;\u00e9poque des Stuarts .... et des romans de Jane Austen !\",\"potentialAction\":[{\"@type\":\"SearchAction\",\"target\":{\"@type\":\"EntryPoint\",\"urlTemplate\":\"https:\/\/chestnut.ovh\/?s={search_term_string}\"},\"query-input\":\"required name=search_term_string\"}],\"inLanguage\":\"en-GB\"}]}<\/script>\n<!-- \/ Yoast SEO plugin. -->","yoast_head_json":{"title":"Stages D\u00e9butants 2018-2019 - Chestnut","robots":{"index":"index","follow":"follow","max-snippet":"max-snippet:-1","max-image-preview":"max-image-preview:large","max-video-preview":"max-video-preview:-1"},"canonical":"https:\/\/chestnut.ovh\/stages-debutants-6-dimanches\/","twitter_misc":{"Estimated reading time":"2 minutes"},"schema":{"@context":"https:\/\/schema.org","@graph":[{"@type":"WebPage","@id":"https:\/\/chestnut.ovh\/stages-debutants-6-dimanches\/","url":"https:\/\/chestnut.ovh\/stages-debutants-6-dimanches\/","name":"[:fr]Stages D\u00e9butants 2018-2019[:] - Chestnut","isPartOf":{"@id":"https:\/\/chestnut.ovh\/#website"},"datePublished":"2015-09-30T18:27:00+00:00","dateModified":"2018-12-11T14:23:13+00:00","breadcrumb":{"@id":"https:\/\/chestnut.ovh\/stages-debutants-6-dimanches\/#breadcrumb"},"inLanguage":"en-GB","potentialAction":[{"@type":"ReadAction","target":["https:\/\/chestnut.ovh\/stages-debutants-6-dimanches\/"]}]},{"@type":"BreadcrumbList","@id":"https:\/\/chestnut.ovh\/stages-debutants-6-dimanches\/#breadcrumb","itemListElement":[{"@type":"ListItem","position":1,"name":"Accueil","item":"https:\/\/chestnut.ovh\/"},{"@type":"ListItem","position":2,"name":"Stages D\u00e9butants 2018-2019"}]},{"@type":"WebSite","@id":"https:\/\/chestnut.ovh\/#website","url":"https:\/\/chestnut.ovh\/","name":"Chestnut","description":"English Country Dancing & Danses anciennes de l&#039;\u00e9poque des Stuarts .... et des romans de Jane Austen !","potentialAction":[{"@type":"SearchAction","target":{"@type":"EntryPoint","urlTemplate":"https:\/\/chestnut.ovh\/?s={search_term_string}"},"query-input":"required name=search_term_string"}],"inLanguage":"en-GB"}]}},"_links":{"self":[{"href":"https:\/\/chestnut.ovh\/en\/wp-json\/wp\/v2\/pages\/5697","targetHints":{"allow":["GET"]}}],"collection":[{"href":"https:\/\/chestnut.ovh\/en\/wp-json\/wp\/v2\/pages"}],"about":[{"href":"https:\/\/chestnut.ovh\/en\/wp-json\/wp\/v2\/types\/page"}],"author":[{"embeddable":true,"href":"https:\/\/chestnut.ovh\/en\/wp-json\/wp\/v2\/users\/8"}],"replies":[{"embeddable":true,"href":"https:\/\/chestnut.ovh\/en\/wp-json\/wp\/v2\/comments?post=5697"}],"version-history":[{"count":42,"href":"https:\/\/chestnut.ovh\/en\/wp-json\/wp\/v2\/pages\/5697\/revisions"}],"predecessor-version":[{"id":8563,"href":"https:\/\/chestnut.ovh\/en\/wp-json\/wp\/v2\/pages\/5697\/revisions\/8563"}],"wp:attachment":[{"href":"https:\/\/chestnut.ovh\/en\/wp-json\/wp\/v2\/media?parent=5697"}],"curies":[{"name":"wp","href":"https:\/\/api.w.org\/{rel}","templated":true}]}}