{"id":5730,"date":"2015-10-01T13:23:53","date_gmt":"2015-10-01T13:23:53","guid":{"rendered":"http:\/\/chestnut.fr\/?page_id=5730"},"modified":"2019-05-20T11:51:22","modified_gmt":"2019-05-20T10:51:22","slug":"cours-debutants","status":"publish","type":"page","link":"https:\/\/chestnut.ovh\/en\/cours-debutants\/","title":{"rendered":"Cours D\u00e9butants"},"content":{"rendered":"<p><span style=\"font-family: arial, helvetica, sans-serif;\">Le t\u00e9moignage de Heather (16\/05\/2019) : &#8220;<\/span><em><span style=\"font-family: arial, helvetica, sans-serif; font-size: 10pt;\"><strong>Thank you so much more than I can express. \u00a0It was a wonderful evening. \u00a0You are an amazing teacher and your group was SO KIND to me!!! (<\/strong><\/span><\/em><em><span style=\"font-family: arial, helvetica, sans-serif; font-size: 10pt;\">Je vous remercie au-del\u00e0 de ce que je pourrais exprimer. Ce f\u00fbt une magnifique soir\u00e9e. Vous \u00eates un merveilleux professeur et votre groupe a \u00e9t\u00e9 si gentil avec moi !!!)&#8221;<\/span><\/em><\/p>\n<p><span style=\"font-family: arial, helvetica, sans-serif;\"><strong>Cours D\u00e9butants\u00a0:<\/strong> tous les jeudis soir de 18h30 \u00e0 20h (du 13 septembre 2018 au 13 juin 2019 hors vacances scolaires)\u00a0<strong><u>(<a href=\"http:\/\/chestnut.fr\/lieux\/#lieua\">Lieu A 14\u00e8me<\/a><\/u>\u00a0\/\u00a0<a href=\"http:\/\/chestnut.fr\/tarifs-2018-2019\/\">Tarifs)*<\/a><\/strong><\/span><\/p>\n<div style=\"text-align: justify;\"><span style=\"font-family: arial, helvetica, sans-serif;\">Le cours s\u2019adresse aux danseurs d\u00e9sireux de s\u2019initier aux trois r\u00e9pertoires\u00a0 de la danse \u00e0 figures anglaise : les danses anciennes, les danses collect\u00e9es et les chor\u00e9graphies modernes.\u00a0<\/span><\/div>\n<div style=\"text-align: justify;\"><span style=\"font-family: arial, helvetica, sans-serif;\">Ce cours s\u2019adresse aussi aux danseurs avanc\u00e9s d\u00e9sireux de travailler sur le r\u00e9pertoire dans le but de le r\u00e9-enseigner ou simplement de revoir des danses simples. <\/span><\/div>\n<div style=\"text-align: justify;\"><span style=\"font-family: arial, helvetica, sans-serif;\">Au programme : distribution des simples et des doubles dans les quatre grands types de figures introductives du r\u00e9pertoire\u00a0John Playford ; cast, double cast et inversion du set\u00a0; diff\u00e9rentes modalit\u00e9s de poussette, le demi-huit et le huit progressif\u00a0; le Pantalon et ses avatars traditionnels.<\/span><\/div>\n<p>&nbsp;<\/p>\n<div>\n<p><span style=\"font-family: arial, helvetica, sans-serif;\"><span style=\"font-family: arial, helvetica, sans-serif;\">Une grande attention sera port\u00e9e \u00e0 l&#8217;acquisition du style et au rapport musique\/danse.<\/span><\/span><\/p>\n<hr \/>\n<p><span style=\"font-family: arial, helvetica, sans-serif;\"><\/span><\/p>\n<\/div>\n<p><span style=\"font-family: arial, helvetica, sans-serif;\"><strong>*N.B. : une inscription pr\u00e9alable est requise pour toutes les activit\u00e9s\u00a0au 01 45 70 83 94 ou \u00e0 <span class=\"s1\"><a href=\"mailto:contact@chestnut.fr\">contact@chestnut.fr<\/a>.<\/span> <\/strong>N&#8217;h\u00e9sitez pas \u00e0 nous contacter pour plus d&#8217;informations.<\/span><\/p>\n<hr \/>\n<p><span style=\"font-family: arial, helvetica, sans-serif;\">A bient\u00f4t pour de belles danses !<\/span><\/p>\n","protected":false},"excerpt":{"rendered":"<p>Le t\u00e9moignage de Heather (16\/05\/2019) : &#8220;Thank you so much more than I can express. \u00a0It was a wonderful evening. \u00a0You are an amazing teacher and your group was SO KIND to me!!! (Je vous remercie au-del\u00e0 de ce que je pourrais exprimer. Ce f\u00fbt une magnifique soir\u00e9e. Vous \u00eates un merveilleux professeur et votre [&hellip;]<\/p>\n","protected":false},"author":8,"featured_media":0,"parent":0,"menu_order":0,"comment_status":"closed","ping_status":"closed","template":"","meta":{"_monsterinsights_skip_tracking":false,"_monsterinsights_sitenote_active":false,"_monsterinsights_sitenote_note":"","_monsterinsights_sitenote_category":0,"footnotes":""},"class_list":["post-5730","page","type-page","status-publish","hentry"],"yoast_head":"<!-- This site is optimized with the Yoast SEO plugin v19.6.1 - https:\/\/yoast.com\/wordpress\/plugins\/seo\/ -->\n<title>Cours D\u00e9butants - Chestnut<\/title>\n<meta name=\"robots\" content=\"index, follow, max-snippet:-1, max-image-preview:large, max-video-preview:-1\" \/>\n<link rel=\"canonical\" href=\"https:\/\/chestnut.ovh\/cours-debutants\/\" \/>\n<meta name=\"twitter:label1\" content=\"Estimated reading time\" \/>\n\t<meta name=\"twitter:data1\" content=\"1 minute\" \/>\n<script type=\"application\/ld+json\" class=\"yoast-schema-graph\">{\"@context\":\"https:\/\/schema.org\",\"@graph\":[{\"@type\":\"WebPage\",\"@id\":\"https:\/\/chestnut.ovh\/cours-debutants\/\",\"url\":\"https:\/\/chestnut.ovh\/cours-debutants\/\",\"name\":\"[:fr]Cours D\u00e9butants[:] - Chestnut\",\"isPartOf\":{\"@id\":\"https:\/\/chestnut.ovh\/#website\"},\"datePublished\":\"2015-10-01T13:23:53+00:00\",\"dateModified\":\"2019-05-20T10:51:22+00:00\",\"breadcrumb\":{\"@id\":\"https:\/\/chestnut.ovh\/cours-debutants\/#breadcrumb\"},\"inLanguage\":\"en-GB\",\"potentialAction\":[{\"@type\":\"ReadAction\",\"target\":[\"https:\/\/chestnut.ovh\/cours-debutants\/\"]}]},{\"@type\":\"BreadcrumbList\",\"@id\":\"https:\/\/chestnut.ovh\/cours-debutants\/#breadcrumb\",\"itemListElement\":[{\"@type\":\"ListItem\",\"position\":1,\"name\":\"Accueil\",\"item\":\"https:\/\/chestnut.ovh\/\"},{\"@type\":\"ListItem\",\"position\":2,\"name\":\"Cours D\u00e9butants\"}]},{\"@type\":\"WebSite\",\"@id\":\"https:\/\/chestnut.ovh\/#website\",\"url\":\"https:\/\/chestnut.ovh\/\",\"name\":\"Chestnut\",\"description\":\"English Country Dancing & Danses anciennes de l&#039;\u00e9poque des Stuarts .... et des romans de Jane Austen !\",\"potentialAction\":[{\"@type\":\"SearchAction\",\"target\":{\"@type\":\"EntryPoint\",\"urlTemplate\":\"https:\/\/chestnut.ovh\/?s={search_term_string}\"},\"query-input\":\"required name=search_term_string\"}],\"inLanguage\":\"en-GB\"}]}<\/script>\n<!-- \/ Yoast SEO plugin. -->","yoast_head_json":{"title":"Cours D\u00e9butants - Chestnut","robots":{"index":"index","follow":"follow","max-snippet":"max-snippet:-1","max-image-preview":"max-image-preview:large","max-video-preview":"max-video-preview:-1"},"canonical":"https:\/\/chestnut.ovh\/cours-debutants\/","twitter_misc":{"Estimated reading time":"1 minute"},"schema":{"@context":"https:\/\/schema.org","@graph":[{"@type":"WebPage","@id":"https:\/\/chestnut.ovh\/cours-debutants\/","url":"https:\/\/chestnut.ovh\/cours-debutants\/","name":"[:fr]Cours D\u00e9butants[:] - Chestnut","isPartOf":{"@id":"https:\/\/chestnut.ovh\/#website"},"datePublished":"2015-10-01T13:23:53+00:00","dateModified":"2019-05-20T10:51:22+00:00","breadcrumb":{"@id":"https:\/\/chestnut.ovh\/cours-debutants\/#breadcrumb"},"inLanguage":"en-GB","potentialAction":[{"@type":"ReadAction","target":["https:\/\/chestnut.ovh\/cours-debutants\/"]}]},{"@type":"BreadcrumbList","@id":"https:\/\/chestnut.ovh\/cours-debutants\/#breadcrumb","itemListElement":[{"@type":"ListItem","position":1,"name":"Accueil","item":"https:\/\/chestnut.ovh\/"},{"@type":"ListItem","position":2,"name":"Cours D\u00e9butants"}]},{"@type":"WebSite","@id":"https:\/\/chestnut.ovh\/#website","url":"https:\/\/chestnut.ovh\/","name":"Chestnut","description":"English Country Dancing & Danses anciennes de l&#039;\u00e9poque des Stuarts .... et des romans de Jane Austen !","potentialAction":[{"@type":"SearchAction","target":{"@type":"EntryPoint","urlTemplate":"https:\/\/chestnut.ovh\/?s={search_term_string}"},"query-input":"required name=search_term_string"}],"inLanguage":"en-GB"}]}},"_links":{"self":[{"href":"https:\/\/chestnut.ovh\/en\/wp-json\/wp\/v2\/pages\/5730","targetHints":{"allow":["GET"]}}],"collection":[{"href":"https:\/\/chestnut.ovh\/en\/wp-json\/wp\/v2\/pages"}],"about":[{"href":"https:\/\/chestnut.ovh\/en\/wp-json\/wp\/v2\/types\/page"}],"author":[{"embeddable":true,"href":"https:\/\/chestnut.ovh\/en\/wp-json\/wp\/v2\/users\/8"}],"replies":[{"embeddable":true,"href":"https:\/\/chestnut.ovh\/en\/wp-json\/wp\/v2\/comments?post=5730"}],"version-history":[{"count":22,"href":"https:\/\/chestnut.ovh\/en\/wp-json\/wp\/v2\/pages\/5730\/revisions"}],"predecessor-version":[{"id":8887,"href":"https:\/\/chestnut.ovh\/en\/wp-json\/wp\/v2\/pages\/5730\/revisions\/8887"}],"wp:attachment":[{"href":"https:\/\/chestnut.ovh\/en\/wp-json\/wp\/v2\/media?parent=5730"}],"curies":[{"name":"wp","href":"https:\/\/api.w.org\/{rel}","templated":true}]}}