{"id":6163,"date":"2016-03-02T12:56:07","date_gmt":"2016-03-02T11:56:07","guid":{"rendered":"http:\/\/chestnut.fr\/?page_id=6163"},"modified":"2018-12-11T14:55:57","modified_gmt":"2018-12-11T13:55:57","slug":"stages-mensuels-pbc-preparation-au-bal-en-costume","status":"publish","type":"page","link":"https:\/\/chestnut.ovh\/en\/stages-mensuels-pbc-preparation-au-bal-en-costume\/","title":{"rendered":"Mini-stages mensuels Confirm\u00e9s du samedi (PBC)"},"content":{"rendered":"<p><span style=\"font-size: 16pt; font-family: arial, helvetica, sans-serif;\"><strong><span style=\"color: #556b2f;\">8 mini-stages Confirm\u00e9s pour pr\u00e9parer le bal en costume (PBC) le samedi de 14h30 \u00e0 17h30\u00a0<u>(<a href=\"http:\/\/chestnut.fr\/lieux\/#lieub\">Lieu B 12\u00e8me\u00a0<\/a>\/\u00a0<a href=\"http:\/\/chestnut.fr\/tarifs-2018-2019\/\">Tarifs<\/a>)<\/u>\u00a0: <\/span><\/strong><\/span><\/p>\n<ul>\n<li style=\"text-align: justify;\"><span style=\"font-family: arial, helvetica, sans-serif;\"><strong>29 sept. : <\/strong>Argeers &#8211; Mr Beveridge\u2019s Maggot (1<sup>\u00e8re<\/sup> danse de la Suite \u00e0 3 temps) &#8211; \u00e9tude de pas\u00a0<\/span><\/li>\n<li style=\"text-align: justify;\"><strong style=\"font-family: arial, helvetica, sans-serif;\">10 nov. :<\/strong><span style=\"font-family: arial, helvetica, sans-serif;\"> Adson\u2019s Saraband &#8211; Mr Isaac\u2019s Maggot (2<\/span><sup style=\"font-family: arial, helvetica, sans-serif;\">e<\/sup><span style=\"font-family: arial, helvetica, sans-serif;\"> danse de la Suite \u00e0 3 temps) &#8211; r\u00e9vision de Mr B\u2019s Maggot &#8211; \u00e9tude de pas\u00a0<\/span><\/li>\n<li style=\"text-align: justify;\"><strong style=\"font-family: arial, helvetica, sans-serif;\">8 d\u00e9c.\u00a0: <\/strong><span style=\"font-family: arial, helvetica, sans-serif;\">Westminster Hall &#8211; Quite Carried away &#8211; r\u00e9vision de Argeers et Adson\u2019s Saraband\u00a0<\/span><\/li>\n<li style=\"text-align: justify;\"><strong style=\"font-family: arial, helvetica, sans-serif;\">1<\/strong><strong style=\"font-family: arial, helvetica, sans-serif;\">2 janv.\u00a0: <\/strong><span style=\"font-family: arial, helvetica, sans-serif;\">\u00e9tude de pas &#8211; The humours of the Age &#8211; La r\u00e9volution de la France &#8211; Westminster Hall <\/span><\/li>\n<li style=\"text-align: justify;\"><strong style=\"font-family: arial, helvetica, sans-serif;\">9 f\u00e9v.\u00a0<\/strong><span style=\"font-family: arial, helvetica, sans-serif;\">: Elspeth &#8211; The Round \u2013The Cuckoo\u00a0<\/span><\/li>\n<li style=\"text-align: justify;\"><strong style=\"font-family: arial, helvetica, sans-serif;\">16 mars<\/strong><span style=\"font-family: arial, helvetica, sans-serif;\">\u00a0: Les Ombres Chinoises &#8211; Heidenr\u00f6slein &#8211; Suite \u00e0 3 temps\u00a0<\/span><\/li>\n<li style=\"text-align: justify;\"><strong style=\"font-family: arial, helvetica, sans-serif;\">6 avr.\u00a0:<\/strong><span style=\"font-family: arial, helvetica, sans-serif;\"> Ramsgate Assembly \u2013 Elspeth\u00a0<\/span><\/li>\n<li style=\"text-align: justify;\"><strong style=\"font-family: arial, helvetica, sans-serif;\">18 mai\u00a0:<\/strong><span style=\"font-family: arial, helvetica, sans-serif;\"> Les Ombres Chinoises \u2013 Elspeth &#8211; Humours of the Age \u2013 Argeers &#8211; Adson\u2019s Saraband\u00a0<\/span><\/li>\n<\/ul>\n<p>&nbsp;<\/p>\n<div style=\"text-align: right;\"><a href=\"https:\/\/chestnut.fr\/brochure-et-dates-2018-2019\/\"><span style=\"font-family: arial, helvetica, sans-serif;\">Tous nos rendez-vous\u00a0<\/span><\/a><\/div>\n","protected":false},"excerpt":{"rendered":"<p>8 mini-stages Confirm\u00e9s pour pr\u00e9parer le bal en costume (PBC) le samedi de 14h30 \u00e0 17h30\u00a0(Lieu B 12\u00e8me\u00a0\/\u00a0Tarifs)\u00a0: 29 sept. : Argeers &#8211; Mr Beveridge\u2019s Maggot (1\u00e8re danse de la Suite \u00e0 3 temps) &#8211; \u00e9tude de pas\u00a0 10 nov. : Adson\u2019s Saraband &#8211; Mr Isaac\u2019s Maggot (2e danse de la Suite \u00e0 3 temps) [&hellip;]<\/p>\n","protected":false},"author":8,"featured_media":0,"parent":0,"menu_order":0,"comment_status":"closed","ping_status":"closed","template":"","meta":{"_monsterinsights_skip_tracking":false,"_monsterinsights_sitenote_active":false,"_monsterinsights_sitenote_note":"","_monsterinsights_sitenote_category":0,"footnotes":""},"class_list":["post-6163","page","type-page","status-publish","hentry"],"yoast_head":"<!-- This site is optimized with the Yoast SEO plugin v19.6.1 - https:\/\/yoast.com\/wordpress\/plugins\/seo\/ -->\n<title>Mini-stages mensuels Confirm\u00e9s du samedi (PBC) - Chestnut<\/title>\n<meta name=\"robots\" content=\"index, follow, max-snippet:-1, max-image-preview:large, max-video-preview:-1\" \/>\n<link rel=\"canonical\" href=\"https:\/\/chestnut.ovh\/en\/stages-mensuels-pbc-preparation-au-bal-en-costume\/\" \/>\n<meta name=\"twitter:label1\" content=\"Estimated reading time\" \/>\n\t<meta name=\"twitter:data1\" content=\"1 minute\" \/>\n<script type=\"application\/ld+json\" class=\"yoast-schema-graph\">{\"@context\":\"https:\/\/schema.org\",\"@graph\":[{\"@type\":\"WebPage\",\"@id\":\"https:\/\/chestnut.ovh\/en\/stages-mensuels-pbc-preparation-au-bal-en-costume\/\",\"url\":\"https:\/\/chestnut.ovh\/en\/stages-mensuels-pbc-preparation-au-bal-en-costume\/\",\"name\":\"[:fr]Mini-stages mensuels Confirm\u00e9s du samedi (PBC)[:] - Chestnut\",\"isPartOf\":{\"@id\":\"https:\/\/chestnut.ovh\/#website\"},\"datePublished\":\"2016-03-02T11:56:07+00:00\",\"dateModified\":\"2018-12-11T13:55:57+00:00\",\"breadcrumb\":{\"@id\":\"https:\/\/chestnut.ovh\/en\/stages-mensuels-pbc-preparation-au-bal-en-costume\/#breadcrumb\"},\"inLanguage\":\"en-GB\",\"potentialAction\":[{\"@type\":\"ReadAction\",\"target\":[\"https:\/\/chestnut.ovh\/en\/stages-mensuels-pbc-preparation-au-bal-en-costume\/\"]}]},{\"@type\":\"BreadcrumbList\",\"@id\":\"https:\/\/chestnut.ovh\/en\/stages-mensuels-pbc-preparation-au-bal-en-costume\/#breadcrumb\",\"itemListElement\":[{\"@type\":\"ListItem\",\"position\":1,\"name\":\"Accueil\",\"item\":\"https:\/\/chestnut.ovh\/\"},{\"@type\":\"ListItem\",\"position\":2,\"name\":\"Mini-stages mensuels Confirm\u00e9s du samedi (PBC)\"}]},{\"@type\":\"WebSite\",\"@id\":\"https:\/\/chestnut.ovh\/#website\",\"url\":\"https:\/\/chestnut.ovh\/\",\"name\":\"Chestnut\",\"description\":\"English Country Dancing & Danses anciennes de l&#039;\u00e9poque des Stuarts .... et des romans de Jane Austen !\",\"potentialAction\":[{\"@type\":\"SearchAction\",\"target\":{\"@type\":\"EntryPoint\",\"urlTemplate\":\"https:\/\/chestnut.ovh\/?s={search_term_string}\"},\"query-input\":\"required name=search_term_string\"}],\"inLanguage\":\"en-GB\"}]}<\/script>\n<!-- \/ Yoast SEO plugin. -->","yoast_head_json":{"title":"Mini-stages mensuels Confirm\u00e9s du samedi (PBC) - Chestnut","robots":{"index":"index","follow":"follow","max-snippet":"max-snippet:-1","max-image-preview":"max-image-preview:large","max-video-preview":"max-video-preview:-1"},"canonical":"https:\/\/chestnut.ovh\/en\/stages-mensuels-pbc-preparation-au-bal-en-costume\/","twitter_misc":{"Estimated reading time":"1 minute"},"schema":{"@context":"https:\/\/schema.org","@graph":[{"@type":"WebPage","@id":"https:\/\/chestnut.ovh\/en\/stages-mensuels-pbc-preparation-au-bal-en-costume\/","url":"https:\/\/chestnut.ovh\/en\/stages-mensuels-pbc-preparation-au-bal-en-costume\/","name":"[:fr]Mini-stages mensuels Confirm\u00e9s du samedi (PBC)[:] - Chestnut","isPartOf":{"@id":"https:\/\/chestnut.ovh\/#website"},"datePublished":"2016-03-02T11:56:07+00:00","dateModified":"2018-12-11T13:55:57+00:00","breadcrumb":{"@id":"https:\/\/chestnut.ovh\/en\/stages-mensuels-pbc-preparation-au-bal-en-costume\/#breadcrumb"},"inLanguage":"en-GB","potentialAction":[{"@type":"ReadAction","target":["https:\/\/chestnut.ovh\/en\/stages-mensuels-pbc-preparation-au-bal-en-costume\/"]}]},{"@type":"BreadcrumbList","@id":"https:\/\/chestnut.ovh\/en\/stages-mensuels-pbc-preparation-au-bal-en-costume\/#breadcrumb","itemListElement":[{"@type":"ListItem","position":1,"name":"Accueil","item":"https:\/\/chestnut.ovh\/"},{"@type":"ListItem","position":2,"name":"Mini-stages mensuels Confirm\u00e9s du samedi (PBC)"}]},{"@type":"WebSite","@id":"https:\/\/chestnut.ovh\/#website","url":"https:\/\/chestnut.ovh\/","name":"Chestnut","description":"English Country Dancing & Danses anciennes de l&#039;\u00e9poque des Stuarts .... et des romans de Jane Austen !","potentialAction":[{"@type":"SearchAction","target":{"@type":"EntryPoint","urlTemplate":"https:\/\/chestnut.ovh\/?s={search_term_string}"},"query-input":"required name=search_term_string"}],"inLanguage":"en-GB"}]}},"_links":{"self":[{"href":"https:\/\/chestnut.ovh\/en\/wp-json\/wp\/v2\/pages\/6163","targetHints":{"allow":["GET"]}}],"collection":[{"href":"https:\/\/chestnut.ovh\/en\/wp-json\/wp\/v2\/pages"}],"about":[{"href":"https:\/\/chestnut.ovh\/en\/wp-json\/wp\/v2\/types\/page"}],"author":[{"embeddable":true,"href":"https:\/\/chestnut.ovh\/en\/wp-json\/wp\/v2\/users\/8"}],"replies":[{"embeddable":true,"href":"https:\/\/chestnut.ovh\/en\/wp-json\/wp\/v2\/comments?post=6163"}],"version-history":[{"count":15,"href":"https:\/\/chestnut.ovh\/en\/wp-json\/wp\/v2\/pages\/6163\/revisions"}],"predecessor-version":[{"id":8555,"href":"https:\/\/chestnut.ovh\/en\/wp-json\/wp\/v2\/pages\/6163\/revisions\/8555"}],"wp:attachment":[{"href":"https:\/\/chestnut.ovh\/en\/wp-json\/wp\/v2\/media?parent=6163"}],"curies":[{"name":"wp","href":"https:\/\/api.w.org\/{rel}","templated":true}]}}