{"id":6429,"date":"2016-04-12T15:58:09","date_gmt":"2016-04-12T13:58:09","guid":{"rendered":"http:\/\/chestnut.fr\/?page_id=6429"},"modified":"2022-02-05T10:15:23","modified_gmt":"2022-02-05T09:15:23","slug":"adherer","status":"publish","type":"page","link":"https:\/\/chestnut.ovh\/en\/adherer\/","title":{"rendered":"Adh\u00e9sion"},"content":{"rendered":"<p><strong><span style=\"font-family: arial, helvetica, sans-serif;\">Adh\u00e9rer c&#8217;est :<\/span><\/strong><\/p>\n<ul>\n<li><span style=\"font-family: arial, helvetica, sans-serif;\">soutenir les activit\u00e9s de Chestnut et contribuer notamment \u00e0 la promotion du r\u00e9pertoire des danses \u00e0 figures anglaises.\u00a0<\/span><\/li>\n<li><span style=\"font-family: arial, helvetica, sans-serif;\">participer aux diff\u00e9rentes activit\u00e9s dans un cadre juridique clair en \u00e9tant couvert par notre assurance (MAIF).<\/span><\/li>\n<li><span style=\"font-family: arial, helvetica, sans-serif;\">b\u00e9n\u00e9ficier en retour de <a href=\"https:\/\/chestnut.fr\/grille-des-tarifs-2021-2022-2\/\">tarifs<\/a> pr\u00e9f\u00e9rentiels.<\/span><\/li>\n<\/ul>\n<p>&nbsp;<\/p>\n<p><span style=\"font-family: arial, helvetica, sans-serif;\">Pour adh\u00e9rer, il vous suffit de remplir le <a href=\"https:\/\/chestnut.fr\/en\/adherer\/bulletin-dadhesion-2021-2022\/\">BULLETIN D\u2019ADHESION 2021-2022<\/a><a href=\"https:\/\/chestnut.fr\/adherer\/bulletin-dadhesion-2020-2021\/\"><\/a>\u00a0et de le retourner avec votre ch\u00e8que de 20\u20ac \u00e0 l&#8217;ordre de Chestnut \u00e0<\/span><\/p>\n<div><span style=\"font-family: arial, helvetica, sans-serif;\">CHESTNUT &#8211; C\u00e9cile Laye<\/span><\/div>\n<div><span style=\"font-family: arial, helvetica, sans-serif;\">Tour Atlas 401<\/span><\/div>\n<div><span style=\"font-family: arial, helvetica, sans-serif;\">10 villa d&#8217;Este<\/span><\/div>\n<div><span style=\"font-family: arial, helvetica, sans-serif;\">75013 PARIS<\/span><\/div>\n","protected":false},"excerpt":{"rendered":"<p>Adh\u00e9rer c&#8217;est : soutenir les activit\u00e9s de Chestnut et contribuer notamment \u00e0 la promotion du r\u00e9pertoire des danses \u00e0 figures anglaises.\u00a0 participer aux diff\u00e9rentes activit\u00e9s dans un cadre juridique clair en \u00e9tant couvert par notre assurance (MAIF). b\u00e9n\u00e9ficier en retour de tarifs pr\u00e9f\u00e9rentiels. &nbsp; Pour adh\u00e9rer, il vous suffit de remplir le BULLETIN D\u2019ADHESION 2021-2022\u00a0et [&hellip;]<\/p>\n","protected":false},"author":8,"featured_media":0,"parent":0,"menu_order":0,"comment_status":"closed","ping_status":"closed","template":"","meta":{"_monsterinsights_skip_tracking":false,"_monsterinsights_sitenote_active":false,"_monsterinsights_sitenote_note":"","_monsterinsights_sitenote_category":0,"footnotes":""},"class_list":["post-6429","page","type-page","status-publish","hentry"],"yoast_head":"<!-- This site is optimized with the Yoast SEO plugin v19.6.1 - https:\/\/yoast.com\/wordpress\/plugins\/seo\/ -->\n<title>Adh\u00e9sion - Chestnut<\/title>\n<meta name=\"robots\" content=\"index, follow, max-snippet:-1, max-image-preview:large, max-video-preview:-1\" \/>\n<link rel=\"canonical\" href=\"https:\/\/chestnut.ovh\/en\/adherer\/\" \/>\n<meta name=\"twitter:label1\" content=\"Estimated reading time\" \/>\n\t<meta name=\"twitter:data1\" content=\"2 minutes\" \/>\n<script type=\"application\/ld+json\" class=\"yoast-schema-graph\">{\"@context\":\"https:\/\/schema.org\",\"@graph\":[{\"@type\":\"WebPage\",\"@id\":\"https:\/\/chestnut.ovh\/en\/adherer\/\",\"url\":\"https:\/\/chestnut.ovh\/en\/adherer\/\",\"name\":\"[:en]Adh\u00e9sion[:fr]Adh\u00e9sion[:] - Chestnut\",\"isPartOf\":{\"@id\":\"https:\/\/chestnut.ovh\/#website\"},\"datePublished\":\"2016-04-12T13:58:09+00:00\",\"dateModified\":\"2022-02-05T09:15:23+00:00\",\"breadcrumb\":{\"@id\":\"https:\/\/chestnut.ovh\/en\/adherer\/#breadcrumb\"},\"inLanguage\":\"en-GB\",\"potentialAction\":[{\"@type\":\"ReadAction\",\"target\":[\"https:\/\/chestnut.ovh\/en\/adherer\/\"]}]},{\"@type\":\"BreadcrumbList\",\"@id\":\"https:\/\/chestnut.ovh\/en\/adherer\/#breadcrumb\",\"itemListElement\":[{\"@type\":\"ListItem\",\"position\":1,\"name\":\"Accueil\",\"item\":\"https:\/\/chestnut.ovh\/\"},{\"@type\":\"ListItem\",\"position\":2,\"name\":\"Adh\u00e9sion\"}]},{\"@type\":\"WebSite\",\"@id\":\"https:\/\/chestnut.ovh\/#website\",\"url\":\"https:\/\/chestnut.ovh\/\",\"name\":\"Chestnut\",\"description\":\"English Country Dancing & Danses anciennes de l&#039;\u00e9poque des Stuarts .... et des romans de Jane Austen !\",\"potentialAction\":[{\"@type\":\"SearchAction\",\"target\":{\"@type\":\"EntryPoint\",\"urlTemplate\":\"https:\/\/chestnut.ovh\/?s={search_term_string}\"},\"query-input\":\"required name=search_term_string\"}],\"inLanguage\":\"en-GB\"}]}<\/script>\n<!-- \/ Yoast SEO plugin. -->","yoast_head_json":{"title":"Adh\u00e9sion - Chestnut","robots":{"index":"index","follow":"follow","max-snippet":"max-snippet:-1","max-image-preview":"max-image-preview:large","max-video-preview":"max-video-preview:-1"},"canonical":"https:\/\/chestnut.ovh\/en\/adherer\/","twitter_misc":{"Estimated reading time":"2 minutes"},"schema":{"@context":"https:\/\/schema.org","@graph":[{"@type":"WebPage","@id":"https:\/\/chestnut.ovh\/en\/adherer\/","url":"https:\/\/chestnut.ovh\/en\/adherer\/","name":"[:en]Adh\u00e9sion[:fr]Adh\u00e9sion[:] - Chestnut","isPartOf":{"@id":"https:\/\/chestnut.ovh\/#website"},"datePublished":"2016-04-12T13:58:09+00:00","dateModified":"2022-02-05T09:15:23+00:00","breadcrumb":{"@id":"https:\/\/chestnut.ovh\/en\/adherer\/#breadcrumb"},"inLanguage":"en-GB","potentialAction":[{"@type":"ReadAction","target":["https:\/\/chestnut.ovh\/en\/adherer\/"]}]},{"@type":"BreadcrumbList","@id":"https:\/\/chestnut.ovh\/en\/adherer\/#breadcrumb","itemListElement":[{"@type":"ListItem","position":1,"name":"Accueil","item":"https:\/\/chestnut.ovh\/"},{"@type":"ListItem","position":2,"name":"Adh\u00e9sion"}]},{"@type":"WebSite","@id":"https:\/\/chestnut.ovh\/#website","url":"https:\/\/chestnut.ovh\/","name":"Chestnut","description":"English Country Dancing & Danses anciennes de l&#039;\u00e9poque des Stuarts .... et des romans de Jane Austen !","potentialAction":[{"@type":"SearchAction","target":{"@type":"EntryPoint","urlTemplate":"https:\/\/chestnut.ovh\/?s={search_term_string}"},"query-input":"required name=search_term_string"}],"inLanguage":"en-GB"}]}},"_links":{"self":[{"href":"https:\/\/chestnut.ovh\/en\/wp-json\/wp\/v2\/pages\/6429","targetHints":{"allow":["GET"]}}],"collection":[{"href":"https:\/\/chestnut.ovh\/en\/wp-json\/wp\/v2\/pages"}],"about":[{"href":"https:\/\/chestnut.ovh\/en\/wp-json\/wp\/v2\/types\/page"}],"author":[{"embeddable":true,"href":"https:\/\/chestnut.ovh\/en\/wp-json\/wp\/v2\/users\/8"}],"replies":[{"embeddable":true,"href":"https:\/\/chestnut.ovh\/en\/wp-json\/wp\/v2\/comments?post=6429"}],"version-history":[{"count":65,"href":"https:\/\/chestnut.ovh\/en\/wp-json\/wp\/v2\/pages\/6429\/revisions"}],"predecessor-version":[{"id":8155,"href":"https:\/\/chestnut.ovh\/en\/wp-json\/wp\/v2\/pages\/6429\/revisions\/8155"}],"wp:attachment":[{"href":"https:\/\/chestnut.ovh\/en\/wp-json\/wp\/v2\/media?parent=6429"}],"curies":[{"name":"wp","href":"https:\/\/api.w.org\/{rel}","templated":true}]}}