{"id":6533,"date":"2016-04-27T15:21:39","date_gmt":"2016-04-27T13:21:39","guid":{"rendered":"http:\/\/chestnut.fr\/?page_id=6533"},"modified":"2016-09-13T10:34:04","modified_gmt":"2016-09-13T08:34:04","slug":"inscription-bath-2017","status":"publish","type":"page","link":"https:\/\/chestnut.ovh\/en\/inscription-bath-2017\/","title":{"rendered":"Inscription au VOYAGE + BAL en costume"},"content":{"rendered":"<p>Pour vous inscrire au voyage incluant le bal en costume, il vous faut remplir\u00a0<span style=\"color: #ff0000;\">2 formalit\u00e9s distinctes \u00a0<\/span>:<\/p>\n<hr \/>\n<ol>\n<li><span style=\"text-decoration: underline;\"><strong><span style=\"color: #ff0000;\">R\u00e9gler votre adh\u00e9sion anticip\u00e9e \u00e0 Chestnut pour la saison 2016-2017<\/span><\/strong><\/span><strong>\u00a0:\u00a0<\/strong>pour des questions d&#8217;assurance, le voyage et le bal \u00e0 Bath ne sont accessibles qu&#8217;\u00e0 condition d&#8217;avoir acquitt\u00e9 son adh\u00e9sion \u00e0\u00a0Chestnut pour la saison 2016-2017. Le bulletin d&#8217;adh\u00e9sion \u00e0 compl\u00e9ter et \u00e0 renvoyer \u00e0 Chestnut accompagn\u00e9 de votre ch\u00e8que de 18 \u20ac est disponible ici :\u00a0<a href=\"http:\/\/chestnut.fr\/inscription-bath-2017\/\">bulletin d&#8217;adh\u00e9sion \u00e0 Chestnut<\/a>\n<div>\n<hr \/>\n<\/div>\n<\/li>\n<li>\n<div>Remplir votre <a href=\"http:\/\/chestnut.fr\/wp-content\/uploads\/2016\/04\/Bulletin-dinscription-Bath.pdf\">bulletin d&#8217;inscription au voyage et au bal<\/a>\u00a0et l&#8217;adresser \u00e0 Partir-D\u00e9tente accompagn\u00e9 de :<\/div>\n<\/li>\n<\/ol>\n<ul>\n<li>votre ch\u00e8que d&#8217;acompte<\/li>\n<li>la photocopie de vos papiers d&#8217;identit\u00e9 :\u00a0<span>CNI (recto <\/span><span style=\"text-decoration: underline;\"><strong>et<\/strong><\/span><span> verso &#8211;\u00a0<span>date de validit\u00e9<\/span> ) ou\u00a0<\/span>passeport (pages comportant les num\u00e9ros du passeport et la date de validit\u00e9).<\/li>\n<\/ul>\n<hr \/>\n<p><a href=\"http:\/\/chestnut.fr\/inscription-bath-2017\/\">Bulletin d&#8217;adh\u00e9sion \u00e0 Chestnut<\/a><\/p>\n<hr \/>\n<p><a href=\"http:\/\/chestnut.fr\/wp-content\/uploads\/2016\/04\/Bulletin-dinscription-Bath.pdf\">Bulletin d&#8217;inscription au voyage et au bal<\/a><\/p>\n<hr \/>\n<p><span>Veillez \u00e0 bien v\u00e9rifier que vos cartes nationales d&#8217;identit\u00e9 (CNI) et passeport seront bien <\/span><span style=\"color: #ff0000;\">en cours de validit\u00e9 au moment du voyage (24\/28 mai 2017).\u00a0<\/span><span> Nous vous recommandons vivement de ne pas tenir compte de l&#8217;extension de validit\u00e9 de 10 ans \u00e0 15 ans de votre CNI car le Royaume-Uni<\/span><strong>\u00a0n\u2019a pas officiellement transmis sa\u00a0position<\/strong><span> quant \u00e0 son\u00a0acceptation comme document de voyage de la carte nationale d\u2019identit\u00e9 en apparence p\u00e9rim\u00e9e mais dont la validit\u00e9 est prolong\u00e9e de 5 ans \u00a0(<a href=\"http:\/\/www.diplomatie.gouv.fr\/fr\/services-aux-citoyens\/actualites\/article\/extension-de-la-duree-de-validite-de-la-carte-nationale-d-identite-decembre\">Minist\u00e8re des Affaires Etrang\u00e8res<\/a>). Si le 28 mai 2017 n&#8217;est pas dans la p\u00e9riode de validit\u00e9 de 10 ans de votre CNI, il est donc vivement recommand\u00e9 de la faire refaire. Attention, cela peut prendre plusieurs semaines !<\/span><\/p>\n<hr \/>\n<h2 id=\"renseignements\">Renseignements :<\/h2>\n<ul>\n<li>concernant l&#8217;h\u00e9bergement : 01.34.08.05.50 ou \u00e0 partir.detente@gmail.com<\/li>\n<\/ul>\n<ul>\n<li>concernant le Bal en costume et la commande des vid\u00e9os \u00a0: 01.45.70.83.94. ou \u00e0 contact@chestnut.fr<\/li>\n<\/ul>\n","protected":false},"excerpt":{"rendered":"<p>Pour vous inscrire au voyage incluant le bal en costume, il vous faut remplir\u00a02 formalit\u00e9s distinctes \u00a0: R\u00e9gler votre adh\u00e9sion anticip\u00e9e \u00e0 Chestnut pour la saison 2016-2017\u00a0:\u00a0pour des questions d&#8217;assurance, le voyage et le bal \u00e0 Bath ne sont accessibles qu&#8217;\u00e0 condition d&#8217;avoir acquitt\u00e9 son adh\u00e9sion \u00e0\u00a0Chestnut pour la saison 2016-2017. Le bulletin d&#8217;adh\u00e9sion \u00e0 [&hellip;]<\/p>\n","protected":false},"author":8,"featured_media":0,"parent":0,"menu_order":0,"comment_status":"closed","ping_status":"closed","template":"","meta":{"_monsterinsights_skip_tracking":false,"_monsterinsights_sitenote_active":false,"_monsterinsights_sitenote_note":"","_monsterinsights_sitenote_category":0,"footnotes":""},"class_list":["post-6533","page","type-page","status-publish","hentry"],"yoast_head":"<!-- This site is optimized with the Yoast SEO plugin v19.6.1 - https:\/\/yoast.com\/wordpress\/plugins\/seo\/ -->\n<title>Inscription au VOYAGE + BAL en costume - Chestnut<\/title>\n<meta name=\"robots\" content=\"index, follow, max-snippet:-1, max-image-preview:large, max-video-preview:-1\" \/>\n<link rel=\"canonical\" href=\"https:\/\/chestnut.ovh\/inscription-bath-2017\/\" \/>\n<meta name=\"twitter:label1\" content=\"Estimated reading time\" \/>\n\t<meta name=\"twitter:data1\" content=\"1 minute\" \/>\n<script type=\"application\/ld+json\" class=\"yoast-schema-graph\">{\"@context\":\"https:\/\/schema.org\",\"@graph\":[{\"@type\":\"WebPage\",\"@id\":\"https:\/\/chestnut.ovh\/inscription-bath-2017\/\",\"url\":\"https:\/\/chestnut.ovh\/inscription-bath-2017\/\",\"name\":\"[:fr]Inscription au VOYAGE + BAL en costume[:] - Chestnut\",\"isPartOf\":{\"@id\":\"https:\/\/chestnut.ovh\/#website\"},\"datePublished\":\"2016-04-27T13:21:39+00:00\",\"dateModified\":\"2016-09-13T08:34:04+00:00\",\"breadcrumb\":{\"@id\":\"https:\/\/chestnut.ovh\/inscription-bath-2017\/#breadcrumb\"},\"inLanguage\":\"en-GB\",\"potentialAction\":[{\"@type\":\"ReadAction\",\"target\":[\"https:\/\/chestnut.ovh\/inscription-bath-2017\/\"]}]},{\"@type\":\"BreadcrumbList\",\"@id\":\"https:\/\/chestnut.ovh\/inscription-bath-2017\/#breadcrumb\",\"itemListElement\":[{\"@type\":\"ListItem\",\"position\":1,\"name\":\"Accueil\",\"item\":\"https:\/\/chestnut.ovh\/\"},{\"@type\":\"ListItem\",\"position\":2,\"name\":\"Inscription au VOYAGE + BAL en costume\"}]},{\"@type\":\"WebSite\",\"@id\":\"https:\/\/chestnut.ovh\/#website\",\"url\":\"https:\/\/chestnut.ovh\/\",\"name\":\"Chestnut\",\"description\":\"English Country Dancing & Danses anciennes de l&#039;\u00e9poque des Stuarts .... et des romans de Jane Austen !\",\"potentialAction\":[{\"@type\":\"SearchAction\",\"target\":{\"@type\":\"EntryPoint\",\"urlTemplate\":\"https:\/\/chestnut.ovh\/?s={search_term_string}\"},\"query-input\":\"required name=search_term_string\"}],\"inLanguage\":\"en-GB\"}]}<\/script>\n<!-- \/ Yoast SEO plugin. -->","yoast_head_json":{"title":"Inscription au VOYAGE + BAL en costume - Chestnut","robots":{"index":"index","follow":"follow","max-snippet":"max-snippet:-1","max-image-preview":"max-image-preview:large","max-video-preview":"max-video-preview:-1"},"canonical":"https:\/\/chestnut.ovh\/inscription-bath-2017\/","twitter_misc":{"Estimated reading time":"1 minute"},"schema":{"@context":"https:\/\/schema.org","@graph":[{"@type":"WebPage","@id":"https:\/\/chestnut.ovh\/inscription-bath-2017\/","url":"https:\/\/chestnut.ovh\/inscription-bath-2017\/","name":"[:fr]Inscription au VOYAGE + BAL en costume[:] - Chestnut","isPartOf":{"@id":"https:\/\/chestnut.ovh\/#website"},"datePublished":"2016-04-27T13:21:39+00:00","dateModified":"2016-09-13T08:34:04+00:00","breadcrumb":{"@id":"https:\/\/chestnut.ovh\/inscription-bath-2017\/#breadcrumb"},"inLanguage":"en-GB","potentialAction":[{"@type":"ReadAction","target":["https:\/\/chestnut.ovh\/inscription-bath-2017\/"]}]},{"@type":"BreadcrumbList","@id":"https:\/\/chestnut.ovh\/inscription-bath-2017\/#breadcrumb","itemListElement":[{"@type":"ListItem","position":1,"name":"Accueil","item":"https:\/\/chestnut.ovh\/"},{"@type":"ListItem","position":2,"name":"Inscription au VOYAGE + BAL en costume"}]},{"@type":"WebSite","@id":"https:\/\/chestnut.ovh\/#website","url":"https:\/\/chestnut.ovh\/","name":"Chestnut","description":"English Country Dancing & Danses anciennes de l&#039;\u00e9poque des Stuarts .... et des romans de Jane Austen !","potentialAction":[{"@type":"SearchAction","target":{"@type":"EntryPoint","urlTemplate":"https:\/\/chestnut.ovh\/?s={search_term_string}"},"query-input":"required name=search_term_string"}],"inLanguage":"en-GB"}]}},"_links":{"self":[{"href":"https:\/\/chestnut.ovh\/en\/wp-json\/wp\/v2\/pages\/6533","targetHints":{"allow":["GET"]}}],"collection":[{"href":"https:\/\/chestnut.ovh\/en\/wp-json\/wp\/v2\/pages"}],"about":[{"href":"https:\/\/chestnut.ovh\/en\/wp-json\/wp\/v2\/types\/page"}],"author":[{"embeddable":true,"href":"https:\/\/chestnut.ovh\/en\/wp-json\/wp\/v2\/users\/8"}],"replies":[{"embeddable":true,"href":"https:\/\/chestnut.ovh\/en\/wp-json\/wp\/v2\/comments?post=6533"}],"version-history":[{"count":35,"href":"https:\/\/chestnut.ovh\/en\/wp-json\/wp\/v2\/pages\/6533\/revisions"}],"predecessor-version":[{"id":7065,"href":"https:\/\/chestnut.ovh\/en\/wp-json\/wp\/v2\/pages\/6533\/revisions\/7065"}],"wp:attachment":[{"href":"https:\/\/chestnut.ovh\/en\/wp-json\/wp\/v2\/media?parent=6533"}],"curies":[{"name":"wp","href":"https:\/\/api.w.org\/{rel}","templated":true}]}}