{"id":6583,"date":"2016-05-09T14:48:20","date_gmt":"2016-05-09T12:48:20","guid":{"rendered":"http:\/\/chestnut.fr\/?page_id=6583"},"modified":"2016-09-13T10:35:28","modified_gmt":"2016-09-13T08:35:28","slug":"commande-des-videos","status":"publish","type":"page","link":"https:\/\/chestnut.ovh\/en\/commande-des-videos\/","title":{"rendered":"INSCRIPTION AU BAL SEUL + VIDEOS"},"content":{"rendered":"<p><span style=\"color: #ff0000;\"><span>N.B. :\u00a0<\/span><span>les personnes inscrites \u00e0 cette formule<\/span><span>\u00a0devront s\u2019occuper elles-m\u00eames de leur h\u00e9bergement et de leur voyage.\u00a0Ne tardez pas dans la r\u00e9servation de votre travers\u00e9e, de votre\u00a0h\u00e9bergement et la mise \u00e0 jour de vos papiers d&#8217;identit\u00e9.\u00a0<\/span><span>L&#8217;ann\u00e9e 2017 sera une ann\u00e9e riche d&#8217;\u00e9v\u00e8nements autour de Jane Austen et \u00e0 Bath en particulier. <\/span><span style=\"text-decoration: underline;\">Les arrhes vers\u00e9es resteront acquises \u00e0 Chestnut quelques soient les motifs de d\u00e9sistement.<\/span><br \/>\n<\/span><\/p>\n<h2>Prix <span style=\"text-decoration: underline;\">adh\u00e9rent<\/span> pour le bal seul\u00a0+ vid\u00e9os de pr\u00e9paration \u00e0 distance (danses du 3\u00e8me degr\u00e9)\u00a0= 170 \u20ac ou 142\u00a0<span>\u00a3\u00a0<\/span>(+ adh\u00e9sion 18 \u20ac ou 15\u00a0<span>\u00a3<\/span>) :<\/h2>\n<p>Les danseurs int\u00e9ress\u00e9s habitant la province ou l\u2019\u00e9tranger pourront pr\u00e9parer le bal \u00e0 distance (danses du 3\u00e8me degr\u00e9 et quelques danses du 2e degr\u00e9 ). Apr\u00e8s inscription, ils recevront \u00a0apr\u00e8s chaque stage\u00a0un lien internet leur donnant acc\u00e8s \u00e0 un enregistrement vid\u00e9o de \u00a0toutes les\u00a0<span>danses du 3\u00e8me degr\u00e9 et de quelques danses du 2e degr\u00e9<\/span>. Nous les encourageons n\u00e9anmoins \u00e0 tester leur apprentissage en assistant r\u00e9guli\u00e8rement aux s\u00e9ances de r\u00e9vision qui seront programm\u00e9es tout au long de l\u2019ann\u00e9e.<\/p>\n<p>Le prix comprend :<\/p>\n<ul>\n<li>les liens vid\u00e9os pour les danses du 3e degr\u00e9 et quelques unes du 2e degr\u00e9<\/li>\n<li>la r\u00e9p\u00e9tition du bal le samedi matin 27 mai 2017 de 9h30 \u00e0 13 h<\/li>\n<li>le bal en costume du samedi soir (4 musiciens)<\/li>\n<li><span>le buffet (traiteur <\/span><a href=\"http:\/\/searcys.co.uk\/venues\/assembly-rooms\/#.VvZeb2ThAvo\">Searcys<\/a><span><span>)<\/span><\/span><\/li>\n<\/ul>\n<p>&nbsp;<\/p>\n<hr \/>\n<p><span><\/span><\/p>\n<p><a href=\"http:\/\/chestnut.fr\/wp-content\/uploads\/2015\/06\/Bulletin-dinscription-Bath-Bal-seul-videos.pdf\">Bulletin d&#8217;inscription Bath bal seul + videos<\/a><\/p>\n<hr \/>\n<p><span>Renseignements :\u00a00033 (0)1 45 70 83 94 ou contact@chestnut.fr.<\/span><\/p>\n","protected":false},"excerpt":{"rendered":"<p>N.B. :\u00a0les personnes inscrites \u00e0 cette formule\u00a0devront s\u2019occuper elles-m\u00eames de leur h\u00e9bergement et de leur voyage.\u00a0Ne tardez pas dans la r\u00e9servation de votre travers\u00e9e, de votre\u00a0h\u00e9bergement et la mise \u00e0 jour de vos papiers d&#8217;identit\u00e9.\u00a0L&#8217;ann\u00e9e 2017 sera une ann\u00e9e riche d&#8217;\u00e9v\u00e8nements autour de Jane Austen et \u00e0 Bath en particulier. Les arrhes vers\u00e9es resteront acquises [&hellip;]<\/p>\n","protected":false},"author":8,"featured_media":0,"parent":0,"menu_order":0,"comment_status":"closed","ping_status":"closed","template":"","meta":{"_monsterinsights_skip_tracking":false,"_monsterinsights_sitenote_active":false,"_monsterinsights_sitenote_note":"","_monsterinsights_sitenote_category":0,"footnotes":""},"class_list":["post-6583","page","type-page","status-publish","hentry"],"yoast_head":"<!-- This site is optimized with the Yoast SEO plugin v19.6.1 - https:\/\/yoast.com\/wordpress\/plugins\/seo\/ -->\n<title>INSCRIPTION AU BAL SEUL + VIDEOS - Chestnut<\/title>\n<meta name=\"robots\" content=\"index, follow, max-snippet:-1, max-image-preview:large, max-video-preview:-1\" \/>\n<link rel=\"canonical\" href=\"https:\/\/chestnut.ovh\/commande-des-videos\/\" \/>\n<meta name=\"twitter:label1\" content=\"Estimated reading time\" \/>\n\t<meta name=\"twitter:data1\" content=\"1 minute\" \/>\n<script type=\"application\/ld+json\" class=\"yoast-schema-graph\">{\"@context\":\"https:\/\/schema.org\",\"@graph\":[{\"@type\":\"WebPage\",\"@id\":\"https:\/\/chestnut.ovh\/commande-des-videos\/\",\"url\":\"https:\/\/chestnut.ovh\/commande-des-videos\/\",\"name\":\"[:fr]INSCRIPTION AU BAL SEUL + VIDEOS[:] - Chestnut\",\"isPartOf\":{\"@id\":\"https:\/\/chestnut.ovh\/#website\"},\"datePublished\":\"2016-05-09T12:48:20+00:00\",\"dateModified\":\"2016-09-13T08:35:28+00:00\",\"breadcrumb\":{\"@id\":\"https:\/\/chestnut.ovh\/commande-des-videos\/#breadcrumb\"},\"inLanguage\":\"en-GB\",\"potentialAction\":[{\"@type\":\"ReadAction\",\"target\":[\"https:\/\/chestnut.ovh\/commande-des-videos\/\"]}]},{\"@type\":\"BreadcrumbList\",\"@id\":\"https:\/\/chestnut.ovh\/commande-des-videos\/#breadcrumb\",\"itemListElement\":[{\"@type\":\"ListItem\",\"position\":1,\"name\":\"Accueil\",\"item\":\"https:\/\/chestnut.ovh\/\"},{\"@type\":\"ListItem\",\"position\":2,\"name\":\"INSCRIPTION AU BAL SEUL + VIDEOS\"}]},{\"@type\":\"WebSite\",\"@id\":\"https:\/\/chestnut.ovh\/#website\",\"url\":\"https:\/\/chestnut.ovh\/\",\"name\":\"Chestnut\",\"description\":\"English Country Dancing & Danses anciennes de l&#039;\u00e9poque des Stuarts .... et des romans de Jane Austen !\",\"potentialAction\":[{\"@type\":\"SearchAction\",\"target\":{\"@type\":\"EntryPoint\",\"urlTemplate\":\"https:\/\/chestnut.ovh\/?s={search_term_string}\"},\"query-input\":\"required name=search_term_string\"}],\"inLanguage\":\"en-GB\"}]}<\/script>\n<!-- \/ Yoast SEO plugin. -->","yoast_head_json":{"title":"INSCRIPTION AU BAL SEUL + VIDEOS - Chestnut","robots":{"index":"index","follow":"follow","max-snippet":"max-snippet:-1","max-image-preview":"max-image-preview:large","max-video-preview":"max-video-preview:-1"},"canonical":"https:\/\/chestnut.ovh\/commande-des-videos\/","twitter_misc":{"Estimated reading time":"1 minute"},"schema":{"@context":"https:\/\/schema.org","@graph":[{"@type":"WebPage","@id":"https:\/\/chestnut.ovh\/commande-des-videos\/","url":"https:\/\/chestnut.ovh\/commande-des-videos\/","name":"[:fr]INSCRIPTION AU BAL SEUL + VIDEOS[:] - Chestnut","isPartOf":{"@id":"https:\/\/chestnut.ovh\/#website"},"datePublished":"2016-05-09T12:48:20+00:00","dateModified":"2016-09-13T08:35:28+00:00","breadcrumb":{"@id":"https:\/\/chestnut.ovh\/commande-des-videos\/#breadcrumb"},"inLanguage":"en-GB","potentialAction":[{"@type":"ReadAction","target":["https:\/\/chestnut.ovh\/commande-des-videos\/"]}]},{"@type":"BreadcrumbList","@id":"https:\/\/chestnut.ovh\/commande-des-videos\/#breadcrumb","itemListElement":[{"@type":"ListItem","position":1,"name":"Accueil","item":"https:\/\/chestnut.ovh\/"},{"@type":"ListItem","position":2,"name":"INSCRIPTION AU BAL SEUL + VIDEOS"}]},{"@type":"WebSite","@id":"https:\/\/chestnut.ovh\/#website","url":"https:\/\/chestnut.ovh\/","name":"Chestnut","description":"English Country Dancing & Danses anciennes de l&#039;\u00e9poque des Stuarts .... et des romans de Jane Austen !","potentialAction":[{"@type":"SearchAction","target":{"@type":"EntryPoint","urlTemplate":"https:\/\/chestnut.ovh\/?s={search_term_string}"},"query-input":"required name=search_term_string"}],"inLanguage":"en-GB"}]}},"_links":{"self":[{"href":"https:\/\/chestnut.ovh\/en\/wp-json\/wp\/v2\/pages\/6583","targetHints":{"allow":["GET"]}}],"collection":[{"href":"https:\/\/chestnut.ovh\/en\/wp-json\/wp\/v2\/pages"}],"about":[{"href":"https:\/\/chestnut.ovh\/en\/wp-json\/wp\/v2\/types\/page"}],"author":[{"embeddable":true,"href":"https:\/\/chestnut.ovh\/en\/wp-json\/wp\/v2\/users\/8"}],"replies":[{"embeddable":true,"href":"https:\/\/chestnut.ovh\/en\/wp-json\/wp\/v2\/comments?post=6583"}],"version-history":[{"count":5,"href":"https:\/\/chestnut.ovh\/en\/wp-json\/wp\/v2\/pages\/6583\/revisions"}],"predecessor-version":[{"id":7061,"href":"https:\/\/chestnut.ovh\/en\/wp-json\/wp\/v2\/pages\/6583\/revisions\/7061"}],"wp:attachment":[{"href":"https:\/\/chestnut.ovh\/en\/wp-json\/wp\/v2\/media?parent=6583"}],"curies":[{"name":"wp","href":"https:\/\/api.w.org\/{rel}","templated":true}]}}