{"id":6990,"date":"2016-07-22T21:02:36","date_gmt":"2016-07-22T19:02:36","guid":{"rendered":"http:\/\/chestnut.fr\/?page_id=6990"},"modified":"2019-02-22T15:46:04","modified_gmt":"2019-02-22T14:46:04","slug":"stages-de-paques","status":"publish","type":"page","link":"https:\/\/chestnut.ovh\/en\/stages-de-paques\/","title":{"rendered":"Stages intensifs PBC de P\u00e2ques 2019"},"content":{"rendered":"<p><span style=\"font-family: arial, helvetica, sans-serif;\">Outre les stages mensuels tout au long de l&#8217;ann\u00e9e, le <a href=\"http:\/\/chestnut.fr\/stages-debutants-6-dimanches\/\">dimanche<\/a> pour les D\u00e9butants et le <a href=\"http:\/\/chestnut.fr\/stages-mensuels-pbc-preparation-au-bal-en-costume\/\">samedi<\/a> pour les Confirm\u00e9s, deux stages intensifs de pr\u00e9paration au bal en costume (PBC) durant les vacances de P\u00e2ques vous permettent, selon votre niveau, de pr\u00e9parer le bal en costume du 31 mai 2019.<\/span><\/p>\n<ol>\n<li style=\"text-align: justify;\"><span style=\"font-family: arial, helvetica, sans-serif;\">Stages PBC D\u00e9butants et Interm\u00e9diaires<\/span><\/li>\n<li style=\"text-align: justify;\"><span style=\"font-family: arial, helvetica, sans-serif;\"><a href=\"#intensconf\">Stage PBC Confirm\u00e9s<\/a><\/span><\/li>\n<\/ol>\n<h3 id=\"pbcintdeb\"><span style=\"font-family: arial, helvetica, sans-serif;\">Stage intensif PBC de P\u00e2ques pour les danseurs\u00a0D\u00e9butants\u00a0(1er degr\u00e9) et\u00a0 Interm\u00e9diaires (2e degr\u00e9) :<\/span><\/h3>\n<ul>\n<li><span style=\"font-family: arial, helvetica, sans-serif;\"><strong>STAGE INTENSIF <\/strong>\u00ab<strong>Pr\u00e9paration du bal en costume\u00a01er et 2e degr\u00e9s\u00bb\u00a0: <\/strong> lundi 22 avril et mardi 23 avril de 10h30 \u00e0 17h et mercredi 24 avril de 11h30 \u00e0 16h30<strong>.\u00a0<\/strong>Ce stage s&#8217;adresse aux danseurs D\u00e9butants (1er degr\u00e9) et Interm\u00e9diaires (2e degr\u00e9). Ce stage reprend le programme des danses des 1<sup>er<\/sup> et 2<sup>e<\/sup> degr\u00e9s inscrites au programme du bal en costume de Bath et enseign\u00e9es dans les stages du dimanche. Le programme d\u00e9taill\u00e9 par journ\u00e9e sera communiqu\u00e9 ult\u00e9rieurement.\u00a0\u00a0Tarif adh.\u00a0: 85\u00a0\u20ac\u00a0(<a href=\"http:\/\/chestnut.fr\/?email_id=240&#038;user_id=6&#038;urlpassed=aHR0cDovL2NoZXN0bnV0LmZyL2xpZXV4Lw%3D%3D&#038;controller=stats&#038;action=analyse&#038;wysija-page=1&#038;wysijap=subscriptions\">Lieu A<\/a>)\u00a0<strong><span style=\"color: #ff0000;\">N.B. : ce stage est aussi ouvert aux danseurs qui ne participeront pas au bal en costume.<\/span><\/strong><\/span><\/li>\n<\/ul>\n<p>&nbsp;<\/p>\n<div><span style=\"font-family: arial, helvetica, sans-serif;\">Programme par journ\u00e9e bient\u00f4t communiqu\u00e9 :<\/span><\/div>\n<div><span style=\"font-family: arial, helvetica, sans-serif;\">Lundi :\u00a0<\/span><\/div>\n<div><span style=\"font-family: arial, helvetica, sans-serif;\">Mardi :\u00a0<\/span><\/div>\n<div><span style=\"font-family: arial, helvetica, sans-serif;\">Mercredi :\u00a0<\/span><\/div>\n<div><\/div>\n<p><span style=\"font-family: arial, helvetica, sans-serif;\"><strong style=\"text-align: left;\">Tarif adh.\u00a0: 85\u00a0<\/strong><strong style=\"text-align: left;\">\u20ac<\/strong><span style=\"text-align: left;\">\u00a0<\/span><strong style=\"text-align: left;\"><strong style=\"text-align: justify;\">(<a href=\"http:\/\/chestnut.fr\/?email_id=240&#038;user_id=6&#038;urlpassed=aHR0cDovL2NoZXN0bnV0LmZyL2xpZXV4Lw%3D%3D&#038;controller=stats&#038;action=analyse&#038;wysija-page=1&#038;wysijap=subscriptions\">Lieu A<\/a>*)\u00a0<\/strong><\/strong><\/span><\/p>\n<hr \/>\n<div>\n<div>\n<div><span style=\"font-family: arial, helvetica, sans-serif;\"><strong>INSCRIPTION :<\/strong><\/span><\/div>\n<div><span style=\"font-family: arial, helvetica, sans-serif;\">Fiches d&#8217;inscription :<\/span><\/div>\n<ul>\n<li><span style=\"font-family: arial, helvetica, sans-serif;\">stage complet* : \u00a0<a href=\"https:\/\/chestnut.fr\/en\/preparer-le-bal-en-costume-2016\/fiche_inscription_pbc_complet_avril_2019\/\">Fiche d&#8217;inscription au stage PBC complet avril 2019<\/a><\/span><\/li>\n<li><span style=\"font-family: arial, helvetica, sans-serif;\">stage \u00e0 la journ\u00e9e* : <a href=\"https:\/\/chestnut.fr\/en\/preparer-le-bal-en-costume-2016\/fiche_inscription_pbc_journees_avril_2019-2\/\">Fiche d&#8217;inscription journ\u00e9es stage PBC avril 2019<\/a><\/span><\/li>\n<\/ul>\n<\/div>\n<div><span style=\"font-family: arial, helvetica, sans-serif;\"><span style=\"font-size: 14pt;\"><strong>*<\/strong><\/span>si la fiche n&#8217;appara\u00eet pas, retrouvez l\u00e0 dans les t\u00e9l\u00e9chargements de votre navigateur<\/span><\/div>\n<\/div>\n<hr \/>\n<p><span style=\"font-family: arial, helvetica, sans-serif;\"><a href=\"http:\/\/chestnut.fr\/hebergement\/\">pour votre h\u00e9bergement<\/a><\/span><\/p>\n<hr \/>\n<address><span style=\"font-family: arial, helvetica, sans-serif;\"><em><em><a href=\"http:\/\/chestnut.fr\/pour-les-debutants\/\">Toute l&#8217;offre pour les d\u00e9butants<\/a>\u00a0<\/em><\/em><\/span><\/p>\n<hr \/>\n<\/address>\n<h3 id=\"intensconf\"><span style=\"font-family: arial, helvetica, sans-serif;\">Stage intensif PBC de P\u00e2ques pour les danseurs Confirm\u00e9s (3e degr\u00e9)\u00a0:<\/span><\/h3>\n<ul>\n<li><span style=\"font-family: arial, helvetica, sans-serif;\"><strong>STAGE INTENSIF \u00abPr\u00e9paration int\u00e9grale du bal en costume 3e degr\u00e9\u00bb\u00a0: <\/strong>jeudi 25 avril de 18h \u00e0 21h, vendredi 26 avril et samedi 27 avril de 10h30 \u00e0 16h30 et dimanche 28 avril de 10h30 \u00e0 16h.\u00a0Ce stage s&#8217;adresse aux danseurs Confirm\u00e9s (3e degr\u00e9).\u00a0Tarif adh. : 95\u00a0\u20ac\/pers. Ce stage intensif reprend l\u2019int\u00e9gralit\u00e9 du programme du bal en costume des 1<sup>er<\/sup>, 2<sup>e<\/sup> et 3<sup>e<\/sup> degr\u00e9s. Le programme d\u00e9taill\u00e9 par journ\u00e9e sera communiqu\u00e9 ult\u00e9rieurement.\u00a0Tarif\u00a0adh. : 95 \u20ac\u00a0(<a href=\"http:\/\/chestnut.fr\/?email_id=240&#038;user_id=6&#038;urlpassed=aHR0cDovL2NoZXN0bnV0LmZyL2xpZXV4Lw%3D%3D&#038;controller=stats&#038;action=analyse&#038;wysija-page=1&#038;wysijap=subscriptions\">Lieu A<\/a>)\u00a0<strong><span style=\"color: #ff0000;\">N.B. : ce stage est aussi ouvert aux danseurs qui ne participeront pas au bal en costume.<\/span><\/strong><\/span><\/li>\n<\/ul>\n<p>&nbsp;<\/p>\n<div><span style=\"font-family: arial, helvetica, sans-serif;\">Programme d\u00e9taill\u00e9 par journ\u00e9e bient\u00f4t communiqu\u00e9 :<\/span><\/div>\n<div><span style=\"font-family: arial, helvetica, sans-serif;\">Jeudi :\u00a0<\/span><\/div>\n<div><span style=\"font-family: arial, helvetica, sans-serif;\">Vendredi :\u00a0<\/span><\/div>\n<div><span style=\"font-family: arial, helvetica, sans-serif;\">Samedi :\u00a0<\/span><\/div>\n<div><span style=\"font-family: arial, helvetica, sans-serif;\">Dimanche :<\/span><\/div>\n<div><\/div>\n<p><span style=\"font-family: arial, helvetica, sans-serif;\"><strong>Tarif\u00a0adh. : 95 <\/strong><strong>\u20ac<\/strong>\u00a0<strong><strong>(<a href=\"http:\/\/chestnut.fr\/?email_id=240&#038;user_id=6&#038;urlpassed=aHR0cDovL2NoZXN0bnV0LmZyL2xpZXV4Lw%3D%3D&#038;controller=stats&#038;action=analyse&#038;wysija-page=1&#038;wysijap=subscriptions\">Lieu A<\/a>*)<\/strong><\/strong><\/span><\/p>\n<div id=\"fic\">\n<div>\n<hr \/>\n<div>\n<div>\n<div>\n<div>\n<div><span style=\"font-family: arial, helvetica, sans-serif;\"><strong>INSCRIPTION :<\/strong><\/span><\/div>\n<div><span style=\"font-family: arial, helvetica, sans-serif;\">Fiches d&#8217;inscription :<\/span><\/div>\n<ul>\n<li><span style=\"font-family: arial, helvetica, sans-serif;\">stage complet* : \u00a0<a href=\"https:\/\/chestnut.fr\/en\/preparer-le-bal-en-costume-2016\/fiche_inscription_pbc_complet_avril_2019\/\">Fiche d&#8217;inscription au stage PBC complet avril 2019<\/a><\/span><\/li>\n<li><span style=\"font-family: arial, helvetica, sans-serif;\">stage \u00e0 la journ\u00e9e* : <a href=\"https:\/\/chestnut.fr\/en\/preparer-le-bal-en-costume-2016\/fiche_inscription_pbc_journees_avril_2019-2\/\">Fiche d&#8217;inscription journ\u00e9es stage PBC avril 2019<\/a><\/span><\/li>\n<\/ul>\n<\/div>\n<div><span style=\"font-family: arial, helvetica, sans-serif;\"><span style=\"font-size: 14pt;\"><strong>*<\/strong><\/span>si la fiche n&#8217;appara\u00eet pas, retrouvez l\u00e0 dans les t\u00e9l\u00e9chargements de votre navigateur<\/span><\/div>\n<\/div>\n<\/div>\n<\/div>\n<\/div>\n<div><\/div>\n<\/div>\n<hr \/>\n<p><span style=\"font-family: arial, helvetica, sans-serif;\"><a href=\"http:\/\/chestnut.fr\/hebergement\/\">pour votre h\u00e9bergement<\/a><\/span><\/p>\n","protected":false},"excerpt":{"rendered":"<p>Outre les stages mensuels tout au long de l&#8217;ann\u00e9e, le dimanche pour les D\u00e9butants et le samedi pour les Confirm\u00e9s, deux stages intensifs de pr\u00e9paration au bal en costume (PBC) durant les vacances de P\u00e2ques vous permettent, selon votre niveau, de pr\u00e9parer le bal en costume du 31 mai 2019. Stages PBC D\u00e9butants et Interm\u00e9diaires [&hellip;]<\/p>\n","protected":false},"author":8,"featured_media":0,"parent":0,"menu_order":0,"comment_status":"closed","ping_status":"closed","template":"","meta":{"_monsterinsights_skip_tracking":false,"_monsterinsights_sitenote_active":false,"_monsterinsights_sitenote_note":"","_monsterinsights_sitenote_category":0,"footnotes":""},"class_list":["post-6990","page","type-page","status-publish","hentry"],"yoast_head":"<!-- This site is optimized with the Yoast SEO plugin v19.6.1 - https:\/\/yoast.com\/wordpress\/plugins\/seo\/ -->\n<title>Stages intensifs PBC de P\u00e2ques 2019 - Chestnut<\/title>\n<meta name=\"robots\" content=\"index, follow, max-snippet:-1, max-image-preview:large, max-video-preview:-1\" \/>\n<link rel=\"canonical\" href=\"https:\/\/chestnut.ovh\/stages-de-paques\/\" \/>\n<meta name=\"twitter:label1\" content=\"Estimated reading time\" \/>\n\t<meta name=\"twitter:data1\" content=\"5 minutes\" \/>\n<script type=\"application\/ld+json\" class=\"yoast-schema-graph\">{\"@context\":\"https:\/\/schema.org\",\"@graph\":[{\"@type\":\"WebPage\",\"@id\":\"https:\/\/chestnut.ovh\/stages-de-paques\/\",\"url\":\"https:\/\/chestnut.ovh\/stages-de-paques\/\",\"name\":\"[:en]Stages intensifs PBC de P\u00e2ques 2019[:fr]Stages intensifs PBC de P\u00e2ques 2019[:] - Chestnut\",\"isPartOf\":{\"@id\":\"https:\/\/chestnut.ovh\/#website\"},\"datePublished\":\"2016-07-22T19:02:36+00:00\",\"dateModified\":\"2019-02-22T14:46:04+00:00\",\"breadcrumb\":{\"@id\":\"https:\/\/chestnut.ovh\/stages-de-paques\/#breadcrumb\"},\"inLanguage\":\"en-GB\",\"potentialAction\":[{\"@type\":\"ReadAction\",\"target\":[\"https:\/\/chestnut.ovh\/stages-de-paques\/\"]}]},{\"@type\":\"BreadcrumbList\",\"@id\":\"https:\/\/chestnut.ovh\/stages-de-paques\/#breadcrumb\",\"itemListElement\":[{\"@type\":\"ListItem\",\"position\":1,\"name\":\"Accueil\",\"item\":\"https:\/\/chestnut.ovh\/\"},{\"@type\":\"ListItem\",\"position\":2,\"name\":\"Stages intensifs PBC de P\u00e2ques 2019\"}]},{\"@type\":\"WebSite\",\"@id\":\"https:\/\/chestnut.ovh\/#website\",\"url\":\"https:\/\/chestnut.ovh\/\",\"name\":\"Chestnut\",\"description\":\"English Country Dancing & Danses anciennes de l&#039;\u00e9poque des Stuarts .... et des romans de Jane Austen !\",\"potentialAction\":[{\"@type\":\"SearchAction\",\"target\":{\"@type\":\"EntryPoint\",\"urlTemplate\":\"https:\/\/chestnut.ovh\/?s={search_term_string}\"},\"query-input\":\"required name=search_term_string\"}],\"inLanguage\":\"en-GB\"}]}<\/script>\n<!-- \/ Yoast SEO plugin. -->","yoast_head_json":{"title":"Stages intensifs PBC de P\u00e2ques 2019 - Chestnut","robots":{"index":"index","follow":"follow","max-snippet":"max-snippet:-1","max-image-preview":"max-image-preview:large","max-video-preview":"max-video-preview:-1"},"canonical":"https:\/\/chestnut.ovh\/stages-de-paques\/","twitter_misc":{"Estimated reading time":"5 minutes"},"schema":{"@context":"https:\/\/schema.org","@graph":[{"@type":"WebPage","@id":"https:\/\/chestnut.ovh\/stages-de-paques\/","url":"https:\/\/chestnut.ovh\/stages-de-paques\/","name":"[:en]Stages intensifs PBC de P\u00e2ques 2019[:fr]Stages intensifs PBC de P\u00e2ques 2019[:] - Chestnut","isPartOf":{"@id":"https:\/\/chestnut.ovh\/#website"},"datePublished":"2016-07-22T19:02:36+00:00","dateModified":"2019-02-22T14:46:04+00:00","breadcrumb":{"@id":"https:\/\/chestnut.ovh\/stages-de-paques\/#breadcrumb"},"inLanguage":"en-GB","potentialAction":[{"@type":"ReadAction","target":["https:\/\/chestnut.ovh\/stages-de-paques\/"]}]},{"@type":"BreadcrumbList","@id":"https:\/\/chestnut.ovh\/stages-de-paques\/#breadcrumb","itemListElement":[{"@type":"ListItem","position":1,"name":"Accueil","item":"https:\/\/chestnut.ovh\/"},{"@type":"ListItem","position":2,"name":"Stages intensifs PBC de P\u00e2ques 2019"}]},{"@type":"WebSite","@id":"https:\/\/chestnut.ovh\/#website","url":"https:\/\/chestnut.ovh\/","name":"Chestnut","description":"English Country Dancing & Danses anciennes de l&#039;\u00e9poque des Stuarts .... et des romans de Jane Austen !","potentialAction":[{"@type":"SearchAction","target":{"@type":"EntryPoint","urlTemplate":"https:\/\/chestnut.ovh\/?s={search_term_string}"},"query-input":"required name=search_term_string"}],"inLanguage":"en-GB"}]}},"_links":{"self":[{"href":"https:\/\/chestnut.ovh\/en\/wp-json\/wp\/v2\/pages\/6990","targetHints":{"allow":["GET"]}}],"collection":[{"href":"https:\/\/chestnut.ovh\/en\/wp-json\/wp\/v2\/pages"}],"about":[{"href":"https:\/\/chestnut.ovh\/en\/wp-json\/wp\/v2\/types\/page"}],"author":[{"embeddable":true,"href":"https:\/\/chestnut.ovh\/en\/wp-json\/wp\/v2\/users\/8"}],"replies":[{"embeddable":true,"href":"https:\/\/chestnut.ovh\/en\/wp-json\/wp\/v2\/comments?post=6990"}],"version-history":[{"count":40,"href":"https:\/\/chestnut.ovh\/en\/wp-json\/wp\/v2\/pages\/6990\/revisions"}],"predecessor-version":[{"id":8825,"href":"https:\/\/chestnut.ovh\/en\/wp-json\/wp\/v2\/pages\/6990\/revisions\/8825"}],"wp:attachment":[{"href":"https:\/\/chestnut.ovh\/en\/wp-json\/wp\/v2\/media?parent=6990"}],"curies":[{"name":"wp","href":"https:\/\/api.w.org\/{rel}","templated":true}]}}