{"id":7004,"date":"2016-07-23T20:17:16","date_gmt":"2016-07-23T18:17:16","guid":{"rendered":"http:\/\/chestnut.fr\/?page_id=7004"},"modified":"2017-02-18T16:04:50","modified_gmt":"2017-02-18T15:04:50","slug":"brochure-et-dates-2016-2017","status":"publish","type":"page","link":"https:\/\/chestnut.ovh\/en\/brochure-et-dates-2016-2017\/","title":{"rendered":"Brochure et dates 2016-2017"},"content":{"rendered":"<p><strong>19\u00e8me saison &#8211; &#8220;EPSOM WELLS&#8221;<\/strong><\/p>\n<p><a href=\"http:\/\/chestnut.fr\/brochure-et-dates-2016-2017\/brochure_16_17_juillet_fond_blanc\/\"><img loading=\"lazy\" decoding=\"async\" class=\"size-medium wp-image-7012 alignleft\" src=\"http:\/\/chestnut.fr\/wp-content\/uploads\/2016\/07\/Brochure_16_17_juillet_fond_blanc-213x300.png\" alt=\"Brochure_16_17_juillet_fond_blanc\" width=\"213\" height=\"300\" srcset=\"https:\/\/chestnut.ovh\/wp-content\/uploads\/2016\/07\/Brochure_16_17_juillet_fond_blanc-213x300.png 213w, https:\/\/chestnut.ovh\/wp-content\/uploads\/2016\/07\/Brochure_16_17_juillet_fond_blanc-100x141.png 100w, https:\/\/chestnut.ovh\/wp-content\/uploads\/2016\/07\/Brochure_16_17_juillet_fond_blanc-768x1084.png 768w, https:\/\/chestnut.ovh\/wp-content\/uploads\/2016\/07\/Brochure_16_17_juillet_fond_blanc-726x1024.png 726w, https:\/\/chestnut.ovh\/wp-content\/uploads\/2016\/07\/Brochure_16_17_juillet_fond_blanc-600x847.png 600w, https:\/\/chestnut.ovh\/wp-content\/uploads\/2016\/07\/Brochure_16_17_juillet_fond_blanc.png 876w\" sizes=\"auto, (max-width: 213px) 100vw, 213px\" \/><\/a>La <strong><a href=\"http:\/\/chestnut.fr\/wp-content\/uploads\/2015\/10\/Brochure_16_17_juillet.pdf\"><span style=\"color: #ff0000;\">brochure 2016-2017<\/span><\/a><\/strong>\u00a0au format .pdf\u00a0comportant tous les RDV de l&#8217;ann\u00e9e est disponible\u00a0<strong><a href=\"http:\/\/chestnut.fr\/wp-content\/uploads\/2015\/10\/Brochure_16_17_juillet.pdf\"><span style=\"color: #ff0000;\">ici<\/span><\/a><\/strong>.\u00a0Vous trouverez toute l&#8217;offre pour les D\u00e9butants <strong><span style=\"color: #ff0000;\"><a href=\"http:\/\/chestnut.fr\/pour-les-debutants\/\"><span style=\"color: #ff0000;\">ici<\/span><\/a><\/span><\/strong>. Retrouvez aussi toutes les dates dans l&#8217;<a href=\"http:\/\/chestnut.fr\/agenda\/\"><span style=\"color: #ff0000;\">Agenda<\/span><\/a><\/p>\n<ol>\n<li><a href=\"#septembreoctobre\">Septembre et Octobre<\/a><\/li>\n<li><a href=\"#novembre\">Novembre<\/a><\/li>\n<li><a href=\"#decembre\">D\u00e9cembre<\/a><\/li>\n<li><a href=\"#janvier\">Janvier<\/a><\/li>\n<li><a href=\"#fevrier\">F\u00e9vrier<\/a><\/li>\n<li><a href=\"#mars\">Mars<\/a><\/li>\n<li><a href=\"#avril\">Avril<\/a><\/li>\n<\/ol>\n<div><span>Inscription pr\u00e9alable est requise pour toutes les activit\u00e9s\u00a0au 01 45 70 83 94 ou \u00e0 <span class=\"s1\"><a href=\"mailto:contact@chestnut.fr\">contact@chestnut.fr<\/a>.<\/span> N&#8217;h\u00e9sitez pas \u00e0 nous contacter <\/span><span>pour plus d&#8217;informations.<\/span><\/div>\n<hr \/>\n<hr \/>\n<h3 id=\"septembreoctobre\"><strong>Septembre et Octobre<\/strong><\/h3>\n<p>&#8211;\u00a0<strong><span style=\"color: #ff0000;\">jeudi 15 septembre 2016<\/span><\/strong>\u00a0: <strong>d\u00e9but des cours<\/strong> (<a href=\"http:\/\/chestnut.fr\/lieux\/\">Lieu A<\/a>\u00a0\/ <a href=\"http:\/\/chestnut.fr\/pratiques\/\">Tarifs<\/a>)<span>\u00a0<\/span><\/p>\n<p>18h30-20h D\u00e9butants \/\u00a020h-21h30 Interm\u00e9diaires ou Confirm\u00e9s en alternance (le 15 septembre : cours pour les interm\u00e9diaires ; tableau des alternances :\u00a0<a href=\"http:\/\/chestnut.fr\/wp-content\/uploads\/2010\/12\/Alternance-des-cours-2016-2017-2.pdf\"><strong><span style=\"color: #ff0000;\">ici<\/span><\/strong><\/a>)<\/p>\n<p>&#8211;\u00a0<strong><span style=\"color: #ff0000;\">samedi 1er octobre\u00a0<\/span><\/strong>: <strong>1er mini-stage PBC<\/strong>\u00a0(Pr\u00e9paration au Bal en Costume) (Confirm\u00e9s)\u00a0(<a href=\"http:\/\/chestnut.fr\/lieux#lieub\">Lieu B<\/a>\u00a0de 14h30 \u00e0 17h30 \/\u00a0<a href=\"http:\/\/chestnut.fr\/pratiques\/\">Tarifs<\/a>).\u00a0<span>Pas de fiche d&#8217;inscription \u00e0 remplir mais vous devez signaler votre participation<\/span><span>\u00a0au 01 45 70 83 94 ou \u00e0\u00a0<\/span><span class=\"s1\"><a href=\"mailto:contact@chestnut.fr\">contact@chestnut.fr<\/a>\u00a0<\/span><\/p>\n<ul>\n<li>Lady Banbury\u2019s Hornpipe partie 1<\/li>\n<li>1\u00e8re danse de la suite pour 3 couples\u00a0: The Beau\u2019s Retreat<\/li>\n<li>1\u00e8re danse de la suite Thomas Braye\u00a0: Lincoln Inn\u2019s Garden<\/li>\n<\/ul>\n<p>&nbsp;<\/p>\n<p>&#8211;\u00a0<strong><span style=\"color: #ff0000;\">dimanche 2 octobre\u00a0<\/span><\/strong>: <strong>1er stage D\u00e9butants<\/strong>\u00a0<span>(<\/span><a href=\"http:\/\/chestnut.fr\/lieux\/\">Lieu A<\/a><span>\u00a0de 10h30 \u00e0 17h \/\u00a0<a href=\"http:\/\/chestnut.fr\/pratiques\/\">Tarifs<\/a><\/span><span>)\u00a0<\/span><span>Pas de fiche d&#8217;inscription \u00e0 remplir mais vous devez signaler votre participation<\/span><span>\u00a0au 01 45 70 83 94 ou \u00e0\u00a0<\/span><span class=\"s1\"><a href=\"mailto:contact@chestnut.fr\">contact@chestnut.fr<\/a>\u00a0<\/span><\/p>\n<p>D\u00e9butants I dimanche matin\u00a0:<\/p>\n<ul>\n<li>Staines Morris en mixer\u00a0: les simples et les doubles &#8211; d\u00e9coupement du double<\/li>\n<li>Danse Playford \u00e0 refrain\u00a0: Sweet Kate. Etude des introductions acad\u00e9miques<\/li>\n<li>Progresser dans un longways duple minor set<\/li>\n<li>Tourner une polka<\/li>\n<\/ul>\n<p>D\u00e9butants II et Interm\u00e9diaire dimanche apr\u00e8s-midi :<\/p>\n<ul>\n<li>3 mani\u00e8res d\u2019exprimer le 3 temps\u00a0: sautill\u00e9\/ gliss\u00e9 \/ polonaise<\/li>\n<li>2 mani\u00e8res de faire la ladies chain et application daans la 1\u00e8re figure de Twickenham Ferry<\/li>\n<li>2 mani\u00e8res de faire le huit et le demi-huit<\/li>\n<li>Montage de Sir Roger de Coverley<\/li>\n<\/ul>\n<p>&nbsp;<\/p>\n<p>&#8211;\u00a0<strong><span style=\"color: #ff0000;\">dimanche 16 octobre\u00a0<\/span><\/strong>: <strong>stage Confirm\u00e9s\u00a0<\/strong><span>&#8220;La fin du monopole : Bray, Walsh, Young et les autres&#8221; (<\/span><a href=\"http:\/\/chestnut.fr\/lieux\/\">Lieu A<\/a><span>\u00a0de 10h30 \u00e0 17h \/\u00a0<\/span><a href=\"http:\/\/chestnut.fr\/pratiques\/\">Tarifs<\/a><span>).\u00a0Pas de fiche d&#8217;inscription \u00e0 remplir mais vous devez signaler votre participation\u00a0au 01 45 70 83 94 ou \u00e0\u00a0<\/span><span class=\"s1\"><a href=\"mailto:contact@chestnut.fr\">contact@chestnut.fr<\/a>\u00a0<\/span><\/p>\n<p>&nbsp;<\/p>\n<p>&#8211; \u00a0<strong><span style=\"color: #ff0000;\">20\/21\/22\/23 octobre <\/span><\/strong>\u00a0:\u00a0<strong>stage de 4 jours Confirm\u00e9s<\/strong> \/ <a href=\"http:\/\/chestnut.fr\/stages-de-toussaint\/\">&#8220;Les nouveaux chor\u00e9graphes&#8221;<\/a> (<a href=\"http:\/\/chestnut.fr\/lieux\/\">Lieu A<\/a>\u00a0\/\u00a0Fiche d&#8217;inscription et arrhes sont requises :\u00a0<a href=\"http:\/\/chestnut.fr\/stages-de-toussaint\/\">fiches d&#8217;inscription<\/a>)<span class=\"s1\">. <span style=\"color: #ff0000;\"> Attention : majoration apr\u00e8s le 13 octobre !<\/span><\/span><\/p>\n<hr \/>\n<div>\n<hr \/>\n<p>&#8211;\u00a0<strong><span>jeudi 3 novembre <\/span><\/strong>: <strong>reprise des cours<\/strong> (<a href=\"http:\/\/chestnut.fr\/lieux\/\">Lieu A<\/a>\u00a0\/\u00a0<a href=\"http:\/\/chestnut.fr\/pratiques\/\">Tarifs<\/a>)<\/p>\n<ul>\n<li><span style=\"line-height: 1.5em;\">18h30-20h D\u00e9butants<\/span><\/li>\n<li><span style=\"line-height: 1.5em;\">20h-21h30 Interm\u00e9diaires (Interm\u00e9diaires et \u00a0Confirm\u00e9s en alternance tous les 15 jours \/<\/span><span style=\"line-height: 1.5em;\">\u00a0tableau des alternances : <\/span><a href=\"http:\/\/chestnut.fr\/wp-content\/uploads\/2010\/12\/Alternance-des-cours-2016-2017-2.pdf\">ici<\/a><span style=\"line-height: 1.5em;\">)<\/span><\/li>\n<\/ul>\n<p>&#8211;\u00a0<strong><span>samedi 5 novembre <\/span><\/strong>: <strong>mini-stage PBC<\/strong> (Pr\u00e9paration au Bal en Costume) (Confirm\u00e9s)\u00a0(<a href=\"http:\/\/chestnut.fr\/lieux\/#lieub\">Lieu B<\/a>\u00a0de 14h30 \u00e0 17h30 \/\u00a0<a href=\"http:\/\/chestnut.fr\/pratiques\/\">Tarifs<\/a>).<\/p>\n<p>Au programme : Count Leon &#8211; Lady Banbury&#8217;s Hornpipe Part 2 &#8211; Lincoln&#8217;s Inn Garden (r\u00e9vision) &#8211; Epsom Wells<\/p>\n<p>&#8211;\u00a0<strong><span>dimanche 6 novembre\u00a0<\/span><\/strong>: <strong>stage pour les D\u00e9butants<\/strong>\u00a0(<a href=\"http:\/\/chestnut.fr\/lieux\/\">Lieu A<\/a>\u00a0de 10h30 \u00e0 17h \/\u00a0<a href=\"http:\/\/chestnut.fr\/pratiques\/\">Tarifs<\/a>).<\/p>\n<p>Au programme le matin : Staines Morris (doubles, simples et d\u00e9coupements) &#8211; le pas de Polka appliqu\u00e9 \u00e0 Nancy&#8217;s Fancy &#8211; The Spaniard (Longways DMS) &#8211; Sweet Kate (r\u00e9vision) &#8211; Dear Hilary (mixer \u00e0 3 temps)<\/p>\n<p><span>Au programme l&#8217;apr\u00e8s-midi : Twickenham Ferry, travail sur la m\u00e9lodie A &#8211; le demi-huit et le huit appliqu\u00e9 \u00e0 Dr Faustus&#8217;s Jig &#8211; Sir Roger de Coverley (r\u00e9vision)<\/span><\/p>\n<p>&#8211;\u00a0<strong>dimanche 20 novembre <\/strong>: <strong>Bal<\/strong> <strong>d&#8217;automne<\/strong> &#8220;A Long Lasting Tradition&#8221; (<a href=\"http:\/\/chestnut.fr\/lieux\/\">Lieu A<\/a>\u00a0de 18h \u00e0 21h00\u00a0<span style=\"line-height: 1.5em;\">\/\u00a0<\/span><a href=\"http:\/\/chestnut.fr\/pratiques\/\">Tarifs<\/a><span style=\"line-height: 1.5em;\">) pr\u00e9c\u00e9d\u00e9 de l&#8217;<strong>ABC du bal <\/strong><\/span><span style=\"line-height: 1.5em;\">(<\/span><a href=\"http:\/\/chestnut.fr\/lieux\/\">Lieu A<\/a><span style=\"line-height: 1.5em;\">\u00a0de\u00a014h30 \u00e0 16h30\u00a0\/\u00a0<\/span><a href=\"http:\/\/chestnut.fr\/pratiques\/\">Tarifs<\/a><span style=\"line-height: 1.5em;\">)<\/span><\/p>\n<\/div>\n<div><\/div>\n<div><\/div>\n<div><strong>Novembre :\u00a0se reporter \u00e0 la<span>\u00a0<\/span><strong><a href=\"http:\/\/chestnut.fr\/wp-content\/uploads\/2015\/10\/Brochure_16_17_juillet.pdf\"><span style=\"color: #ff0000;\">brochure 2016-2017<\/span><\/a><\/strong><\/strong><\/div>\n<div><\/div>\n<div><strong>D\u00e9cembre :\u00a0<strong>se reporter \u00e0 la<span>\u00a0<\/span><strong><a href=\"http:\/\/chestnut.fr\/wp-content\/uploads\/2015\/10\/Brochure_16_17_juillet.pdf\"><span style=\"color: #ff0000;\">brochure 2016-2017<\/span><\/a><\/strong><\/strong><\/strong><\/div>\n<div><\/div>\n<div id=\"janvier\"><strong>Janvier :\u00a0<strong>se reporter \u00e0 la<span>\u00a0<\/span><strong><a href=\"http:\/\/chestnut.fr\/wp-content\/uploads\/2015\/10\/Brochure_16_17_juillet.pdf\"><span style=\"color: #ff0000;\">brochure 2016-2017<\/span><\/a><\/strong><\/strong><\/strong><\/div>\n<div>\n<hr \/>\n<hr \/>\n<h3 id=\"fevrier\"><strong>F\u00e9vrier<\/strong><\/h3>\n<\/div>\n<div>\n<p><b><\/b>&#8211; <b>cours du jeudi <\/b>\u00a0(<a href=\"http:\/\/chestnut.fr\/?email_id=240&#038;user_id=6&#038;urlpassed=aHR0cDovL2NoZXN0bnV0LmZyL2xpZXV4Lw%3D%3D&#038;controller=stats&#038;action=analyse&#038;wysija-page=1&#038;wysijap=subscriptions\"><span class=\"s2\">Lieu A<\/span><\/a>\u00a0\/\u00a0<a href=\"http:\/\/chestnut.fr\/?email_id=240&#038;user_id=6&#038;urlpassed=aHR0cDovL2NoZXN0bnV0LmZyL3ByYXRpcXVlcy8%3D&#038;controller=stats&#038;action=analyse&#038;wysija-page=1&#038;wysijap=subscriptions\"><span class=\"s2\">Tarifs<\/span><\/a>)<\/p>\n<p>\u2022\u00a018h30-20h D\u00e9butants<\/p>\n<p>\u2022\u00a020h-21h30 Interm\u00e9diaires ou Confirm\u00e9s (Interm\u00e9diaires et \u00a0Confirm\u00e9s en alternance tous les 15 jours \/\u00a0tableau des alternances : <a href=\"http:\/\/chestnut.fr\/wp-content\/uploads\/2010\/12\/Alternance-des-cours-2016-2017-2.pdf\"><span class=\"s2\">ici<\/span><\/a>)<\/p>\n<p>&#8211;\u00a0<b>samedi 25 f\u00e9vrier\u00a0<\/b>:\u00a0<b>mini-stage Pat Shaw\u00a0pour les Confirm\u00e9s<\/b>\u00a0de 16h \u00e0 19h\u00a0(<a href=\"http:\/\/chestnut.fr\/?email_id=240&#038;user_id=6&#038;urlpassed=aHR0cDovL2NoZXN0bnV0LmZyL2xpZXV4Lw%3D%3D&#038;controller=stats&#038;action=analyse&#038;wysija-page=1&#038;wysijap=subscriptions\"><span class=\"s2\">Lieu A<\/span><\/a>\u00a0\/\u00a0<a href=\"http:\/\/chestnut.fr\/?email_id=240&#038;user_id=6&#038;urlpassed=aHR0cDovL2NoZXN0bnV0LmZyL3ByYXRpcXVlcy8%3D&#038;controller=stats&#038;action=analyse&#038;wysija-page=1&#038;wysijap=subscriptions\"><span class=\"s2\">Tarifs<\/span><\/a>)\u00a0: ce mini-stage a pour but la r\u00e9vision des danses complexes programm\u00e9es lors du bal du lendemain, en particulier deux grandes danses de Pat Shaw,\u00a0 Kitty Alone et Miss de Jersey\u2019s Memorial mais nous reverrons aussi Nan\u2019s Waltz et Long Live London (cercles siciliens), Quite Carried Away (Triple Minor Set) ainsi que A Maggot for Mr Purcell (Nicolas Broadbridge).<\/p>\n<p>Merci de nous signaler votre participation au moins 2 jours avant au\u00a001 45 70 83 94 ou \u00e0 <a href=\"mailto:contact@chestnut.fr\"><span class=\"s2\">contact@chestnut.fr<\/span><\/a><\/p>\n<p>&#8211;\u00a0<b>dimanche 26 f\u00e9vrier<\/b>\u00a0:\u00a0<b>Bal d&#8217;hiver<\/b>\u00a0&#8220;A long lasting tradition&#8221; avec nos musiciens (<a href=\"http:\/\/chestnut.fr\/?email_id=240&#038;user_id=6&#038;urlpassed=aHR0cDovL2NoZXN0bnV0LmZyLz9lbWFpbF9pZD0xNTkmYW1wO3VzZXJfaWQ9NjYyJmFtcDt1cmxwYXNzZWQ9YUhSMGNEb3ZMMk5vWlhOMGJuVjBMbVp5TDJ4cFpYVjRMdyUzRCUzRCZhbXA7Y29udHJvbGxlcj1zdGF0cyZhbXA7YWN0aW9uPWFuYWx5c2UmYW1wO3d5c2lqYS1wYWdlPTEmYW1wO3d5c2lqYXA9c3Vic2NyaXB0aW9ucw%3D%3D&#038;controller=stats&#038;action=analyse&#038;wysija-page=1&#038;wysijap=subscriptions\"><span class=\"s3\">Lieu A<\/span><\/a>\u00a0de 18h \u00e0 21h00\u00a0\/\u00a0<a href=\"http:\/\/chestnut.fr\/?email_id=240&#038;user_id=6&#038;urlpassed=aHR0cDovL2NoZXN0bnV0LmZyLz9lbWFpbF9pZD0xNTkmYW1wO3VzZXJfaWQ9NjYyJmFtcDt1cmxwYXNzZWQ9YUhSMGNEb3ZMMk5vWlhOMGJuVjBMbVp5TDNCeVlYUnBjWFZsY3k4JTNEJmFtcDtjb250cm9sbGVyPXN0YXRzJmFtcDthY3Rpb249YW5hbHlzZSZhbXA7d3lzaWphLXBhZ2U9MSZhbXA7d3lzaWphcD1zdWJzY3JpcHRpb25z&#038;controller=stats&#038;action=analyse&#038;wysija-page=1&#038;wysijap=subscriptions\"><span class=\"s3\">Tarifs<\/span><\/a>) pr\u00e9c\u00e9d\u00e9 de l&#8217;ABC du bal (<a href=\"http:\/\/chestnut.fr\/?email_id=240&#038;user_id=6&#038;urlpassed=aHR0cDovL2NoZXN0bnV0LmZyLz9lbWFpbF9pZD0xNTkmYW1wO3VzZXJfaWQ9NjYyJmFtcDt1cmxwYXNzZWQ9YUhSMGNEb3ZMMk5vWlhOMGJuVjBMbVp5TDJ4cFpYVjRMdyUzRCUzRCZhbXA7Y29udHJvbGxlcj1zdGF0cyZhbXA7YWN0aW9uPWFuYWx5c2UmYW1wO3d5c2lqYS1wYWdlPTEmYW1wO3d5c2lqYXA9c3Vic2NyaXB0aW9ucw%3D%3D&#038;controller=stats&#038;action=analyse&#038;wysija-page=1&#038;wysijap=subscriptions\"><span class=\"s3\">Lieu A<\/span><\/a>\u00a0de\u00a014h30 \u00e0 16h30\u00a0\/\u00a0<a href=\"http:\/\/chestnut.fr\/?email_id=240&#038;user_id=6&#038;urlpassed=aHR0cDovL2NoZXN0bnV0LmZyLz9lbWFpbF9pZD0xNTkmYW1wO3VzZXJfaWQ9NjYyJmFtcDt1cmxwYXNzZWQ9YUhSMGNEb3ZMMk5vWlhOMGJuVjBMbVp5TDNCeVlYUnBjWFZsY3k4JTNEJmFtcDtjb250cm9sbGVyPXN0YXRzJmFtcDthY3Rpb249YW5hbHlzZSZhbXA7d3lzaWphLXBhZ2U9MSZhbXA7d3lzaWphcD1zdWJzY3JpcHRpb25z&#038;controller=stats&#038;action=analyse&#038;wysija-page=1&#038;wysijap=subscriptions\"><span class=\"s3\">Tarifs<\/span><\/a>)<\/p>\n<hr \/>\n<hr \/>\n<h3 id=\"mars\"><strong>Mars<\/strong><\/h3>\n<p>&#8211; <b>cours du jeudi <\/b>\u00a0(<a href=\"http:\/\/chestnut.fr\/?email_id=240&#038;user_id=6&#038;urlpassed=aHR0cDovL2NoZXN0bnV0LmZyL2xpZXV4Lw%3D%3D&#038;controller=stats&#038;action=analyse&#038;wysija-page=1&#038;wysijap=subscriptions\"><span class=\"s2\">Lieu A<\/span><\/a>\u00a0\/\u00a0<a href=\"http:\/\/chestnut.fr\/?email_id=240&#038;user_id=6&#038;urlpassed=aHR0cDovL2NoZXN0bnV0LmZyL3ByYXRpcXVlcy8%3D&#038;controller=stats&#038;action=analyse&#038;wysija-page=1&#038;wysijap=subscriptions\"><span class=\"s2\">Tarifs<\/span><\/a>)<\/p>\n<p>\u2022\u00a018h30-20h D\u00e9butants<\/p>\n<p>\u2022\u00a020h-21h30 Interm\u00e9diaires ou Confirm\u00e9s (Interm\u00e9diaires et \u00a0Confirm\u00e9s en alternance tous les 15 jours \/\u00a0tableau des alternances : <a href=\"http:\/\/chestnut.fr\/wp-content\/uploads\/2010\/12\/Alternance-des-cours-2016-2017-2.pdf\"><span class=\"s2\">ici<\/span><\/a>)<\/p>\n<p>&#8211;\u00a0<b>samedi 4 mars\u00a0<\/b>:\u00a0<b>mini-stage PBC (Pr\u00e9paration au Bal en Costume de Bath) Danse du 3e degr\u00e9 pour les Confirm\u00e9s<\/b>\u00a0de 14h30 \u00e0 17h30\u00a0(<a href=\"http:\/\/chestnut.fr\/?email_id=240&#038;user_id=6&#038;urlpassed=aHR0cDovL2NoZXN0bnV0LmZyL2xpZXV4LyNsaWV1Yg%3D%3D&#038;controller=stats&#038;action=analyse&#038;wysija-page=1&#038;wysijap=subscriptions\"><span class=\"s2\">Lieu B<\/span><\/a>\u00a0\/\u00a0<a href=\"http:\/\/chestnut.fr\/?email_id=240&#038;user_id=6&#038;urlpassed=aHR0cDovL2NoZXN0bnV0LmZyL3ByYXRpcXVlcy8%3D&#038;controller=stats&#038;action=analyse&#038;wysija-page=1&#038;wysijap=subscriptions\"><span class=\"s2\">Tarifs<\/span><\/a>).<\/p>\n<p>&#8211;\u00a0<b>dimanche 5 mars\u00a0<\/b>:\u00a0<b>stage pour les D\u00e9butants<\/b>\u00a0de 10h30 \u00e0 17h\u00a0(<a href=\"http:\/\/chestnut.fr\/?email_id=240&#038;user_id=6&#038;urlpassed=aHR0cDovL2NoZXN0bnV0LmZyL2xpZXV4Lw%3D%3D&#038;controller=stats&#038;action=analyse&#038;wysija-page=1&#038;wysijap=subscriptions\"><span class=\"s2\">Lieu A<\/span><\/a>\u00a0\/\u00a0<a href=\"http:\/\/chestnut.fr\/?email_id=240&#038;user_id=6&#038;urlpassed=aHR0cDovL2NoZXN0bnV0LmZyL3ByYXRpcXVlcy8%3D&#038;controller=stats&#038;action=analyse&#038;wysija-page=1&#038;wysijap=subscriptions\"><span class=\"s2\">Tarifs<\/span><\/a>). Le matin : danses du 1er degr\u00e9 du bal de Bath \/ Apr\u00e8s-midi : danses du 2e degr\u00e9 du bal de Bath<\/p>\n<p>&#8211;\u00a0<b>dimanche 26 mars : stage pour les Confirm\u00e9s<\/b>\u00a0de 10h30 \u00e0 17h\u00a0(<a href=\"http:\/\/chestnut.fr\/?email_id=240&#038;user_id=6&#038;urlpassed=aHR0cDovL2NoZXN0bnV0LmZyLz9lbWFpbF9pZD0xNTkmYW1wO3VzZXJfaWQ9NjYyJmFtcDt1cmxwYXNzZWQ9YUhSMGNEb3ZMMk5vWlhOMGJuVjBMbVp5TDJ4cFpYVjRMdyUzRCUzRCZhbXA7Y29udHJvbGxlcj1zdGF0cyZhbXA7YWN0aW9uPWFuYWx5c2UmYW1wO3d5c2lqYS1wYWdlPTEmYW1wO3d5c2lqYXA9c3Vic2NyaXB0aW9ucw%3D%3D&#038;controller=stats&#038;action=analyse&#038;wysija-page=1&#038;wysijap=subscriptions\"><span class=\"s3\">Lieu A<\/span><\/a>\u00a0\/\u00a0<a href=\"http:\/\/chestnut.fr\/?email_id=240&#038;user_id=6&#038;urlpassed=aHR0cDovL2NoZXN0bnV0LmZyLz9lbWFpbF9pZD0xNTkmYW1wO3VzZXJfaWQ9NjYyJmFtcDt1cmxwYXNzZWQ9YUhSMGNEb3ZMMk5vWlhOMGJuVjBMbVp5TDNCeVlYUnBjWFZsY3k4JTNEJmFtcDtjb250cm9sbGVyPXN0YXRzJmFtcDthY3Rpb249YW5hbHlzZSZhbXA7d3lzaWphLXBhZ2U9MSZhbXA7d3lzaWphcD1zdWJzY3JpcHRpb25z&#038;controller=stats&#038;action=analyse&#038;wysija-page=1&#038;wysijap=subscriptions\"><span class=\"s3\">Tarifs<\/span><\/a>).\u00a0Au programme :\u00a0\u00ab A living tradition &#8211; Pat, Gary, Fried et les autres\u2026\u00a02e volet \u00bb &#8211; Clarance House (Square set- Pat Shaw); Terpsicourante (4 couples longways &#8211; Gary Roodman \/ Praetorius); The Mavis Sweetly Sings (longways triple minor set &#8211; Fried de Metz Herman \/ Purcell); The Rose of Sharon (longways &#8211; Fried de Metz Herman \/ Pepush)<\/p>\n<\/div>\n<div><\/div>\n<div id=\"avril\"><strong>Avril :\u00a0<strong>se reporter \u00e0 la<span>\u00a0<\/span><strong><a href=\"http:\/\/chestnut.fr\/wp-content\/uploads\/2015\/10\/Brochure_16_17_juillet.pdf\"><span style=\"color: #ff0000;\">brochure 2016-2017<\/span><\/a><\/strong><\/strong>\u00a0<\/strong><\/div>\n<div><\/div>\n<p>A bient\u00f4t pour de belles danses !<\/p>\n","protected":false},"excerpt":{"rendered":"<p>19\u00e8me saison &#8211; &#8220;EPSOM WELLS&#8221; La brochure 2016-2017\u00a0au format .pdf\u00a0comportant tous les RDV de l&#8217;ann\u00e9e est disponible\u00a0ici.\u00a0Vous trouverez toute l&#8217;offre pour les D\u00e9butants ici. Retrouvez aussi toutes les dates dans l&#8217;Agenda Septembre et Octobre Novembre D\u00e9cembre Janvier F\u00e9vrier Mars Avril Inscription pr\u00e9alable est requise pour toutes les activit\u00e9s\u00a0au 01 45 70 83 94 ou \u00e0 [&hellip;]<\/p>\n","protected":false},"author":8,"featured_media":0,"parent":0,"menu_order":0,"comment_status":"closed","ping_status":"closed","template":"","meta":{"_monsterinsights_skip_tracking":false,"_monsterinsights_sitenote_active":false,"_monsterinsights_sitenote_note":"","_monsterinsights_sitenote_category":0,"footnotes":""},"class_list":["post-7004","page","type-page","status-publish","hentry"],"yoast_head":"<!-- This site is optimized with the Yoast SEO plugin v19.6.1 - https:\/\/yoast.com\/wordpress\/plugins\/seo\/ -->\n<title>Brochure et dates 2016-2017 - Chestnut<\/title>\n<meta name=\"robots\" content=\"index, follow, max-snippet:-1, max-image-preview:large, max-video-preview:-1\" \/>\n<link rel=\"canonical\" href=\"https:\/\/chestnut.ovh\/en\/brochure-et-dates-2016-2017\/\" \/>\n<meta name=\"twitter:label1\" content=\"Estimated reading time\" \/>\n\t<meta name=\"twitter:data1\" content=\"4 minutes\" \/>\n<script type=\"application\/ld+json\" class=\"yoast-schema-graph\">{\"@context\":\"https:\/\/schema.org\",\"@graph\":[{\"@type\":\"WebPage\",\"@id\":\"https:\/\/chestnut.ovh\/en\/brochure-et-dates-2016-2017\/\",\"url\":\"https:\/\/chestnut.ovh\/en\/brochure-et-dates-2016-2017\/\",\"name\":\"[:fr]Brochure et dates 2016-2017[:] - Chestnut\",\"isPartOf\":{\"@id\":\"https:\/\/chestnut.ovh\/#website\"},\"datePublished\":\"2016-07-23T18:17:16+00:00\",\"dateModified\":\"2017-02-18T15:04:50+00:00\",\"breadcrumb\":{\"@id\":\"https:\/\/chestnut.ovh\/en\/brochure-et-dates-2016-2017\/#breadcrumb\"},\"inLanguage\":\"en-GB\",\"potentialAction\":[{\"@type\":\"ReadAction\",\"target\":[\"https:\/\/chestnut.ovh\/en\/brochure-et-dates-2016-2017\/\"]}]},{\"@type\":\"BreadcrumbList\",\"@id\":\"https:\/\/chestnut.ovh\/en\/brochure-et-dates-2016-2017\/#breadcrumb\",\"itemListElement\":[{\"@type\":\"ListItem\",\"position\":1,\"name\":\"Accueil\",\"item\":\"https:\/\/chestnut.ovh\/\"},{\"@type\":\"ListItem\",\"position\":2,\"name\":\"Brochure et dates 2016-2017\"}]},{\"@type\":\"WebSite\",\"@id\":\"https:\/\/chestnut.ovh\/#website\",\"url\":\"https:\/\/chestnut.ovh\/\",\"name\":\"Chestnut\",\"description\":\"English Country Dancing & Danses anciennes de l&#039;\u00e9poque des Stuarts .... et des romans de Jane Austen !\",\"potentialAction\":[{\"@type\":\"SearchAction\",\"target\":{\"@type\":\"EntryPoint\",\"urlTemplate\":\"https:\/\/chestnut.ovh\/?s={search_term_string}\"},\"query-input\":\"required name=search_term_string\"}],\"inLanguage\":\"en-GB\"}]}<\/script>\n<!-- \/ Yoast SEO plugin. -->","yoast_head_json":{"title":"Brochure et dates 2016-2017 - Chestnut","robots":{"index":"index","follow":"follow","max-snippet":"max-snippet:-1","max-image-preview":"max-image-preview:large","max-video-preview":"max-video-preview:-1"},"canonical":"https:\/\/chestnut.ovh\/en\/brochure-et-dates-2016-2017\/","twitter_misc":{"Estimated reading time":"4 minutes"},"schema":{"@context":"https:\/\/schema.org","@graph":[{"@type":"WebPage","@id":"https:\/\/chestnut.ovh\/en\/brochure-et-dates-2016-2017\/","url":"https:\/\/chestnut.ovh\/en\/brochure-et-dates-2016-2017\/","name":"[:fr]Brochure et dates 2016-2017[:] - Chestnut","isPartOf":{"@id":"https:\/\/chestnut.ovh\/#website"},"datePublished":"2016-07-23T18:17:16+00:00","dateModified":"2017-02-18T15:04:50+00:00","breadcrumb":{"@id":"https:\/\/chestnut.ovh\/en\/brochure-et-dates-2016-2017\/#breadcrumb"},"inLanguage":"en-GB","potentialAction":[{"@type":"ReadAction","target":["https:\/\/chestnut.ovh\/en\/brochure-et-dates-2016-2017\/"]}]},{"@type":"BreadcrumbList","@id":"https:\/\/chestnut.ovh\/en\/brochure-et-dates-2016-2017\/#breadcrumb","itemListElement":[{"@type":"ListItem","position":1,"name":"Accueil","item":"https:\/\/chestnut.ovh\/"},{"@type":"ListItem","position":2,"name":"Brochure et dates 2016-2017"}]},{"@type":"WebSite","@id":"https:\/\/chestnut.ovh\/#website","url":"https:\/\/chestnut.ovh\/","name":"Chestnut","description":"English Country Dancing & Danses anciennes de l&#039;\u00e9poque des Stuarts .... et des romans de Jane Austen !","potentialAction":[{"@type":"SearchAction","target":{"@type":"EntryPoint","urlTemplate":"https:\/\/chestnut.ovh\/?s={search_term_string}"},"query-input":"required name=search_term_string"}],"inLanguage":"en-GB"}]}},"_links":{"self":[{"href":"https:\/\/chestnut.ovh\/en\/wp-json\/wp\/v2\/pages\/7004","targetHints":{"allow":["GET"]}}],"collection":[{"href":"https:\/\/chestnut.ovh\/en\/wp-json\/wp\/v2\/pages"}],"about":[{"href":"https:\/\/chestnut.ovh\/en\/wp-json\/wp\/v2\/types\/page"}],"author":[{"embeddable":true,"href":"https:\/\/chestnut.ovh\/en\/wp-json\/wp\/v2\/users\/8"}],"replies":[{"embeddable":true,"href":"https:\/\/chestnut.ovh\/en\/wp-json\/wp\/v2\/comments?post=7004"}],"version-history":[{"count":18,"href":"https:\/\/chestnut.ovh\/en\/wp-json\/wp\/v2\/pages\/7004\/revisions"}],"predecessor-version":[{"id":7247,"href":"https:\/\/chestnut.ovh\/en\/wp-json\/wp\/v2\/pages\/7004\/revisions\/7247"}],"wp:attachment":[{"href":"https:\/\/chestnut.ovh\/en\/wp-json\/wp\/v2\/media?parent=7004"}],"curies":[{"name":"wp","href":"https:\/\/api.w.org\/{rel}","templated":true}]}}