{"id":7616,"date":"2017-09-09T14:29:45","date_gmt":"2017-09-09T13:29:45","guid":{"rendered":"http:\/\/chestnut.fr\/?page_id=7616"},"modified":"2018-09-08T16:25:14","modified_gmt":"2018-09-08T15:25:14","slug":"yoga-pour-se-preparer-a-la-danse","status":"publish","type":"page","link":"https:\/\/chestnut.ovh\/en\/yoga-pour-se-preparer-a-la-danse\/","title":{"rendered":"YOGA pour se pr\u00e9parer \u00e0 la danse"},"content":{"rendered":"<div><a href=\"https:\/\/micadanses.com\/cours\/yoga-un-corps-bien-accorde\/\"><\/a><a href=\"http:\/\/chestnut.fr\/?attachment_id=7530\"><img loading=\"lazy\" decoding=\"async\" class=\"size-thumbnail wp-image-7530 alignleft\" src=\"http:\/\/chestnut.fr\/wp-content\/uploads\/2013\/08\/Tapis-Vert-4--150x150.jpg\" alt=\"\" width=\"150\" height=\"150\" srcset=\"https:\/\/chestnut.ovh\/wp-content\/uploads\/2013\/08\/Tapis-Vert-4--150x150.jpg 150w, https:\/\/chestnut.ovh\/wp-content\/uploads\/2013\/08\/Tapis-Vert-4--100x100.jpg 100w\" sizes=\"auto, (max-width: 150px) 100vw, 150px\" \/><\/a><a href=\"https:\/\/micadanses.com\/cours\/yoga-un-corps-bien-accorde\/\"><\/a><\/div>\n<div><\/div>\n<div><strong>\u00a0<\/strong><\/div>\n<div style=\"text-align: center;\"><strong>&#8220;<\/strong><a href=\"https:\/\/micadanses.com\/cours\/yoga-un-corps-bien-accorde\/\"><strong>UN\u00a0 CORPS BIEN ACCORD<\/strong><\/a><strong><a href=\"https:\/\/micadanses.com\/cours\/yoga-un-corps-bien-accorde\/\">\u00c9<\/a><\/strong><strong>&#8221; :\u00a0<\/strong><\/div>\n<div style=\"text-align: center;\">un atelier de yoga pour se pr\u00e9parer \u00e0 a danse sous toutes ses formes !<\/div>\n<div><\/div>\n<p>&nbsp;<\/p>\n<p>&nbsp;<\/p>\n<div><\/div>\n<div>\n<hr \/>\n<\/div>\n<div>Le lundi 11h-12h \u00e0 partir du 17 septembre \u00e0\u00a0<a href=\"https:\/\/micadanses.com\/cours\/yoga-un-corps-bien-accorde\/\">Micadanse<\/a>\u00a0Studio Nelken \/\u00a0<a href=\"http:\/\/chestnut.fr\/lieux#lieue\">Lieu E.<\/a><\/div>\n<p>&nbsp;<\/p>\n<div>Travail sur les postures, le souffle et l\u2019int\u00e9riorisation par le son pour se pr\u00e9parer \u00e0 la danse sous toutes ses formes et garder un corps d\u00e9li\u00e9 au quotidien.<\/div>\n<p>&nbsp;<\/p>\n<p>Professeur de yoga dipl\u00f4m\u00e9e de l\u2019Institut Eva Ruchpaul, C\u00e9cile Laye enseigne cette discipline depuis de nombreuses ann\u00e9es.<\/p>\n<p>Tarif : 10\u20ac\/h<\/p>\n<div><\/div>\n<p><em>Places limit\u00e9es, inscription obligatoire<\/em><\/p>\n<div><\/div>\n<p><em>Infos d&#8217;acc\u00e8s et contact:<span>\u00a0<\/span><\/em>cecilelaye@orange.f \/\u00a006 60 22 23 21<\/p>\n","protected":false},"excerpt":{"rendered":"<p>\u00a0 &#8220;UN\u00a0 CORPS BIEN ACCORD\u00c9&#8221; :\u00a0 un atelier de yoga pour se pr\u00e9parer \u00e0 a danse sous toutes ses formes ! &nbsp; &nbsp; Le lundi 11h-12h \u00e0 partir du 17 septembre \u00e0\u00a0Micadanse\u00a0Studio Nelken \/\u00a0Lieu E. &nbsp; Travail sur les postures, le souffle et l\u2019int\u00e9riorisation par le son pour se pr\u00e9parer \u00e0 la danse sous toutes [&hellip;]<\/p>\n","protected":false},"author":8,"featured_media":0,"parent":0,"menu_order":0,"comment_status":"closed","ping_status":"closed","template":"","meta":{"_monsterinsights_skip_tracking":false,"_monsterinsights_sitenote_active":false,"_monsterinsights_sitenote_note":"","_monsterinsights_sitenote_category":0,"footnotes":""},"class_list":["post-7616","page","type-page","status-publish","hentry"],"yoast_head":"<!-- This site is optimized with the Yoast SEO plugin v19.6.1 - https:\/\/yoast.com\/wordpress\/plugins\/seo\/ -->\n<title>YOGA pour se pr\u00e9parer \u00e0 la danse - Chestnut<\/title>\n<meta name=\"robots\" content=\"index, follow, max-snippet:-1, max-image-preview:large, max-video-preview:-1\" \/>\n<link rel=\"canonical\" href=\"https:\/\/chestnut.ovh\/yoga-pour-se-preparer-a-la-danse\/\" \/>\n<meta name=\"twitter:label1\" content=\"Estimated reading time\" \/>\n\t<meta name=\"twitter:data1\" content=\"1 minute\" \/>\n<script type=\"application\/ld+json\" class=\"yoast-schema-graph\">{\"@context\":\"https:\/\/schema.org\",\"@graph\":[{\"@type\":\"WebPage\",\"@id\":\"https:\/\/chestnut.ovh\/yoga-pour-se-preparer-a-la-danse\/\",\"url\":\"https:\/\/chestnut.ovh\/yoga-pour-se-preparer-a-la-danse\/\",\"name\":\"[:fr]YOGA pour se pr\u00e9parer \u00e0 la danse[:] - Chestnut\",\"isPartOf\":{\"@id\":\"https:\/\/chestnut.ovh\/#website\"},\"datePublished\":\"2017-09-09T13:29:45+00:00\",\"dateModified\":\"2018-09-08T15:25:14+00:00\",\"breadcrumb\":{\"@id\":\"https:\/\/chestnut.ovh\/yoga-pour-se-preparer-a-la-danse\/#breadcrumb\"},\"inLanguage\":\"en-GB\",\"potentialAction\":[{\"@type\":\"ReadAction\",\"target\":[\"https:\/\/chestnut.ovh\/yoga-pour-se-preparer-a-la-danse\/\"]}]},{\"@type\":\"BreadcrumbList\",\"@id\":\"https:\/\/chestnut.ovh\/yoga-pour-se-preparer-a-la-danse\/#breadcrumb\",\"itemListElement\":[{\"@type\":\"ListItem\",\"position\":1,\"name\":\"Accueil\",\"item\":\"https:\/\/chestnut.ovh\/\"},{\"@type\":\"ListItem\",\"position\":2,\"name\":\"YOGA pour se pr\u00e9parer \u00e0 la danse\"}]},{\"@type\":\"WebSite\",\"@id\":\"https:\/\/chestnut.ovh\/#website\",\"url\":\"https:\/\/chestnut.ovh\/\",\"name\":\"Chestnut\",\"description\":\"English Country Dancing & Danses anciennes de l&#039;\u00e9poque des Stuarts .... et des romans de Jane Austen !\",\"potentialAction\":[{\"@type\":\"SearchAction\",\"target\":{\"@type\":\"EntryPoint\",\"urlTemplate\":\"https:\/\/chestnut.ovh\/?s={search_term_string}\"},\"query-input\":\"required name=search_term_string\"}],\"inLanguage\":\"en-GB\"}]}<\/script>\n<!-- \/ Yoast SEO plugin. -->","yoast_head_json":{"title":"YOGA pour se pr\u00e9parer \u00e0 la danse - Chestnut","robots":{"index":"index","follow":"follow","max-snippet":"max-snippet:-1","max-image-preview":"max-image-preview:large","max-video-preview":"max-video-preview:-1"},"canonical":"https:\/\/chestnut.ovh\/yoga-pour-se-preparer-a-la-danse\/","twitter_misc":{"Estimated reading time":"1 minute"},"schema":{"@context":"https:\/\/schema.org","@graph":[{"@type":"WebPage","@id":"https:\/\/chestnut.ovh\/yoga-pour-se-preparer-a-la-danse\/","url":"https:\/\/chestnut.ovh\/yoga-pour-se-preparer-a-la-danse\/","name":"[:fr]YOGA pour se pr\u00e9parer \u00e0 la danse[:] - Chestnut","isPartOf":{"@id":"https:\/\/chestnut.ovh\/#website"},"datePublished":"2017-09-09T13:29:45+00:00","dateModified":"2018-09-08T15:25:14+00:00","breadcrumb":{"@id":"https:\/\/chestnut.ovh\/yoga-pour-se-preparer-a-la-danse\/#breadcrumb"},"inLanguage":"en-GB","potentialAction":[{"@type":"ReadAction","target":["https:\/\/chestnut.ovh\/yoga-pour-se-preparer-a-la-danse\/"]}]},{"@type":"BreadcrumbList","@id":"https:\/\/chestnut.ovh\/yoga-pour-se-preparer-a-la-danse\/#breadcrumb","itemListElement":[{"@type":"ListItem","position":1,"name":"Accueil","item":"https:\/\/chestnut.ovh\/"},{"@type":"ListItem","position":2,"name":"YOGA pour se pr\u00e9parer \u00e0 la danse"}]},{"@type":"WebSite","@id":"https:\/\/chestnut.ovh\/#website","url":"https:\/\/chestnut.ovh\/","name":"Chestnut","description":"English Country Dancing & Danses anciennes de l&#039;\u00e9poque des Stuarts .... et des romans de Jane Austen !","potentialAction":[{"@type":"SearchAction","target":{"@type":"EntryPoint","urlTemplate":"https:\/\/chestnut.ovh\/?s={search_term_string}"},"query-input":"required name=search_term_string"}],"inLanguage":"en-GB"}]}},"_links":{"self":[{"href":"https:\/\/chestnut.ovh\/en\/wp-json\/wp\/v2\/pages\/7616","targetHints":{"allow":["GET"]}}],"collection":[{"href":"https:\/\/chestnut.ovh\/en\/wp-json\/wp\/v2\/pages"}],"about":[{"href":"https:\/\/chestnut.ovh\/en\/wp-json\/wp\/v2\/types\/page"}],"author":[{"embeddable":true,"href":"https:\/\/chestnut.ovh\/en\/wp-json\/wp\/v2\/users\/8"}],"replies":[{"embeddable":true,"href":"https:\/\/chestnut.ovh\/en\/wp-json\/wp\/v2\/comments?post=7616"}],"version-history":[{"count":5,"href":"https:\/\/chestnut.ovh\/en\/wp-json\/wp\/v2\/pages\/7616\/revisions"}],"predecessor-version":[{"id":8243,"href":"https:\/\/chestnut.ovh\/en\/wp-json\/wp\/v2\/pages\/7616\/revisions\/8243"}],"wp:attachment":[{"href":"https:\/\/chestnut.ovh\/en\/wp-json\/wp\/v2\/media?parent=7616"}],"curies":[{"name":"wp","href":"https:\/\/api.w.org\/{rel}","templated":true}]}}