{"id":7623,"date":"2017-09-09T18:19:17","date_gmt":"2017-09-09T17:19:17","guid":{"rendered":"http:\/\/chestnut.fr\/?page_id=7623"},"modified":"2018-05-18T09:35:53","modified_gmt":"2018-05-18T08:35:53","slug":"danser-en-europe-entre-1588-et-1651","status":"publish","type":"page","link":"https:\/\/chestnut.ovh\/en\/danser-en-europe-entre-1588-et-1651\/","title":{"rendered":"Danser en Europe entre 1588 et 1651"},"content":{"rendered":"<p><a href=\"http:\/\/chestnut.fr\/?attachment_id=7624\"><img loading=\"lazy\" decoding=\"async\" class=\"size-thumbnail wp-image-7624 alignleft\" src=\"http:\/\/chestnut.fr\/wp-content\/uploads\/2017\/09\/Ballerini_Milanesi-150x150.jpg\" alt=\"\" width=\"150\" height=\"150\" \/><\/a><\/p>\n<p>Le programme de ces 4 ateliers est d\u00e9di\u00e9 \u00e0 la mise en perspective des r\u00e9pertoires italiens, fran\u00e7ais et anglais \u00e0 la fin du 16e si\u00e8cle et dans les premi\u00e8res ann\u00e9es du si\u00e8cle suivant tant au niveau des pas que des figures. Des chor\u00e9graphies pour 3 couples seront propos\u00e9es : Barriera nuova et Contrapasso nuovo pour l&#8217;Italie, Kemp&#8217;s Jig et Jenny Pluck Pears pour l&#8217;Angleterre.<\/p>\n<p>Ces stages s&#8217;adressent \u00e0 tous les niveaux sauf aux d\u00e9butants dans la danse en g\u00e9n\u00e9ral.<\/p>\n<p>Dates :<\/p>\n<div><b>10\/11 de 20:00 \u00e0 22:00 <\/b>So Schnell<\/div>\n<div><b>08\/12 de 20:00 \u00e0 22:00 <\/b>So Schnell<\/div>\n<div><b>12\/01 de 20:00 \u00e0 22:00<\/b> Biped<br \/>\n<b>09\/02 de 20:00 \u00e0 22:00<\/b> Biped<br \/>\n<b>09\/03 de 20:00 \u00e0 22:00<\/b> Biped<br \/>\n<b>13\/04 de 20:00 \u00e0 22:00<\/b> Biped<br \/>\n<b>18\/05 de 20:00 \u00e0 22:00<\/b> Noces<\/div>\n<div><strong>(08\/06 de 20:00 \u00e0 22:00<\/strong> Biped : s\u00e9ance annul\u00e9e)<\/div>\n<div><\/div>\n<div>Pour agrandir le plan ci-dessous, cliquez dessus :<\/div>\n<p><a href=\"http:\/\/chestnut.fr\/wp-content\/uploads\/2018\/03\/PlanStudiosMicadanses.jpg\"><img loading=\"lazy\" decoding=\"async\" class=\"aligncenter wp-image-7797 size-medium\" src=\"http:\/\/chestnut.fr\/wp-content\/uploads\/2018\/03\/PlanStudiosMicadanses-300x212.jpg\" alt=\"\" width=\"300\" height=\"212\" srcset=\"https:\/\/chestnut.ovh\/wp-content\/uploads\/2018\/03\/PlanStudiosMicadanses-300x212.jpg 300w, https:\/\/chestnut.ovh\/wp-content\/uploads\/2018\/03\/PlanStudiosMicadanses-100x71.jpg 100w, https:\/\/chestnut.ovh\/wp-content\/uploads\/2018\/03\/PlanStudiosMicadanses-768x543.jpg 768w, https:\/\/chestnut.ovh\/wp-content\/uploads\/2018\/03\/PlanStudiosMicadanses.jpg 1024w, https:\/\/chestnut.ovh\/wp-content\/uploads\/2018\/03\/PlanStudiosMicadanses-600x424.jpg 600w\" sizes=\"auto, (max-width: 300px) 100vw, 300px\" \/><\/a><\/p>\n<p><span>Pour tous renseignements compl\u00e9mentaires, inscription et communication des codes : contact@chestnut.fr ou 01 45 70 83\u00a0<\/span><\/p>\n<p><strong>Tarif\u00a0: 15 <\/strong><strong>\u20ac <\/strong><strong>(<a href=\"http:\/\/chestnut.fr\/lieux#lieue\">Lieu E<\/a><\/strong><strong>)<\/strong><\/p>\n","protected":false},"excerpt":{"rendered":"<p>Le programme de ces 4 ateliers est d\u00e9di\u00e9 \u00e0 la mise en perspective des r\u00e9pertoires italiens, fran\u00e7ais et anglais \u00e0 la fin du 16e si\u00e8cle et dans les premi\u00e8res ann\u00e9es du si\u00e8cle suivant tant au niveau des pas que des figures. Des chor\u00e9graphies pour 3 couples seront propos\u00e9es : Barriera nuova et Contrapasso nuovo pour [&hellip;]<\/p>\n","protected":false},"author":8,"featured_media":7560,"parent":0,"menu_order":0,"comment_status":"closed","ping_status":"closed","template":"","meta":{"_monsterinsights_skip_tracking":false,"_monsterinsights_sitenote_active":false,"_monsterinsights_sitenote_note":"","_monsterinsights_sitenote_category":0,"footnotes":""},"class_list":["post-7623","page","type-page","status-publish","has-post-thumbnail","hentry"],"yoast_head":"<!-- This site is optimized with the Yoast SEO plugin v19.6.1 - https:\/\/yoast.com\/wordpress\/plugins\/seo\/ -->\n<title>Danser en Europe entre 1588 et 1651 - Chestnut<\/title>\n<meta name=\"robots\" content=\"index, follow, max-snippet:-1, max-image-preview:large, max-video-preview:-1\" \/>\n<link rel=\"canonical\" href=\"https:\/\/chestnut.ovh\/danser-en-europe-entre-1588-et-1651\/\" \/>\n<meta name=\"twitter:label1\" content=\"Estimated reading time\" \/>\n\t<meta name=\"twitter:data1\" content=\"1 minute\" \/>\n<script type=\"application\/ld+json\" class=\"yoast-schema-graph\">{\"@context\":\"https:\/\/schema.org\",\"@graph\":[{\"@type\":\"WebPage\",\"@id\":\"https:\/\/chestnut.ovh\/danser-en-europe-entre-1588-et-1651\/\",\"url\":\"https:\/\/chestnut.ovh\/danser-en-europe-entre-1588-et-1651\/\",\"name\":\"[:fr]Danser en Europe entre 1588 et 1651 [:] - Chestnut\",\"isPartOf\":{\"@id\":\"https:\/\/chestnut.ovh\/#website\"},\"datePublished\":\"2017-09-09T17:19:17+00:00\",\"dateModified\":\"2018-05-18T08:35:53+00:00\",\"breadcrumb\":{\"@id\":\"https:\/\/chestnut.ovh\/danser-en-europe-entre-1588-et-1651\/#breadcrumb\"},\"inLanguage\":\"en-GB\",\"potentialAction\":[{\"@type\":\"ReadAction\",\"target\":[\"https:\/\/chestnut.ovh\/danser-en-europe-entre-1588-et-1651\/\"]}]},{\"@type\":\"BreadcrumbList\",\"@id\":\"https:\/\/chestnut.ovh\/danser-en-europe-entre-1588-et-1651\/#breadcrumb\",\"itemListElement\":[{\"@type\":\"ListItem\",\"position\":1,\"name\":\"Accueil\",\"item\":\"https:\/\/chestnut.ovh\/\"},{\"@type\":\"ListItem\",\"position\":2,\"name\":\"Danser en Europe entre 1588 et 1651\"}]},{\"@type\":\"WebSite\",\"@id\":\"https:\/\/chestnut.ovh\/#website\",\"url\":\"https:\/\/chestnut.ovh\/\",\"name\":\"Chestnut\",\"description\":\"English Country Dancing & Danses anciennes de l&#039;\u00e9poque des Stuarts .... et des romans de Jane Austen !\",\"potentialAction\":[{\"@type\":\"SearchAction\",\"target\":{\"@type\":\"EntryPoint\",\"urlTemplate\":\"https:\/\/chestnut.ovh\/?s={search_term_string}\"},\"query-input\":\"required name=search_term_string\"}],\"inLanguage\":\"en-GB\"}]}<\/script>\n<!-- \/ Yoast SEO plugin. -->","yoast_head_json":{"title":"Danser en Europe entre 1588 et 1651 - Chestnut","robots":{"index":"index","follow":"follow","max-snippet":"max-snippet:-1","max-image-preview":"max-image-preview:large","max-video-preview":"max-video-preview:-1"},"canonical":"https:\/\/chestnut.ovh\/danser-en-europe-entre-1588-et-1651\/","twitter_misc":{"Estimated reading time":"1 minute"},"schema":{"@context":"https:\/\/schema.org","@graph":[{"@type":"WebPage","@id":"https:\/\/chestnut.ovh\/danser-en-europe-entre-1588-et-1651\/","url":"https:\/\/chestnut.ovh\/danser-en-europe-entre-1588-et-1651\/","name":"[:fr]Danser en Europe entre 1588 et 1651 [:] - Chestnut","isPartOf":{"@id":"https:\/\/chestnut.ovh\/#website"},"datePublished":"2017-09-09T17:19:17+00:00","dateModified":"2018-05-18T08:35:53+00:00","breadcrumb":{"@id":"https:\/\/chestnut.ovh\/danser-en-europe-entre-1588-et-1651\/#breadcrumb"},"inLanguage":"en-GB","potentialAction":[{"@type":"ReadAction","target":["https:\/\/chestnut.ovh\/danser-en-europe-entre-1588-et-1651\/"]}]},{"@type":"BreadcrumbList","@id":"https:\/\/chestnut.ovh\/danser-en-europe-entre-1588-et-1651\/#breadcrumb","itemListElement":[{"@type":"ListItem","position":1,"name":"Accueil","item":"https:\/\/chestnut.ovh\/"},{"@type":"ListItem","position":2,"name":"Danser en Europe entre 1588 et 1651"}]},{"@type":"WebSite","@id":"https:\/\/chestnut.ovh\/#website","url":"https:\/\/chestnut.ovh\/","name":"Chestnut","description":"English Country Dancing & Danses anciennes de l&#039;\u00e9poque des Stuarts .... et des romans de Jane Austen !","potentialAction":[{"@type":"SearchAction","target":{"@type":"EntryPoint","urlTemplate":"https:\/\/chestnut.ovh\/?s={search_term_string}"},"query-input":"required name=search_term_string"}],"inLanguage":"en-GB"}]}},"_links":{"self":[{"href":"https:\/\/chestnut.ovh\/en\/wp-json\/wp\/v2\/pages\/7623","targetHints":{"allow":["GET"]}}],"collection":[{"href":"https:\/\/chestnut.ovh\/en\/wp-json\/wp\/v2\/pages"}],"about":[{"href":"https:\/\/chestnut.ovh\/en\/wp-json\/wp\/v2\/types\/page"}],"author":[{"embeddable":true,"href":"https:\/\/chestnut.ovh\/en\/wp-json\/wp\/v2\/users\/8"}],"replies":[{"embeddable":true,"href":"https:\/\/chestnut.ovh\/en\/wp-json\/wp\/v2\/comments?post=7623"}],"version-history":[{"count":19,"href":"https:\/\/chestnut.ovh\/en\/wp-json\/wp\/v2\/pages\/7623\/revisions"}],"predecessor-version":[{"id":7629,"href":"https:\/\/chestnut.ovh\/en\/wp-json\/wp\/v2\/pages\/7623\/revisions\/7629"}],"wp:featuredmedia":[{"embeddable":true,"href":"https:\/\/chestnut.ovh\/en\/wp-json\/wp\/v2\/media\/7560"}],"wp:attachment":[{"href":"https:\/\/chestnut.ovh\/en\/wp-json\/wp\/v2\/media?parent=7623"}],"curies":[{"name":"wp","href":"https:\/\/api.w.org\/{rel}","templated":true}]}}