{"id":7684,"date":"2017-11-07T12:49:12","date_gmt":"2017-11-07T11:49:12","guid":{"rendered":"http:\/\/chestnut.fr\/?page_id=7684"},"modified":"2017-11-07T12:55:31","modified_gmt":"2017-11-07T11:55:31","slug":"tribute-to-pat-shaw-1917-2017","status":"publish","type":"page","link":"https:\/\/chestnut.ovh\/en\/tribute-to-pat-shaw-1917-2017\/","title":{"rendered":"Tribute to Pat shaw (1917-2017)"},"content":{"rendered":"<div id=\"attachment_2927\" style=\"width: 160px\"  class=\"wp-caption alignleft\"><a href=\"http:\/\/chestnut.fr\/stage-pat-shaw-4-jours-paris\/patshaw1917_1977\/\"><img loading=\"lazy\" decoding=\"async\" class=\"size-thumbnail wp-image-2927\" src=\"http:\/\/chestnut.fr\/wp-content\/uploads\/2013\/08\/PatShaw1917_1977-150x150.jpg\" alt=\"\" width=\"150\" height=\"150\" srcset=\"https:\/\/chestnut.ovh\/wp-content\/uploads\/2013\/08\/PatShaw1917_1977-150x150.jpg 150w, https:\/\/chestnut.ovh\/wp-content\/uploads\/2013\/08\/PatShaw1917_1977-100x100.jpg 100w\" sizes=\"auto, (max-width: 150px) 100vw, 150px\" \/><\/a><p class=\"wp-caption-text\">Pat Shaw<br \/>(1917-1977)<\/p><\/div>\n<p>&nbsp;<\/p>\n<p>&nbsp;<\/p>\n<p>&nbsp;<\/p>\n<p>&nbsp;<\/p>\n<p>&nbsp;<\/p>\n<p><strong>Soir\u00e9e sp\u00e9ciale Pat Shaw &#8211; jeudi 16 novembre 2017<\/strong><\/p>\n<p><span>Nous c\u00e9l\u00e9brerons ce grand chercheur-chor\u00e9graphe, musicien-chanteur qui nous a quitt\u00e9s le 16 novembre 1977. La soir\u00e9e sera consacr\u00e9e \u00e0 l\u2019acquisition ou la r\u00e9vision de certaines de ses chor\u00e9graphies en pr\u00e9vision du bal d&#8217;automne du dimanche 26 novembre. Pour les Interm\u00e9diaires et les Confirm\u00e9s.\u00a0<\/span><span>(<\/span><a href=\"http:\/\/chestnut.fr\/lieux\/\">Lieu A<\/a><span>\u00a0de 18h30 \u00e0 21h30 \/\u00a0<\/span><a href=\"http:\/\/chestnut.fr\/pratiques\/\"><\/a><span>Tarif\u00a0adh. : 18\u20ac mais gratuit pour les participants au bal de Bath).\u00a0<\/span><\/p>\n<p>Nous vous renvoyons \u00e0 l&#8217;excellent site consacr\u00e9 \u00e0 Pat Shaw :\u00a0<span style=\"font-size: 12pt;\"><a href=\"http:\/\/www.patshaw.info\/\">Pat Shaw Legacy Group<\/a><\/span><span style=\"font-size: 12pt;\">, celebrating the centenary of Pat Shaw&#8217;s birth in 2017<\/span><\/p>\n<div id=\"header-right-section\"><\/div>\n","protected":false},"excerpt":{"rendered":"<p>&nbsp; &nbsp; &nbsp; &nbsp; &nbsp; Soir\u00e9e sp\u00e9ciale Pat Shaw &#8211; jeudi 16 novembre 2017 Nous c\u00e9l\u00e9brerons ce grand chercheur-chor\u00e9graphe, musicien-chanteur qui nous a quitt\u00e9s le 16 novembre 1977. La soir\u00e9e sera consacr\u00e9e \u00e0 l\u2019acquisition ou la r\u00e9vision de certaines de ses chor\u00e9graphies en pr\u00e9vision du bal d&#8217;automne du dimanche 26 novembre. Pour les Interm\u00e9diaires et [&hellip;]<\/p>\n","protected":false},"author":8,"featured_media":0,"parent":0,"menu_order":0,"comment_status":"closed","ping_status":"closed","template":"","meta":{"_monsterinsights_skip_tracking":false,"_monsterinsights_sitenote_active":false,"_monsterinsights_sitenote_note":"","_monsterinsights_sitenote_category":0,"footnotes":""},"class_list":["post-7684","page","type-page","status-publish","hentry"],"yoast_head":"<!-- This site is optimized with the Yoast SEO plugin v19.6.1 - https:\/\/yoast.com\/wordpress\/plugins\/seo\/ -->\n<title>Tribute to Pat shaw (1917-2017) - Chestnut<\/title>\n<meta name=\"robots\" content=\"index, follow, max-snippet:-1, max-image-preview:large, max-video-preview:-1\" \/>\n<link rel=\"canonical\" href=\"https:\/\/chestnut.ovh\/tribute-to-pat-shaw-1917-2017\/\" \/>\n<meta name=\"twitter:label1\" content=\"Estimated reading time\" \/>\n\t<meta name=\"twitter:data1\" content=\"1 minute\" \/>\n<script type=\"application\/ld+json\" class=\"yoast-schema-graph\">{\"@context\":\"https:\/\/schema.org\",\"@graph\":[{\"@type\":\"WebPage\",\"@id\":\"https:\/\/chestnut.ovh\/tribute-to-pat-shaw-1917-2017\/\",\"url\":\"https:\/\/chestnut.ovh\/tribute-to-pat-shaw-1917-2017\/\",\"name\":\"[:fr]Tribute to Pat shaw (1917-2017)[:] - Chestnut\",\"isPartOf\":{\"@id\":\"https:\/\/chestnut.ovh\/#website\"},\"datePublished\":\"2017-11-07T11:49:12+00:00\",\"dateModified\":\"2017-11-07T11:55:31+00:00\",\"breadcrumb\":{\"@id\":\"https:\/\/chestnut.ovh\/tribute-to-pat-shaw-1917-2017\/#breadcrumb\"},\"inLanguage\":\"en-GB\",\"potentialAction\":[{\"@type\":\"ReadAction\",\"target\":[\"https:\/\/chestnut.ovh\/tribute-to-pat-shaw-1917-2017\/\"]}]},{\"@type\":\"BreadcrumbList\",\"@id\":\"https:\/\/chestnut.ovh\/tribute-to-pat-shaw-1917-2017\/#breadcrumb\",\"itemListElement\":[{\"@type\":\"ListItem\",\"position\":1,\"name\":\"Accueil\",\"item\":\"https:\/\/chestnut.ovh\/\"},{\"@type\":\"ListItem\",\"position\":2,\"name\":\"Tribute to Pat shaw (1917-2017)\"}]},{\"@type\":\"WebSite\",\"@id\":\"https:\/\/chestnut.ovh\/#website\",\"url\":\"https:\/\/chestnut.ovh\/\",\"name\":\"Chestnut\",\"description\":\"English Country Dancing & Danses anciennes de l&#039;\u00e9poque des Stuarts .... et des romans de Jane Austen !\",\"potentialAction\":[{\"@type\":\"SearchAction\",\"target\":{\"@type\":\"EntryPoint\",\"urlTemplate\":\"https:\/\/chestnut.ovh\/?s={search_term_string}\"},\"query-input\":\"required name=search_term_string\"}],\"inLanguage\":\"en-GB\"}]}<\/script>\n<!-- \/ Yoast SEO plugin. -->","yoast_head_json":{"title":"Tribute to Pat shaw (1917-2017) - Chestnut","robots":{"index":"index","follow":"follow","max-snippet":"max-snippet:-1","max-image-preview":"max-image-preview:large","max-video-preview":"max-video-preview:-1"},"canonical":"https:\/\/chestnut.ovh\/tribute-to-pat-shaw-1917-2017\/","twitter_misc":{"Estimated reading time":"1 minute"},"schema":{"@context":"https:\/\/schema.org","@graph":[{"@type":"WebPage","@id":"https:\/\/chestnut.ovh\/tribute-to-pat-shaw-1917-2017\/","url":"https:\/\/chestnut.ovh\/tribute-to-pat-shaw-1917-2017\/","name":"[:fr]Tribute to Pat shaw (1917-2017)[:] - Chestnut","isPartOf":{"@id":"https:\/\/chestnut.ovh\/#website"},"datePublished":"2017-11-07T11:49:12+00:00","dateModified":"2017-11-07T11:55:31+00:00","breadcrumb":{"@id":"https:\/\/chestnut.ovh\/tribute-to-pat-shaw-1917-2017\/#breadcrumb"},"inLanguage":"en-GB","potentialAction":[{"@type":"ReadAction","target":["https:\/\/chestnut.ovh\/tribute-to-pat-shaw-1917-2017\/"]}]},{"@type":"BreadcrumbList","@id":"https:\/\/chestnut.ovh\/tribute-to-pat-shaw-1917-2017\/#breadcrumb","itemListElement":[{"@type":"ListItem","position":1,"name":"Accueil","item":"https:\/\/chestnut.ovh\/"},{"@type":"ListItem","position":2,"name":"Tribute to Pat shaw (1917-2017)"}]},{"@type":"WebSite","@id":"https:\/\/chestnut.ovh\/#website","url":"https:\/\/chestnut.ovh\/","name":"Chestnut","description":"English Country Dancing & Danses anciennes de l&#039;\u00e9poque des Stuarts .... et des romans de Jane Austen !","potentialAction":[{"@type":"SearchAction","target":{"@type":"EntryPoint","urlTemplate":"https:\/\/chestnut.ovh\/?s={search_term_string}"},"query-input":"required name=search_term_string"}],"inLanguage":"en-GB"}]}},"_links":{"self":[{"href":"https:\/\/chestnut.ovh\/en\/wp-json\/wp\/v2\/pages\/7684","targetHints":{"allow":["GET"]}}],"collection":[{"href":"https:\/\/chestnut.ovh\/en\/wp-json\/wp\/v2\/pages"}],"about":[{"href":"https:\/\/chestnut.ovh\/en\/wp-json\/wp\/v2\/types\/page"}],"author":[{"embeddable":true,"href":"https:\/\/chestnut.ovh\/en\/wp-json\/wp\/v2\/users\/8"}],"replies":[{"embeddable":true,"href":"https:\/\/chestnut.ovh\/en\/wp-json\/wp\/v2\/comments?post=7684"}],"version-history":[{"count":4,"href":"https:\/\/chestnut.ovh\/en\/wp-json\/wp\/v2\/pages\/7684\/revisions"}],"predecessor-version":[{"id":7690,"href":"https:\/\/chestnut.ovh\/en\/wp-json\/wp\/v2\/pages\/7684\/revisions\/7690"}],"wp:attachment":[{"href":"https:\/\/chestnut.ovh\/en\/wp-json\/wp\/v2\/media?parent=7684"}],"curies":[{"name":"wp","href":"https:\/\/api.w.org\/{rel}","templated":true}]}}