{"id":8246,"date":"2018-09-08T17:04:37","date_gmt":"2018-09-08T16:04:37","guid":{"rendered":"http:\/\/chestnut.fr\/?page_id=8246"},"modified":"2018-11-19T14:59:47","modified_gmt":"2018-11-19T13:59:47","slug":"danser-en-europe","status":"publish","type":"page","link":"https:\/\/chestnut.ovh\/en\/danser-en-europe\/","title":{"rendered":"Danser en Europe"},"content":{"rendered":"<div><span style=\"font-family: arial, helvetica, sans-serif; font-size: 14pt;\"><strong><a href=\"http:\/\/chestnut.fr\/?attachment_id=7624\"><img loading=\"lazy\" decoding=\"async\" class=\"size-thumbnail wp-image-7624 alignleft\" src=\"http:\/\/chestnut.fr\/wp-content\/uploads\/2017\/09\/Ballerini_Milanesi-150x150.jpg\" alt=\"\" width=\"150\" height=\"150\" \/><\/a><\/strong><span style=\"font-family: arial, helvetica, sans-serif;\">\u00abDanser par deux <\/span><\/span><\/div>\n<div><span style=\"font-family: arial, helvetica, sans-serif; font-size: 14pt;\">et par quatre <\/span><\/div>\n<div><span style=\"font-family: arial, helvetica, sans-serif; font-size: 14pt;\">en Europe <\/span><\/div>\n<div><span style=\"font-family: arial, helvetica, sans-serif; font-size: 14pt;\">entre 1450 et 1651\u00bb <\/span><\/div>\n<div><\/div>\n<p>&nbsp;<\/p>\n<hr \/>\n<p><span style=\"font-family: arial, helvetica, sans-serif;\">avec Fortunosa (Domenico da Ferrare) &#8211; quelques passages des Bouffons (Arbeau) &#8211; La Battaglia et Bizzaria d\u2019Amore (Negri) et Rufty Tufty (Playford)\u00a0<\/span><\/p>\n<p><iframe loading=\"lazy\" frameborder=\"0\" height=\"158\" src=\"https:\/\/www.youtube.com\/embed\/sqhwGztuuZI\" width=\"280\"><\/iframe><\/p>\n<p><iframe loading=\"lazy\" frameborder=\"0\" height=\"158\" src=\"https:\/\/www.youtube.com\/embed\/by1VFR15oPM\" width=\"280\"><\/iframe><\/p>\n<p><span style=\"font-family: arial, helvetica, sans-serif;\"><strong>Dates : <\/strong><\/span><\/p>\n<div><span style=\"font-family: arial, helvetica, sans-serif;\"><strong>28 septembre<\/strong> (20h-22h So Schnell)<\/span><\/div>\n<div><span style=\"font-family: arial, helvetica, sans-serif;\"><strong>1<\/strong><strong>2 octobre<\/strong> (20h-22h So Schnell)<\/span><\/div>\n<div><span style=\"font-family: arial, helvetica, sans-serif;\"><strong>9 novembre<\/strong> (20h-22h So Schnell)<\/span><\/div>\n<div><span style=\"font-family: arial, helvetica, sans-serif;\"><strong>7 d\u00e9cembre<\/strong> (20h-22h So Schnell)<\/span><\/div>\n<div><span style=\"font-family: arial, helvetica, sans-serif;\"><strong>11 janvier <\/strong>(20h-22h Noces)<\/span><\/div>\n<div><span style=\"font-family: arial, helvetica, sans-serif;\"><strong>8 f\u00e9vrier <\/strong>(20h-22h So Schnell)<\/span><\/div>\n<div><span style=\"font-family: arial, helvetica, sans-serif;\"><strong>15 mars <\/strong>(20h-22h So Schnell)<\/span><\/div>\n<div><span style=\"font-family: arial, helvetica, sans-serif;\"><strong>12 avril <\/strong>(20h-22h Noces)<\/span><\/div>\n<p>&nbsp;<\/p>\n<p><span style=\"font-family: arial, helvetica, sans-serif;\">Ces stages s&#8217;adressent \u00e0 tous les niveaux sauf aux d\u00e9butants dans la danse en g\u00e9n\u00e9ral.<\/span><\/p>\n<div><\/div>\n<div><span style=\"font-family: arial, helvetica, sans-serif;\">Pour tous renseignements compl\u00e9mentaires, inscription et communication des codes : contact@chestnut.fr ou 01 45 70 83\u00a0<\/span><\/div>\n<p>&nbsp;<\/p>\n<p><span style=\"font-family: arial, helvetica, sans-serif;\"><strong>Tarifs : adh. 15<\/strong><strong>\u20ac \/ non-adh. 20\u20ac\u00a0<\/strong><strong>(<a href=\"http:\/\/chestnut.fr\/lieux#lieue\">Lieu E<\/a><\/strong><strong>)<\/strong><\/span><\/p>\n<div><\/div>\n<div><span style=\"font-family: arial, helvetica, sans-serif;\">Pour agrandir le plan ci-dessous, cliquez dessus :<\/span><\/div>\n<p><span style=\"font-family: arial, helvetica, sans-serif;\"><a href=\"http:\/\/chestnut.fr\/wp-content\/uploads\/2018\/03\/PlanStudiosMicadanses.jpg\"><img loading=\"lazy\" decoding=\"async\" class=\"aligncenter wp-image-7797 size-medium\" src=\"http:\/\/chestnut.fr\/wp-content\/uploads\/2018\/03\/PlanStudiosMicadanses-300x212.jpg\" alt=\"\" width=\"300\" height=\"212\" srcset=\"https:\/\/chestnut.ovh\/wp-content\/uploads\/2018\/03\/PlanStudiosMicadanses-300x212.jpg 300w, https:\/\/chestnut.ovh\/wp-content\/uploads\/2018\/03\/PlanStudiosMicadanses-100x71.jpg 100w, https:\/\/chestnut.ovh\/wp-content\/uploads\/2018\/03\/PlanStudiosMicadanses-768x543.jpg 768w, https:\/\/chestnut.ovh\/wp-content\/uploads\/2018\/03\/PlanStudiosMicadanses.jpg 1024w, https:\/\/chestnut.ovh\/wp-content\/uploads\/2018\/03\/PlanStudiosMicadanses-600x424.jpg 600w\" sizes=\"auto, (max-width: 300px) 100vw, 300px\" \/><\/a><\/span><\/p>\n","protected":false},"excerpt":{"rendered":"<p>\u00abDanser par deux et par quatre en Europe entre 1450 et 1651\u00bb &nbsp; avec Fortunosa (Domenico da Ferrare) &#8211; quelques passages des Bouffons (Arbeau) &#8211; La Battaglia et Bizzaria d\u2019Amore (Negri) et Rufty Tufty (Playford)\u00a0 Dates : 28 septembre (20h-22h So Schnell) 12 octobre (20h-22h So Schnell) 9 novembre (20h-22h So Schnell) 7 d\u00e9cembre (20h-22h [&hellip;]<\/p>\n","protected":false},"author":8,"featured_media":0,"parent":0,"menu_order":0,"comment_status":"closed","ping_status":"closed","template":"","meta":{"_monsterinsights_skip_tracking":false,"_monsterinsights_sitenote_active":false,"_monsterinsights_sitenote_note":"","_monsterinsights_sitenote_category":0,"footnotes":""},"class_list":["post-8246","page","type-page","status-publish","hentry"],"yoast_head":"<!-- This site is optimized with the Yoast SEO plugin v19.6.1 - https:\/\/yoast.com\/wordpress\/plugins\/seo\/ -->\n<title>Danser en Europe - Chestnut<\/title>\n<meta name=\"robots\" content=\"index, follow, max-snippet:-1, max-image-preview:large, max-video-preview:-1\" \/>\n<link rel=\"canonical\" href=\"https:\/\/chestnut.ovh\/danser-en-europe\/\" \/>\n<meta name=\"twitter:label1\" content=\"Estimated reading time\" \/>\n\t<meta name=\"twitter:data1\" content=\"1 minute\" \/>\n<script type=\"application\/ld+json\" class=\"yoast-schema-graph\">{\"@context\":\"https:\/\/schema.org\",\"@graph\":[{\"@type\":\"WebPage\",\"@id\":\"https:\/\/chestnut.ovh\/danser-en-europe\/\",\"url\":\"https:\/\/chestnut.ovh\/danser-en-europe\/\",\"name\":\"[:fr]Danser en Europe[:] - Chestnut\",\"isPartOf\":{\"@id\":\"https:\/\/chestnut.ovh\/#website\"},\"datePublished\":\"2018-09-08T16:04:37+00:00\",\"dateModified\":\"2018-11-19T13:59:47+00:00\",\"breadcrumb\":{\"@id\":\"https:\/\/chestnut.ovh\/danser-en-europe\/#breadcrumb\"},\"inLanguage\":\"en-GB\",\"potentialAction\":[{\"@type\":\"ReadAction\",\"target\":[\"https:\/\/chestnut.ovh\/danser-en-europe\/\"]}]},{\"@type\":\"BreadcrumbList\",\"@id\":\"https:\/\/chestnut.ovh\/danser-en-europe\/#breadcrumb\",\"itemListElement\":[{\"@type\":\"ListItem\",\"position\":1,\"name\":\"Accueil\",\"item\":\"https:\/\/chestnut.ovh\/\"},{\"@type\":\"ListItem\",\"position\":2,\"name\":\"Danser en Europe\"}]},{\"@type\":\"WebSite\",\"@id\":\"https:\/\/chestnut.ovh\/#website\",\"url\":\"https:\/\/chestnut.ovh\/\",\"name\":\"Chestnut\",\"description\":\"English Country Dancing & Danses anciennes de l&#039;\u00e9poque des Stuarts .... et des romans de Jane Austen !\",\"potentialAction\":[{\"@type\":\"SearchAction\",\"target\":{\"@type\":\"EntryPoint\",\"urlTemplate\":\"https:\/\/chestnut.ovh\/?s={search_term_string}\"},\"query-input\":\"required name=search_term_string\"}],\"inLanguage\":\"en-GB\"}]}<\/script>\n<!-- \/ Yoast SEO plugin. -->","yoast_head_json":{"title":"Danser en Europe - Chestnut","robots":{"index":"index","follow":"follow","max-snippet":"max-snippet:-1","max-image-preview":"max-image-preview:large","max-video-preview":"max-video-preview:-1"},"canonical":"https:\/\/chestnut.ovh\/danser-en-europe\/","twitter_misc":{"Estimated reading time":"1 minute"},"schema":{"@context":"https:\/\/schema.org","@graph":[{"@type":"WebPage","@id":"https:\/\/chestnut.ovh\/danser-en-europe\/","url":"https:\/\/chestnut.ovh\/danser-en-europe\/","name":"[:fr]Danser en Europe[:] - Chestnut","isPartOf":{"@id":"https:\/\/chestnut.ovh\/#website"},"datePublished":"2018-09-08T16:04:37+00:00","dateModified":"2018-11-19T13:59:47+00:00","breadcrumb":{"@id":"https:\/\/chestnut.ovh\/danser-en-europe\/#breadcrumb"},"inLanguage":"en-GB","potentialAction":[{"@type":"ReadAction","target":["https:\/\/chestnut.ovh\/danser-en-europe\/"]}]},{"@type":"BreadcrumbList","@id":"https:\/\/chestnut.ovh\/danser-en-europe\/#breadcrumb","itemListElement":[{"@type":"ListItem","position":1,"name":"Accueil","item":"https:\/\/chestnut.ovh\/"},{"@type":"ListItem","position":2,"name":"Danser en Europe"}]},{"@type":"WebSite","@id":"https:\/\/chestnut.ovh\/#website","url":"https:\/\/chestnut.ovh\/","name":"Chestnut","description":"English Country Dancing & Danses anciennes de l&#039;\u00e9poque des Stuarts .... et des romans de Jane Austen !","potentialAction":[{"@type":"SearchAction","target":{"@type":"EntryPoint","urlTemplate":"https:\/\/chestnut.ovh\/?s={search_term_string}"},"query-input":"required name=search_term_string"}],"inLanguage":"en-GB"}]}},"_links":{"self":[{"href":"https:\/\/chestnut.ovh\/en\/wp-json\/wp\/v2\/pages\/8246","targetHints":{"allow":["GET"]}}],"collection":[{"href":"https:\/\/chestnut.ovh\/en\/wp-json\/wp\/v2\/pages"}],"about":[{"href":"https:\/\/chestnut.ovh\/en\/wp-json\/wp\/v2\/types\/page"}],"author":[{"embeddable":true,"href":"https:\/\/chestnut.ovh\/en\/wp-json\/wp\/v2\/users\/8"}],"replies":[{"embeddable":true,"href":"https:\/\/chestnut.ovh\/en\/wp-json\/wp\/v2\/comments?post=8246"}],"version-history":[{"count":19,"href":"https:\/\/chestnut.ovh\/en\/wp-json\/wp\/v2\/pages\/8246\/revisions"}],"predecessor-version":[{"id":8441,"href":"https:\/\/chestnut.ovh\/en\/wp-json\/wp\/v2\/pages\/8246\/revisions\/8441"}],"wp:attachment":[{"href":"https:\/\/chestnut.ovh\/en\/wp-json\/wp\/v2\/media?parent=8246"}],"curies":[{"name":"wp","href":"https:\/\/api.w.org\/{rel}","templated":true}]}}