{"id":8873,"date":"2019-05-10T11:35:39","date_gmt":"2019-05-10T10:35:39","guid":{"rendered":"https:\/\/chestnut.fr\/?page_id=8873"},"modified":"2019-05-10T11:44:46","modified_gmt":"2019-05-10T10:44:46","slug":"expose-les-epoques-georgienne-et-regency","status":"publish","type":"page","link":"https:\/\/chestnut.ovh\/en\/expose-les-epoques-georgienne-et-regency\/","title":{"rendered":"Expos\u00e9 : Les \u00e9poques\u00a0g\u00e9orgienne\u00a0et Regency"},"content":{"rendered":"<p>&nbsp;<\/p>\n<div id=\"attachment_8872\" style=\"width: 310px\"  class=\"wp-caption alignleft\"><a href=\"https:\/\/chestnut.fr\/?attachment_id=8872\"><img loading=\"lazy\" decoding=\"async\" class=\"size-medium wp-image-8872\" src=\"https:\/\/chestnut.fr\/wp-content\/uploads\/2013\/08\/Pic-Conf-Georgiens-C\u00e9cile-300x210.png\" alt=\"Expos\u00e9 Chestnut : L'\u00e9poque g\u00e9orgienne et Regency\" width=\"300\" height=\"210\" srcset=\"https:\/\/chestnut.ovh\/wp-content\/uploads\/2013\/08\/Pic-Conf-Georgiens-C\u00e9cile-300x210.png 300w, https:\/\/chestnut.ovh\/wp-content\/uploads\/2013\/08\/Pic-Conf-Georgiens-C\u00e9cile-100x70.png 100w, https:\/\/chestnut.ovh\/wp-content\/uploads\/2013\/08\/Pic-Conf-Georgiens-C\u00e9cile-768x538.png 768w, https:\/\/chestnut.ovh\/wp-content\/uploads\/2013\/08\/Pic-Conf-Georgiens-C\u00e9cile-1024x718.png 1024w, https:\/\/chestnut.ovh\/wp-content\/uploads\/2013\/08\/Pic-Conf-Georgiens-C\u00e9cile-600x420.png 600w, https:\/\/chestnut.ovh\/wp-content\/uploads\/2013\/08\/Pic-Conf-Georgiens-C\u00e9cile.png 1250w\" sizes=\"auto, (max-width: 300px) 100vw, 300px\" \/><\/a><p class=\"wp-caption-text\">A Family being served with tea, c. 1745 by unknown artist<\/p><\/div>\n<p>Chers amis,<\/p>\n<p>Dans le cadre des pr\u00e9paratifs de notre voyage \u00e0 Bath pour le 10\u00e8me bal en costume de Chestnut qui se tiendra aux Assembly Rooms le 31 mai prochain, un expos\u00e9 sera donn\u00e9 afin d&#8217;\u00e9clairer le contexte historique, social et culturel austenien<\/p>\n<p>&nbsp;<\/p>\n<p>&nbsp;<\/p>\n<p>&nbsp;<\/p>\n<p>&#8220;<strong>Les \u00e9poques\u00a0g\u00e9orgienne\u00a0et Regency<\/strong>&#8221; par C\u00e9cile Laye,<\/p>\n<p>le samedi 18 mai (<a href=\"http:\/\/tracking.chestnut.fr\/tracking\/click?d=iM3Hec7UyAdPkcvrWPwM_MmuF1kBU34UxyBtz8BBnIeQSkdk-Zbf0pKVRNcTgq6RVGrr3G-kzs5G0lLu4Zut7HFxKwlZ7RLTpeq4EPFICZJE1ARwNwzy0F3tGtoJfiJkyop8bgV7dkKpFsb1b4ho_cHlrS97S9DYX8MuWnIzc_e3HEk9EkoufEWkUSgjM6b0GZQtNrIcfkWVPPTRlJkDl4deTCueESkYE4jqodKZtZulOJMgohvd0lGcUFfqp1fx-rNioBdWpBTwWx1SOykzI-dm6tmYUjSsRXzxrVmzzqtPB7d-BKoNkdVfHilaPnKJ9Q2\">Lieu B<\/a>) et le dimanche 19 mai (<a href=\"http:\/\/tracking.chestnut.fr\/tracking\/click?d=iM3Hec7UyAdPkcvrWPwM_MmuF1kBU34UxyBtz8BBnIeQSkdk-Zbf0pKVRNcTgq6RVGrr3G-kzs5G0lLu4Zut7HFxKwlZ7RLTpeq4EPFICZJE1ARwNwzy0F3tGtoJfiJkswDsGUJNz7dQeRHFuIL2F0zagDKqOZAokfsl_XuxQet4FBVqFPPKWoG1djNlwlkr4-v_HmZl4wOm-_qIUAjiyXG6boh-fbCjsk3mK5VZLFIwCe2Glawtta6pe5dQSyJjZOUgmLTx2e1eZSOurUFoK4OwiG27KYQ1Rbbu9ooucwZM8X0NN2KMmtMayElwCBet1w2\">Lieu A<\/a>) de 10h30 \u00e0 12h.<\/p>\n<p>______________________________________________________________<\/p>\n<p><strong>C\u00e9cile Laye<\/strong>, par le travail qu&#8217;elle m\u00e8ne depuis de nombreuses ann\u00e9es sur les r\u00e9pertoires de danses \u00e0 figures anglaises poss\u00e8de une connaissance approfondie de l&#8217;histoire d&#8217;Angleterre.<\/p>\n<p>________________________________________________________________<\/p>\n<p>Entr\u00e9e libre pour les participants au voyage et au bal \u00e0 Bath.<\/p>\n<p>Autres : 5 \u20ac<\/p>\n<p><strong>L&#8217;inscription est obligatoire au 01 45 70 83 94 ou \u00e0 <a href=\"mailto:contact@chestnut.fr\">contact@chestnut.fr<\/a>, merci.\u00a0<\/strong><\/p>\n<p>Bien \u00e0 vous.<\/p>\n","protected":false},"excerpt":{"rendered":"<p>&nbsp; Chers amis, Dans le cadre des pr\u00e9paratifs de notre voyage \u00e0 Bath pour le 10\u00e8me bal en costume de Chestnut qui se tiendra aux Assembly Rooms le 31 mai prochain, un expos\u00e9 sera donn\u00e9 afin d&#8217;\u00e9clairer le contexte historique, social et culturel austenien &nbsp; &nbsp; &nbsp; &#8220;Les \u00e9poques\u00a0g\u00e9orgienne\u00a0et Regency&#8221; par C\u00e9cile Laye, le samedi [&hellip;]<\/p>\n","protected":false},"author":8,"featured_media":0,"parent":0,"menu_order":0,"comment_status":"closed","ping_status":"closed","template":"","meta":{"_monsterinsights_skip_tracking":false,"_monsterinsights_sitenote_active":false,"_monsterinsights_sitenote_note":"","_monsterinsights_sitenote_category":0,"footnotes":""},"class_list":["post-8873","page","type-page","status-publish","hentry"],"yoast_head":"<!-- This site is optimized with the Yoast SEO plugin v19.6.1 - https:\/\/yoast.com\/wordpress\/plugins\/seo\/ -->\n<title>Expos\u00e9 : Les \u00e9poques\u00a0g\u00e9orgienne\u00a0et Regency - Chestnut<\/title>\n<meta name=\"robots\" content=\"index, follow, max-snippet:-1, max-image-preview:large, max-video-preview:-1\" \/>\n<link rel=\"canonical\" href=\"https:\/\/chestnut.ovh\/en\/expose-les-epoques-georgienne-et-regency\/\" \/>\n<meta name=\"twitter:label1\" content=\"Estimated reading time\" \/>\n\t<meta name=\"twitter:data1\" content=\"1 minute\" \/>\n<script type=\"application\/ld+json\" class=\"yoast-schema-graph\">{\"@context\":\"https:\/\/schema.org\",\"@graph\":[{\"@type\":\"WebPage\",\"@id\":\"https:\/\/chestnut.ovh\/en\/expose-les-epoques-georgienne-et-regency\/\",\"url\":\"https:\/\/chestnut.ovh\/en\/expose-les-epoques-georgienne-et-regency\/\",\"name\":\"[:fr]Expos\u00e9 : Les \u00e9poques\u00a0g\u00e9orgienne\u00a0et Regency[:] - Chestnut\",\"isPartOf\":{\"@id\":\"https:\/\/chestnut.ovh\/#website\"},\"datePublished\":\"2019-05-10T10:35:39+00:00\",\"dateModified\":\"2019-05-10T10:44:46+00:00\",\"breadcrumb\":{\"@id\":\"https:\/\/chestnut.ovh\/en\/expose-les-epoques-georgienne-et-regency\/#breadcrumb\"},\"inLanguage\":\"en-GB\",\"potentialAction\":[{\"@type\":\"ReadAction\",\"target\":[\"https:\/\/chestnut.ovh\/en\/expose-les-epoques-georgienne-et-regency\/\"]}]},{\"@type\":\"BreadcrumbList\",\"@id\":\"https:\/\/chestnut.ovh\/en\/expose-les-epoques-georgienne-et-regency\/#breadcrumb\",\"itemListElement\":[{\"@type\":\"ListItem\",\"position\":1,\"name\":\"Accueil\",\"item\":\"https:\/\/chestnut.ovh\/\"},{\"@type\":\"ListItem\",\"position\":2,\"name\":\"Expos\u00e9 : Les \u00e9poques\u00a0g\u00e9orgienne\u00a0et Regency\"}]},{\"@type\":\"WebSite\",\"@id\":\"https:\/\/chestnut.ovh\/#website\",\"url\":\"https:\/\/chestnut.ovh\/\",\"name\":\"Chestnut\",\"description\":\"English Country Dancing & Danses anciennes de l&#039;\u00e9poque des Stuarts .... et des romans de Jane Austen !\",\"potentialAction\":[{\"@type\":\"SearchAction\",\"target\":{\"@type\":\"EntryPoint\",\"urlTemplate\":\"https:\/\/chestnut.ovh\/?s={search_term_string}\"},\"query-input\":\"required name=search_term_string\"}],\"inLanguage\":\"en-GB\"}]}<\/script>\n<!-- \/ Yoast SEO plugin. -->","yoast_head_json":{"title":"Expos\u00e9 : Les \u00e9poques\u00a0g\u00e9orgienne\u00a0et Regency - Chestnut","robots":{"index":"index","follow":"follow","max-snippet":"max-snippet:-1","max-image-preview":"max-image-preview:large","max-video-preview":"max-video-preview:-1"},"canonical":"https:\/\/chestnut.ovh\/en\/expose-les-epoques-georgienne-et-regency\/","twitter_misc":{"Estimated reading time":"1 minute"},"schema":{"@context":"https:\/\/schema.org","@graph":[{"@type":"WebPage","@id":"https:\/\/chestnut.ovh\/en\/expose-les-epoques-georgienne-et-regency\/","url":"https:\/\/chestnut.ovh\/en\/expose-les-epoques-georgienne-et-regency\/","name":"[:fr]Expos\u00e9 : Les \u00e9poques\u00a0g\u00e9orgienne\u00a0et Regency[:] - Chestnut","isPartOf":{"@id":"https:\/\/chestnut.ovh\/#website"},"datePublished":"2019-05-10T10:35:39+00:00","dateModified":"2019-05-10T10:44:46+00:00","breadcrumb":{"@id":"https:\/\/chestnut.ovh\/en\/expose-les-epoques-georgienne-et-regency\/#breadcrumb"},"inLanguage":"en-GB","potentialAction":[{"@type":"ReadAction","target":["https:\/\/chestnut.ovh\/en\/expose-les-epoques-georgienne-et-regency\/"]}]},{"@type":"BreadcrumbList","@id":"https:\/\/chestnut.ovh\/en\/expose-les-epoques-georgienne-et-regency\/#breadcrumb","itemListElement":[{"@type":"ListItem","position":1,"name":"Accueil","item":"https:\/\/chestnut.ovh\/"},{"@type":"ListItem","position":2,"name":"Expos\u00e9 : Les \u00e9poques\u00a0g\u00e9orgienne\u00a0et Regency"}]},{"@type":"WebSite","@id":"https:\/\/chestnut.ovh\/#website","url":"https:\/\/chestnut.ovh\/","name":"Chestnut","description":"English Country Dancing & Danses anciennes de l&#039;\u00e9poque des Stuarts .... et des romans de Jane Austen !","potentialAction":[{"@type":"SearchAction","target":{"@type":"EntryPoint","urlTemplate":"https:\/\/chestnut.ovh\/?s={search_term_string}"},"query-input":"required name=search_term_string"}],"inLanguage":"en-GB"}]}},"_links":{"self":[{"href":"https:\/\/chestnut.ovh\/en\/wp-json\/wp\/v2\/pages\/8873","targetHints":{"allow":["GET"]}}],"collection":[{"href":"https:\/\/chestnut.ovh\/en\/wp-json\/wp\/v2\/pages"}],"about":[{"href":"https:\/\/chestnut.ovh\/en\/wp-json\/wp\/v2\/types\/page"}],"author":[{"embeddable":true,"href":"https:\/\/chestnut.ovh\/en\/wp-json\/wp\/v2\/users\/8"}],"replies":[{"embeddable":true,"href":"https:\/\/chestnut.ovh\/en\/wp-json\/wp\/v2\/comments?post=8873"}],"version-history":[{"count":5,"href":"https:\/\/chestnut.ovh\/en\/wp-json\/wp\/v2\/pages\/8873\/revisions"}],"predecessor-version":[{"id":8883,"href":"https:\/\/chestnut.ovh\/en\/wp-json\/wp\/v2\/pages\/8873\/revisions\/8883"}],"wp:attachment":[{"href":"https:\/\/chestnut.ovh\/en\/wp-json\/wp\/v2\/media?parent=8873"}],"curies":[{"name":"wp","href":"https:\/\/api.w.org\/{rel}","templated":true}]}}