{"id":896,"date":"2012-07-26T09:52:20","date_gmt":"2012-07-26T09:52:20","guid":{"rendered":"http:\/\/chestnut.fr\/?page_id=896"},"modified":"2012-09-18T09:40:20","modified_gmt":"2012-09-18T09:40:20","slug":"saison-2012-2013","status":"publish","type":"page","link":"https:\/\/chestnut.ovh\/en\/saison-2012-2013\/","title":{"rendered":"<!--:fr-->Saison 2012-2013<!--:--><!--:en-->Season 2012-2013<!--:-->"},"content":{"rendered":"<p><!--:fr--><\/p>\n<h4 style=\"text-align: center;\"><strong>LOVER&#8217;S LUCK &#8230;&#8230; 15\u00e8me ann\u00e9e ! <\/strong><\/h4>\n<h4 style=\"text-align: left;\">Les lieux o\u00f9 se d\u00e9roulent les activit\u00e9s de CHESTNUT sont :<br \/>\n<strong>A<\/strong> : Salle OEPF \u2013 5 rue du Moulin Vert \u2013 75014 Paris<br \/>\n<strong>B<\/strong> : Ecole El\u00e9mentaire \u2013 5 rue Gerty Archim\u00e8de \u2013 75012 Paris<\/h4>\n<h4 style=\"text-align: center;\"><strong>POUR LES D\u00c9BUTANTS<\/strong><br \/>\n<strong>Cycle de 8 mini-stages de contredanse anglaise le dimanche : d\u00e9couverte du r\u00e9pertoire\u00a0 pour les D\u00e9butants I &amp; II et Interm\u00e9diaires I<\/strong><\/h4>\n<h4 style=\"text-align: center;\" align=\"right\"><strong>Lieu\u00a0A<\/strong><strong> \/\u00a0 inscription au 01 45 70 83 94 <\/strong><strong><em>\u00a0<\/em><\/strong><\/h4>\n<h4 style=\"text-align: justify;\"><strong><span style=\"text-decoration: underline;\">D\u00e9butants I de 10h30 \u00e0 13h<\/span><\/strong> : apprentissage des figures de base constitutives des danses \u00e0 figures anciennes, modernes et collect\u00e9es du r\u00e9pertoire anglais \u00e0 travers le longways duple minor set et les danses en wholeset : les promenades, le cercle \u00e0 4, le moulinet, la cha\u00eene des dames, la poussette, la cha\u00eene circulaire et la cha\u00eene progressive, le huit, le demi-huit et le huit progressif, les mouvements de casting\u2026<br \/>\n<strong><span style=\"text-decoration: underline;\">D\u00e9butants II et Interm\u00e9diaires I de 14h30 \u00e0 17h<\/span><\/strong> : Initiation aux danses \u00e0 figures anglaises \u00e0 partir des danses list\u00e9es dans la premi\u00e8re \u00e9dition de l\u2019English Dancing Master (danses \u00e0 refrain ou refrain altern\u00e9 \/ danses en couplets \/ danses atypiques). Nous \u00e9tudierons en particulier comment s\u2019organisent les mouvements invariants de ces danses (leading \/ siding \/ arming) \u00e0 partir de 4 s\u00e9quences diff\u00e9rentes de simples et de doubles. Des longways duple et triple minor set nous permettront de voir ou revoir des figures d\u00e9licates (reels &#8211; double eight &#8211; cast and lead).<br \/>\n30 septembre : structure en dddd avec Sellenger\u2019s round et The Maid in the Moon \/ Flowers of Edinborough.<br \/>\n<strong><\/strong><\/h4>\n<h4 style=\"text-align: justify;\"><strong><span style=\"text-decoration: underline;\">21 octobre<\/span><\/strong> : structures en ddssd ddssd et en ddd ddd avec Upon a Summer\u2019s Day et Gathering Peascods \/ The Princess<strong><\/strong><\/h4>\n<h4 style=\"text-align: justify;\"><strong><span style=\"text-decoration: underline;\">25 novembre<\/span><\/strong> : structure en dddd, danse atypique et danse en couplets avec Hyde Park et Lord of Carnarvon\u2019s Jig \/ Draper\u2019s Garden.<strong><\/strong><\/h4>\n<h4 style=\"text-align: justify;\"><strong><span style=\"text-decoration: underline;\">16 d\u00e9cembre<\/span><\/strong> : structure en ddssd ddssd- danses en couplets avec Lady Spellor et The Night Watch \/ Hole in the Wall.<strong><\/strong><\/h4>\n<h4 style=\"text-align: justify;\"><strong><span style=\"text-decoration: underline;\">27 janvier<\/span> <\/strong>: m\u00eames s\u00e9quences appliqu\u00e9es \u00e0 des cha\u00eenes pour 3 et 4 danseurs avec Black Nag et Graies Inne Maske \/ Draper\u2019s Maggot<strong><\/strong><\/h4>\n<h4 style=\"text-align: justify;\"><strong><span style=\"text-decoration: underline;\">24 f\u00e9vrier<\/span><\/strong> : structure ddssd ddssd appliqu\u00e9e \u00e0 un autre genre de cha\u00eene avec Grimstock \/ Doway et Nonsuch II<strong><\/strong><\/h4>\n<h4 style=\"text-align: justify;\"><strong><span style=\"text-decoration: underline;\">24 mars<\/span><\/strong> : structure en dddd ssd ssd avec Nonsuch I \/ Jack\u2019s Maggot<\/h4>\n<h4 style=\"text-align: justify;\"><strong><span style=\"text-decoration: underline;\">21 avril<\/span><\/strong> : r\u00e9visions, danses avec des reels et triple minor set.<\/h4>\n<h4 style=\"text-align: justify;\" align=\"center\"><\/h4>\n<h4 style=\"text-align: center;\" align=\"center\"><strong>COURS DE CONTREDANSE ANGLAISE DU JEUDI SOIR<\/strong><\/h4>\n<h4 style=\"text-align: center;\" align=\"center\"><strong>pour les Interm\u00e9diaires I &amp; II et les\u00a0 Confirm\u00e9s<\/strong><\/h4>\n<h4 style=\"text-align: center;\"><strong>Lieu\u00a0A <\/strong><strong><em><\/em><\/strong><strong>\/\u00a0 inscription au 01 45 70 83 94 <\/strong><strong><em>\u00a0<\/em><\/strong><strong><\/strong><\/h4>\n<h4 style=\"text-align: justify;\"><strong><span style=\"text-decoration: underline;\">Les cours pour Interm\u00e9diaires se tiendront de 18h30 \u00e0 20h15<\/span><\/strong>\u00a0: des danses\u00a0 anciennes, modernes ou collect\u00e9es\u00a0 regroup\u00e9es en th\u00e8mes vous seront propos\u00e9es.<\/h4>\n<h4 style=\"text-align: justify;\"><strong><span style=\"text-decoration: underline;\">Les cours pour Avanc\u00e9s se tiendront de 19h45 \u00e0 21h15<\/span><\/strong><strong>\u00a0:<\/strong> l\u2019accent sera mis sur l\u2019acquisition de certains pas (pas de menuet, pas de gavotte Renaissance et baroque, pas de rigaudon, stepping traditionnel) et sur l\u2019apprentissage de chor\u00e9graphies difficiles.<\/h4>\n<h4 style=\"text-align: justify;\"><strong><span style=\"text-decoration: underline;\">Module 1<\/span><\/strong><strong>\u00a0<\/strong>: <strong><span style=\"text-decoration: underline;\">\u00ab\u00a0De \u00a0la figure eight\u00a0au reel\u00a0\u00bb<\/span><\/strong><span style=\"text-decoration: underline;\"> &#8211; 6 cours du 20 septembre au jeudi 25 octobre<\/span> avec <em>Anna Maria, News from Tripoly, The Gun, The Fandango \/ The Matelot et Doctor Faustus\u2019s Jigg.<\/em><\/h4>\n<h4 style=\"text-align: justify;\"><strong><span style=\"text-decoration: underline;\">Module 2<\/span><\/strong><strong>\u00a0:<\/strong> <strong><span style=\"text-decoration: underline;\">\u00ab\u00a0 Push and Pull and Draw poussette\u00a0\u00bb &#8211; <\/span><\/strong><span style=\"text-decoration: underline;\">6 cours du 15 novembre au 20 d\u00e9cembre<\/span> <strong>\u00a0<\/strong>\u00a0avec <em>Wives Victory, The Princess, Michael and all Angels, \u00a0a Maggot for Mr Purcell \/ Monica\u2019s Delight, The Marshall Baron.<\/em><\/h4>\n<h4 style=\"text-align: justify;\"><strong><span style=\"text-decoration: underline;\">Module 3\u00a0:<\/span><\/strong><span style=\"text-decoration: underline;\">\u00a0 <strong>\u00ab\u00a0Danses se structurant autour d\u2019une ligne de 4\u00a0\u00bb<\/strong> &#8211; 8 cours du 10 janvier au jeudi 28 f\u00e9vrier<\/span> \u00a0avec The working\u00a0 Masons in Merlin, Mr Beveridge\u2019 s Maggot, Slaughter House, Saint Martin\u2019s Lane,\u00a0 Pins and Needles, Three sea Captains \/ Powell\u2019s Fancy<\/h4>\n<h4 style=\"text-align: justify;\"><strong><span style=\"text-decoration: underline;\">Module 4<\/span><\/strong><strong> :<\/strong>\u00a0 <strong><span style=\"text-decoration: underline;\">\u00ab\u00a0Danses mettant en sc\u00e8ne la cha\u00eene droite pour 4 danseurs<\/span><\/strong><span style=\"text-decoration: underline;\">\u00a0<strong>\u00bb &#8211; <\/strong>6 cours du 21 mars au 25 avril<\/span> <strong>\u00a0<\/strong>avec <em>The Shy Merchant, The Milkmaid Bobb, Miss de Jersey\u2019s memorial \/ Althea 2013 et gavotte baroque pour deux couples.<\/em><\/h4>\n<h4 style=\"text-align: justify;\"><strong><span style=\"text-decoration: underline;\">Module 5\u00a0:<\/span><\/strong><span style=\"text-decoration: underline;\">\u00a0 <strong>\u00ab\u00a0R\u00e9visions\u00a0\u00bb<\/strong> &#8211; 5 cours du 16 mai au 13 juin<\/span>. Les deux premi\u00e8res s\u00e9ances seront consacr\u00e9es \u00e0 la r\u00e9vision ou \u00e0 l\u2019acquisition de certaines danses programm\u00e9es au bal en costumes et en particulier\u00a0 <em>The Spring ,\u00a0 Althea 2013,\u00a0 Dull Sir John et A Maggot for Mr Purcell.<\/em> Les trois derni\u00e8res s\u00e9ances seront consacr\u00e9es \u00e0 des r\u00e9visions du programme de l\u2019ann\u00e9e<\/h4>\n<h4 align=\"center\"><strong>MINI-STAGES DE CONTREDANSE ANGLAISE <\/strong><\/h4>\n<h4 align=\"center\"><strong>Interm\u00e9diaires II &amp; Confirm\u00e9s\u00a0\u00a0 <\/strong><\/h4>\n<h4 style=\"text-align: justify;\"><strong><span style=\"text-decoration: underline;\">Mini-stages Interm\u00e9diaires II samedi matin<\/span><\/strong><strong>\u00a0: <\/strong>29 septembre <strong>&#8211;<\/strong> 20 octobre &#8211; 24 novembre &#8211; 15 d\u00e9cembre &#8211; 26 janvier &#8211; 23 f\u00e9vrier &#8211; 23 mars et 20 avril. Le but de ces 8 rendez-vous est la consolidation des r\u00e9flexes concernant les figures de base et d\u2019autres figures plus ambitieuses constitutives des danses \u00e0 figures anglaises en s\u2019appuyant sur certaines danses propos\u00e9es aux bals des 11 novembre, 7 avril et 26 mai\u00a0: <em>Reel of Ballymore &#8211; Gathering Peascods &#8211; The Night Watch -The Princess \/ Indian Princess &#8211; Top and Bottom &#8211; Phyl\u2019s Fancy &#8211; Bonny Kate\/ Honeywell circle &#8211; Mad Robin &#8211;\u00a0 Draper\u2019s Maggot &#8211; Dear Papa and Dear Mama &#8211; Lord of Carnavon\u2019s Jig &#8211; Pat\u2019s Tradition &#8211;\u00a0 Quite carried away \u00a0\u2013 Portsmouth \u00a0\/ Dull sir John &#8211; The Spring<\/em><strong> \/ Lieu\u00a0B 10h30-13h <\/strong><strong>\/\u00a0 inscription au 01 45 70 83 94 <\/strong><strong><em>\u00a0\u00a0<\/em><\/strong><strong><\/strong><\/h4>\n<h4 style=\"text-align: justify;\" align=\"right\"><strong><span style=\"text-decoration: underline;\">Mini-stages Confirm\u00e9s <\/span><\/strong><strong><\/strong><strong><span style=\"text-decoration: underline;\">samedi apr\u00e8s-midi<\/span><\/strong><strong> : \u00a0<span style=\"text-decoration: underline;\">29<\/span><\/strong><strong><span style=\"text-decoration: underline;\"> septembre<\/span><\/strong><strong>\u00a0<\/strong><strong>:<\/strong> <em>Althea 2013 part I &#8211; Lady Banbury\u2019s Hornpipe part I &#8211; Wives Victory<\/em> \/ <strong><span style=\"text-decoration: underline;\">20 octobre<\/span><\/strong><strong> :<\/strong> <em>Althea 2013 part II &#8211; Lady B\u2019s Hornpipe Part II &#8211; Wives Victory<\/em> \/ <strong><span style=\"text-decoration: underline;\">24 novembre<\/span><\/strong> : <em>Althea 2013 Part III &#8211; Lady B\u2019s Hornpipe Part III -The Spring<\/em> \/ <strong><span style=\"text-decoration: underline;\">15 d\u00e9cembre<\/span><\/strong><strong>\u00a0:<\/strong>\u00a0 <em>Althea et Lady\u2019s Hornpipe\u00a0 en entier &#8211; A Maggot for Mr Purcell<\/em> et r\u00e9vision des longways des stages pr\u00e9c\u00e9dents \/ <strong><span style=\"text-decoration: underline;\">26 janvier<\/span><\/strong><strong>\u00a0:<\/strong> <em>The Merry Milkmaids 2013 &#8211; Dr Faustus\u2019s Jigg<\/em> \u00a0\/ <strong><span style=\"text-decoration: underline;\">23 f\u00e9vrier<\/span><\/strong>\u00a0: <em>The Merry Milkmaids 2013 &#8211; Shropshire Round &#8211; Dr Faustus\u2019s Jigg <\/em>\/\u00a0 <strong><span style=\"text-decoration: underline;\">23 mars<\/span><\/strong><strong>\u00a0:<\/strong> <em>Dull Sir John &#8211; The Merry Milkmaids &#8211; Shropshire Round<\/em> \u00a0\/ <strong><span style=\"text-decoration: underline;\">20 avril<\/span><\/strong><strong>\u00a0:<\/strong> <em>Dr Faustu\u2019s Jigg- Shropshire Round &#8211; a Maggot for Mr Purcell &#8211; Lady Banbury\u2019s Hornpipe &#8211; Althea 2013 <\/em>\/ <strong><span style=\"text-decoration: underline;\">25 mai<\/span><\/strong>\u00a0: La journ\u00e9e sera enti\u00e8rement consacr\u00e9e aux r\u00e9visions avant le bal en costume pour les Confirm\u00e9s uniquement. Le matin sera d\u00e9volu aux danses en set et l\u2019apr\u00e8s-midi aux longways. Un filage de toutes les danses terminera la journ\u00e9e.<strong> \/ Lieu\u00a0B 14h30-17h15<\/strong><strong> \/\u00a0 inscription au 01 45 70 83 94 <\/strong><strong><em>\u00a0<\/em><\/strong><\/h4>\n<h4 align=\"center\"><strong>MINI-STAGES DE DANSES RENAISSANCE <\/strong><\/h4>\n<h4 style=\"text-align: justify;\">Ces mini-stages de danses Renaissance se tiendront les dimanches de 10h \u00e0 13h\u00a0 au d\u00e9but\u00a0 des vacances de Toussaint, des vacances d\u2019hiver et des vacances de printemps <strong>(28 octobre, 3 mars et 28 avril)<\/strong>. Nous reprendrons nos chantiers des ann\u00e9es pr\u00e9c\u00e9dentes (pavane d\u2019Espagne &#8211; selon Arbeau et Santucci, gavotte Renaissance et gaillarde) et nous nous emploierons \u00e0 danser\u00a0 la volte. <strong>N.B.\u00a0:<\/strong> ces stages sont ouverts \u00e0 des danseurs ayant d\u00e9j\u00e0 une bonne habitude d\u2019encha\u00eener des pas.<strong> Lieu\u00a0A\u00a0<\/strong><strong>(adresse et tarifs page 8) \/\u00a0 inscription au 01 45 70 83 94 <\/strong><strong><em>\u00a0<\/em><\/strong><strong><\/strong><\/h4>\n<h4 align=\"center\"><strong>STAGES DE CONTREDANSE ANGLAISE POUR LES CONFIRM\u00c9S<\/strong><\/h4>\n<h4 style=\"text-align: center;\"><strong>Lieu\u00a0 A de 10h30 \u00e0 17h<\/strong><strong><\/strong><strong> \/\u00a0 inscription au 01 45 70 83 94 <\/strong><strong><em>\u00a0<\/em><\/strong><strong>\u00a0<\/strong><strong><\/strong><\/h4>\n<h4 style=\"text-align: center;\" align=\"center\"><strong><em>Tous les stages sont<\/em><\/strong><strong> a<em>ccompagn\u00e9s par Christophe RICHARD \u00e0 l\u2019accord\u00e9on et Val\u00e9rie BOURGOIN-RICHARD aux fl\u00fbtes \u00e0 bec. Lors des bals, ils sont rejoints par d\u2019autres musiciens. <\/em><\/strong><\/h4>\n<h4 style=\"text-align: justify;\">Les 4 stages suivants s\u2019adressent \u00e0 des danseurs confirm\u00e9s\u00a0 ayant la ma\u00eetrise des figures de base et en particulier du processus de la progression dans un longways\u00a0 duple et triple minor set.<\/h4>\n<h4 style=\"text-align: justify;\">Quand commence le XVIII<sup>\u00e8me<\/sup> si\u00e8cle, le monopole de la famille Playford,\u00a0 en rapport avec la diffusion de la contredanse, a fait long feu. Les nouvelles parutions foisonnent. Nous \u00e9tudierons quelques danses extraites de cette nouvelle litt\u00e9rature, parfois remani\u00e9es ou r\u00e9\u00e9crites par des chor\u00e9graphes modernes.<\/h4>\n<h4 style=\"text-align: justify;\"><strong><span style=\"text-decoration: underline;\">Dimanche 14 octobre 2012<\/span><\/strong><strong>\u00a0: Quand la musique est bonne\u00a0<\/strong><\/h4>\n<h4 style=\"text-align: justify;\">Je vous propose 4 superbes compositions modernes (2 danses en set et deux longways) sur des musiques non moins sublimes de Purcell et Haendel\u00a0: <em>Micha\u00ebl and all Angels<\/em> \/ Fried de Metz Herman &#8211;<em>The Queen of Sheba <\/em>\/ Marjorie Heffer et W. Porter &#8211; <em>Pageant on the river<\/em> \/ Cor Hogendijk <em>\/ &#8211;\u00a0 a Maggot for Mr Purcell<\/em> \u00a0\/ Nicolas Broadbridge.<\/h4>\n<h4 style=\"text-align: justify;\"><strong><span style=\"text-decoration: underline;\">Dimanche 13 janvier 2013<\/span><\/strong><strong>\u00a0:\u00a0 The way to matrimony<\/strong><\/h4>\n<h4 style=\"text-align: justify;\">Le programme\u00a0 comprend 3 danses anciennes et une danse moderne sur une musique d\u2019Oscar Straus\u00a0 (2 danses en set et deux longways dont un triple minor set)\u00a0: <em>The Gallant Entreprise<\/em> \/ Wright (1740) &#8211; <em>The Happy Captive<\/em> \/ Charles et Samuel Thompson\u00a0 (circa 1770) &#8211; <em>Lover\u2019s Luck<\/em> \/ Braye ( 1699)- <em>La Ronde de l\u2019Amour <\/em>\/ Pat Shaw<\/h4>\n<h4 style=\"text-align: justify;\"><strong><span style=\"text-decoration: underline;\">Dimanche 3 f\u00e9vrier 2013<\/span><\/strong><strong>\u00a0: Just married\u00a0!<\/strong><\/h4>\n<h4 style=\"text-align: justify;\">Pour ce stage, la proposition sera invers\u00e9e puisqu\u2019elle comprendra 3 danses modernes et une danse ancienne r\u00e9parties en 2 danses en set et 2 longways dont un triple minor set\u00a0: <em>The Dainty Fine Bride<\/em> \/ Charles Bolton- <em>The Matching Pair<\/em> et <em>the Dancing Wife<\/em> \/ Gary Roodman- <em>Cupid\u2019s Disarmed<\/em> \/ Kynaston ( 1717)<strong> \u00a0\u00a0\u00a0\u00a0\u00a0\u00a0\u00a0\u00a0\u00a0\u00a0\u00a0\u00a0\u00a0\u00a0\u00a0\u00a0\u00a0\u00a0\u00a0\u00a0\u00a0\u00a0\u00a0\u00a0\u00a0\u00a0\u00a0\u00a0\u00a0\u00a0\u00a0\u00a0\u00a0\u00a0\u00a0\u00a0\u00a0\u00a0<\/strong><\/h4>\n<h4 align=\"center\"><strong>BALS <\/strong><\/h4>\n<h4 style=\"text-align: center;\" align=\"right\"><strong>Lieu A\u00a0: de 18h \u00e0 21h<\/strong><strong> <\/strong><strong><\/strong><strong><\/strong><\/h4>\n<h4 align=\"center\"><strong><span style=\"text-decoration: underline;\">11 novembre<\/span> : D\u2019une ann\u00e9e \u00e0 l\u2019autre &#8211; construction d\u2019un r\u00e9pertoire<\/strong><\/h4>\n<h4 align=\"center\"><strong><span style=\"text-decoration: underline;\">7 avril<\/span> : A living tradition &#8211; des collections anciennes\u00a0 aux chor\u00e9graphies\u00a0 modernes<\/strong><\/h4>\n<h4 align=\"center\"><\/h4>\n<h4 align=\"center\"><strong>ABC du bal<\/strong><\/h4>\n<h4 style=\"text-align: center;\"><strong>Lieu A\u00a0: de 14h30 \u00e0 16h30<\/strong><strong>\u00a0<\/strong><strong> <\/strong><strong><\/strong><\/h4>\n<h4 style=\"text-align: justify;\">Ce temps qui pr\u00e9c\u00e8de le bal le dimanche apr\u00e8s-midi constitue une initiation rapide ou une r\u00e9vision des mouvements incon\u00ad\u00ad\u00adtournables en situation de bal avec application \u00e0\u00a0 quelques unes des danses inscrites dans le r\u00e9pertoire du bal qui suit.<\/h4>\n<h4 align=\"center\"><strong>BAL-SPECTACLE en COSTUME <\/strong><\/h4>\n<h4 align=\"center\"><strong>4<sup>\u00e8me<\/sup> ann\u00e9e <\/strong><\/h4>\n<h4 align=\"center\"><strong>dimanche 26 mai 2013<\/strong><\/h4>\n<h4 align=\"center\"><strong>de 14h \u00e0 20h<\/strong><\/h4>\n<h4 align=\"center\"><strong>Inscription <span style=\"text-decoration: underline;\">indispensable<\/span> au 01 45 70 83 94. <\/strong><\/h4>\n<h4 style=\"text-align: justify;\"><strong>Les danses de ce bal\u2013spectacle en costume auront \u00e9t\u00e9 \u00e9tudi\u00e9es tout au long du cycle des mini-stages confirm\u00e9s du samedi apr\u00e8s-midi (page 5).<\/strong>Le programme de ce bal s\u2019adresse plus particuli\u00e8rement aux danseurs ayant d\u00e9j\u00e0 une bonne ma\u00eetrise de la grammaire et des figures des danses anglaises \u00e0 figures.<\/h4>\n<h4 style=\"text-align: justify;\">Cependant des danses plus simples ayant \u00e9t\u00e9 \u00e9tudi\u00e9es par les d\u00e9butants seront aussi propos\u00e9es\u00a0; elles permettront d\u2019accueillir les nouveaux-venus et vos amis \u00e0 un tarif sp\u00e9cial.<strong><em><\/em><\/strong><\/h4>\n<h4 style=\"text-align: justify;\">Notre bal-spectacle en costume sera \u00e0 nouveau l\u2019occasion d\u2019organiser un apr\u00e8s-midi\u00a0 festif autour de la musique et de la danse anglaise ancienne. Le bal se d\u00e9roulera de nouveau dans la tr\u00e8s belle salle de la Fondation Biermans-Lap\u00f4tre.<\/h4>\n<h4 style=\"text-align: justify;\">La premi\u00e8re partie sera comme d\u2019habitude consacr\u00e9e \u00e0 un groupe ami\u00a0; elle est en cours de programmation. Elle sera suivie du traditionnel go\u00fbter.<\/h4>\n<h4 style=\"text-align: justify;\">Puis le <span style=\"text-decoration: underline;\">bal-spectacle<\/span> en costume dont vous serez \u00e0 la fois les acteurs et les spectateurs cl\u00f4turera la journ\u00e9e. Le programme d\u00e9taill\u00e9 sera communiqu\u00e9 ult\u00e9rieurement.<\/h4>\n<h4 style=\"text-align: center;\"><strong>VISITE-CONF\u00c9RENCE<\/strong><\/h4>\n<h4 style=\"text-align: justify;\"><strong>Genevi\u00e8ve Deslogis-Viollet,<\/strong> conf\u00e9renci\u00e8re nationale d\u2019art et d\u2019histoire<strong> <\/strong>nous proposera le quatri\u00e8me et dernier volet de ses visites\u2013conf\u00e9rences \u00abLes R\u00e9sidences royales \u00e0 Paris \u00bb.<strong> <\/strong>Nous suivrons Genevi\u00e8ve \u00e0 travers diff\u00e9rents quartiers de la capitale o\u00f9 elle \u00e9voquera pour nous la petite et la grande histoire des demeures royales \u00e0 Paris. Pique-nique convivial vers 13h.<\/h4>\n<h4 style=\"text-align: justify;\"><strong>Le samedi 6 octobre dans les rues de Paris \/ de 11h \u00e0 17h<\/strong><strong> \u00a0\/ Groupe limit\u00e9 \u00e0 25 personnes\u00a0: r\u00e9servation indispensable au 01 45 70 83 94<em> <\/em><\/strong><\/h4>\n<h4><strong>Tarif\u00a0sp\u00e9cial\u00a0: 15 \u20ac\/pers<\/strong><\/h4>\n<h4><em><br \/>\n<\/em><\/h4>\n<p><!--:--><!--:en-->Find the full 2012-2013 brochure <a href=\"http:\/\/chestnut.fr\/wp-content\/uploads\/2012\/07\/English-Brochure-2012-2013.pdf\" rel=\"\" target=\"_blank\">here<\/a> !<!--:--><\/p>\n","protected":false},"excerpt":{"rendered":"<p>LOVER&#8217;S LUCK &#8230;&#8230; 15\u00e8me ann\u00e9e ! Les lieux o\u00f9 se d\u00e9roulent les activit\u00e9s de CHESTNUT sont : A : Salle OEPF \u2013 5 rue du Moulin Vert \u2013 75014 Paris B : Ecole El\u00e9mentaire \u2013 5 rue Gerty Archim\u00e8de \u2013 75012 Paris POUR LES D\u00c9BUTANTS Cycle de 8 mini-stages de contredanse anglaise le dimanche : [&hellip;]<\/p>\n","protected":false},"author":3,"featured_media":0,"parent":0,"menu_order":1,"comment_status":"open","ping_status":"open","template":"","meta":{"_monsterinsights_skip_tracking":false,"_monsterinsights_sitenote_active":false,"_monsterinsights_sitenote_note":"","_monsterinsights_sitenote_category":0,"footnotes":""},"class_list":["post-896","page","type-page","status-publish","hentry"],"yoast_head":"<!-- This site is optimized with the Yoast SEO plugin v19.6.1 - https:\/\/yoast.com\/wordpress\/plugins\/seo\/ -->\n<title>Saison 2012-2013Season 2012-2013 - Chestnut<\/title>\n<meta name=\"robots\" content=\"index, follow, max-snippet:-1, max-image-preview:large, max-video-preview:-1\" \/>\n<link rel=\"canonical\" href=\"https:\/\/chestnut.ovh\/saison-2012-2013\/\" \/>\n<meta name=\"twitter:label1\" content=\"Estimated reading time\" \/>\n\t<meta name=\"twitter:data1\" content=\"9 minutes\" \/>\n<script type=\"application\/ld+json\" class=\"yoast-schema-graph\">{\"@context\":\"https:\/\/schema.org\",\"@graph\":[{\"@type\":\"WebPage\",\"@id\":\"https:\/\/chestnut.ovh\/saison-2012-2013\/\",\"url\":\"https:\/\/chestnut.ovh\/saison-2012-2013\/\",\"name\":\"Saison 2012-2013Season 2012-2013 - Chestnut\",\"isPartOf\":{\"@id\":\"https:\/\/chestnut.ovh\/#website\"},\"datePublished\":\"2012-07-26T09:52:20+00:00\",\"dateModified\":\"2012-09-18T09:40:20+00:00\",\"breadcrumb\":{\"@id\":\"https:\/\/chestnut.ovh\/saison-2012-2013\/#breadcrumb\"},\"inLanguage\":\"en-GB\",\"potentialAction\":[{\"@type\":\"ReadAction\",\"target\":[\"https:\/\/chestnut.ovh\/saison-2012-2013\/\"]}]},{\"@type\":\"BreadcrumbList\",\"@id\":\"https:\/\/chestnut.ovh\/saison-2012-2013\/#breadcrumb\",\"itemListElement\":[{\"@type\":\"ListItem\",\"position\":1,\"name\":\"Accueil\",\"item\":\"https:\/\/chestnut.ovh\/\"},{\"@type\":\"ListItem\",\"position\":2,\"name\":\"Saison 2012-2013Season 2012-2013\"}]},{\"@type\":\"WebSite\",\"@id\":\"https:\/\/chestnut.ovh\/#website\",\"url\":\"https:\/\/chestnut.ovh\/\",\"name\":\"Chestnut\",\"description\":\"English Country Dancing & Danses anciennes de l&#039;\u00e9poque des Stuarts .... et des romans de Jane Austen !\",\"potentialAction\":[{\"@type\":\"SearchAction\",\"target\":{\"@type\":\"EntryPoint\",\"urlTemplate\":\"https:\/\/chestnut.ovh\/?s={search_term_string}\"},\"query-input\":\"required name=search_term_string\"}],\"inLanguage\":\"en-GB\"}]}<\/script>\n<!-- \/ Yoast SEO plugin. -->","yoast_head_json":{"title":"Saison 2012-2013Season 2012-2013 - Chestnut","robots":{"index":"index","follow":"follow","max-snippet":"max-snippet:-1","max-image-preview":"max-image-preview:large","max-video-preview":"max-video-preview:-1"},"canonical":"https:\/\/chestnut.ovh\/saison-2012-2013\/","twitter_misc":{"Estimated reading time":"9 minutes"},"schema":{"@context":"https:\/\/schema.org","@graph":[{"@type":"WebPage","@id":"https:\/\/chestnut.ovh\/saison-2012-2013\/","url":"https:\/\/chestnut.ovh\/saison-2012-2013\/","name":"Saison 2012-2013Season 2012-2013 - Chestnut","isPartOf":{"@id":"https:\/\/chestnut.ovh\/#website"},"datePublished":"2012-07-26T09:52:20+00:00","dateModified":"2012-09-18T09:40:20+00:00","breadcrumb":{"@id":"https:\/\/chestnut.ovh\/saison-2012-2013\/#breadcrumb"},"inLanguage":"en-GB","potentialAction":[{"@type":"ReadAction","target":["https:\/\/chestnut.ovh\/saison-2012-2013\/"]}]},{"@type":"BreadcrumbList","@id":"https:\/\/chestnut.ovh\/saison-2012-2013\/#breadcrumb","itemListElement":[{"@type":"ListItem","position":1,"name":"Accueil","item":"https:\/\/chestnut.ovh\/"},{"@type":"ListItem","position":2,"name":"Saison 2012-2013Season 2012-2013"}]},{"@type":"WebSite","@id":"https:\/\/chestnut.ovh\/#website","url":"https:\/\/chestnut.ovh\/","name":"Chestnut","description":"English Country Dancing & Danses anciennes de l&#039;\u00e9poque des Stuarts .... et des romans de Jane Austen !","potentialAction":[{"@type":"SearchAction","target":{"@type":"EntryPoint","urlTemplate":"https:\/\/chestnut.ovh\/?s={search_term_string}"},"query-input":"required name=search_term_string"}],"inLanguage":"en-GB"}]}},"_links":{"self":[{"href":"https:\/\/chestnut.ovh\/en\/wp-json\/wp\/v2\/pages\/896","targetHints":{"allow":["GET"]}}],"collection":[{"href":"https:\/\/chestnut.ovh\/en\/wp-json\/wp\/v2\/pages"}],"about":[{"href":"https:\/\/chestnut.ovh\/en\/wp-json\/wp\/v2\/types\/page"}],"author":[{"embeddable":true,"href":"https:\/\/chestnut.ovh\/en\/wp-json\/wp\/v2\/users\/3"}],"replies":[{"embeddable":true,"href":"https:\/\/chestnut.ovh\/en\/wp-json\/wp\/v2\/comments?post=896"}],"version-history":[{"count":23,"href":"https:\/\/chestnut.ovh\/en\/wp-json\/wp\/v2\/pages\/896\/revisions"}],"predecessor-version":[{"id":950,"href":"https:\/\/chestnut.ovh\/en\/wp-json\/wp\/v2\/pages\/896\/revisions\/950"}],"wp:attachment":[{"href":"https:\/\/chestnut.ovh\/en\/wp-json\/wp\/v2\/media?parent=896"}],"curies":[{"name":"wp","href":"https:\/\/api.w.org\/{rel}","templated":true}]}}