{"id":9076,"date":"2019-09-12T15:00:16","date_gmt":"2019-09-12T14:00:16","guid":{"rendered":"https:\/\/chestnut.fr\/en\/?page_id=9076"},"modified":"2020-02-20T10:37:10","modified_gmt":"2020-02-20T09:37:10","slug":"preparer-le-bal-en-costume-2","status":"publish","type":"page","link":"https:\/\/chestnut.ovh\/en\/preparer-le-bal-en-costume-2\/","title":{"rendered":"Pr\u00e9parer le bal en costume"},"content":{"rendered":"<p><span style=\"font-family: arial, helvetica, sans-serif;\">Outre les stages mensuels PBC (Pr\u00e9paration du Bal en Costume) tout au long de l&#8217;ann\u00e9e :<\/span><\/p>\n<ul>\n<li><span style=\"font-family: arial, helvetica, sans-serif;\">le samedi\u00a0pour les Confirm\u00e9s\u00a0<strong><u>(<a href=\"http:\/\/chestnut.fr\/lieux\/#lieub\">Lieu B 12\u00e8me\u00a0<\/a>\/\u00a0<a href=\"http:\/\/chestnut.fr\/tarifs-2018-2019\/\">Tarifs<\/a>)<\/u><\/strong><\/span><\/li>\n<li><span style=\"font-family: arial, helvetica, sans-serif;\">le lendemain dimanche\u00a0pour les D\u00e9butants et les Interm\u00e9diaires\u00a0<strong><u>(<a href=\"http:\/\/chestnut.fr\/lieux\/#lieua\">Lieu A 14\u00e8me \/\u00a0<\/a><a href=\"http:\/\/chestnut.fr\/tarifs-2018-2019\/\">Tarifs<\/a><\/u><\/strong><strong><u>)<\/u><\/strong><\/span><\/li>\n<\/ul>\n<p><span style=\"font-family: arial, helvetica, sans-serif;\">deux stages intensifs de pr\u00e9paration au bal en costume (PBC) durant les vacances de P\u00e2ques 2020 vous permettront, selon votre niveau, de pr\u00e9parer le 11\u00e8me bal en costume de Chestnut qui aura lieu le 3 mai 2020 \u00e0 Paris.\u00a0<\/span><\/p>\n<ol>\n<li><span style=\"font-family: arial, helvetica, sans-serif;\">Stages PBC D\u00e9butants et Interm\u00e9diaires<\/span><\/li>\n<li><span style=\"font-family: arial, helvetica, sans-serif;\"><a href=\"#intensconf\">Stage PBC Confirm\u00e9s<\/a><\/span><\/li>\n<\/ol>\n<ul>\n<li><span style=\"font-family: arial, helvetica, sans-serif;\"><strong>STAGE INTENSIF de 3 jours pour les danseurs Interm\u00e9diaires\u00a0:<br \/>\n<\/strong>lundi 22 avril et mardi 23 avril de 10h30 \u00e0 17h et mercredi 24 avril de 11h30 \u00e0 16h30<strong>.\u00a0<\/strong>Ce stage s&#8217;adresse aux danseurs D\u00e9butants (1er degr\u00e9) et Interm\u00e9diaires (2e degr\u00e9). Ce stage reprend le programme des danses des 1<sup>er<\/sup> et 2<sup>e<\/sup> degr\u00e9s inscrites au programme du bal en costume de Bath et enseign\u00e9es dans les stages du dimanche. Le programme d\u00e9taill\u00e9 par journ\u00e9e sera communiqu\u00e9 ult\u00e9rieurement.\u00a0\u00a0Tarif adh.\u00a0: 85\u00a0\u20ac\u00a0(<a href=\"http:\/\/chestnut.fr\/?email_id=240&#038;user_id=6&#038;urlpassed=aHR0cDovL2NoZXN0bnV0LmZyL2xpZXV4Lw%3D%3D&#038;controller=stats&#038;action=analyse&#038;wysija-page=1&#038;wysijap=subscriptions\">Lieu A<\/a>)\u00a0N.B. : ce stage est aussi ouvert aux danseurs qui ne participeront pas au bal en costume.<\/span><\/li>\n<\/ul>\n<hr \/>\n<div><span style=\"font-family: arial, helvetica, sans-serif;\"><strong>INSCRIPTION :<\/strong><\/span><\/div>\n<div><span style=\"font-family: arial, helvetica, sans-serif;\">Fiches d&#8217;inscription :<\/span><\/div>\n<ul>\n<li><span style=\"font-family: arial, helvetica, sans-serif;\">stage complet : \u00a0<a href=\"https:\/\/chestnut.fr\/en\/preparer-le-bal-en-costume-2016\/fiche_inscription_pbc_complet_avril_2019\/\">Fiche d&#8217;inscription au stage PBC complet avril 2019<\/a><\/span><\/li>\n<li><span style=\"font-family: arial, helvetica, sans-serif;\">stage \u00e0 la journ\u00e9e : <a href=\"https:\/\/chestnut.fr\/en\/preparer-le-bal-en-costume-2016\/fiche_inscription_pbc_journees_avril_2019-2\/\">Fiche d&#8217;inscription journ\u00e9es stage PBC avril 2019<\/a><\/span><\/li>\n<\/ul>\n<hr \/>\n<p><span style=\"font-family: arial, helvetica, sans-serif;\"><a href=\"http:\/\/chestnut.fr\/hebergement\/\">pour votre h\u00e9bergement<\/a><\/span><\/p>\n<hr \/>\n<address><span style=\"font-family: arial, helvetica, sans-serif;\"><em>Toute l&#8217;offre pour les d\u00e9butants\u00a0: <a href=\"https:\/\/chestnut.fr\/cours-debutants\/\">les cours<\/a>, <a href=\"https:\/\/chestnut.fr\/stages-debutants-6-dimanches\/\">les stages<\/a><\/em><\/span><\/p>\n<hr \/>\n<\/address>\n<h3 id=\"intensconf\"><span style=\"font-family: arial, helvetica, sans-serif;\">pour les danseurs Confirm\u00e9s\u00a0:<\/span><\/h3>\n<ul>\n<li><span style=\"font-family: arial, helvetica, sans-serif;\"><strong>STAGE INTENSIF \u00abPr\u00e9paration int\u00e9grale du bal en costume 3e degr\u00e9\u00bb\u00a0: <\/strong>jeudi 25 avril de 18h \u00e0 21h, vendredi 26 avril et samedi 27 avril de 10h30 \u00e0 16h30 et dimanche 28 avril de 10h30 \u00e0 16h.\u00a0Ce stage s&#8217;adresse aux danseurs Confirm\u00e9s (3e degr\u00e9).\u00a0Tarif adh. : 95\u00a0\u20ac\/pers. Ce stage intensif reprend l\u2019int\u00e9gralit\u00e9 du programme du bal en costume des 1<sup>er<\/sup>, 2<sup>e<\/sup> et 3<sup>e<\/sup> degr\u00e9s. Le programme d\u00e9taill\u00e9 par journ\u00e9e sera communiqu\u00e9 ult\u00e9rieurement.\u00a0Tarif\u00a0adh. : 95 \u20ac\u00a0(<a href=\"http:\/\/chestnut.fr\/?email_id=240&#038;user_id=6&#038;urlpassed=aHR0cDovL2NoZXN0bnV0LmZyL2xpZXV4Lw%3D%3D&#038;controller=stats&#038;action=analyse&#038;wysija-page=1&#038;wysijap=subscriptions\">Lieu A<\/a>)<\/span><br \/>\n<span style=\"font-family: arial, helvetica, sans-serif;\">N.B. : ce stage est aussi ouvert aux danseurs qui ne participeront pas au bal en costume.<\/span><\/li>\n<\/ul>\n<div><\/div>\n<hr \/>\n<div id=\"fic\">\n<div><span style=\"font-family: arial, helvetica, sans-serif;\"><strong>INSCRIPTION :<\/strong><\/span><\/div>\n<div><span style=\"font-family: arial, helvetica, sans-serif;\">Fiches d&#8217;inscription :<\/span><\/div>\n<ul>\n<li><span style=\"font-family: arial, helvetica, sans-serif;\">stage complet : \u00a0<a href=\"https:\/\/chestnut.fr\/en\/preparer-le-bal-en-costume-2016\/fiche_inscription_pbc_complet_avril_2019\/\">Fiche d&#8217;inscription au stage PBC complet avril 2019<\/a><\/span><\/li>\n<li><span style=\"font-family: arial, helvetica, sans-serif;\">stage \u00e0 la journ\u00e9e : <a href=\"https:\/\/chestnut.fr\/en\/preparer-le-bal-en-costume-2016\/fiche_inscription_pbc_journees_avril_2019-2\/\">Fiche d&#8217;inscription journ\u00e9es stage PBC avril 2019<\/a><\/span><\/li>\n<\/ul>\n<\/div>\n<hr \/>\n<p><span style=\"font-family: arial, helvetica, sans-serif;\"><a href=\"http:\/\/chestnut.fr\/hebergement\/\">pour votre h\u00e9bergement<\/a><\/span><\/p>\n","protected":false},"excerpt":{"rendered":"<p>Outre les stages mensuels PBC (Pr\u00e9paration du Bal en Costume) tout au long de l&#8217;ann\u00e9e : le samedi\u00a0pour les Confirm\u00e9s\u00a0(Lieu B 12\u00e8me\u00a0\/\u00a0Tarifs) le lendemain dimanche\u00a0pour les D\u00e9butants et les Interm\u00e9diaires\u00a0(Lieu A 14\u00e8me \/\u00a0Tarifs) deux stages intensifs de pr\u00e9paration au bal en costume (PBC) durant les vacances de P\u00e2ques 2020 vous permettront, selon votre niveau, de [&hellip;]<\/p>\n","protected":false},"author":8,"featured_media":0,"parent":0,"menu_order":0,"comment_status":"closed","ping_status":"closed","template":"","meta":{"_monsterinsights_skip_tracking":false,"_monsterinsights_sitenote_active":false,"_monsterinsights_sitenote_note":"","_monsterinsights_sitenote_category":0,"footnotes":""},"class_list":["post-9076","page","type-page","status-publish","hentry"],"yoast_head":"<!-- This site is optimized with the Yoast SEO plugin v19.6.1 - https:\/\/yoast.com\/wordpress\/plugins\/seo\/ -->\n<title>Pr\u00e9parer le bal en costume - Chestnut<\/title>\n<meta name=\"robots\" content=\"index, follow, max-snippet:-1, max-image-preview:large, max-video-preview:-1\" \/>\n<link rel=\"canonical\" href=\"https:\/\/chestnut.ovh\/preparer-le-bal-en-costume-2\/\" \/>\n<meta name=\"twitter:label1\" content=\"Estimated reading time\" \/>\n\t<meta name=\"twitter:data1\" content=\"5 minutes\" \/>\n<script type=\"application\/ld+json\" class=\"yoast-schema-graph\">{\"@context\":\"https:\/\/schema.org\",\"@graph\":[{\"@type\":\"WebPage\",\"@id\":\"https:\/\/chestnut.ovh\/preparer-le-bal-en-costume-2\/\",\"url\":\"https:\/\/chestnut.ovh\/preparer-le-bal-en-costume-2\/\",\"name\":\"[:en]Pr\u00e9parer le bal en costume[:fr]Pr\u00e9parer le bal en costume[:] - Chestnut\",\"isPartOf\":{\"@id\":\"https:\/\/chestnut.ovh\/#website\"},\"datePublished\":\"2019-09-12T14:00:16+00:00\",\"dateModified\":\"2020-02-20T09:37:10+00:00\",\"breadcrumb\":{\"@id\":\"https:\/\/chestnut.ovh\/preparer-le-bal-en-costume-2\/#breadcrumb\"},\"inLanguage\":\"en-GB\",\"potentialAction\":[{\"@type\":\"ReadAction\",\"target\":[\"https:\/\/chestnut.ovh\/preparer-le-bal-en-costume-2\/\"]}]},{\"@type\":\"BreadcrumbList\",\"@id\":\"https:\/\/chestnut.ovh\/preparer-le-bal-en-costume-2\/#breadcrumb\",\"itemListElement\":[{\"@type\":\"ListItem\",\"position\":1,\"name\":\"Accueil\",\"item\":\"https:\/\/chestnut.ovh\/\"},{\"@type\":\"ListItem\",\"position\":2,\"name\":\"Pr\u00e9parer le bal en costume\"}]},{\"@type\":\"WebSite\",\"@id\":\"https:\/\/chestnut.ovh\/#website\",\"url\":\"https:\/\/chestnut.ovh\/\",\"name\":\"Chestnut\",\"description\":\"English Country Dancing & Danses anciennes de l&#039;\u00e9poque des Stuarts .... et des romans de Jane Austen !\",\"potentialAction\":[{\"@type\":\"SearchAction\",\"target\":{\"@type\":\"EntryPoint\",\"urlTemplate\":\"https:\/\/chestnut.ovh\/?s={search_term_string}\"},\"query-input\":\"required name=search_term_string\"}],\"inLanguage\":\"en-GB\"}]}<\/script>\n<!-- \/ Yoast SEO plugin. -->","yoast_head_json":{"title":"Pr\u00e9parer le bal en costume - Chestnut","robots":{"index":"index","follow":"follow","max-snippet":"max-snippet:-1","max-image-preview":"max-image-preview:large","max-video-preview":"max-video-preview:-1"},"canonical":"https:\/\/chestnut.ovh\/preparer-le-bal-en-costume-2\/","twitter_misc":{"Estimated reading time":"5 minutes"},"schema":{"@context":"https:\/\/schema.org","@graph":[{"@type":"WebPage","@id":"https:\/\/chestnut.ovh\/preparer-le-bal-en-costume-2\/","url":"https:\/\/chestnut.ovh\/preparer-le-bal-en-costume-2\/","name":"[:en]Pr\u00e9parer le bal en costume[:fr]Pr\u00e9parer le bal en costume[:] - Chestnut","isPartOf":{"@id":"https:\/\/chestnut.ovh\/#website"},"datePublished":"2019-09-12T14:00:16+00:00","dateModified":"2020-02-20T09:37:10+00:00","breadcrumb":{"@id":"https:\/\/chestnut.ovh\/preparer-le-bal-en-costume-2\/#breadcrumb"},"inLanguage":"en-GB","potentialAction":[{"@type":"ReadAction","target":["https:\/\/chestnut.ovh\/preparer-le-bal-en-costume-2\/"]}]},{"@type":"BreadcrumbList","@id":"https:\/\/chestnut.ovh\/preparer-le-bal-en-costume-2\/#breadcrumb","itemListElement":[{"@type":"ListItem","position":1,"name":"Accueil","item":"https:\/\/chestnut.ovh\/"},{"@type":"ListItem","position":2,"name":"Pr\u00e9parer le bal en costume"}]},{"@type":"WebSite","@id":"https:\/\/chestnut.ovh\/#website","url":"https:\/\/chestnut.ovh\/","name":"Chestnut","description":"English Country Dancing & Danses anciennes de l&#039;\u00e9poque des Stuarts .... et des romans de Jane Austen !","potentialAction":[{"@type":"SearchAction","target":{"@type":"EntryPoint","urlTemplate":"https:\/\/chestnut.ovh\/?s={search_term_string}"},"query-input":"required name=search_term_string"}],"inLanguage":"en-GB"}]}},"_links":{"self":[{"href":"https:\/\/chestnut.ovh\/en\/wp-json\/wp\/v2\/pages\/9076","targetHints":{"allow":["GET"]}}],"collection":[{"href":"https:\/\/chestnut.ovh\/en\/wp-json\/wp\/v2\/pages"}],"about":[{"href":"https:\/\/chestnut.ovh\/en\/wp-json\/wp\/v2\/types\/page"}],"author":[{"embeddable":true,"href":"https:\/\/chestnut.ovh\/en\/wp-json\/wp\/v2\/users\/8"}],"replies":[{"embeddable":true,"href":"https:\/\/chestnut.ovh\/en\/wp-json\/wp\/v2\/comments?post=9076"}],"version-history":[{"count":21,"href":"https:\/\/chestnut.ovh\/en\/wp-json\/wp\/v2\/pages\/9076\/revisions"}],"predecessor-version":[{"id":9457,"href":"https:\/\/chestnut.ovh\/en\/wp-json\/wp\/v2\/pages\/9076\/revisions\/9457"}],"wp:attachment":[{"href":"https:\/\/chestnut.ovh\/en\/wp-json\/wp\/v2\/media?parent=9076"}],"curies":[{"name":"wp","href":"https:\/\/api.w.org\/{rel}","templated":true}]}}