{"id":9873,"date":"2020-09-01T19:55:17","date_gmt":"2020-09-01T18:55:17","guid":{"rendered":"https:\/\/chestnut.fr\/?page_id=9873"},"modified":"2020-10-01T09:46:11","modified_gmt":"2020-10-01T08:46:11","slug":"stages-de-toussaint-2020","status":"publish","type":"page","link":"https:\/\/chestnut.ovh\/en\/stages-de-toussaint-2020\/","title":{"rendered":"Stages de Toussaint 2020"},"content":{"rendered":"<ol>\n<li style=\"list-style-type: none;\">\n<ol>\n<li><span style=\"font-family: arial, helvetica, sans-serif;\"><a href=\"#stageint\">Stage Interm\u00e9diaires<\/a><\/span><\/li>\n<li><span style=\"font-family: arial, helvetica, sans-serif;\"><a href=\"#stageconf\">Stage Confirm\u00e9s<\/a><\/span><\/li>\n<li><a href=\"#FI\">Fiche d&#8217;inscription<\/a><\/li>\n<\/ol>\n<\/li>\n<\/ol>\n<h1><\/h1>\n<blockquote class=\"wp-embedded-content\" data-secret=\"KbiuJzMRhH\"><p><a href=\"https:\/\/chestnut.fr\/covid-les-regles-sanitaires-appliquees\/\">COVID : les r\u00e8gles sanitaires appliqu\u00e9es<\/a><\/p><\/blockquote>\n<p><iframe loading=\"lazy\" class=\"wp-embedded-content\" sandbox=\"allow-scripts\" security=\"restricted\" style=\"position: absolute; clip: rect(1px, 1px, 1px, 1px);\" title=\"\u00ab\u00a0COVID : les r\u00e8gles sanitaires appliqu\u00e9es\u00a0\u00bb &#8212; Chestnut\" src=\"https:\/\/chestnut.fr\/covid-les-regles-sanitaires-appliquees\/embed\/#?secret=KbiuJzMRhH\" data-secret=\"KbiuJzMRhH\" width=\"600\" height=\"338\" frameborder=\"0\" marginwidth=\"0\" marginheight=\"0\" scrolling=\"no\"><\/iframe><\/p>\n<h1><\/h1>\n<h1><\/h1>\n<h1 id=\"stageint\"><span style=\"font-family: arial, helvetica, sans-serif;\">STAGE POUR LES INTERM\u00c9DIAIRES<\/span><\/h1>\n<hr \/>\n<p><span style=\"font-family: arial, helvetica, sans-serif;\"><strong style=\"caret-color: #556b2f; color: #556b2f; font-size: 21.33333396911621px;\"><a href=\"https:\/\/chestnut.fr\/?attachment_id=9875\"><img loading=\"lazy\" decoding=\"async\" class=\"alignleft size-medium wp-image-9875\" src=\"https:\/\/chestnut.fr\/wp-content\/uploads\/2020\/09\/Flyer-Stage-Toussaint-Playford-2020-212x300.jpg\" alt=\"Chestnut Playford \" width=\"212\" height=\"300\" srcset=\"https:\/\/chestnut.ovh\/wp-content\/uploads\/2020\/09\/Flyer-Stage-Toussaint-Playford-2020-212x300.jpg 212w, https:\/\/chestnut.ovh\/wp-content\/uploads\/2020\/09\/Flyer-Stage-Toussaint-Playford-2020-724x1024.jpg 724w, https:\/\/chestnut.ovh\/wp-content\/uploads\/2020\/09\/Flyer-Stage-Toussaint-Playford-2020-768x1086.jpg 768w, https:\/\/chestnut.ovh\/wp-content\/uploads\/2020\/09\/Flyer-Stage-Toussaint-Playford-2020-600x848.jpg 600w, https:\/\/chestnut.ovh\/wp-content\/uploads\/2020\/09\/Flyer-Stage-Toussaint-Playford-2020-1086x1536.jpg 1086w, https:\/\/chestnut.ovh\/wp-content\/uploads\/2020\/09\/Flyer-Stage-Toussaint-Playford-2020-1448x2048.jpg 1448w, https:\/\/chestnut.ovh\/wp-content\/uploads\/2020\/09\/Flyer-Stage-Toussaint-Playford-2020-1320x1867.jpg 1320w, https:\/\/chestnut.ovh\/wp-content\/uploads\/2020\/09\/Flyer-Stage-Toussaint-Playford-2020-100x141.jpg 100w, https:\/\/chestnut.ovh\/wp-content\/uploads\/2020\/09\/Flyer-Stage-Toussaint-Playford-2020-scaled.jpg 1810w\" sizes=\"auto, (max-width: 212px) 100vw, 212px\" \/><\/a><br \/>\nStage de 3 jours interm\u00e9diaires &#8220;<b><span><span style=\"font-size: 16pt;\">John et Henry Playford de 1651 \u00e0 1703<\/span><\/span><\/b><\/strong><strong style=\"color: #556b2f; font-size: 16pt;\">&#8221;\u00a0<\/strong><\/span><\/p>\n<div><span style=\"font-family: arial, helvetica, sans-serif;\"><strong>du 19 au 21 octobre 2020\u00a0<\/strong><strong>\u00a0<\/strong><strong><a href=\"http:\/\/chestnut.fr\/lieux\/\"><br \/>\n<\/a><\/strong><\/span><\/div>\n<div><span style=\"font-family: arial, helvetica, sans-serif;\"><strong><a href=\"http:\/\/chestnut.fr\/lieux\/\">(Lieu A)<\/a>\u00a0<\/strong><strong>Tarif\u00a0: 90 \u20ac\/pers.\u00a0<\/strong><\/span><\/div>\n<p><strong><span><span style=\"color: #ff0000;\">N.B. : tarif minor\u00e9 jusqu&#8217;au 11 octobre<\/span><\/span><\/strong><strong><span><span style=\"color: #ff0000;\">\u00a0!<\/span><\/span><\/strong><\/p>\n<div><span style=\"font-family: arial, helvetica, sans-serif;\"><strong>Horaires :<\/strong><\/span><\/div>\n<div><span style=\"font-family: arial, helvetica, sans-serif;\">lundi 19 octobre de 10h30 \u00e0 16h30<\/span><\/div>\n<div><span style=\"font-family: arial, helvetica, sans-serif;\">mardi 20 octobre de 10h30 \u00e0 16h30<\/span><\/div>\n<div><span style=\"font-family: arial, helvetica, sans-serif;\">mercredi 21 octobre de 10h30 \u00e0 16h30<\/span><\/div>\n<div><\/div>\n<div><\/div>\n<hr \/>\n<p><span style=\"font-family: arial, helvetica, sans-serif;\"><a href=\"https:\/\/chestnut.fr\/meilleurs-voeux-2013\/tea_time1\/\"><img loading=\"lazy\" decoding=\"async\" class=\"wp-image-169 size-full alignright\" src=\"https:\/\/chestnut.fr\/wp-content\/uploads\/2011\/03\/tea_time1.jpeg\" alt=\"John Playford ? I beg your pardon\" width=\"98\" height=\"137\" \/><\/a><\/span><\/p>\n<p><span style=\"font-family: arial, helvetica, sans-serif;\"><strong>A qui s\u2019adresse ce stage ?<\/strong>\u00a0Ce stage s&#8217;adresse aux danseurs de niveau interm\u00e9diaire d\u00e9sireux de s\u2019initier au magnifique r\u00e9pertoire des danses \u00e0 figures anglaises publi\u00e9 \u00e0 Londres par l\u2019\u00e9diteur John Playford \u00e0 partir de 1651 puis de son fils Henry mais aussi aux danseurs de niveau confirm\u00e9 d\u00e9sireux de travailler sur le r\u00e9pertoire dans le but de le r\u00e9-enseigner.<\/span><\/p>\n<p><span style=\"font-family: arial, helvetica, sans-serif;\"><strong>Programme : o<\/strong><\/span><span>n \u00e9tudiera trois danses en couplets tir\u00e9es des quatre premi\u00e8res \u00e9ditions du <i>Dancing Master<\/i> (John Playford)\u00a0: <i>Spring Garden<\/i>, <i>The Beggar Boy<\/i> et <i>Bobbing Joe<\/i> o\u00f9 l\u2019on trouve des \u00a0exceptions aux introductions classiques et des mouvements de cha\u00eene originaux. Des <i>longways duple minor set<\/i> de Henry Playford et Thomas Bray compl\u00e8teront le programme : <i>Lilliburlero<\/i>, <i>The Spring<\/i>, <i>Nobody\u2019s Jig<\/i>, <i>The Cookow<\/i>. Travail \u00e0 partir des partitions et aide \u00e0 la prise de note. Le programme d\u00e9taill\u00e9 par journ\u00e9e sera communiqu\u00e9 ult\u00e9rieurement.<\/span><\/p>\n<p><span style=\"font-family: arial, helvetica, sans-serif;\">Le programme d\u00e9taill\u00e9 du stage par journ\u00e9e sera communiqu\u00e9 ult\u00e9rieurement<\/span><\/p>\n<ul>\n<li><span style=\"font-family: arial, helvetica, sans-serif;\"><a href=\"#FI\">Fiche d&#8217;inscription<\/a><\/span><\/li>\n<\/ul>\n<blockquote>\n<pre><strong><span style=\"font-size: 12pt;\"><span style=\"color: #ff0000;\">Annulations \u00e9ventuelles :<span>\u00a0<\/span><span>l'int\u00e9gralit\u00e9 des sommes avanc\u00e9es pour des activit\u00e9s ou \u00e9v\u00e9nements qui ne pourraient finalement pas se tenir sera rembours\u00e9e, l'adh\u00e9sion \u00e0 l'association restant cependant acquise \u00e0 Chestnut.<\/span><\/span><\/span><\/strong><\/pre>\n<\/blockquote>\n<ul>\n<li><a href=\"https:\/\/chestnut.fr\/?attachment_id=9877\">Flyer<\/a><\/li>\n<li><span style=\"font-family: arial, helvetica, sans-serif;\">Quelques pistes pour votre <a href=\"http:\/\/chestnut.fr\/hebergement\/\">h\u00e9bergement<\/a><\/span><\/li>\n<li><span style=\"font-family: arial, helvetica, sans-serif;\"><a href=\"#tem\"><em>T\u00e9moignage<\/em><\/a>\u00a0 in english \/ en fran\u00e7ais<\/span><\/li>\n<\/ul>\n<hr \/>\n<p><span style=\"font-family: arial, helvetica, sans-serif;\">Infos pratiques : \u00e0 la pause de la mi-journ\u00e9e de 13h \u00e0 14h, il est possible de pique- niquer dans la salle de danse ou de trouver \u00e0 se restaurer dans le quartier. Pour tous renseignements compl\u00e9mentaires : contact@chestnut.fr ou 01 45 70 83 94.<\/span><\/p>\n<hr \/>\n<h1 id=\"stageconf\"><span style=\"font-family: arial, helvetica, sans-serif;\">STAGE POUR LES CONFIRM\u00c9S<\/span><\/h1>\n<hr \/>\n<p><span style=\"font-family: arial, helvetica, sans-serif;\"><span style=\"font-size: 16pt; color: #556b2f;\"><strong>Stage de 4 jours Confirm\u00e9s \u00abLes nouveaux chor\u00e9graphes, M, L, XL, XXL\u00bb\u00a0<\/strong><\/span><strong><a href=\"http:\/\/chestnut.fr\/lieux\/\"><br \/>\n<\/a><\/strong><\/span><\/p>\n<div><span style=\"font-family: arial, helvetica, sans-serif;\"><strong>du 22 octobre au 25 octobre 2020\u00a0<\/strong><strong>\u00a0<\/strong><\/span><\/div>\n<div><span style=\"font-family: arial, helvetica, sans-serif;\"><strong><a href=\"http:\/\/chestnut.fr\/lieux\/\">(Lieu A)<\/a>\u00a0Tarif\u00a0: 100 \u20ac\/pers.\u00a0<\/strong><\/span><\/div>\n<p><strong><span><span style=\"color: #ff0000;\">N.B. : tarif minor\u00e9 jusqu&#8217;au 11 octobre<\/span><\/span><\/strong><strong><span><span style=\"color: #ff0000;\">\u00a0!<\/span><\/span><\/strong><\/p>\n<div><span style=\"font-family: arial, helvetica, sans-serif;\"><strong>Horaires :\u00a0<\/strong><\/span><\/div>\n<div><span style=\"font-family: arial, helvetica, sans-serif;\">jeudi 22 octobre de 18h \u00e0 21h<\/span><\/div>\n<div><span style=\"font-family: arial, helvetica, sans-serif;\">vendredi 23 et samedi 24 novembre de 10h30 \u00e0 16h30<\/span><\/div>\n<div><span style=\"font-family: arial, helvetica, sans-serif;\">dimanche 25 novembre de 10h30 \u00e0 13h30<\/span><\/div>\n<hr \/>\n<p><span style=\"font-family: arial, helvetica, sans-serif;\"><strong><a href=\"http:\/\/chestnut.fr\/wp-content\/uploads\/2011\/03\/tea_time1.jpeg\"><img loading=\"lazy\" decoding=\"async\" class=\"alignleft\" src=\"http:\/\/chestnut.fr\/wp-content\/uploads\/2011\/03\/tea_time1.jpeg\" alt=\"CONFIRM\u00c9S\" width=\"98\" height=\"137\" \/><\/a>A qui s\u2019adresse ce stage ?<\/strong><\/span><\/p>\n<p><span style=\"font-family: arial, helvetica, sans-serif;\">Ce stage s&#8217;adresse aux danseurs de niveau confirm\u00e9.<\/span><\/p>\n<p><span style=\"font-family: arial, helvetica, sans-serif;\"><strong>Programme :\u00a0<\/strong><\/span><\/p>\n<div><span>Le stage portera sur des danses en set impliquant 4, 5 et 6 couples\u00a0: <i>5 Bar Gaits<\/i> (Kathryn et David Wright) \/ <i>The Rose of Tankerton<\/i> (Pat Shaw) \/ <i>Wibsey Roundabout<\/i> et <i>Capital Lads<\/i> (Gary Roodman). Le programme sera compl\u00e9t\u00e9 par des <i>longways duple minor set<\/i>\u00a0: <i>The Two Pauls<\/i> (Philippe Callens), <i>Mr Adson\u2019s Masque<\/i>, <i>Hand in Hand<\/i>, <i>Christine<\/i> (Gary Roodman). <\/span><\/div>\n<div><\/div>\n<p><span style=\"font-family: arial, helvetica, sans-serif;\">Le programme d\u00e9taill\u00e9 par journ\u00e9e de ce stage pour danseurs exp\u00e9riment\u00e9s sera communiqu\u00e9 ult\u00e9rieurement.<\/span><\/p>\n<hr \/>\n<ul>\n<li><span style=\"font-family: arial, helvetica, sans-serif;\"><a href=\"#FI\">Fiche d&#8217;inscription<\/a><\/span><\/li>\n<\/ul>\n<blockquote>\n<pre><strong><span style=\"font-size: 12pt;\"><span style=\"color: #ff0000;\">Annulations \u00e9ventuelles :<span>\u00a0<\/span><span>l'int\u00e9gralit\u00e9 des sommes avanc\u00e9es pour des activit\u00e9s ou \u00e9v\u00e9nements qui ne pourraient finalement pas se tenir sera rembours\u00e9e, l'adh\u00e9sion \u00e0 l'association restant cependant acquise \u00e0 Chestnut.<\/span><\/span><\/span><\/strong><\/pre>\n<\/blockquote>\n<ul>\n<li><span style=\"font-family: arial, helvetica, sans-serif;\">Quelques pistes pour votre <a href=\"http:\/\/chestnut.fr\/hebergement\/\">h\u00e9bergement<\/a><\/span><\/li>\n<li><span style=\"font-family: arial, helvetica, sans-serif;\"><a href=\"#tem\"><em>T\u00e9moignage<\/em><\/a>\u00a0 in english \/ en fran\u00e7ais<\/span><\/li>\n<\/ul>\n<hr \/>\n<p><span style=\"font-family: arial, helvetica, sans-serif;\">Infos pratiques :\u00a0A\u00a0la pause de la mi-journ\u00e9e de 13h \u00e0 14h, il est possible de pique niquer dans la salle de danse ou de trouver \u00e0 se restaurer dans le quartier. Pour tous renseignements compl\u00e9mentaires, contact@chestnut.fr ou 01 45 70 83 94.<\/span><\/p>\n<hr \/>\n<h5 id=\"FI\"><span style=\"font-size: 12pt; font-family: arial, helvetica, sans-serif;\">Fiches d&#8217;inscription<\/span><\/h5>\n<p><span style=\"font-family: arial, helvetica, sans-serif;\">Il est recommand\u00e9 de s&#8217;inscrire pour la totalit\u00e9 d&#8217;un stage ou des deux stages (formule &#8220;Stage complet&#8221;). N\u00e9anmoins en cas de disponibilit\u00e9 r\u00e9duite, il est possible de s&#8217;inscrire pour une, deux (ou trois pour les stage Confirm\u00e9s)\u00a0journ\u00e9es. Dans ce cas, prendre la fiche d&#8217;inscription\u00a0&#8220;Stage \u00e0 la journ\u00e9e&#8221;.\u00a0<strong>N.B.<\/strong> : la derni\u00e8re journ\u00e9e des stages \u00e9tant une journ\u00e9e de r\u00e9vision, elle ne peut \u00eatre choisi seule.<\/span><\/p>\n<p><span style=\"font-family: arial, helvetica, sans-serif;\"><strong>Stage complet : <\/strong><\/span><\/p>\n<ul>\n<li><span style=\"font-family: arial, helvetica, sans-serif;\">+ 26 ans : <a href=\"https:\/\/chestnut.fr\/stages-de-toussaint-2020\/fiche_inscription_toussaint_2020_complet-2\/\">Fiche_d&#8217;inscription_\u00e0 tout le stage<\/a><\/span><\/li>\n<li><span style=\"font-family: arial, helvetica, sans-serif;\">&#8211; 26 ans : nous consulter<\/span><\/li>\n<\/ul>\n<p><strong><span><span style=\"color: #ff0000;\">N.B. : tarif minor\u00e9 jusqu&#8217;au 11 octobre<\/span><\/span><\/strong><strong><span><span style=\"color: #ff0000;\">\u00a0!<\/span><\/span><\/strong><\/p>\n<p><span style=\"font-family: arial, helvetica, sans-serif;\"><strong>Stage \u00e0 la journ\u00e9e :<\/strong> 1, 2 (ou 3 pour le stage confirm\u00e9s) journ\u00e9e(s) (N.B. : la derni\u00e8re journ\u00e9e des stages \u00e9tant une journ\u00e9e de r\u00e9vision, elle ne peut \u00eatre choisi seule.) :<\/span><\/p>\n<ul>\n<li><span style=\"font-family: arial, helvetica, sans-serif;\">+ 26 ans : <a href=\"https:\/\/chestnut.fr\/stages-de-toussaint-2020\/fiche_inscription_toussaint_journee_2020-2\/\">Fiche d&#8217;inscription \u00e0 la journ\u00e9e<\/a><\/span><\/li>\n<li><span style=\"font-family: arial, helvetica, sans-serif;\">&#8211; 26 ans : nous consulter<\/span><\/li>\n<\/ul>\n<p><strong><span><span style=\"color: #ff0000;\">N.B. : tarif minor\u00e9 jusqu&#8217;au 11 octobre<\/span><\/span><\/strong><strong><span><span style=\"color: #ff0000;\">\u00a0!<\/span><\/span><\/strong><\/p>\n<hr \/>\n<p><span style=\"font-family: arial, helvetica, sans-serif;\"><strong><a href=\"http:\/\/chestnut.fr\/wp-content\/uploads\/2015\/09\/Fiche_Inscription_Journee-26ans_2015.pdf\"><\/a>\u00a0<\/strong><strong>A bient\u00f4t pour de belles danses !<\/strong><\/span><\/p>\n<hr \/>\n<h3 id=\"tem\"><span style=\"font-family: arial, helvetica, sans-serif;\"><em>Testimony \/ T\u00e9moignage :\u00a0<\/em><\/span><\/h3>\n<p><span style=\"font-family: arial, helvetica, sans-serif;\">in English<\/span><\/p>\n<p><span style=\"font-family: arial, helvetica, sans-serif;\">&#8220;I like very much, and I find very useful:<\/span><br \/>\n<span style=\"font-family: arial, helvetica, sans-serif;\">\u2013 your use of demonstration<\/span><br \/>\n<span style=\"font-family: arial, helvetica, sans-serif;\">\u2013 your insistence on matching steps to measures<\/span><br \/>\n<span style=\"font-family: arial, helvetica, sans-serif;\">\u2013 your insistence on the correct foot to start a step<\/span><br \/>\n<span style=\"font-family: arial, helvetica, sans-serif;\">\u2013 the many repetitions and revisions of dances<\/span><br \/>\n<span style=\"font-family: arial, helvetica, sans-serif;\">These things are sadly missing from most of the dancing events I attend in England.<\/span><\/p>\n<p><span style=\"font-family: arial, helvetica, sans-serif;\">I like your use of demonstration in your teaching, both by yourself and by others. Although it was the only way in which I could learn the dances, it is in any case the best way of communicating the nature of the movement. It is also a good way of communicating the sequence of the movements, though it was a little hard for me sometimes if your demonstration was not in sequence! It may be difficult for you to believe, but demonstration is rare in my country!<\/span><\/p>\n<p><span style=\"font-family: arial, helvetica, sans-serif;\">I like your insistence on starting a sequence of steps on a particular foot, and I like your insistence on using the correct number of measures for each figure. I find it satisfying to be rigorous in such matters, though this also is rare in my country.<\/span><\/p>\n<p><span style=\"font-family: arial, helvetica, sans-serif;\">I especially enjoyed the opportunities to repeat dances many times. At dancing events and in dancing clubs in England sometimes we do the dance a second time, but never more than that. But dancing it repeatedly means that you have learnt it and that you are dancing it without trying to remember what you should be doing next \u2013 so you can relax and really enjoy the music, the movement, and the company of the people you meet during the dance. It is good to meet people without the frown of concentration!&#8221;<\/span><\/p>\n<p><span style=\"font-family: arial, helvetica, sans-serif;\"><em>Alan, attending the workshop in 2015<\/em><\/span><\/p>\n<hr \/>\n<p><span style=\"font-family: arial, helvetica, sans-serif;\">en fran\u00e7ais<\/span><\/p>\n<p><span style=\"font-family: arial, helvetica, sans-serif;\">\u00ab\u00a0Ce que j\u2019aime beaucoup et trouve tr\u00e8s utile\u00a0:<\/span><\/p>\n<ul>\n<li style=\"text-align: left;\"><span style=\"font-family: arial, helvetica, sans-serif;\">Votre utilisation de la d\u00e9monstration<\/span><\/li>\n<li style=\"text-align: left;\"><span style=\"font-family: arial, helvetica, sans-serif;\">La fa\u00e7on dont vous insistez sur le lien entre pas et mesures<\/span><\/li>\n<li style=\"text-align: left;\"><span style=\"font-family: arial, helvetica, sans-serif;\">Votre pr\u00e9cision sur le pied \u00e0 employer au d\u00e9part<\/span><\/li>\n<li style=\"text-align: left;\"><span style=\"font-family: arial, helvetica, sans-serif;\">Le nombre de r\u00e9p\u00e9titions et de r\u00e9visions des danses<\/span><\/li>\n<\/ul>\n<p><span style=\"font-family: arial, helvetica, sans-serif;\">Tout cela, je ne l\u2019ai malheureusement pas trouv\u00e9 dans la plupart des bals et autres en Angleterre.<\/span><\/p>\n<p><span style=\"font-family: arial, helvetica, sans-serif;\">J\u2019aime la fa\u00e7on dont vous utilisez la d\u00e9monstration pour enseigner, soit en montrant vous-m\u00eame soit en faisant montrer par d\u2019autres. Pour moi c\u2019\u00e9tait la seule fa\u00e7on de pouvoir apprendre ces danses et dans tous les cas c\u2019est la meilleure mani\u00e8re de communiquer la nature des mouvements demand\u00e9s. C\u2019est la meilleure fa\u00e7on aussi de montrer l\u2019encha\u00eenement des figures, m\u00eame si c\u2019\u00e9tait un peu difficile pour moi de r\u00e9tablir l\u2019ordre final. Vous aurez du mal \u00e0 le croire, mais dans mon pays les d\u00e9monstrations sont rares.<\/span><\/p>\n<p><span style=\"font-family: arial, helvetica, sans-serif;\">J\u2019aime votre fa\u00e7on d\u2019indiquer par quel pied commencer une s\u00e9rie de pas, et de lier \u00e0 chaque figure le nombre de mesures qu\u2019elle doit employer. Je trouve cette rigueur satisfaisante \u2013 et la rencontre peu chez moi.<\/span><\/p>\n<p><span style=\"font-family: arial, helvetica, sans-serif;\">J\u2019ai particuli\u00e8rement appr\u00e9ci\u00e9 de pouvoir faire une danse plusieurs fois. Lors de bals et dans des stage de danse en Angleterre, il nous arrive de bisser une danse mais jamais davantage. Alors que si on fait la m\u00eame danse plusieurs fois de suite, on arrive \u00e0 la ma\u00eetriser et \u00e0 danser sans chercher \u00e0 se rappeler ce qui vient apr\u00e8s \u2013 on peut se d\u00e9tendre et appr\u00e9cier la musique, le mouvement, et les gens que l\u2019on rencontre au cours de la danse. C\u2019est bien de voir des gens danser sans une grimace de concentration\u00a0!<\/span><\/p>\n<p><span style=\"font-family: arial, helvetica, sans-serif;\"><em>Alan, participant au stage en 2015<\/em><\/span><\/p>\n","protected":false},"excerpt":{"rendered":"<p>Stage Interm\u00e9diaires Stage Confirm\u00e9s Fiche d&#8217;inscription COVID : les r\u00e8gles sanitaires appliqu\u00e9es STAGE POUR LES INTERM\u00c9DIAIRES Stage de 3 jours interm\u00e9diaires &#8220;John et Henry Playford de 1651 \u00e0 1703&#8221;\u00a0 du 19 au 21 octobre 2020\u00a0\u00a0 (Lieu A)\u00a0Tarif\u00a0: 90 \u20ac\/pers.\u00a0 N.B. : tarif minor\u00e9 jusqu&#8217;au 11 octobre\u00a0! Horaires : lundi 19 octobre de 10h30 \u00e0 16h30 [&hellip;]<\/p>\n","protected":false},"author":8,"featured_media":0,"parent":0,"menu_order":0,"comment_status":"closed","ping_status":"closed","template":"","meta":{"_monsterinsights_skip_tracking":false,"_monsterinsights_sitenote_active":false,"_monsterinsights_sitenote_note":"","_monsterinsights_sitenote_category":0,"footnotes":""},"class_list":["post-9873","page","type-page","status-publish","hentry"],"yoast_head":"<!-- This site is optimized with the Yoast SEO plugin v19.6.1 - https:\/\/yoast.com\/wordpress\/plugins\/seo\/ -->\n<title>Stages de Toussaint 2020 - Chestnut<\/title>\n<meta name=\"robots\" content=\"index, follow, max-snippet:-1, max-image-preview:large, max-video-preview:-1\" \/>\n<link rel=\"canonical\" href=\"https:\/\/chestnut.ovh\/stages-de-toussaint-2020\/\" \/>\n<meta name=\"twitter:label1\" content=\"Estimated reading time\" \/>\n\t<meta name=\"twitter:data1\" content=\"6 minutes\" \/>\n<script type=\"application\/ld+json\" class=\"yoast-schema-graph\">{\"@context\":\"https:\/\/schema.org\",\"@graph\":[{\"@type\":\"WebPage\",\"@id\":\"https:\/\/chestnut.ovh\/stages-de-toussaint-2020\/\",\"url\":\"https:\/\/chestnut.ovh\/stages-de-toussaint-2020\/\",\"name\":\"[:fr]Stages de Toussaint 2020[:] - Chestnut\",\"isPartOf\":{\"@id\":\"https:\/\/chestnut.ovh\/#website\"},\"datePublished\":\"2020-09-01T18:55:17+00:00\",\"dateModified\":\"2020-10-01T08:46:11+00:00\",\"breadcrumb\":{\"@id\":\"https:\/\/chestnut.ovh\/stages-de-toussaint-2020\/#breadcrumb\"},\"inLanguage\":\"en-GB\",\"potentialAction\":[{\"@type\":\"ReadAction\",\"target\":[\"https:\/\/chestnut.ovh\/stages-de-toussaint-2020\/\"]}]},{\"@type\":\"BreadcrumbList\",\"@id\":\"https:\/\/chestnut.ovh\/stages-de-toussaint-2020\/#breadcrumb\",\"itemListElement\":[{\"@type\":\"ListItem\",\"position\":1,\"name\":\"Accueil\",\"item\":\"https:\/\/chestnut.ovh\/\"},{\"@type\":\"ListItem\",\"position\":2,\"name\":\"Stages de Toussaint 2020\"}]},{\"@type\":\"WebSite\",\"@id\":\"https:\/\/chestnut.ovh\/#website\",\"url\":\"https:\/\/chestnut.ovh\/\",\"name\":\"Chestnut\",\"description\":\"English Country Dancing & Danses anciennes de l&#039;\u00e9poque des Stuarts .... et des romans de Jane Austen !\",\"potentialAction\":[{\"@type\":\"SearchAction\",\"target\":{\"@type\":\"EntryPoint\",\"urlTemplate\":\"https:\/\/chestnut.ovh\/?s={search_term_string}\"},\"query-input\":\"required name=search_term_string\"}],\"inLanguage\":\"en-GB\"}]}<\/script>\n<!-- \/ Yoast SEO plugin. -->","yoast_head_json":{"title":"Stages de Toussaint 2020 - Chestnut","robots":{"index":"index","follow":"follow","max-snippet":"max-snippet:-1","max-image-preview":"max-image-preview:large","max-video-preview":"max-video-preview:-1"},"canonical":"https:\/\/chestnut.ovh\/stages-de-toussaint-2020\/","twitter_misc":{"Estimated reading time":"6 minutes"},"schema":{"@context":"https:\/\/schema.org","@graph":[{"@type":"WebPage","@id":"https:\/\/chestnut.ovh\/stages-de-toussaint-2020\/","url":"https:\/\/chestnut.ovh\/stages-de-toussaint-2020\/","name":"[:fr]Stages de Toussaint 2020[:] - Chestnut","isPartOf":{"@id":"https:\/\/chestnut.ovh\/#website"},"datePublished":"2020-09-01T18:55:17+00:00","dateModified":"2020-10-01T08:46:11+00:00","breadcrumb":{"@id":"https:\/\/chestnut.ovh\/stages-de-toussaint-2020\/#breadcrumb"},"inLanguage":"en-GB","potentialAction":[{"@type":"ReadAction","target":["https:\/\/chestnut.ovh\/stages-de-toussaint-2020\/"]}]},{"@type":"BreadcrumbList","@id":"https:\/\/chestnut.ovh\/stages-de-toussaint-2020\/#breadcrumb","itemListElement":[{"@type":"ListItem","position":1,"name":"Accueil","item":"https:\/\/chestnut.ovh\/"},{"@type":"ListItem","position":2,"name":"Stages de Toussaint 2020"}]},{"@type":"WebSite","@id":"https:\/\/chestnut.ovh\/#website","url":"https:\/\/chestnut.ovh\/","name":"Chestnut","description":"English Country Dancing & Danses anciennes de l&#039;\u00e9poque des Stuarts .... et des romans de Jane Austen !","potentialAction":[{"@type":"SearchAction","target":{"@type":"EntryPoint","urlTemplate":"https:\/\/chestnut.ovh\/?s={search_term_string}"},"query-input":"required name=search_term_string"}],"inLanguage":"en-GB"}]}},"_links":{"self":[{"href":"https:\/\/chestnut.ovh\/en\/wp-json\/wp\/v2\/pages\/9873","targetHints":{"allow":["GET"]}}],"collection":[{"href":"https:\/\/chestnut.ovh\/en\/wp-json\/wp\/v2\/pages"}],"about":[{"href":"https:\/\/chestnut.ovh\/en\/wp-json\/wp\/v2\/types\/page"}],"author":[{"embeddable":true,"href":"https:\/\/chestnut.ovh\/en\/wp-json\/wp\/v2\/users\/8"}],"replies":[{"embeddable":true,"href":"https:\/\/chestnut.ovh\/en\/wp-json\/wp\/v2\/comments?post=9873"}],"version-history":[{"count":13,"href":"https:\/\/chestnut.ovh\/en\/wp-json\/wp\/v2\/pages\/9873\/revisions"}],"predecessor-version":[{"id":9986,"href":"https:\/\/chestnut.ovh\/en\/wp-json\/wp\/v2\/pages\/9873\/revisions\/9986"}],"wp:attachment":[{"href":"https:\/\/chestnut.ovh\/en\/wp-json\/wp\/v2\/media?parent=9873"}],"curies":[{"name":"wp","href":"https:\/\/api.w.org\/{rel}","templated":true}]}}