{"id":9929,"date":"2020-09-03T14:54:44","date_gmt":"2020-09-03T13:54:44","guid":{"rendered":"https:\/\/chestnut.fr\/?page_id=9929"},"modified":"2020-09-03T15:26:43","modified_gmt":"2020-09-03T14:26:43","slug":"pour-les-debutants-2","status":"publish","type":"page","link":"https:\/\/chestnut.ovh\/en\/pour-les-debutants-2\/","title":{"rendered":"Pour les D\u00e9butants"},"content":{"rendered":"<div style=\"text-align: justify;\"><span style=\"font-family: arial, helvetica, sans-serif;\">Danseurs d&#8217;autres r\u00e9pertoires ou d\u00e9butants en danse d\u00e9sireux de s\u2019initier aux trois r\u00e9pertoires de la danse \u00e0 figures anglaise : les danses anciennes, les danses collect\u00e9es et les chor\u00e9graphies modernes, <span style=\"color: #000000;\"><strong>l<\/strong><\/span><\/span><span style=\"color: #000000;\"><strong>e cours D\u00e9butants du jeudi soir est fait pour eux.<\/strong><\/span><\/div>\n<p>&nbsp;<\/p>\n<div style=\"text-align: justify;\"><span style=\"font-family: arial, helvetica, sans-serif;\">Ce cours s\u2019adresse aussi aux danseurs confirm\u00e9s d\u00e9sireux de travailler sur le r\u00e9pertoire dans le but de le r\u00e9-enseigner ou simplement de revoir des danses simples si bien que les d\u00e9butants sont toujours \u00e9paul\u00e9s par des danseurs plus avanc\u00e9s.\u00a0<\/span><\/div>\n<p>&nbsp;<\/p>\n<div style=\"text-align: justify;\"><span style=\"color: #000000;\"><strong><span style=\"font-family: arial, helvetica, sans-serif;\">Au programme : <\/span><\/strong><\/span><span style=\"font-family: arial, helvetica, sans-serif;\">distribution des simples et des doubles dans les quatre grands types de figures introductives du r\u00e9pertoire\u00a0John Playford ; cast, double cast et inversion du set\u00a0; diff\u00e9rentes modalit\u00e9s de poussette, le demi-huit et le huit progressif\u00a0; le Pantalon et ses avatars traditionnels.<\/span><\/div>\n<p>&nbsp;<\/p>\n<div style=\"text-align: justify;\"><span style=\"color: #000000;\"><strong><span style=\"font-family: arial, helvetica, sans-serif;\">Une grande attention sera port\u00e9e \u00e0 l&#8217;acquisition du style et au rapport musique\/danse.<\/span><\/strong><\/span><\/div>\n<p>&nbsp;<\/p>\n<div style=\"text-align: justify;\">Selon l&#8217;assiduit\u00e9 et la rapidit\u00e9 des progr\u00e8s effectu\u00e9s dans l&#8217;acquisition des automatismes, l&#8217;acc\u00e8s vous est donn\u00e9 par C\u00e9cile Laye aux cours et au stages \u00a0Interm\u00e9diaires qui vous permettront d&#8217;\u00e9tudier des danses plus complexes.<\/div>\n<p>&nbsp;<\/p>\n<div style=\"text-align: justify;\"><strong style=\"font-family: arial, helvetica, sans-serif;\">Cours D\u00e9butants\u00a0:<\/strong><span style=\"font-family: arial, helvetica, sans-serif;\">\u00a0tous les jeudis soir de 18h30 \u00e0 20h (du 17 septembre 2020 au 17 juin 2021 hors vacances scolaires)\u00a0<\/span><strong style=\"font-family: arial, helvetica, sans-serif;\"><u>(<a href=\"http:\/\/chestnut.fr\/lieux\/#lieua\">Lieu A 14\u00e8me<\/a><\/u>\u00a0\/\u00a0<a href=\"http:\/\/chestnut.fr\/tarifs-2018-2019\/\">Tarifs)*<\/a><\/strong><\/div>\n<p>&nbsp;<\/p>\n<div style=\"text-align: justify;\"><span style=\"color: #000000;\"><strong>N.B. : l&#8217;inscription pr\u00e9alable est requise pour toutes les activit\u00e9s de Chestnut \u00e0 <a href=\"mailto:contact@chestnut.fr\">contact@chestnut.fr<\/a>\u00a0de pr\u00e9f\u00e9rence ou au 01 45 70 83 94.\u00a0N&#8217;h\u00e9sitez pas \u00e0 nous contacter pour plus d&#8217;informations.<\/strong><\/span><\/div>\n<p>&nbsp;<\/p>\n<div>\n<p><span style=\"font-family: arial, helvetica, sans-serif;\">Le t\u00e9moignage de Heather (16\/05\/2019) : &#8220;<\/span><em><span style=\"font-family: arial, helvetica, sans-serif; font-size: 10pt;\"><strong>Thank you so much more than I can express. \u00a0It was a wonderful evening. \u00a0You are an amazing teacher and your group was SO KIND to me!!! (<\/strong><\/span><\/em><em><span style=\"font-family: arial, helvetica, sans-serif; font-size: 10pt;\">Je vous remercie au-del\u00e0 de ce que je pourrais exprimer. Ce f\u00fbt une magnifique soir\u00e9e. Vous \u00eates un merveilleux professeur et votre groupe a \u00e9t\u00e9 si gentil avec moi !!!)&#8221;<\/span><\/em><\/p>\n<hr \/>\n<\/div>\n","protected":false},"excerpt":{"rendered":"<p>Danseurs d&#8217;autres r\u00e9pertoires ou d\u00e9butants en danse d\u00e9sireux de s\u2019initier aux trois r\u00e9pertoires de la danse \u00e0 figures anglaise : les danses anciennes, les danses collect\u00e9es et les chor\u00e9graphies modernes, le cours D\u00e9butants du jeudi soir est fait pour eux. &nbsp; Ce cours s\u2019adresse aussi aux danseurs confirm\u00e9s d\u00e9sireux de travailler sur le r\u00e9pertoire dans [&hellip;]<\/p>\n","protected":false},"author":8,"featured_media":0,"parent":0,"menu_order":0,"comment_status":"closed","ping_status":"closed","template":"","meta":{"_monsterinsights_skip_tracking":false,"_monsterinsights_sitenote_active":false,"_monsterinsights_sitenote_note":"","_monsterinsights_sitenote_category":0,"footnotes":""},"class_list":["post-9929","page","type-page","status-publish","hentry"],"yoast_head":"<!-- This site is optimized with the Yoast SEO plugin v19.6.1 - https:\/\/yoast.com\/wordpress\/plugins\/seo\/ -->\n<title>Pour les D\u00e9butants - Chestnut<\/title>\n<meta name=\"robots\" content=\"index, follow, max-snippet:-1, max-image-preview:large, max-video-preview:-1\" \/>\n<link rel=\"canonical\" href=\"https:\/\/chestnut.ovh\/pour-les-debutants-2\/\" \/>\n<meta name=\"twitter:label1\" content=\"Estimated reading time\" \/>\n\t<meta name=\"twitter:data1\" content=\"2 minutes\" \/>\n<script type=\"application\/ld+json\" class=\"yoast-schema-graph\">{\"@context\":\"https:\/\/schema.org\",\"@graph\":[{\"@type\":\"WebPage\",\"@id\":\"https:\/\/chestnut.ovh\/pour-les-debutants-2\/\",\"url\":\"https:\/\/chestnut.ovh\/pour-les-debutants-2\/\",\"name\":\"[:fr]Pour les D\u00e9butants[:] - Chestnut\",\"isPartOf\":{\"@id\":\"https:\/\/chestnut.ovh\/#website\"},\"datePublished\":\"2020-09-03T13:54:44+00:00\",\"dateModified\":\"2020-09-03T14:26:43+00:00\",\"breadcrumb\":{\"@id\":\"https:\/\/chestnut.ovh\/pour-les-debutants-2\/#breadcrumb\"},\"inLanguage\":\"en-GB\",\"potentialAction\":[{\"@type\":\"ReadAction\",\"target\":[\"https:\/\/chestnut.ovh\/pour-les-debutants-2\/\"]}]},{\"@type\":\"BreadcrumbList\",\"@id\":\"https:\/\/chestnut.ovh\/pour-les-debutants-2\/#breadcrumb\",\"itemListElement\":[{\"@type\":\"ListItem\",\"position\":1,\"name\":\"Accueil\",\"item\":\"https:\/\/chestnut.ovh\/\"},{\"@type\":\"ListItem\",\"position\":2,\"name\":\"Pour les D\u00e9butants\"}]},{\"@type\":\"WebSite\",\"@id\":\"https:\/\/chestnut.ovh\/#website\",\"url\":\"https:\/\/chestnut.ovh\/\",\"name\":\"Chestnut\",\"description\":\"English Country Dancing & Danses anciennes de l&#039;\u00e9poque des Stuarts .... et des romans de Jane Austen !\",\"potentialAction\":[{\"@type\":\"SearchAction\",\"target\":{\"@type\":\"EntryPoint\",\"urlTemplate\":\"https:\/\/chestnut.ovh\/?s={search_term_string}\"},\"query-input\":\"required name=search_term_string\"}],\"inLanguage\":\"en-GB\"}]}<\/script>\n<!-- \/ Yoast SEO plugin. -->","yoast_head_json":{"title":"Pour les D\u00e9butants - Chestnut","robots":{"index":"index","follow":"follow","max-snippet":"max-snippet:-1","max-image-preview":"max-image-preview:large","max-video-preview":"max-video-preview:-1"},"canonical":"https:\/\/chestnut.ovh\/pour-les-debutants-2\/","twitter_misc":{"Estimated reading time":"2 minutes"},"schema":{"@context":"https:\/\/schema.org","@graph":[{"@type":"WebPage","@id":"https:\/\/chestnut.ovh\/pour-les-debutants-2\/","url":"https:\/\/chestnut.ovh\/pour-les-debutants-2\/","name":"[:fr]Pour les D\u00e9butants[:] - Chestnut","isPartOf":{"@id":"https:\/\/chestnut.ovh\/#website"},"datePublished":"2020-09-03T13:54:44+00:00","dateModified":"2020-09-03T14:26:43+00:00","breadcrumb":{"@id":"https:\/\/chestnut.ovh\/pour-les-debutants-2\/#breadcrumb"},"inLanguage":"en-GB","potentialAction":[{"@type":"ReadAction","target":["https:\/\/chestnut.ovh\/pour-les-debutants-2\/"]}]},{"@type":"BreadcrumbList","@id":"https:\/\/chestnut.ovh\/pour-les-debutants-2\/#breadcrumb","itemListElement":[{"@type":"ListItem","position":1,"name":"Accueil","item":"https:\/\/chestnut.ovh\/"},{"@type":"ListItem","position":2,"name":"Pour les D\u00e9butants"}]},{"@type":"WebSite","@id":"https:\/\/chestnut.ovh\/#website","url":"https:\/\/chestnut.ovh\/","name":"Chestnut","description":"English Country Dancing & Danses anciennes de l&#039;\u00e9poque des Stuarts .... et des romans de Jane Austen !","potentialAction":[{"@type":"SearchAction","target":{"@type":"EntryPoint","urlTemplate":"https:\/\/chestnut.ovh\/?s={search_term_string}"},"query-input":"required name=search_term_string"}],"inLanguage":"en-GB"}]}},"_links":{"self":[{"href":"https:\/\/chestnut.ovh\/en\/wp-json\/wp\/v2\/pages\/9929","targetHints":{"allow":["GET"]}}],"collection":[{"href":"https:\/\/chestnut.ovh\/en\/wp-json\/wp\/v2\/pages"}],"about":[{"href":"https:\/\/chestnut.ovh\/en\/wp-json\/wp\/v2\/types\/page"}],"author":[{"embeddable":true,"href":"https:\/\/chestnut.ovh\/en\/wp-json\/wp\/v2\/users\/8"}],"replies":[{"embeddable":true,"href":"https:\/\/chestnut.ovh\/en\/wp-json\/wp\/v2\/comments?post=9929"}],"version-history":[{"count":9,"href":"https:\/\/chestnut.ovh\/en\/wp-json\/wp\/v2\/pages\/9929\/revisions"}],"predecessor-version":[{"id":9947,"href":"https:\/\/chestnut.ovh\/en\/wp-json\/wp\/v2\/pages\/9929\/revisions\/9947"}],"wp:attachment":[{"href":"https:\/\/chestnut.ovh\/en\/wp-json\/wp\/v2\/media?parent=9929"}],"curies":[{"name":"wp","href":"https:\/\/api.w.org\/{rel}","templated":true}]}}