{"id":9827,"date":"2020-07-21T14:14:29","date_gmt":"2020-07-21T13:14:29","guid":{"rendered":"https:\/\/chestnut.fr\/en\/?post_type=product&#038;p=9827"},"modified":"2020-11-06T10:24:16","modified_gmt":"2020-11-06T09:24:16","slug":"brochure-5-step-stately-en-2","status":"publish","type":"product","link":"https:\/\/chestnut.ovh\/en\/produit\/brochure-5-step-stately-en-2\/","title":{"rendered":"Brochure 5 &#8211; Step Stately (EN) for download"},"content":{"rendered":"<div>\n<div id=\"attachment_9825\" style=\"width: 222px\"  class=\"wp-caption alignleft\"><a href=\"https:\/\/chestnut.fr\/en\/?attachment_id=9825\"><img loading=\"lazy\" decoding=\"async\" class=\"wp-image-9825 size-medium\" src=\"https:\/\/chestnut.fr\/wp-content\/uploads\/2020\/05\/Couverture-Step-Stately-EN-212x300.jpg\" alt=\"Chestnut Brochure Step Stately\" width=\"212\" height=\"300\" srcset=\"https:\/\/chestnut.ovh\/wp-content\/uploads\/2020\/05\/Couverture-Step-Stately-EN-212x300.jpg 212w, https:\/\/chestnut.ovh\/wp-content\/uploads\/2020\/05\/Couverture-Step-Stately-EN-724x1024.jpg 724w, https:\/\/chestnut.ovh\/wp-content\/uploads\/2020\/05\/Couverture-Step-Stately-EN-768x1086.jpg 768w, https:\/\/chestnut.ovh\/wp-content\/uploads\/2020\/05\/Couverture-Step-Stately-EN-600x848.jpg 600w, https:\/\/chestnut.ovh\/wp-content\/uploads\/2020\/05\/Couverture-Step-Stately-EN-1086x1536.jpg 1086w, https:\/\/chestnut.ovh\/wp-content\/uploads\/2020\/05\/Couverture-Step-Stately-EN-1448x2048.jpg 1448w, https:\/\/chestnut.ovh\/wp-content\/uploads\/2020\/05\/Couverture-Step-Stately-EN-1320x1867.jpg 1320w, https:\/\/chestnut.ovh\/wp-content\/uploads\/2020\/05\/Couverture-Step-Stately-EN-100x141.jpg 100w, https:\/\/chestnut.ovh\/wp-content\/uploads\/2020\/05\/Couverture-Step-Stately-EN-scaled.jpg 1810w\" sizes=\"auto, (max-width: 212px) 100vw, 212px\" \/><\/a><p class=\"wp-caption-text\">Brochure 5 &#8211; Step Stately<\/p><\/div>\n<p>&nbsp;<\/p>\n<p><span style=\"font-family: arial, helvetica, sans-serif; font-size: medium;\">This <span style=\"font-family: arial, helvetica, sans-serif; font-size: 12pt;\">brochure in English <\/span><strong><span style=\"font-family: arial, helvetica, sans-serif; font-size: 12pt;\"><u>for download<\/u>\u00a0<\/span><\/strong><\/span><span style=\"font-family: arial, helvetica, sans-serif; font-size: medium;\">contains the descriptions of the 17 dances recorded on 5th Chestnut album, <a href=\"https:\/\/chestnut.fr\/en\/produit\/step-stately\/\">STEP STATELY<\/a>. It includes also a foreword, a glossary, a bibliography, a short list of recordings and the 17 modern scores of the tunes.\u00a0<\/span><\/p>\n<p>N.B.: the validity period of your downloading link is 8<span style=\"text-decoration: underline;\"><strong>\u00a0days<\/strong><\/span><\/p>\n<\/div>\n<div class=\"page\" title=\"Page 1\">\n<div class=\"section\"><\/div>\n<\/div>\n","protected":false},"excerpt":{"rendered":"<p><span style=\"font-family: arial, helvetica, sans-serif; font-size: medium;\">This <span style=\"font-family: arial, helvetica, sans-serif; font-size: 12pt;\">brochure in English <\/span><strong><span style=\"font-family: arial, helvetica, sans-serif; font-size: 12pt;\"><u>for download<\/u>\u00a0<\/span><\/strong><\/span><span style=\"font-family: arial, helvetica, sans-serif; font-size: medium;\">contains the descriptions of the 17 dances recorded on 5th Chestnut album, <a href=\"https:\/\/chestnut.fr\/en\/produit\/step-stately\/\">STEP STATELY<\/a>. It includes also a foreword, a glossary and the 17 tunes&#039; modern scores.\u00a0<\/span><\/p>\n<p>N.B.: the validity period of your downloading link is 8<strong>\u00a0<\/strong><span style=\"text-decoration: underline;\"><strong>days<\/strong><\/span><\/p>\n","protected":false},"featured_media":9825,"comment_status":"closed","ping_status":"closed","template":"","meta":{"_monsterinsights_skip_tracking":false,"_monsterinsights_sitenote_active":false,"_monsterinsights_sitenote_note":"","_monsterinsights_sitenote_category":0},"product_cat":[96,98,74],"product_tag":[],"class_list":["post-9827","product","type-product","status-publish","has-post-thumbnail","hentry","product_cat-tous-les-articles","product_cat-brochure-for-download","product_cat-brochure"],"yoast_head":"<!-- This site is optimized with the Yoast SEO plugin v19.6.1 - https:\/\/yoast.com\/wordpress\/plugins\/seo\/ -->\n<title>Brochure 5 - Brochure 5 - Step Stately (EN) \u00e0 t\u00e9l\u00e9charger[:] - Chestnut<\/title>\n<meta name=\"robots\" content=\"index, follow, max-snippet:-1, max-image-preview:large, max-video-preview:-1\" \/>\n<link rel=\"canonical\" href=\"https:\/\/chestnut.ovh\/produit\/brochure-5-step-stately-en-2\/\" \/>\n<meta name=\"twitter:label1\" content=\"Estimated reading time\" \/>\n\t<meta name=\"twitter:data1\" content=\"1 minute\" \/>\n<script type=\"application\/ld+json\" class=\"yoast-schema-graph\">{\"@context\":\"https:\/\/schema.org\",\"@graph\":[{\"@type\":\"WebPage\",\"@id\":\"https:\/\/chestnut.ovh\/produit\/brochure-5-step-stately-en-2\/\",\"url\":\"https:\/\/chestnut.ovh\/produit\/brochure-5-step-stately-en-2\/\",\"name\":\"[:en]Brochure 5 - Step Stately (EN) for download[:fr]Brochure 5 - Step Stately (EN) \u00e0 t\u00e9l\u00e9charger[:] - Chestnut\",\"isPartOf\":{\"@id\":\"https:\/\/chestnut.ovh\/#website\"},\"datePublished\":\"2020-07-21T13:14:29+00:00\",\"dateModified\":\"2020-11-06T09:24:16+00:00\",\"breadcrumb\":{\"@id\":\"https:\/\/chestnut.ovh\/produit\/brochure-5-step-stately-en-2\/#breadcrumb\"},\"inLanguage\":\"en-GB\",\"potentialAction\":[{\"@type\":\"ReadAction\",\"target\":[\"https:\/\/chestnut.ovh\/produit\/brochure-5-step-stately-en-2\/\"]}]},{\"@type\":\"BreadcrumbList\",\"@id\":\"https:\/\/chestnut.ovh\/produit\/brochure-5-step-stately-en-2\/#breadcrumb\",\"itemListElement\":[{\"@type\":\"ListItem\",\"position\":1,\"name\":\"Accueil\",\"item\":\"https:\/\/chestnut.ovh\/\"},{\"@type\":\"ListItem\",\"position\":2,\"name\":\"Brochure 5 &#8211; Step Stately (EN) \u00e0 t\u00e9l\u00e9charger\"}]},{\"@type\":\"WebSite\",\"@id\":\"https:\/\/chestnut.ovh\/#website\",\"url\":\"https:\/\/chestnut.ovh\/\",\"name\":\"Chestnut\",\"description\":\"English Country Dancing & Danses anciennes de l&#039;\u00e9poque des Stuarts .... et des romans de Jane Austen !\",\"potentialAction\":[{\"@type\":\"SearchAction\",\"target\":{\"@type\":\"EntryPoint\",\"urlTemplate\":\"https:\/\/chestnut.ovh\/?s={search_term_string}\"},\"query-input\":\"required name=search_term_string\"}],\"inLanguage\":\"en-GB\"}]}<\/script>\n<!-- \/ Yoast SEO plugin. -->","yoast_head_json":{"title":"Brochure 5 - Brochure 5 - Step Stately (EN) \u00e0 t\u00e9l\u00e9charger[:] - Chestnut","robots":{"index":"index","follow":"follow","max-snippet":"max-snippet:-1","max-image-preview":"max-image-preview:large","max-video-preview":"max-video-preview:-1"},"canonical":"https:\/\/chestnut.ovh\/produit\/brochure-5-step-stately-en-2\/","twitter_misc":{"Estimated reading time":"1 minute"},"schema":{"@context":"https:\/\/schema.org","@graph":[{"@type":"WebPage","@id":"https:\/\/chestnut.ovh\/produit\/brochure-5-step-stately-en-2\/","url":"https:\/\/chestnut.ovh\/produit\/brochure-5-step-stately-en-2\/","name":"[:en]Brochure 5 - Step Stately (EN) for download[:fr]Brochure 5 - Step Stately (EN) \u00e0 t\u00e9l\u00e9charger[:] - Chestnut","isPartOf":{"@id":"https:\/\/chestnut.ovh\/#website"},"datePublished":"2020-07-21T13:14:29+00:00","dateModified":"2020-11-06T09:24:16+00:00","breadcrumb":{"@id":"https:\/\/chestnut.ovh\/produit\/brochure-5-step-stately-en-2\/#breadcrumb"},"inLanguage":"en-GB","potentialAction":[{"@type":"ReadAction","target":["https:\/\/chestnut.ovh\/produit\/brochure-5-step-stately-en-2\/"]}]},{"@type":"BreadcrumbList","@id":"https:\/\/chestnut.ovh\/produit\/brochure-5-step-stately-en-2\/#breadcrumb","itemListElement":[{"@type":"ListItem","position":1,"name":"Accueil","item":"https:\/\/chestnut.ovh\/"},{"@type":"ListItem","position":2,"name":"Brochure 5 &#8211; Step Stately (EN) \u00e0 t\u00e9l\u00e9charger"}]},{"@type":"WebSite","@id":"https:\/\/chestnut.ovh\/#website","url":"https:\/\/chestnut.ovh\/","name":"Chestnut","description":"English Country Dancing & Danses anciennes de l&#039;\u00e9poque des Stuarts .... et des romans de Jane Austen !","potentialAction":[{"@type":"SearchAction","target":{"@type":"EntryPoint","urlTemplate":"https:\/\/chestnut.ovh\/?s={search_term_string}"},"query-input":"required name=search_term_string"}],"inLanguage":"en-GB"}]}},"_links":{"self":[{"href":"https:\/\/chestnut.ovh\/en\/wp-json\/wp\/v2\/product\/9827","targetHints":{"allow":["GET"]}}],"collection":[{"href":"https:\/\/chestnut.ovh\/en\/wp-json\/wp\/v2\/product"}],"about":[{"href":"https:\/\/chestnut.ovh\/en\/wp-json\/wp\/v2\/types\/product"}],"replies":[{"embeddable":true,"href":"https:\/\/chestnut.ovh\/en\/wp-json\/wp\/v2\/comments?post=9827"}],"wp:featuredmedia":[{"embeddable":true,"href":"https:\/\/chestnut.ovh\/en\/wp-json\/wp\/v2\/media\/9825"}],"wp:attachment":[{"href":"https:\/\/chestnut.ovh\/en\/wp-json\/wp\/v2\/media?parent=9827"}],"wp:term":[{"taxonomy":"product_cat","embeddable":true,"href":"https:\/\/chestnut.ovh\/en\/wp-json\/wp\/v2\/product_cat?post=9827"},{"taxonomy":"product_tag","embeddable":true,"href":"https:\/\/chestnut.ovh\/en\/wp-json\/wp\/v2\/product_tag?post=9827"}],"curies":[{"name":"wp","href":"https:\/\/api.w.org\/{rel}","templated":true}]}}