{"id":9840,"date":"2020-07-27T16:35:31","date_gmt":"2020-07-27T15:35:31","guid":{"rendered":"https:\/\/chestnut.fr\/en\/?post_type=product&#038;p=9840"},"modified":"2020-07-27T16:40:31","modified_gmt":"2020-07-27T15:40:31","slug":"brochure-3-sugar-and-spice-en","status":"publish","type":"product","link":"https:\/\/chestnut.ovh\/en\/produit\/brochure-3-sugar-and-spice-en\/","title":{"rendered":"Brochure 3 &#8211; Sugar and Spice (EN) for download"},"content":{"rendered":"<div>\n<p><a href=\"https:\/\/chestnut.fr\/en\/?attachment_id=9589\"><img loading=\"lazy\" decoding=\"async\" class=\"size-medium wp-image-9589 alignnone\" src=\"https:\/\/chestnut.fr\/wp-content\/uploads\/2020\/05\/Soon-available-300x300.png\" alt=\"\" width=\"300\" height=\"300\" srcset=\"https:\/\/chestnut.ovh\/wp-content\/uploads\/2020\/05\/Soon-available-300x300.png 300w, https:\/\/chestnut.ovh\/wp-content\/uploads\/2020\/05\/Soon-available-1024x1024.png 1024w, https:\/\/chestnut.ovh\/wp-content\/uploads\/2020\/05\/Soon-available-150x150.png 150w, https:\/\/chestnut.ovh\/wp-content\/uploads\/2020\/05\/Soon-available-768x768.png 768w, https:\/\/chestnut.ovh\/wp-content\/uploads\/2020\/05\/Soon-available-600x600.png 600w, https:\/\/chestnut.ovh\/wp-content\/uploads\/2020\/05\/Soon-available-1536x1536.png 1536w, https:\/\/chestnut.ovh\/wp-content\/uploads\/2020\/05\/Soon-available-1320x1320.png 1320w, https:\/\/chestnut.ovh\/wp-content\/uploads\/2020\/05\/Soon-available-100x100.png 100w, https:\/\/chestnut.ovh\/wp-content\/uploads\/2020\/05\/Soon-available.png 1565w\" sizes=\"auto, (max-width: 300px) 100vw, 300px\" \/><\/a><\/p>\n<p>&nbsp;<\/p>\n<p><span><span style=\"font-family: arial, helvetica, sans-serif; font-size: medium;\">This brochure in English, <strong>soon available for download<\/strong><\/span><span style=\"font-family: arial, helvetica, sans-serif; font-size: medium;\">, contains the descriptions of the 18 dances recorded on 3rd Chestnut album, <a href=\"https:\/\/chestnut.fr\/en\/produit\/sugar-and-spice\/\">SUGAR AND SPICE.<\/a><\/span><\/span><\/p>\n<\/div>\n<div class=\"page\" title=\"Page 1\">\n<div class=\"section\"><\/div>\n<\/div>\n","protected":false},"excerpt":{"rendered":"<div>\n<p><span><span style=\"font-family: arial, helvetica, sans-serif; font-size: medium;\">This brochure in English, <strong>soon available for download<\/strong><\/span><span style=\"font-family: arial, helvetica, sans-serif; font-size: medium;\">, contains the descriptions of the 18 dances recorded on 3rd Chestnut album, <a href=\"https:\/\/chestnut.fr\/en\/produit\/sugar-and-spice\/\">SUGAR AND SPICE.<\/a><\/span><\/span><\/p>\n<\/div>\n<div class=\"page\" title=\"Page 1\">\n<div class=\"section\"><\/div>\n<\/div>\n<p><span><br \/>\n<span style=\"font-family: arial, helvetica, sans-serif; font-size: medium;\"><\/span><\/span><\/p>\n<p>&nbsp;<\/p>\n","protected":false},"featured_media":9589,"comment_status":"closed","ping_status":"closed","template":"","meta":{"_monsterinsights_skip_tracking":false,"_monsterinsights_sitenote_active":false,"_monsterinsights_sitenote_note":"","_monsterinsights_sitenote_category":0},"product_cat":[96,98,74],"product_tag":[],"class_list":["post-9840","product","type-product","status-publish","has-post-thumbnail","hentry","product_cat-tous-les-articles","product_cat-brochure-for-download","product_cat-brochure"],"yoast_head":"<!-- This site is optimized with the Yoast SEO plugin v19.6.1 - https:\/\/yoast.com\/wordpress\/plugins\/seo\/ -->\n<title>Brochure 3 - Brochure 3 - Sugar and Spice (EN) \u00e0 t\u00e9l\u00e9charger[:] - Chestnut<\/title>\n<meta name=\"robots\" content=\"index, follow, max-snippet:-1, max-image-preview:large, max-video-preview:-1\" \/>\n<link rel=\"canonical\" href=\"https:\/\/chestnut.ovh\/produit\/brochure-3-sugar-and-spice-en\/\" \/>\n<script type=\"application\/ld+json\" class=\"yoast-schema-graph\">{\"@context\":\"https:\/\/schema.org\",\"@graph\":[{\"@type\":\"WebPage\",\"@id\":\"https:\/\/chestnut.ovh\/produit\/brochure-3-sugar-and-spice-en\/\",\"url\":\"https:\/\/chestnut.ovh\/produit\/brochure-3-sugar-and-spice-en\/\",\"name\":\"[:en]Brochure 3 - Sugar and Spice (EN) for download[:fr]Brochure 3 - Sugar and Spice (EN) \u00e0 t\u00e9l\u00e9charger[:] - Chestnut\",\"isPartOf\":{\"@id\":\"https:\/\/chestnut.ovh\/#website\"},\"datePublished\":\"2020-07-27T15:35:31+00:00\",\"dateModified\":\"2020-07-27T15:40:31+00:00\",\"breadcrumb\":{\"@id\":\"https:\/\/chestnut.ovh\/produit\/brochure-3-sugar-and-spice-en\/#breadcrumb\"},\"inLanguage\":\"en-GB\",\"potentialAction\":[{\"@type\":\"ReadAction\",\"target\":[\"https:\/\/chestnut.ovh\/produit\/brochure-3-sugar-and-spice-en\/\"]}]},{\"@type\":\"BreadcrumbList\",\"@id\":\"https:\/\/chestnut.ovh\/produit\/brochure-3-sugar-and-spice-en\/#breadcrumb\",\"itemListElement\":[{\"@type\":\"ListItem\",\"position\":1,\"name\":\"Accueil\",\"item\":\"https:\/\/chestnut.ovh\/\"},{\"@type\":\"ListItem\",\"position\":2,\"name\":\"Brochure 3 &#8211; Sugar and Spice (EN) \u00e0 t\u00e9l\u00e9charger\"}]},{\"@type\":\"WebSite\",\"@id\":\"https:\/\/chestnut.ovh\/#website\",\"url\":\"https:\/\/chestnut.ovh\/\",\"name\":\"Chestnut\",\"description\":\"English Country Dancing & Danses anciennes de l&#039;\u00e9poque des Stuarts .... et des romans de Jane Austen !\",\"potentialAction\":[{\"@type\":\"SearchAction\",\"target\":{\"@type\":\"EntryPoint\",\"urlTemplate\":\"https:\/\/chestnut.ovh\/?s={search_term_string}\"},\"query-input\":\"required name=search_term_string\"}],\"inLanguage\":\"en-GB\"}]}<\/script>\n<!-- \/ Yoast SEO plugin. -->","yoast_head_json":{"title":"Brochure 3 - Brochure 3 - Sugar and Spice (EN) \u00e0 t\u00e9l\u00e9charger[:] - Chestnut","robots":{"index":"index","follow":"follow","max-snippet":"max-snippet:-1","max-image-preview":"max-image-preview:large","max-video-preview":"max-video-preview:-1"},"canonical":"https:\/\/chestnut.ovh\/produit\/brochure-3-sugar-and-spice-en\/","schema":{"@context":"https:\/\/schema.org","@graph":[{"@type":"WebPage","@id":"https:\/\/chestnut.ovh\/produit\/brochure-3-sugar-and-spice-en\/","url":"https:\/\/chestnut.ovh\/produit\/brochure-3-sugar-and-spice-en\/","name":"[:en]Brochure 3 - Sugar and Spice (EN) for download[:fr]Brochure 3 - Sugar and Spice (EN) \u00e0 t\u00e9l\u00e9charger[:] - Chestnut","isPartOf":{"@id":"https:\/\/chestnut.ovh\/#website"},"datePublished":"2020-07-27T15:35:31+00:00","dateModified":"2020-07-27T15:40:31+00:00","breadcrumb":{"@id":"https:\/\/chestnut.ovh\/produit\/brochure-3-sugar-and-spice-en\/#breadcrumb"},"inLanguage":"en-GB","potentialAction":[{"@type":"ReadAction","target":["https:\/\/chestnut.ovh\/produit\/brochure-3-sugar-and-spice-en\/"]}]},{"@type":"BreadcrumbList","@id":"https:\/\/chestnut.ovh\/produit\/brochure-3-sugar-and-spice-en\/#breadcrumb","itemListElement":[{"@type":"ListItem","position":1,"name":"Accueil","item":"https:\/\/chestnut.ovh\/"},{"@type":"ListItem","position":2,"name":"Brochure 3 &#8211; Sugar and Spice (EN) \u00e0 t\u00e9l\u00e9charger"}]},{"@type":"WebSite","@id":"https:\/\/chestnut.ovh\/#website","url":"https:\/\/chestnut.ovh\/","name":"Chestnut","description":"English Country Dancing & Danses anciennes de l&#039;\u00e9poque des Stuarts .... et des romans de Jane Austen !","potentialAction":[{"@type":"SearchAction","target":{"@type":"EntryPoint","urlTemplate":"https:\/\/chestnut.ovh\/?s={search_term_string}"},"query-input":"required name=search_term_string"}],"inLanguage":"en-GB"}]}},"_links":{"self":[{"href":"https:\/\/chestnut.ovh\/en\/wp-json\/wp\/v2\/product\/9840","targetHints":{"allow":["GET"]}}],"collection":[{"href":"https:\/\/chestnut.ovh\/en\/wp-json\/wp\/v2\/product"}],"about":[{"href":"https:\/\/chestnut.ovh\/en\/wp-json\/wp\/v2\/types\/product"}],"replies":[{"embeddable":true,"href":"https:\/\/chestnut.ovh\/en\/wp-json\/wp\/v2\/comments?post=9840"}],"wp:featuredmedia":[{"embeddable":true,"href":"https:\/\/chestnut.ovh\/en\/wp-json\/wp\/v2\/media\/9589"}],"wp:attachment":[{"href":"https:\/\/chestnut.ovh\/en\/wp-json\/wp\/v2\/media?parent=9840"}],"wp:term":[{"taxonomy":"product_cat","embeddable":true,"href":"https:\/\/chestnut.ovh\/en\/wp-json\/wp\/v2\/product_cat?post=9840"},{"taxonomy":"product_tag","embeddable":true,"href":"https:\/\/chestnut.ovh\/en\/wp-json\/wp\/v2\/product_tag?post=9840"}],"curies":[{"name":"wp","href":"https:\/\/api.w.org\/{rel}","templated":true}]}}